{"id":14011,"date":"2019-03-28T13:30:50","date_gmt":"2019-03-28T13:30:50","guid":{"rendered":"http:\/\/192.168.0.42\/?page_id=14011"},"modified":"2019-09-26T15:20:56","modified_gmt":"2019-09-26T15:20:56","slug":"sanidad-municipal","status":"publish","type":"page","link":"https:\/\/www.mijas.es\/portal\/sanidad-municipal\/sanidad-municipal\/","title":{"rendered":"Sanidad Municipal"},"content":{"rendered":"\n<p>\n\t<strong>\u00c1rea de Salud P\u00fablica<\/strong><\/p>\n\n\n\n<p> <br> <strong>1.- <a href=\"https:\/\/www.mijas.es\/portal\/servicios-municipales\/sanidad-municipal\/#proteccion_salud\">Protecci\u00f3n de la Salud<\/a><\/strong><br> <strong> 2.- <a href=\"https:\/\/www.mijas.es\/portal\/servicios-municipales\/sanidad-municipal\/#promocion_salud\">Promoci\u00f3n de la salud<\/a><\/strong><\/p>\n\n\n\n<p>\n\t<div id=\"proteccion_salud\">&nbsp;<strong>Protecci\u00f3n de la Salud:<\/strong><\/p><\/div>\n\n\n\n<ul><li>\n\t\tGesti\u00f3n, coordinaci\u00f3n del&nbsp;Parque Zoosanitario.<br>\n\t\t<br>\n\t\t<\/li><li>\n\t\tRegistro municipal Licencias Perros Peligrosos.&nbsp;<\/li><\/ul>\n\n\n\n<p>\n\tSolicitud Licencia Animales Potencialmente Peligrosos. (A rellenar en Registro del Ayuntamiento al presentar la documentacion).&nbsp;<\/p>\n\n\n\n<p>\n\tDocumentaci\u00f3n necesaria para la tramitaci\u00f3n de la licencia. (<a href=\"https:\/\/www.mijas.es\/portal\/files\/adjuntos\/servicios_municipales\/a7786_Doc_Perros_peligrosos.pdf\" target=\"_blank\" rel=\"noreferrer noopener\">Descargar<\/a>)&nbsp;<\/p>\n\n\n\n<ul><li>\n\t\tLicencias de apertura Piscinas. Control Aguas de Ba\u00f1o.&nbsp;<\/li><li>\n\t\tInspecciones sanitarias en establecimientos bares y cafeter\u00edas , restaurantes, salones belleza y peluquer\u00edas del municipio.<br>\n\t\t<em>Consultas: <\/em><em><a href=\"mailto:inspeccionsanidad@mijas.es\">inspeccionsanidad@mijas.es<\/a> <\/em>&nbsp;<\/li><li>\n\t\tInspecciones sanitarias conjuntas con Distrito Sanitario Costa del Sol.&nbsp;<\/li><li>\n\t\tControl de Plagas, Desratizaciones, Desinsectaciones (concertada con SERVIPLAGA).&nbsp;<\/li><li>\n\t\tVigilancia Legionella (concertada con SERVIPLAGA).<\/li><li>\n\t\tConsulta de planificaci\u00f3n familiar n\u00ba de telefono 952478878.<\/li><li>\n\t\tServicio medico de guardia de 20:00 a 08:000<\/li><\/ul>\n\n\n\n<div id=\"promocion_salud\"><p><strong>Promoci\u00f3n de la salud:<\/strong><strong><\/div> <\/strong>Las l\u00edneas prioritarias de actuaci\u00f3n son:\n\n\t&nbsp;\n\n\tEstilo y H\u00e1bitos de Vida Saludables:\n\n\t<strong>&nbsp;<\/strong><\/p>\n\n\n\n<ul><li>\n\t\tAlimentaci\u00f3n Saludable y Ejercicio F\u00edsico, <\/li><li>\n\t\tSalud Sexual, <\/li><li>\n\t\tPrevenci\u00f3n h\u00e1bitos t\u00f3xicos, <\/li><li>\n\t\tFoto protecci\u00f3n solar y auto cuidados para elevadas temperaturas. <\/li><li>\n\t\tPrevenci\u00f3n de accidentes de tr\u00e1fico. <\/li><\/ul>\n\n\n\n<p>\n\n\tLa Concejal\u00eda de Salud lidera, gestiona y coordina la <strong>Comisi\u00f3n<\/strong><strong> de Salud <\/strong>de Mijas que es el instrumento de participaci\u00f3n comunitaria en las de las l\u00edneas de trabajo en salud que desarrolla la concejal\u00eda. Se realizan reuniones periodicamente, las asociaciones que forman parte de esta Comisi\u00f3n: \n\n\t&nbsp;\n<\/p>\n\n\n\n<table class=\"wp-block-table\"><tbody><tr><td>\n\t\t\t\t\n\t\t\t\t\t\u00b7&nbsp;&nbsp;&nbsp;&nbsp;&nbsp;&nbsp;&nbsp; <strong>Asociaci\u00f3n Espa\u00f1ola Contra el C\u00e1ncer&nbsp;&nbsp; AEECC<\/strong>\n\t\t\t<\/td><\/tr><tr><td>\n\t\t\t\t\n\t\t\t\t\t\u00b7&nbsp;&nbsp;&nbsp;&nbsp;&nbsp;&nbsp;&nbsp; <strong>Asociaci\u00f3n Mije\u00f1a Contra la Anorexia y Bulimia de Mijas<\/strong>\n\t\t\t<\/td><\/tr><tr><td>\n\t\t\t\t\n\t\t\t\t\t\u00b7&nbsp;&nbsp;&nbsp;&nbsp;&nbsp;&nbsp;&nbsp; <strong>Asociaci\u00f3n de Familiares de Enfermos de Alzheimer de Mijas<\/strong>\n\t\t\t<\/td><\/tr><tr><td>\n\t\t\t\t\n\t\t\t\t\t\u00b7&nbsp;&nbsp;&nbsp;&nbsp;&nbsp;&nbsp;&nbsp; <strong>Asociaci\u00f3n de Familiares de Enfermos de Alzheimer de Mijas-Fuengirola<\/strong>\n\t\t\t<\/td><\/tr><tr><td>\n\t\t\t\t\n\t\t\t\t\t\u00b7&nbsp;&nbsp;&nbsp;&nbsp;&nbsp;&nbsp;&nbsp; <strong>Asociaci\u00f3n de discapacitados Mije\u00f1os Virgen de la Pe\u00f1a (ADIMI)<\/strong>\n\t\t\t<\/td><\/tr><tr><td>\n\t\t\t\t\n\t\t\t\t\t\u00b7&nbsp;&nbsp;&nbsp;&nbsp;&nbsp;&nbsp;&nbsp; <strong>Asociaci\u00f3n de mujeres&nbsp;mije\u00f1as con Fibromialgia y Fatiga Cr\u00f3nica<\/strong>\n\t\t\t<\/td><\/tr><tr><td>\n\t\t\t\t\n\t\t\t\t\t\u00b7&nbsp;&nbsp;&nbsp;&nbsp;&nbsp;&nbsp;&nbsp; <strong>Asociaci\u00f3n de familiares y personas con Enfermedad Mental de la Costa del Sol (AFESOL)<\/strong>\n\t\t\t<\/td><\/tr><tr><td>\n\t\t\t\t\n\t\t\t\t\t\u00b7&nbsp;&nbsp;&nbsp;&nbsp;&nbsp;&nbsp;&nbsp; <strong>Asociaci\u00f3n Socio Cultural Mujeres Mijitas<\/strong>\n\t\t\t<\/td><\/tr><tr><td>\n\t\t\t\t\n\t\t\t\t\t\u00b7&nbsp;&nbsp;&nbsp;&nbsp;&nbsp;&nbsp;&nbsp; <strong>Asociaci\u00f3n de Mujeres Cale\u00f1as<\/strong>\n\t\t\t<\/td><\/tr><tr><td>\n\t\t\t\t\n\t\t\t\t\t\u00b7&nbsp;&nbsp;&nbsp;&nbsp;&nbsp;&nbsp;&nbsp; <strong>Asociaci\u00f3n Mujeres Villa de Mijas<\/strong>\n\t\t\t<\/td><\/tr><tr><td>\n\t\t\t\t\n\t\t\t\t\t\u00b7&nbsp;&nbsp;&nbsp;&nbsp;&nbsp;&nbsp;&nbsp; <strong>Asociaci\u00f3n Concordia Antisida<\/strong>\n\t\t\t<\/td><\/tr><tr><td>\n\t\t\t\t\n\t\t\t\t\t\u00b7&nbsp;&nbsp;&nbsp;&nbsp;&nbsp;&nbsp;&nbsp; <strong>ASIMA<\/strong>\n\t\t\t<\/td><\/tr><tr><td>\n\t\t\t\t\n\t\t\t\t\t\u00b7&nbsp;&nbsp;&nbsp;&nbsp;&nbsp;&nbsp;&nbsp; <strong>ACEMA<\/strong><\/td><\/tr><\/tbody><\/table>\n","protected":false},"excerpt":{"rendered":"<p>\u00c1rea de Salud P\u00fablica 1.- Protecci\u00f3n de la Salud 2.- Promoci\u00f3n de la salud &nbsp;Protecci\u00f3n de la Salud: Gesti\u00f3n, coordinaci\u00f3n del&nbsp;Parque Zoosanitario. Registro municipal Licencias Perros Peligrosos.&nbsp; Solicitud Licencia Animales Potencialmente Peligrosos. (A rellenar en Registro del Ayuntamiento al presentar la documentacion).&nbsp; Documentaci\u00f3n necesaria para la tramitaci\u00f3n de la licencia. (Descargar)&nbsp; Licencias de apertura Piscinas. [&hellip;]<\/p>\n","protected":false},"author":4,"featured_media":13852,"parent":14007,"menu_order":0,"comment_status":"closed","ping_status":"closed","template":"page-departamental.php","meta":[],"_links":{"self":[{"href":"https:\/\/www.mijas.es\/portal\/wp-json\/wp\/v2\/pages\/14011"}],"collection":[{"href":"https:\/\/www.mijas.es\/portal\/wp-json\/wp\/v2\/pages"}],"about":[{"href":"https:\/\/www.mijas.es\/portal\/wp-json\/wp\/v2\/types\/page"}],"author":[{"embeddable":true,"href":"https:\/\/www.mijas.es\/portal\/wp-json\/wp\/v2\/users\/4"}],"replies":[{"embeddable":true,"href":"https:\/\/www.mijas.es\/portal\/wp-json\/wp\/v2\/comments?post=14011"}],"version-history":[{"count":7,"href":"https:\/\/www.mijas.es\/portal\/wp-json\/wp\/v2\/pages\/14011\/revisions"}],"predecessor-version":[{"id":27975,"href":"https:\/\/www.mijas.es\/portal\/wp-json\/wp\/v2\/pages\/14011\/revisions\/27975"}],"up":[{"embeddable":true,"href":"https:\/\/www.mijas.es\/portal\/wp-json\/wp\/v2\/pages\/14007"}],"wp:featuredmedia":[{"embeddable":true,"href":"https:\/\/www.mijas.es\/portal\/wp-json\/wp\/v2\/media\/13852"}],"wp:attachment":[{"href":"https:\/\/www.mijas.es\/portal\/wp-json\/wp\/v2\/media?parent=14011"}],"curies":[{"name":"wp","href":"https:\/\/api.w.org\/{rel}","templated":true}]}}