{"id":14007,"date":"2019-03-28T13:24:37","date_gmt":"2019-03-28T13:24:37","guid":{"rendered":"http:\/\/192.168.0.42\/?page_id=14007"},"modified":"2024-02-26T12:59:16","modified_gmt":"2024-02-26T11:59:16","slug":"sanidad-municipal","status":"publish","type":"page","link":"https:\/\/www.mijas.es\/portal\/sanidad-municipal\/","title":{"rendered":"Departamento de Sanidad y Salud"},"content":{"rendered":"<div class=\"wp-block-image\">\n<figure class=\"aligncenter is-resized\"><img decoding=\"async\" src=\"https:\/\/www.mijas.es\/files\/imagen\/servicios\/sanidad\/sanidad.jpeg\" alt=\"\" width=\"517\" height=\"344\"\/><\/figure><\/div>\n\n\n<p>\n\tBienvenid@s al sitio web del \u00c1rea de Sanidad del Ayuntamiento de Mijas,\n un espacio en el que ponemos a vuestro alcance los servicios que se \nofrecen y facilitamos el acceso a la informaci\u00f3n en materia de Sanidad \nque se genera en nuestro municipio.<\/p>\n\n\n\n<p>\n\tEn este espacio encontrar\u00e1 la informaci\u00f3n necesaria en cuanto a \nnormativa y tr\u00e1mites que puede realizar en nuestro departamento.<\/p>\n\n\n\n<p>\n\tInformaci\u00f3n sobre los tr\u00e1mites necesarios para la Obtenci\u00f3n de Licencia\n Animales Peligrosos, el Registro Municipal de Centros Veterinarios y \nCentros para la Venta Adiestramiento y Cuidado de Animales de Compa\u00f1ia, \nlas Inspecciones Sanitarias, Consulta de Planificaci\u00f3n Familiar, etc..<\/p>\n\n\n\n<p>\n\tDirecci\u00f3n: Plaza de la Cala n\u00ba 7, Las Lagunas<br>\n\tTel\u00e9fono: 952478878<br>\n\tE-mail: <a href=\"mailto:sanidad@mijas.es\">sanidad@mijas.es<\/a><\/p>\n","protected":false},"excerpt":{"rendered":"<p>Bienvenid@s al sitio web del \u00c1rea de Sanidad del Ayuntamiento de Mijas, un espacio en el que ponemos a vuestro alcance los servicios que se ofrecen y facilitamos el acceso a la informaci\u00f3n en materia de Sanidad que se genera en nuestro municipio. En este espacio encontrar\u00e1 la informaci\u00f3n necesaria en cuanto a normativa y [&hellip;]<\/p>\n","protected":false},"author":4,"featured_media":13852,"parent":0,"menu_order":0,"comment_status":"closed","ping_status":"closed","template":"page-departamental.php","meta":[],"_links":{"self":[{"href":"https:\/\/www.mijas.es\/portal\/wp-json\/wp\/v2\/pages\/14007"}],"collection":[{"href":"https:\/\/www.mijas.es\/portal\/wp-json\/wp\/v2\/pages"}],"about":[{"href":"https:\/\/www.mijas.es\/portal\/wp-json\/wp\/v2\/types\/page"}],"author":[{"embeddable":true,"href":"https:\/\/www.mijas.es\/portal\/wp-json\/wp\/v2\/users\/4"}],"replies":[{"embeddable":true,"href":"https:\/\/www.mijas.es\/portal\/wp-json\/wp\/v2\/comments?post=14007"}],"version-history":[{"count":4,"href":"https:\/\/www.mijas.es\/portal\/wp-json\/wp\/v2\/pages\/14007\/revisions"}],"predecessor-version":[{"id":54834,"href":"https:\/\/www.mijas.es\/portal\/wp-json\/wp\/v2\/pages\/14007\/revisions\/54834"}],"wp:featuredmedia":[{"embeddable":true,"href":"https:\/\/www.mijas.es\/portal\/wp-json\/wp\/v2\/media\/13852"}],"wp:attachment":[{"href":"https:\/\/www.mijas.es\/portal\/wp-json\/wp\/v2\/media?parent=14007"}],"curies":[{"name":"wp","href":"https:\/\/api.w.org\/{rel}","templated":true}]}}