{"id":13994,"date":"2019-03-28T13:02:39","date_gmt":"2019-03-28T13:02:39","guid":{"rendered":"http:\/\/192.168.0.42\/?page_id=13994"},"modified":"2024-02-26T11:32:49","modified_gmt":"2024-02-26T10:32:49","slug":"proteccion-civil","status":"publish","type":"page","link":"https:\/\/www.mijas.es\/portal\/proteccion-civil\/","title":{"rendered":"Protecci\u00f3n Civil"},"content":{"rendered":"\n<p> <\/p>\n\n\n\n<p>Este servicio cuenta con una agrupaci\u00f3n local de voluntarios para articular la participaci\u00f3n ciudadana en las tareas de protecci\u00f3n civil.<\/p>\n\n\n\n<p>HAZTE VOLUNTARI@<\/p>\n\n\n\n<p><strong>\u00bfQui\u00e9n lo puede solicitar?<\/strong><\/p>\n\n\n\n<p>Cualquier ciudadano o ciudadana, que cumpla con los siguientes requisitos:<\/p>\n\n\n\n<ul>\n<li>Ser mayor de edad y tener plena capacidad de obrar.<\/li>\n\n\n\n<li>No estar inhabilitada para el ejercicio de funciones p\u00fablicas por sentencia firme<\/li>\n\n\n\n<li>No haber sido expulsada de una Agrupaci\u00f3n por resoluci\u00f3n administrativa firme.<\/li>\n\n\n\n<li>No padecer enfermedad, ni discapacidad f\u00edsica, ps\u00edquica o sensorial que impida ejercer normalmente funciones de voluntario de protecci\u00f3n civil.<\/li>\n<\/ul>\n\n\n\n<p><strong>Documentaci\u00f3n necesaria<\/strong><\/p>\n\n\n\n<p>1. Registro de entrada para hacerse voluntario. (Presentar en el Ayuntamiento, Tenencias de Alcald\u00eda o sede electr\u00f3nica). <a rel=\"noreferrer noopener\" href=\"https:\/\/sede.mijas.es\/portal\/sede\/se_contenedor2.jsp?seccion=s_ftra_d4_v1.jsp&amp;contenido=467&amp;tipo=4&amp;nivel=1400&amp;layout=se_contenedor2.jsp&amp;codResi=1&amp;language=es&amp;codMenu=49&amp;codMenuPN=22\" target=\"_blank\">Aqu\u00ed<\/a><\/p>\n\n\n\n<p>2. Fotocopia D.N.I.<\/p>\n\n\n\n<p>3. Fotocopia permiso de conducir.<\/p>\n\n\n\n<p>4. Dos fotos de tama\u00f1o carnet.<\/p>\n\n\n\n<p>5. Certificado delitos sexuales.<\/p>\n\n\n\n<p><strong>\u00bfD\u00f3nde presentar la documentaci\u00f3n?<\/strong><\/p>\n\n\n\n<p>Sede Protecci\u00f3n Civil Mijas<\/p>\n\n\n\n<p>Camino viejo de coin N\u00ba 77 (Frente jefatura Polic\u00eda Local)<\/p>\n\n\n\n<p>29650 Mijas<\/p>\n\n\n\n<p>Telf: 952 584 633 (Bajo cita previa)<\/p>\n\n\n\n<p> <a rel=\"noreferrer noopener\" href=\"https:\/\/www.mijas.es\/wp-content\/uploads\/2021\/07\/20200531_Edicto_AprobDef_RPC.pdf\" target=\"_blank\">REGLAMENTO PARA LA ORGANIZACI\u00d3N Y FUNCIONAMIENTO DE LA AGRUPACI\u00d3N<br>LOCAL DE VOLUNTARIOS DE PROTECCI\u00d3N CIVIL DE MIJAS<\/a><\/p>\n\n\n\n<hr class=\"wp-block-separator has-css-opacity\"\/>\n\n\n<div class=\"wp-block-image\">\n<figure class=\"alignright size-full is-resized\"><img decoding=\"async\" src=\"https:\/\/www.mijas.es\/wp-content\/uploads\/2022\/01\/Imagen-Ayuntamiento1.jpg\" alt=\"\" class=\"wp-image-44975\" width=\"115\" height=\"154\" srcset=\"https:\/\/www.mijas.es\/wp-content\/uploads\/2022\/01\/Imagen-Ayuntamiento1.jpg 350w, https:\/\/www.mijas.es\/wp-content\/uploads\/2022\/01\/Imagen-Ayuntamiento1-223x300.jpg 223w\" sizes=\"(max-width: 115px) 100vw, 115px\" \/><\/figure><\/div>\n\n<div class=\"wp-block-image\">\n<figure class=\"alignleft size-full is-resized\"><img decoding=\"async\" src=\"https:\/\/www.mijas.es\/wp-content\/uploads\/2022\/01\/Imagen-CorporativaPC.jpg\" alt=\"\" class=\"wp-image-44974\" width=\"115\" height=\"163\" srcset=\"https:\/\/www.mijas.es\/wp-content\/uploads\/2022\/01\/Imagen-CorporativaPC.jpg 250w, https:\/\/www.mijas.es\/wp-content\/uploads\/2022\/01\/Imagen-CorporativaPC-211x300.jpg 211w\" sizes=\"(max-width: 115px) 100vw, 115px\" \/><\/figure><\/div>\n\n\n<p class=\"has-text-align-center\">  Agrupaci\u00f3n Local de Voluntarios de Protecci\u00f3n Civil<\/p>\n\n\n\n<p class=\"has-text-align-center\"> Camino de Co\u00ecn N\u00ba 77, (Frente a la Polic\u00eda Local de Mijas)<br> LAS LAGUNAS MIJAS-COSTA (M\u00e1laga)<br> Tlf.- 952 58 46 33<br>  e-mail: <a href=\"mailto:protcivil@mijas.es\">protcivil@mijas.es<\/a><br><\/p>\n\n\n\n<p><br> &nbsp; &nbsp;<\/p>\n","protected":false},"excerpt":{"rendered":"<p>Este servicio cuenta con una agrupaci\u00f3n local de voluntarios para articular la participaci\u00f3n ciudadana en las tareas de protecci\u00f3n civil. HAZTE VOLUNTARI@ \u00bfQui\u00e9n lo puede solicitar? Cualquier ciudadano o ciudadana, que cumpla con los siguientes requisitos: Documentaci\u00f3n necesaria 1. Registro de entrada para hacerse voluntario. (Presentar en el Ayuntamiento, Tenencias de Alcald\u00eda o sede electr\u00f3nica). [&hellip;]<\/p>\n","protected":false},"author":4,"featured_media":13852,"parent":0,"menu_order":0,"comment_status":"closed","ping_status":"closed","template":"page-departamental.php","meta":[],"_links":{"self":[{"href":"https:\/\/www.mijas.es\/portal\/wp-json\/wp\/v2\/pages\/13994"}],"collection":[{"href":"https:\/\/www.mijas.es\/portal\/wp-json\/wp\/v2\/pages"}],"about":[{"href":"https:\/\/www.mijas.es\/portal\/wp-json\/wp\/v2\/types\/page"}],"author":[{"embeddable":true,"href":"https:\/\/www.mijas.es\/portal\/wp-json\/wp\/v2\/users\/4"}],"replies":[{"embeddable":true,"href":"https:\/\/www.mijas.es\/portal\/wp-json\/wp\/v2\/comments?post=13994"}],"version-history":[{"count":12,"href":"https:\/\/www.mijas.es\/portal\/wp-json\/wp\/v2\/pages\/13994\/revisions"}],"predecessor-version":[{"id":54830,"href":"https:\/\/www.mijas.es\/portal\/wp-json\/wp\/v2\/pages\/13994\/revisions\/54830"}],"wp:featuredmedia":[{"embeddable":true,"href":"https:\/\/www.mijas.es\/portal\/wp-json\/wp\/v2\/media\/13852"}],"wp:attachment":[{"href":"https:\/\/www.mijas.es\/portal\/wp-json\/wp\/v2\/media?parent=13994"}],"curies":[{"name":"wp","href":"https:\/\/api.w.org\/{rel}","templated":true}]}}