{"id":13992,"date":"2019-03-28T12:57:48","date_gmt":"2019-03-28T12:57:48","guid":{"rendered":"http:\/\/192.168.0.42\/?page_id=13992"},"modified":"2019-07-19T13:30:18","modified_gmt":"2019-07-19T13:30:18","slug":"otros-servicios-de-emergencia","status":"publish","type":"page","link":"https:\/\/www.mijas.es\/portal\/seguridad-ciudadana\/otros-servicios-de-emergencia\/","title":{"rendered":"Otros Servicios de Emergencia"},"content":{"rendered":"\n<div class=\"wp-block-image\"><figure class=\"alignright\"><img decoding=\"async\" src=\"https:\/\/www.mijas.es\/files\/imagen\/servicios\/bomberos\/amijas_servicios_166_a.jpg\" alt=\"Veh\u00edculos Servicios de Emergencia\"\/><\/figure><\/div>\n\n\n\n<p>\n\t <strong>Emergencias (General)<\/strong><br>\n\tTel\u00e9fono: 112<\/p>\n\n\n\n<p>\n\t<strong>Guardia Civil (Mijas Pueblo)<\/strong><br>\n\tDirecci\u00f3n: Cuartel de Osunillas<br>\n\tTel\u00e9fono: 952 59 10 07<br>\n\tWeb: <a href=\"http:\/\/www.guardiacivil.org\" target=\"_blank\" rel=\"noreferrer noopener\">www.guardiacivil.org<\/a><\/p>\n\n\n\n<p>\n\t<strong>Cruz Roja<\/strong><br>\n\tDirecci\u00f3n: C\/ R\u00edo Barbate<br>\n\tTel\u00e9fono: 952 66 46 46<br>\n\tWeb: <a href=\"http:\/\/www.cruzroja.es\" target=\"_blank\" rel=\"noreferrer noopener\">www.cruzroja.es<\/a><\/p>\n","protected":false},"excerpt":{"rendered":"<p>Emergencias (General) Tel\u00e9fono: 112 Guardia Civil (Mijas Pueblo) Direcci\u00f3n: Cuartel de Osunillas Tel\u00e9fono: 952 59 10 07 Web: www.guardiacivil.org Cruz Roja Direcci\u00f3n: C\/ R\u00edo Barbate Tel\u00e9fono: 952 66 46 46 Web: www.cruzroja.es<\/p>\n","protected":false},"author":4,"featured_media":13852,"parent":13987,"menu_order":0,"comment_status":"closed","ping_status":"closed","template":"page-departamental.php","meta":[],"_links":{"self":[{"href":"https:\/\/www.mijas.es\/portal\/wp-json\/wp\/v2\/pages\/13992"}],"collection":[{"href":"https:\/\/www.mijas.es\/portal\/wp-json\/wp\/v2\/pages"}],"about":[{"href":"https:\/\/www.mijas.es\/portal\/wp-json\/wp\/v2\/types\/page"}],"author":[{"embeddable":true,"href":"https:\/\/www.mijas.es\/portal\/wp-json\/wp\/v2\/users\/4"}],"replies":[{"embeddable":true,"href":"https:\/\/www.mijas.es\/portal\/wp-json\/wp\/v2\/comments?post=13992"}],"version-history":[{"count":2,"href":"https:\/\/www.mijas.es\/portal\/wp-json\/wp\/v2\/pages\/13992\/revisions"}],"predecessor-version":[{"id":24293,"href":"https:\/\/www.mijas.es\/portal\/wp-json\/wp\/v2\/pages\/13992\/revisions\/24293"}],"up":[{"embeddable":true,"href":"https:\/\/www.mijas.es\/portal\/wp-json\/wp\/v2\/pages\/13987"}],"wp:featuredmedia":[{"embeddable":true,"href":"https:\/\/www.mijas.es\/portal\/wp-json\/wp\/v2\/media\/13852"}],"wp:attachment":[{"href":"https:\/\/www.mijas.es\/portal\/wp-json\/wp\/v2\/media?parent=13992"}],"curies":[{"name":"wp","href":"https:\/\/api.w.org\/{rel}","templated":true}]}}