{"id":13981,"date":"2019-03-28T12:25:03","date_gmt":"2019-03-28T12:25:03","guid":{"rendered":"http:\/\/192.168.0.42\/?page_id=13981"},"modified":"2024-02-26T11:26:56","modified_gmt":"2024-02-26T10:26:56","slug":"parque-movil","status":"publish","type":"page","link":"https:\/\/www.mijas.es\/portal\/parque-movil\/","title":{"rendered":"Parque M\u00f3vil"},"content":{"rendered":"\n<table border=\"1\" cellpadding=\"0\" cellspacing=\"0\">\n\t<tbody>\n\t\t<tr>\n\t\t\t<td style=\"width:367px;\">\n\t\t\t\t<p style=\"text-align: center;\">\n\t\t\t\t\tVEHICULOS EN PROPIEDAD, (OFICIALES)<\/p>\n\t\t\t<\/td>\n\t\t\t<td style=\"width:210px;\">\n\t\t\t\t<p style=\"text-align: center;\">\n\t\t\t\t\t164 VEHICULOS<\/p>\n\t\t\t<\/td>\n\t\t<\/tr>\n\t\t<tr>\n\t\t\t<td style=\"width:367px;\">\n\t\t\t\t<p style=\"text-align: center;\">\n\t\t\t\t\tVEHICULOS ALQUILADOS<\/p>\n\t\t\t<\/td>\n\t\t\t<td style=\"width:210px;\">\n\t\t\t\t<p style=\"text-align: center;\">\n\t\t\t\t\t59 VEHICULOS<\/p>\n\t\t\t<\/td>\n\t\t<\/tr>\n\t<\/tbody>\n<\/table>\n\n\n\n<ul>\n<li>El departamento de Parque M\u00f3vil es el responsable de la gesti\u00f3n de los veh\u00edculos municipales y de renting.<\/li>\n\n\n\n<li>En Parque M\u00f3vil realizamos todos los trabajos referentes a la reparaci\u00f3n de los veh\u00edculos municipales tales como: gesti\u00f3n diaria del reparto de los veh\u00edculos municipales a las distintas dependencias municipales, la gesti\u00f3n de compras de los repuestos de los veh\u00edculos, control de las reparaciones y mantenimiento de los veh\u00edculos, la gesti\u00f3n de suministro de combustible y la gesti\u00f3n de los seguros obligatorios.<\/li>\n\n\n\n<li>La flota automovil\u00edstica de este Ayuntamiento se compone de veh\u00edculos en los que se incluyen la maquinaria agr\u00edcola, furgonetas, turismos, motocicletas, camiones y veh\u00edculos especiales.<\/li>\n<\/ul>\n\n\n\n<ul>\n<li>Actualmente disponemos de 164 veh\u00edculos en propiedad y 59 veh\u00edculos en alquiler.<\/li>\n\n\n\n<li>Adjuntamos relaci\u00f3n de veh\u00edculos en propiedad: <\/li>\n<\/ul>\n\n\n\n<figure class=\"wp-block-table is-style-stripes\"><table><tbody><tr><td>N\u00ba<\/td><td>Matr\u00edcula<\/td><td>Tipo de Veh\u00edculo<\/td><td><\/td><\/tr><tr><td>1<\/td><td>0182-HRW<\/td><td>MOTOCICLETA<\/td><td><\/td><\/tr><tr><td>2<\/td><td>0190-HRW<\/td><td>MOTOCICLETA<\/td><td><\/td><\/tr><tr><td>3<\/td><td>0215-HRW<\/td><td>MOTOCICLETA<\/td><td><\/td><\/tr><tr><td>4<\/td><td>0234-HRW<\/td><td>MOTOCICLETA<\/td><td><\/td><\/tr><tr><td>5<\/td><td>0287-HBF<\/td><td>TURISMO<\/td><td><\/td><\/tr><tr><td>6<\/td><td>0291-HBF<\/td><td>V. LIGERO<\/td><td><\/td><\/tr><tr><td>7<\/td><td>0406-BJT<\/td><td>V. PESADO<\/td><td><\/td><\/tr><tr><td>8<\/td><td>0813-DRS<\/td><td>C. TURISMO<\/td><td><\/td><\/tr><tr><td>9<\/td><td>1068-GCW<\/td><td>V. LIGERO<\/td><td><\/td><\/tr><tr><td>10<\/td><td>1076-FBW<\/td><td>V. LIGERO<\/td><td><\/td><\/tr><tr><td>11<\/td><td>1085-GCW<\/td><td>V. LIGERO<\/td><td><\/td><\/tr><tr><td>12<\/td><td>1090-GCW<\/td><td>V. LIGERO<\/td><td><\/td><\/tr><tr><td>13<\/td><td>1095-GCW<\/td><td>V. LIGERO<\/td><td><\/td><\/tr><tr><td>14<\/td><td>1100-GCW<\/td><td>V. LIGERO<\/td><td><\/td><\/tr><tr><td>15<\/td><td>1104-CDT<\/td><td>V. PESADO<\/td><td><\/td><\/tr><tr><td>16<\/td><td>1214-DRF<\/td><td>TURISMO<\/td><td><\/td><\/tr><tr><td>17<\/td><td>1258-CYH<\/td><td>TODO TERRENO<\/td><td><\/td><\/tr><tr><td>18<\/td><td>1546-DBH<\/td><td>V. LIGERO<\/td><td><\/td><\/tr><tr><td>19<\/td><td>1555-DBH<\/td><td>V. LIGERO<\/td><td><\/td><\/tr><tr><td>20<\/td><td>1701-GKP<\/td><td>TURISMO<\/td><td><\/td><\/tr><tr><td>21<\/td><td>1852-DPJ<\/td><td>C. TURISMO<\/td><td><\/td><\/tr><tr><td>22<\/td><td>1868-DPJ<\/td><td>C. TURISMO<\/td><td><\/td><\/tr><tr><td>23<\/td><td>1906-DDN<\/td><td>V. LIGERO<\/td><td><\/td><\/tr><tr><td>24<\/td><td>1911-KCW<\/td><td>V,LIGERO<\/td><td><\/td><\/tr><tr><td>25<\/td><td>2339-CGJ<\/td><td>C. TURISMO<\/td><td><\/td><\/tr><tr><td>26<\/td><td>2654-DPJ<\/td><td>FURGON PASAJEROS<\/td><td><\/td><\/tr><tr><td>27<\/td><td>2758-LCZ<\/td><td>V.PESADO<\/td><td><\/td><\/tr><tr><td>28<\/td><td>2793-FHK<\/td><td>C. TURISMO<\/td><td><\/td><\/tr><tr><td>29<\/td><td>2811-DPJ<\/td><td>C. TURISMO<\/td><td><\/td><\/tr><tr><td>30<\/td><td>2958-HHB<\/td><td>V. LIGERO<\/td><td><\/td><\/tr><tr><td>31<\/td><td>3039-FLS<\/td><td>TURISMO<\/td><td><\/td><\/tr><tr><td>32<\/td><td>3163-HNS<\/td><td>C. TODO TERRENO<\/td><td><\/td><\/tr><tr><td>33<\/td><td>3166-FWD<\/td><td>TURISMO<\/td><td><\/td><\/tr><tr><td>34<\/td><td>3166-HNS<\/td><td>C. TODO TERRENO<\/td><td><\/td><\/tr><tr><td>35<\/td><td>3327-HZJ<\/td><td>V. LIGERO<\/td><td><\/td><\/tr><tr><td>36<\/td><td>3336-HZJ<\/td><td>V. LIGERO<\/td><td><\/td><\/tr><tr><td>37<\/td><td>3488-FMX<\/td><td>V. LIGERO<\/td><td><\/td><\/tr><tr><td>38<\/td><td>3518-CGJ<\/td><td>V. LIGERO<\/td><td><\/td><\/tr><tr><td>39<\/td><td>3598-CMP<\/td><td>C. TODO TERRENO<\/td><td><\/td><\/tr><tr><td>40<\/td><td>3712-DDG<\/td><td>TURISMO<\/td><td><\/td><\/tr><tr><td>41<\/td><td>3803-DRN<\/td><td>TURISMO<\/td><td><\/td><\/tr><tr><td>42<\/td><td>3847-BWL<\/td><td>C. TURISMO<\/td><td><\/td><\/tr><tr><td>43<\/td><td>3866-DSG<\/td><td>V. LIGERO<\/td><td><\/td><\/tr><tr><td>44<\/td><td>4217-GZX<\/td><td>V. LIGERO<\/td><td><\/td><\/tr><tr><td>45<\/td><td>4377-FWD<\/td><td>TURISMO<\/td><td><\/td><\/tr><tr><td>46<\/td><td>4434-GTR<\/td><td>V. LIGERO<\/td><td><\/td><\/tr><tr><td>47<\/td><td>4449-GTR<\/td><td>V. LIGERO<\/td><td><\/td><\/tr><tr><td>48<\/td><td>4459-GTR<\/td><td>V. LIGERO<\/td><td><\/td><\/tr><tr><td>49<\/td><td>4473-GTR<\/td><td>V. LIGERO<\/td><td><\/td><\/tr><tr><td>50<\/td><td>4516-GTR<\/td><td>C. TURISMO<\/td><td><\/td><\/tr><tr><td>51<\/td><td>4983-KDC<\/td><td>V.LIGERO<\/td><td><\/td><\/tr><tr><td>52<\/td><td>5197-CGH<\/td><td>C. TURISMO<\/td><td><\/td><\/tr><tr><td>53<\/td><td>5224-CGH<\/td><td>C. TURISMO<\/td><td><\/td><\/tr><tr><td>54<\/td><td>5239-GSP<\/td><td>V. LIGERO<\/td><td><\/td><\/tr><tr><td>55<\/td><td>5251-KFS<\/td><td>TODO TERRENO<\/td><td><\/td><\/tr><tr><td>56<\/td><td>5300-FDJ<\/td><td>MOTOCICLETA<\/td><td><\/td><\/tr><tr><td>57<\/td><td>5330-FDJ<\/td><td>MOTOCICLETA<\/td><td><\/td><\/tr><tr><td>58<\/td><td>5366-HXC<\/td><td>FURG\u00d3N PLATAFORMA<\/td><td><\/td><\/tr><tr><td>59<\/td><td>5498-LCM<\/td><td>V.PESADO<\/td><td><\/td><\/tr><tr><td>60<\/td><td>5805-BYW<\/td><td>TODO TERRENO<\/td><td><\/td><\/tr><tr><td>61<\/td><td>5989-JZG<\/td><td>TURISMO<\/td><td><\/td><\/tr><tr><td>62<\/td><td>6001-JZG<\/td><td>TURISMO<\/td><td><\/td><\/tr><tr><td>63<\/td><td>6616-BGL<\/td><td>V. PESADO<\/td><td><\/td><\/tr><tr><td>64<\/td><td>6628-HHJ<\/td><td>TURISMO<\/td><td><\/td><\/tr><tr><td>65<\/td><td>6638-HHJ<\/td><td>TURISMO<\/td><td><\/td><\/tr><tr><td>66<\/td><td>6997-KGK<\/td><td>V. PESADO<\/td><td><\/td><\/tr><tr><td>67<\/td><td>7033-JZL<\/td><td>V,LIGERO<\/td><td><\/td><\/tr><tr><td>68<\/td><td>7101-JZL<\/td><td>V,LIGERO<\/td><td><\/td><\/tr><tr><td>69<\/td><td>7112-JZL<\/td><td>V.LIGERO<\/td><td><\/td><\/tr><tr><td>70<\/td><td>7120-JZL<\/td><td>CAMION<\/td><td><\/td><\/tr><tr><td>71<\/td><td>7152-CLN<\/td><td>TURISMO<\/td><td><\/td><\/tr><tr><td>72<\/td><td>7177-HSW<\/td><td>V. LIGERO<\/td><td><\/td><\/tr><tr><td>73<\/td><td>7291-JZL<\/td><td>V.LIGERO<\/td><td><\/td><\/tr><tr><td>74<\/td><td>7432-KBD<\/td><td>TURISMO<\/td><td><\/td><\/tr><tr><td>75<\/td><td>7454-GZS<\/td><td>TURISMO<\/td><td><\/td><\/tr><tr><td>76<\/td><td>7462-GZS<\/td><td>V. LIGERO<\/td><td><\/td><\/tr><tr><td>77<\/td><td>7469-GZS<\/td><td>TURISMO<\/td><td><\/td><\/tr><tr><td>78<\/td><td>7679-KBM<\/td><td>TURISMO<\/td><td><\/td><\/tr><tr><td>79<\/td><td>7740-GLP<\/td><td>C. TURISMO<\/td><td><\/td><\/tr><tr><td>80<\/td><td>7953-HHN<\/td><td>TURISMO<\/td><td><\/td><\/tr><tr><td>81<\/td><td>7955-HHN<\/td><td>TURISMO<\/td><td><\/td><\/tr><tr><td>82<\/td><td>7976-BDT<\/td><td>MOTOCICLETA<\/td><td><\/td><\/tr><tr><td>83<\/td><td>7985-BDT<\/td><td>MOTOCICLETA<\/td><td><\/td><\/tr><tr><td>84<\/td><td>7986-BDT<\/td><td>MOTOCICLETA<\/td><td><\/td><\/tr><tr><td>85<\/td><td>7987-BDT<\/td><td>MOTOCICLETA<\/td><td><\/td><\/tr><tr><td>86<\/td><td>8388-JXH<\/td><td>V. LIGERO<\/td><td><\/td><\/tr><tr><td>87<\/td><td>8485-LCP<\/td><td>V,PESADO<\/td><td><\/td><\/tr><tr><td>88<\/td><td>8505-LCP<\/td><td>V,PESADO<\/td><td><\/td><\/tr><tr><td>89<\/td><td>8709-GMD<\/td><td>V. LIGERO<\/td><td><\/td><\/tr><tr><td>90<\/td><td>8835-FHJ<\/td><td>C. TURISMO<\/td><td><\/td><\/tr><tr><td>91<\/td><td>8904-FHJ<\/td><td>C. TURISMO<\/td><td><\/td><\/tr><tr><td>92<\/td><td>9496-KDV<\/td><td>TODO TERRENO<\/td><td><\/td><\/tr><tr><td>93<\/td><td>9620-DPR<\/td><td>TURISMO<\/td><td><\/td><\/tr><tr><td>94<\/td><td>9789-KBR<\/td><td>C.TURISMO<\/td><td><\/td><\/tr><tr><td>95<\/td><td>9790-KBR<\/td><td>C.TURISMO<\/td><td><\/td><\/tr><tr><td>96<\/td><td>9791-KBR<\/td><td>TURISMO<\/td><td><\/td><\/tr><tr><td>97<\/td><td>9792-KBR<\/td><td>TURISMO<\/td><td><\/td><\/tr><tr><td>98<\/td><td>9793-KBR<\/td><td>C.TURISMO<\/td><td><\/td><\/tr><tr><td>99<\/td><td>9919-HRC<\/td><td>TURISMO<\/td><td><\/td><\/tr><tr><td>100<\/td><td>9959-GJP<\/td><td>TURISMO<\/td><td><\/td><\/tr><tr><td>101<\/td><td>C-4296-BJC<\/td><td>MOTOCICLETA<\/td><td><\/td><\/tr><tr><td>102<\/td><td>C-7546-BDG<\/td><td>MOTOCICLETA<\/td><td><\/td><\/tr><tr><td>103<\/td><td>E-0784-BBP<\/td><td>V. INDUSTRIAL<\/td><td><\/td><\/tr><tr><td>104<\/td><td>E-1292-BBZ<\/td><td>V. INDUSTRIAL<\/td><td><\/td><\/tr><tr><td>105<\/td><td>E-2060-BFX<\/td><td>V. AGRICOLA<\/td><td><\/td><\/tr><tr><td>106<\/td><td>E-2726-BFM<\/td><td>V. INDUSTRIAL<\/td><td><\/td><\/tr><tr><td>107<\/td><td>E-3407-BHC<\/td><td>V. INDUSTRIAL<\/td><td><\/td><\/tr><tr><td>108<\/td><td>E-3408-BHC<\/td><td>V. INDUSTRIAL<\/td><td><\/td><\/tr><tr><td>109<\/td><td>E-3417-BCV<\/td><td>V. INDUSTRIAL<\/td><td><\/td><\/tr><tr><td>110<\/td><td>E-3624-BGB<\/td><td>V. AGRICOLA<\/td><td><\/td><\/tr><tr><td>111<\/td><td>E-4365-BGK<\/td><td>REMOLQUE AGRICOLA<\/td><td><\/td><\/tr><tr><td>112<\/td><td>E-4989-BBW<\/td><td>V. INDUSTRIAL<\/td><td><\/td><\/tr><tr><td>113<\/td><td>E-5086-BFH<\/td><td>V. AGRICOLA<\/td><td><\/td><\/tr><tr><td>114<\/td><td>E-5087-BFH<\/td><td>V. AGRICOLA<\/td><td><\/td><\/tr><tr><td>115<\/td><td>E-5193-BCD<\/td><td>V. INDUSTRIAL<\/td><td><\/td><\/tr><tr><td>116<\/td><td>E-6774-BGF<\/td><td>V. AGRICOLA<\/td><td><\/td><\/tr><tr><td>117<\/td><td>E-6913-BGN<\/td><td>V. PLAYA<\/td><td><\/td><\/tr><tr><td>118<\/td><td>E-6914-BGN<\/td><td>V. ESPECIALl<\/td><td><\/td><\/tr><tr><td>119<\/td><td>E-6916-BGN<\/td><td>V. PLAYA<\/td><td><\/td><\/tr><tr><td>120<\/td><td>E-6997-BDB<\/td><td>V. INDUSTRIAL<\/td><td><\/td><\/tr><tr><td>121<\/td><td>E-7146-BGG<\/td><td>V. PLAYA<\/td><td><\/td><\/tr><tr><td>122<\/td><td>E-7474-BDJ<\/td><td>V. INDUSTRIAL<\/td><td><\/td><\/tr><tr><td>123<\/td><td>E-7716-BFR<\/td><td>V. INDUSTRIAL<\/td><td><\/td><\/tr><tr><td>124<\/td><td>E-8012-BGG<\/td><td>V. PLAYA<\/td><td><\/td><\/tr><tr><td>125<\/td><td>MA-3666-DF<\/td><td>TODO TERRENO<\/td><td><\/td><\/tr><tr><td>126<\/td><td>MA-7514-DC<\/td><td>TODO TERRENO<\/td><td><\/td><\/tr><tr><td>127<\/td><td>MA-7906-CT<\/td><td>V. LIGERO<\/td><td><\/td><\/tr><tr><td>128<\/td><td>MA-8596-DF<\/td><td>V. PESADO<\/td><td><\/td><\/tr><tr><td>129<\/td><td>R-8853-BCJ<\/td><td>REMOLQUE AGRICOLA<\/td><td><\/td><\/tr><tr><td>TOTAL: 129  VEH\u00cdCULOS <\/td><\/tr><tr><td>VEH\u00cdCULOS DE\n  BOMBEROS<\/td><\/tr><tr><td>N\u00ba<\/td><td>Matr\u00edcula<\/td><td>Tipo de Veh\u00edculo<\/td><td>Nomenclatura<\/td><\/tr><tr><td>130<\/td><td>9945-CJC<\/td><td>VEHICULO PESADO&nbsp;<\/td><td>B-1<\/td><\/tr><tr><td>131<\/td><td>5787-CJN<\/td><td>VEHICULO PESADO&nbsp;<\/td><td>B-2<\/td><\/tr><tr><td>132<\/td><td>9025-HJL<\/td><td>VEHICULO PESADO&nbsp;<\/td><td>B-3<\/td><\/tr><tr><td>133<\/td><td>8423-JDS<\/td><td>VEHICULO PESADO&nbsp;<\/td><td>B-4<\/td><\/tr><tr><td>134<\/td><td>2495-HYY<\/td><td>FORD RANGER&nbsp;<\/td><td>L-1<\/td><\/tr><tr><td>135<\/td><td>8160-KFN<\/td><td>TOYOTA LAND CRUISER&nbsp;<\/td><td>J-1<\/td><\/tr><tr><td>136<\/td><td>0561-KSX<\/td><td>VEHICULO PESADO&nbsp;<\/td><td>B-5<\/td><\/tr><tr><td>TOTAL: 7  VEH\u00cdCULOS <\/td><\/tr><tr><td>VEH\u00cdCULOS POLICIALES<\/td><\/tr><tr><td>N\u00ba<\/td><td>Matr\u00edcula<\/td><td>Tipo de Veh\u00edculo<\/td><td>Nomenclatura<\/td><\/tr><tr><td>137<\/td><td>5586-JGZ<\/td><td>SUZUKI VSTROM 650 CC<\/td><td>M-17<\/td><\/tr><tr><td>138<\/td><td>5587-JGZ<\/td><td>SUZUKI VSTROM 650 CC<\/td><td>M-18<\/td><\/tr><tr><td>139<\/td><td>5588-JGZ<\/td><td>SUZUKI VSTROM 650 CC<\/td><td>M-15<\/td><\/tr><tr><td>140<\/td><td>5589-JGZ<\/td><td>SUZUKI VSTROM 650 CC<\/td><td>M-16<\/td><\/tr><tr><td>141<\/td><td>5621-JGZ<\/td><td>SUZUKI BURGMAM 200 CC<\/td><td>M-14<\/td><\/tr><tr><td>142<\/td><td>5624-JGZ<\/td><td>SUZUKI BURGMAM 200 CC<\/td><td>M-11<\/td><\/tr><tr><td>143<\/td><td>5625-JGZ<\/td><td>SUZUKI BURGMAM 200 CC<\/td><td>M-10<\/td><\/tr><tr><td>144<\/td><td>5626-JGZ<\/td><td>SUZUKI BURGMAM 200 CC<\/td><td>M-05<\/td><\/tr><tr><td>145<\/td><td>5628-JGZ<\/td><td>SUZUKI BURGMAM 200 CC<\/td><td>M-01<\/td><\/tr><tr><td>146<\/td><td>5630-JGZ<\/td><td>SUZUKI BURGMAM 200 CC<\/td><td>M-02<\/td><\/tr><tr><td>147<\/td><td>5631-JGZ<\/td><td>SUZUKI BURGMAM 200 CC<\/td><td>M-08<\/td><\/tr><tr><td>148<\/td><td>5633-JGZ<\/td><td>SUZUKI BURGMAM 200 CC<\/td><td>M-03<\/td><\/tr><tr><td>149<\/td><td>5634-JGZ<\/td><td>SUZUKI BURGMAM 200 CC<\/td><td>M-06<\/td><\/tr><tr><td>150<\/td><td>5636-JGZ<\/td><td>SUZUKI BURGMAM 200 CC<\/td><td>M-04<\/td><\/tr><tr><td>151<\/td><td>5637-JGZ<\/td><td>SUZUKI BURGMAM 200 CC<\/td><td>M-13<\/td><\/tr><tr><td>152<\/td><td>5639-JGZ<\/td><td>SUZUKI BURGMAM 200 CC<\/td><td>M-09<\/td><\/tr><tr><td>153<\/td><td>5642-JGZ<\/td><td>SUZUKI BURGMAM 200 CC<\/td><td>M-12<\/td><\/tr><tr><td>154<\/td><td>5643-JGZ<\/td><td>SUZUKI BURGMAM 200 CC<\/td><td>M-07<\/td><\/tr><tr><td>155<\/td><td>8833-FHJ<\/td><td>RENAULT KANGOO&nbsp;<\/td><td>POLICIA CANINA<\/td><\/tr><tr><td>156<\/td><td>3336-HZJ<\/td><td>FORD TRANSIT&nbsp;<\/td><td>SE\u00d1ALIZACION VIAL<\/td><\/tr><tr><td>TOTAL: 20  VEH\u00cdCULOS <\/td><\/tr><tr><td>PROTECCI\u00d3N CIVIL<\/td><\/tr><tr><td>N\u00ba<\/td><td>Matr\u00edcula<\/td><td>Tipo de Veh\u00edculo<\/td><td>Nomenclatura<\/td><\/tr><tr><td>157<\/td><td>0207-HRW<\/td><td>SYM 125CC&nbsp;<\/td><td>M-01<\/td><\/tr><tr><td>158<\/td><td>0225-HRW<\/td><td>SYM 125CC&nbsp;<\/td><td>M-02<\/td><\/tr><tr><td>159<\/td><td>0176-HRW<\/td><td>SYM 125CC&nbsp;<\/td><td>M-03<\/td><\/tr><tr><td>160<\/td><td>0199-HRW<\/td><td>SYM 125CC&nbsp;<\/td><td>M-04<\/td><\/tr><tr><td>161<\/td><td>5755-HTM<\/td><td>PEUGEOT BOXER&nbsp;<\/td><td>A-01<\/td><\/tr><tr><td>162<\/td><td>9134-DRB<\/td><td>NISSAN NAVARA&nbsp;<\/td><td>F-01<\/td><\/tr><tr><td>163<\/td><td>1655-BNN<\/td><td>GALLOPER&nbsp;<\/td><td>F-02<\/td><\/tr><tr><td>164<\/td><td>3183-HNS<\/td><td>FORD RANGER&nbsp;<\/td><td>F-03<\/td><\/tr><tr><td>TOTAL: 8 VEH\u00cdCULOS<\/td><\/tr><tr><td>TOTAL: 164 VEH\u00cdCULOS OFICIALES<\/td><td><\/td><td><\/td><td><\/td><\/tr><\/tbody><\/table><\/figure>\n","protected":false},"excerpt":{"rendered":"<p>VEHICULOS EN PROPIEDAD, (OFICIALES) 164 VEHICULOS VEHICULOS ALQUILADOS 59 VEHICULOS N\u00ba Matr\u00edcula Tipo de Veh\u00edculo 1 0182-HRW MOTOCICLETA 2 0190-HRW MOTOCICLETA 3 0215-HRW MOTOCICLETA 4 0234-HRW MOTOCICLETA 5 0287-HBF TURISMO 6 0291-HBF V. LIGERO 7 0406-BJT V. PESADO 8 0813-DRS C. TURISMO 9 1068-GCW V. LIGERO 10 1076-FBW V. LIGERO 11 1085-GCW V. LIGERO 12 [&hellip;]<\/p>\n","protected":false},"author":4,"featured_media":13852,"parent":0,"menu_order":0,"comment_status":"closed","ping_status":"closed","template":"page-departamental.php","meta":[],"_links":{"self":[{"href":"https:\/\/www.mijas.es\/portal\/wp-json\/wp\/v2\/pages\/13981"}],"collection":[{"href":"https:\/\/www.mijas.es\/portal\/wp-json\/wp\/v2\/pages"}],"about":[{"href":"https:\/\/www.mijas.es\/portal\/wp-json\/wp\/v2\/types\/page"}],"author":[{"embeddable":true,"href":"https:\/\/www.mijas.es\/portal\/wp-json\/wp\/v2\/users\/4"}],"replies":[{"embeddable":true,"href":"https:\/\/www.mijas.es\/portal\/wp-json\/wp\/v2\/comments?post=13981"}],"version-history":[{"count":5,"href":"https:\/\/www.mijas.es\/portal\/wp-json\/wp\/v2\/pages\/13981\/revisions"}],"predecessor-version":[{"id":54829,"href":"https:\/\/www.mijas.es\/portal\/wp-json\/wp\/v2\/pages\/13981\/revisions\/54829"}],"wp:featuredmedia":[{"embeddable":true,"href":"https:\/\/www.mijas.es\/portal\/wp-json\/wp\/v2\/media\/13852"}],"wp:attachment":[{"href":"https:\/\/www.mijas.es\/portal\/wp-json\/wp\/v2\/media?parent=13981"}],"curies":[{"name":"wp","href":"https:\/\/api.w.org\/{rel}","templated":true}]}}