{"id":13967,"date":"2019-03-28T11:57:56","date_gmt":"2019-03-28T11:57:56","guid":{"rendered":"http:\/\/192.168.0.42\/?page_id=13967"},"modified":"2025-03-24T09:52:00","modified_gmt":"2025-03-24T08:52:00","slug":"presupuestos-e-indicadores-economicos","status":"publish","type":"page","link":"https:\/\/www.mijas.es\/portal\/presupuestos-e-indicadores-economicos\/","title":{"rendered":"Presupuestos e Indicadores Economicos"},"content":{"rendered":"\n<p>\n\tA continuaci\u00f3n se presentan para el conocimiento de los ciudadanos indicadores econ\u00f3micos del Ayuntamiento de Mijas.<\/p>\n\n\n\n<figure class=\"wp-block-table\"><table><tbody><tr><td>\n\t\t\t\t<a href=\"#indica\">Indicadores Econ\u00f3micos&nbsp;e Informes de Auditor\u00edas y fiscalizaci\u00f3n<\/a><\/td><\/tr><tr><td>\n\t\t\t\t<a href=\"#presu\">Presupuestos<\/a><\/td><\/tr><tr><td>\n\t\t\t\t<a href=\"#informes\">Informes relativos al presupuestos<\/a><\/td><\/tr><tr><td>\n\t\t\t\t<a href=\"#predetalle\">Detalle de Presupuestos<\/a><\/td><\/tr><tr><td>\n\t\t\t\t<a href=\"#modif\">Modificaciones Presupuestarias<\/a><\/td><\/tr><tr><td>\n\t\t\t\t<a href=\"#cuentas\">Cuentas Generales<\/a><\/td><\/tr><tr><td>\n\t\t\t\t<a href=\"#descen\">Presupuestos Administraci\u00f3n Descentralizada<\/a><\/td><\/tr><tr><td>\n\t\t\t\t<a href=\"#parti\">Participaci\u00f3n Ciudadana<\/a><\/td><\/tr><\/tbody><\/table><\/figure>\n\n\n\n<p>\n\t<div id=\"indica\"><strong><a>Indicadores Econ\u00f3micos<\/a><\/strong><\/p><\/div>\n\n\n\n<ul>\n<li>\n\t\tIndicadores Econ\u00f3micos A\u00f1o 2011&nbsp;<\/li>\n\n\n\n<li>\n\t\t<a href=\"https:\/\/www.mijas.es\/files\/adjuntos\/Contabilidad\/IndicadoresEconomicosOficialesAnuales2012.pdf\" target=\"_blank\" rel=\"noreferrer noopener\">Indicadores Econ\u00f3micos A\u00f1o 2012&nbsp;<\/a><\/li>\n\n\n\n<li>\n\t\t<a href=\"https:\/\/www.mijas.es\/files\/adjuntos\/Contabilidad\/IndicadoresEconomicosOficialesAnuales2012-Parte2.pdf\" target=\"_blank\" rel=\"noreferrer noopener\">Indicadores Econ\u00f3micos a\u00f1o 2012 . Parte 2:<\/a><\/li>\n\n\n\n<li><a href=\"https:\/\/www.mijas.es\/files\/adjuntos\/intervencion\/2014\/MEM21_04.pdf\" target=\"_blank\" rel=\"noreferrer noopener\">Indicadores Econ\u00f3micos a\u00f1o 2013<\/a>\n<ul>\n<li>\n\t\t\t\tIngresos fiscales por habitante (Ingresos tributarios\/N\u00ba habitantes).<\/li>\n\n\n\n<li>\n\t\t\t\tEndeudamiento relativo (Deuda Municipal\/Presupuesto total Ayuntamiento).<\/li>\n\n\n\n<li>\n\t\t\t\tInversi\u00f3n en infraestructuras por habitante (Gastos del ejercicio \n(ejecutados) en inversi\u00f3n (cap\u00edtulo 6) en infraestructuras \/ N\u00ba \nhabitantes).<\/li>\n\n\n\n<li>\n\t\t\t\tInformes de Auditor\u00eda de cuentas y los de Fiscalizaci\u00f3n<\/li>\n\n\n\n<li>\n\t\t\t\tPorcentaje de ingresos derivados de Urbanismo \/ Presupuesto total de Ingresos a\u00f1o<\/li>\n\n\n\n<li>\n\t\t\t\tPorcentaje de gastos derivados de Urbanismo \/ Presupuesto total de Ingresos a\u00f1o<\/li>\n<\/ul>\n<\/li>\n\n\n\n<li>\n\t\t<a href=\"https:\/\/www.mijas.es\/files\/adjuntos\/Contabilidad\/Presupuesto.pdf\" target=\"_blank\" rel=\"noreferrer noopener\">Liquidaci\u00f3n del Presupuesto 2012<\/a><\/li>\n\n\n\n<li>\n\t\t<a href=\"https:\/\/www.mijas.es\/files\/adjuntos\/intervencion\/2014\/44_20140930_InformesTrimestrales_Morosidad_3T_2014.pdf\" target=\"_blank\" rel=\"noreferrer noopener\">Informe de morosidad 2014<\/a><\/li>\n\n\n\n<li>\n\t\t<a href=\"https:\/\/www.mijas.es\/files\/adjuntos\/intervencion\/2014\/63_20140930_InversionCap6PorHabitante_3T2014.pdf\" target=\"_blank\" rel=\"noreferrer noopener\">Inversi\u00f3n en Infraestructuras por habitante 2014<\/a><\/li>\n\n\n\n<li>\n\t\t<a href=\"https:\/\/www.mijas.es\/files\/adjuntos\/intervencion\/2014\/64_20140930_IngresosUrbanismoSobreTotalIngresos_3T2014.pdf\" target=\"_blank\" rel=\"noreferrer noopener\">Proporci\u00f3n de ingresos del Urbanismo 2014<\/a><\/li>\n<\/ul>\n\n\n\n<p>\n\t<div id=\"presu\"><strong><a>Presupuestos<\/a><\/strong><\/p><\/div>\n\n\n\n<ul>\n<li>Aprobaci\u00f3n Definitiva Presupuestos 2025 &#8211; <a href=\"http:\/\/www.mijas.es\/wp-content\/uploads\/2025\/03\/P2025%20Aprobaci%C3%B3n%20definitiva.pdf\" data-type=\"URL\" data-id=\"https:\/\/www.mijas.es\/wp-content\/uploads\/2024\/02\/PUBLICACION_BOPMA19_02_2023_N__35__PAG_86__SUPLENTO_1.pdf\" target=\"_blank\" rel=\"noreferrer noopener\">Descargar<\/a>\n<ul>\n<li>Memoria Explicativa &#8211; <a href=\"http:\/\/www.mijas.es\/wp-content\/uploads\/2025\/03\/P2025%20Memoria%20explicativa.pdf\" target=\"_blank\" rel=\"noreferrer noopener\">Descargar<\/a><\/li>\n\n\n\n<li>Bases Ejecuci\u00f3n &#8211; <a rel=\"noreferrer noopener\" href=\"http:\/\/www.mijas.es\/wp-content\/uploads\/2025\/03\/P2025%20Bases%20ejecuci%C3%B3n.pdf\" target=\"_blank\">Descargar<\/a><\/li>\n\n\n\n<li>Detalle Ingresos &#8211; <a href=\"http:\/\/www.mijas.es\/wp-content\/uploads\/2025\/03\/P2025%20Detalle%20Ingresos.pdf\" target=\"_blank\" rel=\"noreferrer noopener\">Descargar<\/a><\/li>\n\n\n\n<li>Detalle Gastos &#8211; <a href=\"http:\/\/www.mijas.es\/wp-content\/uploads\/2025\/03\/P2025%20Detalle%20Gastos.pdf\" target=\"_blank\" rel=\"noreferrer noopener\">Descargar<\/a><\/li>\n\n\n\n<li>Resumen &#8211; <a href=\"http:\/\/www.mijas.es\/wp-content\/uploads\/2025\/03\/P2025%20Resumen.pdf\" target=\"_blank\" rel=\"noreferrer noopener\">Descargar<\/a><\/li>\n<\/ul>\n<\/li>\n\n\n\n<li>Aprobaci\u00f3n Definitiva Presupuestos 2024 &#8211; <a rel=\"noreferrer noopener\" href=\"https:\/\/www.mijas.es\/wp-content\/uploads\/2024\/02\/PUBLICACION_BOPMA19_02_2023_N__35__PAG_86__SUPLENTO_1.pdf\" data-type=\"URL\" data-id=\"https:\/\/www.mijas.es\/wp-content\/uploads\/2024\/02\/PUBLICACION_BOPMA19_02_2023_N__35__PAG_86__SUPLENTO_1.pdf\" target=\"_blank\">Descargar<\/a>\n<ul>\n<li>Memoria Explicativa &#8211; <a href=\"http:\/\/www.mijas.es\/wp-content\/uploads\/2025\/03\/P2024%20Memoria%20explicativa.pdf\" target=\"_blank\" rel=\"noreferrer noopener\">Descargar<\/a><\/li>\n\n\n\n<li>Bases Ejecuci\u00f3n &#8211; <a href=\"http:\/\/www.mijas.es\/wp-content\/uploads\/2025\/03\/P2024%20Bases%20ejecuci%C3%B3n.pdf\" target=\"_blank\" rel=\"noreferrer noopener\">Descargar<\/a><\/li>\n\n\n\n<li>Detalle Ingresos &#8211; <a href=\"http:\/\/www.mijas.es\/wp-content\/uploads\/2025\/03\/P2024%20Detalle%20Ingresos.pdf\" target=\"_blank\" rel=\"noreferrer noopener\">Descargar<\/a><\/li>\n\n\n\n<li>Detalle Gastos &#8211; <a rel=\"noreferrer noopener\" href=\"http:\/\/www.mijas.es\/wp-content\/uploads\/2025\/03\/P2024%20Detalle%20Gastos.pdf\" target=\"_blank\">Descargar<\/a><\/li>\n\n\n\n<li>Resumen &#8211; <a href=\"http:\/\/www.mijas.es\/wp-content\/uploads\/2025\/03\/P2024%20Resumen.pdf\" target=\"_blank\" rel=\"noreferrer noopener\">Descargar<\/a><\/li>\n<\/ul>\n<\/li>\n\n\n\n<li>Resumen por cap\u00edtulos presupuesto 2022 aprobaci\u00f3n definitiva &#8211; <a rel=\"noreferrer noopener\" href=\"https:\/\/www.mijas.es\/wp-content\/uploads\/2022\/08\/Presupuesto2022AprobacionDefinitiva.pdf\" data-type=\"URL\" target=\"_blank\">Descargar<\/a><\/li>\n\n\n\n<li> <a rel=\"noreferrer noopener\" href=\"https:\/\/www.mijas.es\/files\/adjuntos\/intervencion\/2014\/008_PPTO_INICIAL_CONSOLIDADO-2014.pdf\" target=\"_blank\">Presupuesto del Ayuntamiento y de&nbsp;los Organismos Institucionales y Descentralizados 2014<\/a><\/li>\n\n\n\n<li><a rel=\"noreferrer noopener\" href=\"http:\/\/www.mijas.es\/wp-content\/uploads\/2021\/03\/PresupuestoConsolidado21.pdf\" target=\"_blank\">Presupuesto Consolidado 2021<\/a><\/li>\n\n\n\n<li>Alegaciones:\n<ul>\n<li> No han habido alegaciones a los \u00faltimos presupuestos <\/li>\n<\/ul>\n<\/li>\n<\/ul>\n\n\n\n<p>\n\t<\/p><div id=\"#informes\"><strong><a>Informes relativos al presupuesto<\/a><\/strong><p><\/p><\/div>\n\n\n\n<ul>\n<li>\n\t\t<a href=\"https:\/\/www.mijas.es\/files\/adjuntos\/intervencion\/2014\/003_INFORME_DE_ESTABILIDAD_PRESUPUESTARIA_2014.pdf\" target=\"_blank\" rel=\"noreferrer noopener\">Informe en relaci\u00f3n a la estabilidad presupuestaria<\/a><\/li>\n\n\n\n<li>\n\t\t<a href=\"https:\/\/www.mijas.es\/files\/adjuntos\/intervencion\/2014\/003_INFORME_ECONOMICO-FINANCIERO_AYTO_2014.pdf\" target=\"_blank\" rel=\"noreferrer noopener\">Informe econ\u00f3mico-financiero<\/a>.<\/li>\n\n\n\n<li>\n\t\t<a href=\"https:\/\/www.mijas.es\/files\/adjuntos\/intervencion\/2014\/040_ESTADO_DE_PREVISION_DE_LA_DEUDA_2014.pdf\" target=\"_blank\" rel=\"noreferrer noopener\">Estado de la deuda 2014<\/a><\/li>\n\n\n\n<li>\n\t\t<a href=\"https:\/\/www.mijas.es\/files\/adjuntos\/intervencion\/2014\/49_20131231_CosteServicios_Liquidacion2013.pdf\" target=\"_blank\" rel=\"noreferrer noopener\">Memoria de costes y rendimiento de los servicios 2013<\/a><\/li>\n\n\n\n<li>\n\t\t<a href=\"https:\/\/www.mijas.es\/files\/adjuntos\/intervencion\/2014\/1397470719-sl-03-1-2012-res.pdf\" target=\"_blank\" rel=\"noreferrer noopener\">Informe de la C\u00e1mara de Cuentas de Andaluc\u00eda&nbsp;<\/a><\/li>\n<\/ul>\n\n\n\n<p>\n\t<div id=\"predetalle\"><strong><a>Detalle De Presupuestos<\/a><\/strong><\/p><\/div>\n\n\n\n<ul>\n<li><strong>2014<\/strong>\n<ul>\n<li>\n\t\t\t\t<a href=\"https:\/\/www.mijas.es\/files\/adjuntos\/intervencion\/2014\/007_PRESUPUESTO_DE_INGRESOS_AYTO_2014_DETALLE.pdf\" target=\"_blank\" rel=\"noreferrer noopener\">Ingresos<\/a><\/li>\n\n\n\n<li>\n\t\t\t\t<a href=\"https:\/\/www.mijas.es\/files\/adjuntos\/intervencion\/2014\/006_PRESUPUESTO_DE_GASTOS_AYTO_2014_ECONOMICA_DETALLE.PDF\" target=\"_blank\" rel=\"noreferrer noopener\">Gastos<\/a><\/li>\n\n\n\n<li>\n\t\t\t\t<a href=\"https:\/\/www.mijas.es\/files\/adjuntos\/intervencion\/2014\/001_MEMORIA_EXPLICATIVA_AYTO_PPTO_2014.pdf\" target=\"_blank\" rel=\"noreferrer noopener\">Memoria<\/a><\/li>\n\n\n\n<li>\n\t\t\t\t<a href=\"https:\/\/www.mijas.es\/files\/adjuntos\/intervencion\/2014\/78_20143009_LiquidacionPptoIngresos_3T2014.pdf\" target=\"_blank\" rel=\"noreferrer noopener\">Estado Ingresos 2014<\/a> (3er. trimestre)<\/li>\n\n\n\n<li>\n\t\t\t\t<a href=\"https:\/\/www.mijas.es\/files\/adjuntos\/intervencion\/2014\/78_20143009_LiquidacionPptoGastos_3T2014.pdf\" target=\"_blank\" rel=\"noreferrer noopener\">Estado Gastos 2014&nbsp;<\/a>(3er. trimestre)<\/li>\n<\/ul>\n<\/li>\n\n\n\n<li><strong>2013<\/strong>\n<ul>\n<li>\n\t\t\t\t<a href=\"https:\/\/www.mijas.es\/files\/adjuntos\/Contabilidad\/PRESUPUESTOINGRESOSAYTO2013_DETALLE.pdf\" target=\"_blank\" rel=\"noreferrer noopener\">Ingresos<\/a><\/li>\n\n\n\n<li>\n\t\t\t\t<a href=\"https:\/\/www.mijas.es\/files\/adjuntos\/Contabilidad\/PRESUPUESTOGASTOSAYTO2013_ECONOMICA.PDF\" target=\"_blank\" rel=\"noreferrer noopener\">Gastos<\/a><\/li>\n\n\n\n<li>\n\t\t\t\t<a href=\"https:\/\/www.mijas.es\/files\/adjuntos\/Contabilidad\/MemoriaPresupuestos2013.pdf\" target=\"_blank\" rel=\"noreferrer noopener\">Memoria<\/a><\/li>\n<\/ul>\n<\/li>\n\n\n\n<li><strong>2012<\/strong>\n<ul>\n<li>\n\t\t\t\t<a href=\"https:\/\/www.mijas.es\/files\/adjuntos\/Contabilidad\/RESUPINGRESOSDETALLE30-06-2012.pdf\" target=\"_blank\" rel=\"noreferrer noopener\">Ingresos<\/a><\/li>\n\n\n\n<li>\n\t\t\t\t<a href=\"https:\/\/www.mijas.es\/files\/adjuntos\/Contabilidad\/PRESUPGASTOSDETALLE30-06-2012.pdf\" target=\"_blank\" rel=\"noreferrer noopener\">Gastos<\/a><\/li>\n<\/ul>\n<\/li>\n<\/ul>\n\n\n\n<p>\n\t<div id=\"modif\"><strong><a>Modificaciones Presupuestarias<\/a><\/strong><\/p><\/div>\n\n\n\n<ul>\n<li><a rel=\"noreferrer noopener\" href=\"https:\/\/www.mijas.es\/wp-content\/uploads\/2024\/09\/APRO_DEFIN_MCP_04_2024_INFORMATICA.pdf\" data-type=\"URL\" data-id=\"https:\/\/www.mijas.es\/wp-content\/uploads\/2024\/09\/APRO_DEFIN_MCP_04_2024_INFORMATICA.pdf\" target=\"_blank\">Aprobaci\u00f3n Definitiva de la Modificaci\u00f3n Presupuestaria MCP-04-2024<\/a><\/li>\n\n\n\n<li><a rel=\"noreferrer noopener\" href=\"https:\/\/www.mijas.es\/wp-content\/uploads\/2024\/08\/APRO_DEFIN_TRANSPARENCIA_MCP_03_2024.pdf\" data-type=\"URL\" data-id=\"https:\/\/www.mijas.es\/wp-content\/uploads\/2024\/08\/APRO_DEFIN_TRANSPARENCIA_MCP_03_2024.pdf\" target=\"_blank\">Aprobaci\u00f3n Definitiva de la Modificaci\u00f3n Presupuestaria MCP 03-2024<\/a><\/li>\n\n\n\n<li><a href=\"https:\/\/www.mijas.es\/wp-content\/uploads\/2024\/09\/APRO_DEFIN_TRANSPARENCIA_MCP_02_2024_BIS.pdf\" data-type=\"URL\" data-id=\"https:\/\/www.mijas.es\/wp-content\/uploads\/2024\/09\/APRO_DEFIN_TRANSPARENCIA_MCP_02_2024_BIS.pdf\" target=\"_blank\" rel=\"noreferrer noopener\">Aprobaci\u00f3n Definitiva de la Modificaci\u00f3n Presupuestaria MCP-02-2024\/BIS<\/a><\/li>\n\n\n\n<li><a rel=\"noreferrer noopener\" href=\"https:\/\/www.mijas.es\/wp-content\/uploads\/2024\/05\/APRO_DEFIN_TRANSPARENCIA_MCP_01_2024.pdf\" data-type=\"URL\" data-id=\"https:\/\/www.mijas.es\/wp-content\/uploads\/2024\/05\/APRO_DEFIN_TRANSPARENCIA_MCP_01_2024.pdf\" target=\"_blank\">Aprobaci\u00f3n Definitiva de la Modificaci\u00f3n Presupuestaria MCP-01-2024<\/a><\/li>\n\n\n\n<li> <a rel=\"noreferrer noopener\" href=\"https:\/\/www.mijas.es\/files\/adjuntos\/Contabilidad\/ModificacionPresupuestos1a.pdf\" target=\"_blank\">Modificaci\u00f3n de Cr\u00e9ditos del Patronato Municipal De Deportes<\/a><\/li>\n\n\n\n<li> <a rel=\"noreferrer noopener\" href=\"https:\/\/www.mijas.es\/files\/adjuntos\/Contabilidad\/ModificacionPresupuestos1b.pdf\" target=\"_blank\">Modificaci\u00f3n de Cr\u00e9ditos del ayuntamiento de Mijas. 30-05-2013<\/a><\/li>\n\n\n\n<li> <a rel=\"noreferrer noopener\" href=\"https:\/\/www.mijas.es\/files\/adjuntos\/intervencion\/2014\/35_20141027_GraficoModPptarias_De_20140101_A_20141027.pdf\" target=\"_blank\">Modificaciones presupuestarias 2014<\/a><\/li>\n\n\n\n<li><a href=\"http:\/\/www.mijas.es\/wp-content\/uploads\/2020\/06\/Aprobacion%20Definitiva%20MCP01-2020.pdf\">Aprobaci\u00f3n definitiva de la modificaci\u00f3n presupuestaria MCP-01-2020<\/a> <\/li>\n\n\n\n<li><a href=\"http:\/\/www.mijas.es\/wp-content\/uploads\/2020\/06\/Aprobacion%20Definitiva%20MCP02-2020.pdf\">Aprobaci\u00f3n definitiva de la modificaci\u00f3n presupuestaria MCP-02-2020<\/a><\/li>\n\n\n\n<li><a href=\"http:\/\/www.mijas.es\/wp-content\/uploads\/2020\/06\/Aprobacion%20Definitiva%20MCP04-2020.pdf\">Aprobaci\u00f3n definitiva de la modificaci\u00f3n presupuestaria MCP-04-2020<\/a><\/li>\n\n\n\n<li> <a href=\"http:\/\/www.mijas.es\/wp-content\/uploads\/2020\/08\/5%20APRO%20DEFIN%20INFORMATICA%20MCP-05-2020.pdf\">Aprobaci\u00f3n definitiva de la modificaci\u00f3n presupuestaria MCP-05-2020<\/a><\/li>\n\n\n\n<li><a href=\"http:\/\/www.mijas.es\/wp-content\/uploads\/2020\/08\/5%20APRO%20DEFIN%20INFORMATICA%20MCP-06-2020.pdf\">Aprobaci\u00f3n definitiva de la modificaci\u00f3n presupuestaria MCP-06-2020<\/a><\/li>\n\n\n\n<li> <a href=\"http:\/\/www.mijas.es\/wp-content\/uploads\/2020\/09\/APRO%20DEFIN%20%20MCP%2007%202020.pdf\">Aprobaci\u00f3n definitiva de la modificaci\u00f3n presupuestaria MCP-07-2020<\/a> <\/li>\n\n\n\n<li><a href=\"http:\/\/www.mijas.es\/wp-content\/uploads\/2020\/06\/PUNTO%206%20Pleno%20ORD%2029%2004%202020.pdf\">Convalidaci\u00f3n de la resoluci\u00f3n de Alcald\u00eda sobre la aprobaci\u00f3n de una modificacion presupuestaria consistente en suplemento de cr\u00e9dito para politica de gasto 23<\/a> <\/li>\n\n\n\n<li><a rel=\"noreferrer noopener\" href=\"https:\/\/www.mijas.es\/wp-content\/uploads\/2021\/06\/ARPO%20DEFINITIVA%20INFORMATICA%20MCP01-2021.pdf\" target=\"_blank\">Aprobaci\u00f3n definitiva de la modificaci\u00f3n presupuestaria MCP-01-2021<\/a><\/li>\n\n\n\n<li><a rel=\"noreferrer noopener\" href=\"https:\/\/www.mijas.es\/wp-content\/uploads\/2021\/08\/5_APRO_DEFINITIVA_MCP_02_21.pdf\" target=\"_blank\">Aprobaci\u00f3n definitiva de la modificaci\u00f3n presupuestaria MCP-02-2021<\/a><\/li>\n\n\n\n<li><a rel=\"noreferrer noopener\" href=\"https:\/\/www.mijas.es\/wp-content\/uploads\/2021\/07\/Aprobacion%20inicial%20MCP-02-2021.pdf\" target=\"_blank\">Aprobaci\u00f3n definitiva de la modificaci\u00f3n presupuestaria MCP-03-2021<\/a><\/li>\n\n\n\n<li><a rel=\"noreferrer noopener\" href=\"https:\/\/www.mijas.es\/wp-content\/uploads\/2021\/10\/APRO_DEFIN_INFORMATICA.pdf\" target=\"_blank\">Aprobaci\u00f3n definitiva de la modificaci\u00f3n presupuestaria MCP-04-2021<\/a><\/li>\n\n\n\n<li><a rel=\"noreferrer noopener\" href=\"https:\/\/www.mijas.es\/wp-content\/uploads\/2021\/11\/PUNTO_13-5_acuerdos__Pleno_ORD_27_10_2021.pdf\" target=\"_blank\">Aprobaci\u00f3n inicial de la modificaci\u00f3n presupuestaria MCP-05-2021<\/a><\/li>\n\n\n\n<li><a rel=\"noreferrer noopener\" href=\"https:\/\/www.mijas.es\/wp-content\/uploads\/2022\/05\/APRO_DEFIN_INFORMATICA.pdf\" target=\"_blank\">Aprobaci\u00f3n definitiva de la modificaci\u00f3n presupuestaria MCP-01-2022<\/a><\/li>\n\n\n\n<li><a rel=\"noreferrer noopener\" href=\"https:\/\/www.mijas.es\/wp-content\/uploads\/2022\/11\/APRO_DEFIN_INFORMATICA.reg.pdf\" target=\"_blank\">Aprobaci\u00f3n definitiva de la modificaci\u00f3n presupuestaria MCP-02-2022<\/a><\/li>\n\n\n\n<li><a rel=\"noreferrer noopener\" href=\"https:\/\/www.mijas.es\/wp-content\/uploads\/2023\/01\/APRO_DEFIN_INFORMATICA.pdf\" target=\"_blank\">Aprobaci\u00f3n definitiva de la modificaci\u00f3n presupuestaria MCP-03-2022<\/a><\/li>\n\n\n\n<li><a rel=\"noreferrer noopener\" href=\"https:\/\/www.mijas.es\/wp-content\/uploads\/2023\/03\/APRO_DEFIN_INFORMATICA1.pdf\" target=\"_blank\">Aprobaci\u00f3n definitiva de la modificaci\u00f3n presupuestaria MCP-01-2023<\/a><\/li>\n\n\n\n<li><a rel=\"noreferrer noopener\" href=\"https:\/\/www.mijas.es\/wp-content\/uploads\/2023\/07\/PUNTO_8_PLENO_ORD_04_07_2023.pdf\" target=\"_blank\">Aprobaci\u00f3n Inicial de la Modificaci\u00f3n Presupuestaria MCP-02-2023<\/a><\/li>\n\n\n\n<li><a rel=\"noreferrer noopener\" href=\"https:\/\/www.mijas.es\/wp-content\/uploads\/2023\/08\/APRO_DEFIN_INFORMATICA.pdf\" target=\"_blank\">Aprobaci\u00f3n Definitiva de la Modificaci\u00f3n Presupuestaria MCP-02-2023<\/a><\/li>\n\n\n\n<li><a rel=\"noreferrer noopener\" href=\"https:\/\/www.mijas.es\/wp-content\/uploads\/2023\/09\/PUNTO_9_2_PLENO_ORD_30_08_2023.pdf\" target=\"_blank\">Aprobaci\u00f3n inicial de la modificaci\u00f3n presupuestaria MCP-03-2023<\/a><\/li>\n\n\n\n<li><a href=\"https:\/\/www.mijas.es\/wp-content\/uploads\/2023\/10\/APRO_DEFIN_INFORMATICA_MCP_03_2023.pdf\" target=\"_blank\" rel=\"noreferrer noopener\">Aprobaci\u00f3n definitiva de la modificaci\u00f3n presupuestaria MCP-03-2023<\/a><\/li>\n<\/ul>\n\n\n\n<p><\/p>\n\n\n\n<p>\n\t<div id=\"cuentas\"><strong><a>Cuentas Generales<\/a><\/strong><\/p><\/div>\n\n\n\n<ul>\n<li>\n\t\t<a href=\"https:\/\/www.mijas.es\/files\/adjuntos\/Contabilidad\/CD-CUENTAGENERAL2011.rar\">Descarga cuentas generales 2011<\/a><\/li>\n\n\n\n<li>\n\t\t<a href=\"https:\/\/www.mijas.es\/files\/adjuntos\/intervencion\/2014\/Cuenta Anual Ayto Mijas 2012.zip\" target=\"_blank\" rel=\"noreferrer noopener\">Descarga cuentas generales 2012<\/a><\/li>\n<\/ul>\n\n\n\n<p>\n\t<div id=\"descen\">&nbsp;<strong><a>Presupuesto Administraci\u00f3n Descentralizada<\/a><\/strong><\/p><\/div>\n\n\n\n<ul>\n<li><strong>Mijas Avanza<\/strong>\n<ul>\n<li>Resumen 2025 &#8211; <a href=\"http:\/\/www.mijas.es\/wp-content\/uploads\/2025\/03\/P2025%20Mijas%20Avanza.pdf\" target=\"_blank\" rel=\"noreferrer noopener\">Descargar<\/a><\/li>\n\n\n\n<li>Resumen 2024 &#8211; <a href=\"http:\/\/www.mijas.es\/wp-content\/uploads\/2025\/03\/P2024%20Mijas%20Avanza.pdf\" target=\"_blank\" rel=\"noreferrer noopener\">Descargar<\/a><\/li>\n<\/ul>\n<\/li>\n\n\n\n<li><strong>Mijagua<\/strong>\n<ul>\n<li> <a href=\"https:\/\/www.mijas.es\/files\/adjuntos\/intervencion\/2014\/006_PPTO_ECONOMICA_DE_GASTOS_MIJAGUA_2014_DETALLE.pdf\" target=\"_blank\" rel=\"noreferrer noopener\" aria-label=\" (abre en una nueva pesta\u00f1a)\">Gastos <\/a><\/li>\n\n\n\n<li> <a rel=\"noreferrer noopener\" href=\"https:\/\/www.mijas.es\/files\/adjuntos\/intervencion\/2014\/007_PRESUPUESTO_DE_INGRESOS_MIJAGUA_2014_RESUMEN.pdf\" target=\"_blank\">Ingresos <\/a> <\/li>\n<\/ul>\n<\/li>\n\n\n\n<li><strong>Patronato de Deportes<\/strong>\n<ul>\n<li> <a rel=\"noreferrer noopener\" href=\"https:\/\/www.mijas.es\/files\/adjuntos\/intervencion\/2014\/006_PRESUPUESTO_DE_GASTOS_DEPORTES_2014_ECONOMICA.pdf\" target=\"_blank\">Gastos <\/a><\/li>\n\n\n\n<li> <a rel=\"noreferrer noopener\" href=\"https:\/\/www.mijas.es\/files\/adjuntos\/intervencion\/2014\/007_PRESUPUESTO_DE_INGRESOS_DEPORTES_2014_DETALLE.pdf\" target=\"_blank\">Ingresos <\/a> <\/li>\n<\/ul>\n<\/li>\n\n\n\n<li><strong>Mijas comunicaci\u00f3n<\/strong>\n<ul>\n<li>Resumen 2025 &#8211; <a href=\"http:\/\/www.mijas.es\/wp-content\/uploads\/2025\/03\/P2025%20Mijas%20Comunicaci%C3%B3n.pdf\" target=\"_blank\" rel=\"noreferrer noopener\">Descargar<\/a><\/li>\n\n\n\n<li>Resumen 2024 &#8211; <a href=\"http:\/\/www.mijas.es\/wp-content\/uploads\/2025\/03\/P2024%20Mijas%20Comunicaci%C3%B3n.pdf\" target=\"_blank\" rel=\"noreferrer noopener\">Descargar<\/a><\/li>\n\n\n\n<li><a rel=\"noreferrer noopener\" href=\"https:\/\/www.mijas.es\/files\/adjuntos\/intervencion\/2014\/006_PPTO_DE_GASTOS_DETALLE_MIJAS_COMUNIC_2014.pdf\" target=\"_blank\">Gastos 2014<\/a><\/li>\n\n\n\n<li><a rel=\"noreferrer noopener\" href=\"https:\/\/www.mijas.es\/files\/adjuntos\/intervencion\/2014\/007_PPTO_DE_INGRESOS_MIJAS_COMUNIC_2014__DETALLE.pdf\" target=\"_blank\">Ingresos 2014<\/a>  <\/li>\n<\/ul>\n<\/li>\n\n\n\n<li><strong>Recursos Tur\u00edsticos<\/strong>\n<ul>\n<li>Resumen 2025 &#8211; <a href=\"http:\/\/www.mijas.es\/wp-content\/uploads\/2025\/03\/P2025%20Recurso%20Tur%C3%ADsticos.pdf\" target=\"_blank\" rel=\"noreferrer noopener\">Descargar<\/a><\/li>\n\n\n\n<li>Resumen 2024 &#8211; <a href=\"http:\/\/www.mijas.es\/wp-content\/uploads\/2025\/03\/P2024%20Recurso%20Tur%C3%ADsticos.pdf\" target=\"_blank\" rel=\"noreferrer noopener\">Descargar<\/a> <\/li>\n\n\n\n<li><a rel=\"noreferrer noopener\" href=\"https:\/\/www.mijas.es\/files\/adjuntos\/intervencion\/2014\/006_PPTO_ECONOMICA_DE_GASTOS_RRTT_2014_DETALLE.pdf\" target=\"_blank\">Gastos 2014 <\/a><\/li>\n\n\n\n<li><a rel=\"noreferrer noopener\" href=\"https:\/\/www.mijas.es\/files\/adjuntos\/intervencion\/2014\/007_PRESUPUESTO_DE_INGRESOS_RRTT_2014_DETALLE.pdf\" target=\"_blank\">Ingresos 2014<\/a> <\/li>\n<\/ul>\n<\/li>\n\n\n\n<li><strong>Universidad Popular<\/strong>\n<ul>\n<li> <a rel=\"noreferrer noopener\" href=\"https:\/\/www.mijas.es\/files\/adjuntos\/intervencion\/2014\/006_PRESUPUESTO_DE_GASTOS_U_POPULAR_2014_ECONOMICA.pdf\" target=\"_blank\">Gastos <\/a><\/li>\n\n\n\n<li> <a rel=\"noreferrer noopener\" href=\"https:\/\/www.mijas.es\/files\/adjuntos\/intervencion\/2014\/007_PRESUPUESTO_DE_INGRESOS_U_POPULAR_2014_DETALLE.pdf\" target=\"_blank\">Ingresos <\/a><\/li>\n\n\n\n<li> <a rel=\"noreferrer noopener\" href=\"https:\/\/www.mijas.es\/files\/adjuntos\/intervencion\/2014\/004_BASES_EJECUCION_PPTO__PATTO_UNIV_POPULAR_2014.pdf\" target=\"_blank\">Bases<\/a> <\/li>\n<\/ul>\n<\/li>\n\n\n\n<li><strong>Mijas Servicios Complementarios<\/strong>\n<ul>\n<li>Resumen 2025 &#8211; <a href=\"http:\/\/www.mijas.es\/wp-content\/uploads\/2025\/03\/P2025%20Mijas%20Servicios%20Complementarios.pdf\" target=\"_blank\" rel=\"noreferrer noopener\">Descargar<\/a><\/li>\n\n\n\n<li>Resumen 2024 &#8211; <a href=\"http:\/\/www.mijas.es\/wp-content\/uploads\/2025\/03\/P2024%20Mijas%20Servicios%20Complementarios.pdf\" target=\"_blank\" rel=\"noreferrer noopener\">Descargar<\/a> <\/li>\n\n\n\n<li><a rel=\"noreferrer noopener\" href=\"https:\/\/www.mijas.es\/files\/adjuntos\/intervencion\/2014\/006_PRESUPUESTO_DE_GASTOS_MSC_2014_ECONOMICA_DETALLE.pdf\" target=\"_blank\">Gastos 2014 <\/a><\/li>\n\n\n\n<li><a rel=\"noreferrer noopener\" href=\"https:\/\/www.mijas.es\/files\/adjuntos\/intervencion\/2014\/007_PRESUPUESTO_DE_INGRESOS_MSC_2014_DETALLE.pdf\" target=\"_blank\">Ingresos 2014 <\/a> <\/li>\n<\/ul>\n<\/li>\n<\/ul>\n","protected":false},"excerpt":{"rendered":"<p>A continuaci\u00f3n se presentan para el conocimiento de los ciudadanos indicadores econ\u00f3micos del Ayuntamiento de Mijas. Indicadores Econ\u00f3micos&nbsp;e Informes de Auditor\u00edas y fiscalizaci\u00f3n Presupuestos Informes relativos al presupuestos Detalle de Presupuestos Modificaciones Presupuestarias Cuentas Generales Presupuestos Administraci\u00f3n Descentralizada Participaci\u00f3n Ciudadana Indicadores Econ\u00f3micos Presupuestos Informes relativos al presupuesto Detalle De Presupuestos Modificaciones Presupuestarias Cuentas Generales &nbsp;Presupuesto [&hellip;]<\/p>\n","protected":false},"author":4,"featured_media":13852,"parent":0,"menu_order":0,"comment_status":"closed","ping_status":"closed","template":"page-departamental.php","meta":[],"_links":{"self":[{"href":"https:\/\/www.mijas.es\/portal\/wp-json\/wp\/v2\/pages\/13967"}],"collection":[{"href":"https:\/\/www.mijas.es\/portal\/wp-json\/wp\/v2\/pages"}],"about":[{"href":"https:\/\/www.mijas.es\/portal\/wp-json\/wp\/v2\/types\/page"}],"author":[{"embeddable":true,"href":"https:\/\/www.mijas.es\/portal\/wp-json\/wp\/v2\/users\/4"}],"replies":[{"embeddable":true,"href":"https:\/\/www.mijas.es\/portal\/wp-json\/wp\/v2\/comments?post=13967"}],"version-history":[{"count":86,"href":"https:\/\/www.mijas.es\/portal\/wp-json\/wp\/v2\/pages\/13967\/revisions"}],"predecessor-version":[{"id":60747,"href":"https:\/\/www.mijas.es\/portal\/wp-json\/wp\/v2\/pages\/13967\/revisions\/60747"}],"wp:featuredmedia":[{"embeddable":true,"href":"https:\/\/www.mijas.es\/portal\/wp-json\/wp\/v2\/media\/13852"}],"wp:attachment":[{"href":"https:\/\/www.mijas.es\/portal\/wp-json\/wp\/v2\/media?parent=13967"}],"curies":[{"name":"wp","href":"https:\/\/api.w.org\/{rel}","templated":true}]}}