{"id":13964,"date":"2019-03-28T11:54:26","date_gmt":"2019-03-28T11:54:26","guid":{"rendered":"http:\/\/192.168.0.42\/?page_id=13964"},"modified":"2026-04-06T09:01:47","modified_gmt":"2026-04-06T08:01:47","slug":"intervencion-general","status":"publish","type":"page","link":"https:\/\/www.mijas.es\/portal\/intervencion-general\/","title":{"rendered":"Intervenci\u00f3n General"},"content":{"rendered":"\n<h4 class=\"wp-block-heading\">\n\tDatos de Contanto<\/h4>\n\n\n\n<ul>\n<li>\n\t\t<strong>Situaci\u00f3n:<\/strong> Casa Consistorial<\/li>\n\n\n\n<li>\n\t\t<strong>Ubicaci\u00f3n: <\/strong>Planta &#8211; 1. A la Izquierda<\/li>\n\n\n\n<li> <strong>Tel\u00e9fono: <\/strong>952 48 59 00 (Centralita) <em>Para dudas sobre facturas dir\u00edjanse al servicio que realiz\u00f3 el contrato\/pedido<\/em><\/li>\n\n\n\n<li> <strong>E-mail:<\/strong> <a href=\"mailto:intervencion@mijas.es\">intervencion@mijas.es<\/a><\/li>\n<\/ul>\n\n\n\n<h4 class=\"wp-block-heading\">\n\t<br>\n\tINTERVENTOR GENERAL<\/h4>\n\n\n\n<ul>\n<li> Isabel Luc\u00eda Garrido Fern\u00e1ndez<\/li>\n<\/ul>\n\n\n\n<h4 class=\"wp-block-heading\">SERVICIO DE FISCALIZACI\u00d3N<\/h4>\n\n\n\n<ul>\n<li>Antonio Bueno Sevilla<\/li>\n\n\n\n<li>Jos\u00e9 Alberto Bello de Morales Mill\u00e1n<\/li>\n<\/ul>\n\n\n\n<h4 class=\"wp-block-heading\">ASUNTOS GENERALES<\/h4>\n\n\n\n<ul>\n<li>M\u00aa Carmen Peinado Calzado<\/li>\n\n\n\n<li>Francisco Romero Cuevas<\/li>\n\n\n\n<li>Francisca Barba Fern\u00e1ndez<\/li>\n\n\n\n<li>M\u00aa Teresa Jaime Porras<\/li>\n<\/ul>\n\n\n\n<h4 class=\"wp-block-heading\">NEGOCIADO DE GASTOS Y FACTURAS<\/h4>\n\n\n\n<ul>\n<li>Juan Francisco Aguilera Villanueva<\/li>\n\n\n\n<li>Jos\u00e9 \u00c1ngel Oliver Fern\u00e1ndez<\/li>\n<\/ul>\n\n\n\n<h4 class=\"wp-block-heading\">NEGOCIADO DE INGRESOS<\/h4>\n\n\n\n<ul>\n<li>Roc\u00edo Ca\u00f1izal Serrano<\/li>\n<\/ul>\n\n\n\n<h4 class=\"wp-block-heading\">NEGOCIADO DE GESTI\u00d3N Y TRAMITACI\u00d3N ELECTR\u00d3NICA<\/h4>\n\n\n\n<ul>\n<li>Roberto Mu\u00f1iz Allu\u00e9<\/li>\n<\/ul>\n","protected":false},"excerpt":{"rendered":"<p>Datos de Contanto INTERVENTOR GENERAL SERVICIO DE FISCALIZACI\u00d3N ASUNTOS GENERALES NEGOCIADO DE GASTOS Y FACTURAS NEGOCIADO DE INGRESOS NEGOCIADO DE GESTI\u00d3N Y TRAMITACI\u00d3N ELECTR\u00d3NICA<\/p>\n","protected":false},"author":4,"featured_media":13852,"parent":0,"menu_order":0,"comment_status":"closed","ping_status":"closed","template":"page-departamental.php","meta":[],"_links":{"self":[{"href":"https:\/\/www.mijas.es\/portal\/wp-json\/wp\/v2\/pages\/13964"}],"collection":[{"href":"https:\/\/www.mijas.es\/portal\/wp-json\/wp\/v2\/pages"}],"about":[{"href":"https:\/\/www.mijas.es\/portal\/wp-json\/wp\/v2\/types\/page"}],"author":[{"embeddable":true,"href":"https:\/\/www.mijas.es\/portal\/wp-json\/wp\/v2\/users\/4"}],"replies":[{"embeddable":true,"href":"https:\/\/www.mijas.es\/portal\/wp-json\/wp\/v2\/comments?post=13964"}],"version-history":[{"count":5,"href":"https:\/\/www.mijas.es\/portal\/wp-json\/wp\/v2\/pages\/13964\/revisions"}],"predecessor-version":[{"id":64032,"href":"https:\/\/www.mijas.es\/portal\/wp-json\/wp\/v2\/pages\/13964\/revisions\/64032"}],"wp:featuredmedia":[{"embeddable":true,"href":"https:\/\/www.mijas.es\/portal\/wp-json\/wp\/v2\/media\/13852"}],"wp:attachment":[{"href":"https:\/\/www.mijas.es\/portal\/wp-json\/wp\/v2\/media?parent=13964"}],"curies":[{"name":"wp","href":"https:\/\/api.w.org\/{rel}","templated":true}]}}