{"id":13956,"date":"2019-03-28T11:26:11","date_gmt":"2019-03-28T11:26:11","guid":{"rendered":"http:\/\/192.168.0.42\/?page_id=13956"},"modified":"2019-06-05T16:11:19","modified_gmt":"2019-06-05T16:11:19","slug":"la-experiencia-del-voluntariado","status":"publish","type":"page","link":"https:\/\/www.mijas.es\/portal\/tu-ayuntamiento\/departamentos-servicios\/la-experiencia-del-voluntariado\/","title":{"rendered":"La Experiencia del Voluntariado"},"content":{"rendered":"\n<figure class=\"wp-block-image is-resized\"><img decoding=\"async\" src=\"https:\/\/www.mijas.es\/files\/imagen\/servicios\/voluntariado\/CARTEL CAMPAA UNETE AL VOLUNTARIADO_WEB.jpg\" alt=\"\" width=\"383\" height=\"541\"\/><\/figure>\n\n\n\n<p>\n\t<strong>UNETE AL VOLUNTARIADO<\/strong><\/p>\n\n\n\n<p>\n\t<strong>Asociaci\u00f3n Espa\u00f1ola Contra el C\u00e1ncer (AECC)<\/strong><\/p>\n\n\n\n<p>\n\t&nbsp;&nbsp;&nbsp;&nbsp; <strong>Persona y Datos de Contacto:<\/strong>M\u00f3nica Caballero.<\/p>\n\n\n\n<p>\n\t<strong>&nbsp;&nbsp;&nbsp;&nbsp; Tfno:<\/strong>952479657\/682780716<\/p>\n\n\n\n<p>\n\t&nbsp;&nbsp;&nbsp;&nbsp; <strong>E-Mail:&nbsp;<\/strong><a href=\"mailto:monica.caballero@aecc.es\">monica.caballero@aecc.es<\/a><\/p>\n\n\n\n<p>\n\t&nbsp;&nbsp;&nbsp;&nbsp; <strong>Web:<\/strong><a href=\"http:\/\/www.aecc.es\/\" target=\"_blank\" rel=\"noreferrer noopener\">www.aecc.es<\/a><\/p>\n\n\n\n<p>\n\t&nbsp;&nbsp;&nbsp;&nbsp; <strong>Actividades principales:<\/strong>Recepci\u00f3n y atenci\u00f3n al p\u00fablico, tienda ben\u00e9fica,<\/p>\n\n\n\n<p>\n\t&nbsp;&nbsp;&nbsp;&nbsp;&nbsp;&nbsp; voluntariado administrativo, &nbsp;traslado de pacientes, obtenci\u00f3n de recursos,<\/p>\n\n\n\n<p>\n\t&nbsp;&nbsp;&nbsp;&nbsp;&nbsp;&nbsp; campa\u00f1as &nbsp;preventivas, informaci\u00f3n &nbsp;y captaci\u00f3n de voluntariado y voluntariado a &nbsp;&nbsp;&nbsp;<\/p>\n\n\n\n<p>\n\t&nbsp;&nbsp;&nbsp;&nbsp;&nbsp;&nbsp; domicilio.<\/p>\n\n\n\n<p>\n\t<strong>Asociaci\u00f3n para Personas con Discapacidad de Mijas (ADIMI)<\/strong><\/p>\n\n\n\n<p>\n\t&nbsp;&nbsp;&nbsp;&nbsp;&nbsp;&nbsp; <strong>Persona y Datos de Contacto:<\/strong> Patricia Quero. &nbsp;<\/p>\n\n\n\n<p>\n\t&nbsp;&nbsp;&nbsp;&nbsp;&nbsp;&nbsp; <strong>Tfno:<\/strong> 952462110\/662437893<\/p>\n\n\n\n<p>\n\t<strong>&nbsp;&nbsp; E-Mail:&nbsp;<\/strong><a href=\"mailto:Psicologia@adimi.es\">Psicologia@adimi.es<\/a><\/p>\n\n\n\n<p>\n\t&nbsp;&nbsp;&nbsp; <strong>Web:<\/strong><a href=\"http:\/\/www.adimi.es\/\" target=\"_blank\" rel=\"noreferrer noopener\">www.adimi.es<\/a><\/p>\n\n\n\n<p>\n\t&nbsp;&nbsp;&nbsp; <strong>Actividades principales:<\/strong>Actividades deportiva,&nbsp; Ocio y tiempo libre, Taller &nbsp;&nbsp;<\/p>\n\n\n\n<p>\n\t&nbsp;&nbsp;&nbsp;&nbsp;&nbsp; ocupacional, Unidad de d\u00eda, Escuelas de Verano y Albergues, Eventos y &nbsp;Actividades<\/p>\n\n\n\n<p>\n\t&nbsp;&nbsp;&nbsp;&nbsp;&nbsp; puntuales de organizaci\u00f3n &nbsp;y participaci\u00f3n en diferentes&nbsp; eventos.<\/p>\n\n\n\n<p>\n\t<strong>Asociaci\u00f3n de Familiares de Enfermos de Alzheimer y otras Demencias Fuengirola-Mijas Costa (AFA FUENGIROLA-MIJAS COSTA)<\/strong><\/p>\n\n\n\n<p>\n\t&nbsp;&nbsp;&nbsp;&nbsp; <strong>Persona y Datos de Contacto:<\/strong>\u00c1frica Fontcuberta.<\/p>\n\n\n\n<p>\n\t<strong>&nbsp;&nbsp;&nbsp;&nbsp; Tfno:<\/strong>952464426\/627866153<\/p>\n\n\n\n<p>\n\t<strong>&nbsp;&nbsp;&nbsp;&nbsp; E-Mail:&nbsp;<\/strong><a href=\"mailto:tsocial@afafuenmi.org\">tsocial@afafuenmi.org<\/a> \/ <a href=\"mailto:administracion@afafuenmi.org\">administracion@afafuenmi.org<\/a><br>\n\t&nbsp;&nbsp;&nbsp;&nbsp;&nbsp;&nbsp; <strong>Web:<\/strong><a href=\"http:\/\/www.afafuengirolamijascosta.org\/\" target=\"_blank\" rel=\"noreferrer noopener\">www.afafuengirolamijascosta.org<\/a><\/p>\n\n\n\n<p>\n\t&nbsp;&nbsp;&nbsp;&nbsp; <strong>Actividades principales: <\/strong>Talleres de Psicoestimulaci\u00f3n de ma\u00f1ana (Orientaci\u00f3n<\/p>\n\n\n\n<p>\n\t&nbsp;&nbsp;&nbsp;&nbsp;&nbsp;&nbsp; Espacio-Temporal, tareas de lecto-escritura, Gradior, Fisioterapia, ejercicios<\/p>\n\n\n\n<p>\n\t&nbsp; &nbsp;&nbsp;&nbsp;&nbsp;&nbsp;Bipedestador, pizarra Digital &nbsp;y talleres multidisciplinares, manualidades y<\/p>\n\n\n\n<p>\n\t&nbsp;&nbsp;&nbsp;&nbsp;&nbsp;&nbsp; actividades de ocio), Talleres de psicoestimulaci\u00f3n de Tarde ( Tareas de lecto-<\/p>\n\n\n\n<p>\n\t&nbsp;&nbsp;&nbsp;&nbsp;&nbsp;&nbsp; escritura, TICS, Actividades de ocio y manipulativas) ,Otras actividades( Reiki,<\/p>\n\n\n\n<p>\n\t&nbsp;&nbsp;&nbsp;&nbsp;&nbsp;&nbsp; Coro, Musicoterapia, terapias con animales, jardiner\u00eda y clases talleres), Centro de<\/p>\n\n\n\n<p>\n\t&nbsp;&nbsp;&nbsp;&nbsp;&nbsp;&nbsp; D\u00eda (acompa\u00f1amiento y ayuda a auxiliares y actividades de ocio, manualidades y<\/p>\n\n\n\n<p>\n\t&nbsp;&nbsp;&nbsp;&nbsp;&nbsp;&nbsp; manipulativas) y salidas y excursiones.<\/p>\n\n\n\n<p>\n\t<strong>Asociaci\u00f3n de Familiares de Enfermos de Alzheimer de Mijas (AFA Mijas)<\/strong><\/p>\n\n\n\n<p>\n\t&nbsp;&nbsp;&nbsp;&nbsp;&nbsp;&nbsp; <strong>Persona y Datos de Contacto:<\/strong>M\u00aa Carmen L\u00f3pez.<\/p>\n\n\n\n<p>\n\t&nbsp;&nbsp;&nbsp;&nbsp;&nbsp;&nbsp; <strong>Tfno:<\/strong> 952590810\/661867951<\/p>\n\n\n\n<p>\n\t<strong>&nbsp;&nbsp;&nbsp;&nbsp; E-Mail:&nbsp;<\/strong><a href=\"mailto:afamijas@alzheimerdemalaga.org\">afamijas@alzheimerdemalaga.org<\/a><\/p>\n\n\n\n<p>\n\t&nbsp;&nbsp;&nbsp;&nbsp; <strong>Actividades principales:<\/strong>Talleres de Psicoestimulaci\u00f3n, laborterapia, manualidades<\/p>\n\n\n\n<p>\n\t&nbsp;&nbsp;&nbsp;&nbsp;&nbsp;&nbsp; y estimulaci\u00f3n cognitiva, Taller de Formaci\u00f3n para el voluntariado, acompa\u00f1amiento<\/p>\n\n\n\n<p>\n\t&nbsp;&nbsp;&nbsp;&nbsp;&nbsp;&nbsp; al usuario, acompa\u00f1amiento en el transporte, mesas petitorias, mesas informativas y<\/p>\n\n\n\n<p>\n\t&nbsp;&nbsp;&nbsp;&nbsp;&nbsp; de venta de manualidades y apoyo juvenil.<\/p>\n\n\n\n<p>\n\t<strong>Asociaci\u00f3n de Familiares y Personas con Enfermedad Mental de la Costa del Sol (AFESOL)<\/strong><\/p>\n\n\n\n<p>\n\t&nbsp;&nbsp; <strong>Persona y Datos de Contacto:<\/strong>Sara Torres.<\/p>\n\n\n\n<p>\n\t<strong>&nbsp;&nbsp; Tfno:<\/strong>952440664<\/p>\n\n\n\n<p>\n\t<strong>&nbsp;&nbsp; E-Mail:&nbsp;<\/strong><a href=\"mailto:afesol@feafes-afesol.org\">afesol@feafes-afesol.org<\/a><\/p>\n\n\n\n<p>\n\t&nbsp;&nbsp; <strong>Web:<\/strong><strong><a href=\"http:\/\/www.afesol.org\/\">www.afesol.org<\/a><\/strong><\/p>\n\n\n\n<p>\n\t&nbsp;&nbsp; <strong>Actividades principales: <\/strong>Taller o actividad pl\u00e1stica\/manualidades, taller de cocina,<\/p>\n\n\n\n<p>\n\t&nbsp;&nbsp; actividades deportivas, actividades de relajaci\u00f3n, acompa\u00f1amiento y programa &nbsp;<\/p>\n\n\n\n<p>\n\t&nbsp;&nbsp;&nbsp; vacacional( Albergue Entrerr\u00edos)<\/p>\n\n\n\n<p>\n\t<strong>Asociaci\u00f3n de Pacientes con Fibromialgia, Fatiga cr\u00f3nica y otras Enfermedades Reum\u00e1ticas (APAFFER)<\/strong><\/p>\n\n\n\n<p>\n\t&nbsp;&nbsp;&nbsp;&nbsp; <strong>Persona y Datos de Contacto:<\/strong>Ana.<\/p>\n\n\n\n<p>\n\t<strong>&nbsp;&nbsp;&nbsp;&nbsp; Tfno:<\/strong>951311528\/622662345<\/p>\n\n\n\n<p>\n\t<strong>&nbsp;&nbsp;&nbsp;&nbsp; E-Mail:&nbsp;<\/strong><a href=\"mailto:fibromialgia-mijas@hotmail.com\">fibromialgia-mijas@hotmail.com<\/a><\/p>\n\n\n\n<p>\n\t&nbsp;&nbsp;&nbsp;&nbsp; <strong>Web:<\/strong><a href=\"http:\/\/www.asociacionapaffer.org\/\" target=\"_blank\" rel=\"noreferrer noopener\">www.asociacionapaffer.org<\/a><\/p>\n\n\n\n<p>\n\t&nbsp;&nbsp;&nbsp;&nbsp; <strong>Actividades principales:<\/strong>Taller ocupacional, Terapias alternativas (Reiki, Pilates,<\/p>\n\n\n\n<p>\n\t&nbsp;&nbsp;&nbsp;&nbsp;&nbsp;&nbsp;&nbsp; yoga, Taich\u00ed&#8230;), Taller de inform\u00e1tica, Taller de sevillanas, meditaci\u00f3n, alimentaci\u00f3n,<\/p>\n\n\n\n<p>\n\t&nbsp;&nbsp;&nbsp;&nbsp;&nbsp;&nbsp;&nbsp; memoria y teatro, acompa\u00f1amiento familiar, integraci\u00f3n laboral, ocio y tiempo libre,<\/p>\n\n\n\n<p>\n\t&nbsp;&nbsp;&nbsp;&nbsp;&nbsp;&nbsp;&nbsp; administraci\u00f3n y gesti\u00f3n, voluntariado virtual, talleres grupales de psicoterapia,<\/p>\n\n\n\n<p>\n\t&nbsp;&nbsp;&nbsp;&nbsp;&nbsp;&nbsp;&nbsp; atenci\u00f3n psicol\u00f3gica individualizada, atenci\u00f3n social, masajes relajantes,<\/p>\n\n\n\n<p>\n\t&nbsp;&nbsp;&nbsp;&nbsp;&nbsp;&nbsp;&nbsp; acupuntura, medicina oriental, fisioterapia y osteopat\u00eda.<\/p>\n\n\n\n<p>\n\t<strong>Asociaci\u00f3n Mije\u00f1a de Amistad con el Pueblo Saharaui<\/strong><\/p>\n\n\n\n<p>\n\t&nbsp;&nbsp;&nbsp;&nbsp; <strong>Persona y Datos de Contacto:<\/strong>Pepe Moreno y Carmen.<\/p>\n\n\n\n<p>\n\t&nbsp;&nbsp;&nbsp;&nbsp;&nbsp;&nbsp; <strong>Tfno:<\/strong> 951468224\/ 638281210<\/p>\n\n\n\n<p>\n\t<strong>&nbsp;&nbsp;&nbsp;&nbsp; E-Mail:&nbsp;<\/strong><a href=\"mailto:pepemorenomijas@gmail.com\">pepemorenomijas@gmail.com<\/a><\/p>\n\n\n\n<p>\n\t&nbsp;&nbsp;&nbsp;&nbsp; <strong>Actividades principales:<\/strong>Caravana Andaluza por la Paz (recogida de alimentos),<\/p>\n\n\n\n<p>\n\t&nbsp;&nbsp;&nbsp;&nbsp;&nbsp;&nbsp; Vacaciones en Paz (Acogida de ni\u00f1@s saharauis, actividades l\u00fadicas, deportivas,<\/p>\n\n\n\n<p>\n\t&nbsp;&nbsp;&nbsp;&nbsp;&nbsp;&nbsp; culturales), ayuda a familias Saharauis establecidas y reuniones.<\/p>\n\n\n\n<p>\n\t<strong>C\u00e1ritas Diocesana de La Cala<\/strong><\/p>\n\n\n\n<p>\n\t&nbsp;&nbsp;&nbsp;&nbsp;&nbsp; <strong>Persona y Datos de Contacto:<\/strong>Miguel Mart\u00ednez.<\/p>\n\n\n\n<p>\n\t<strong>&nbsp;&nbsp;&nbsp;&nbsp;&nbsp; Tfno:<\/strong>607755464<\/p>\n\n\n\n<p>\n\t<strong>&nbsp;&nbsp;&nbsp;&nbsp;&nbsp; E-Mail:&nbsp;<\/strong><a href=\"mailto:caritaslacala@gmail.com\">caritaslacala@gmail.com<\/a><\/p>\n\n\n\n<p>\n\t&nbsp;&nbsp;&nbsp;&nbsp;&nbsp; <strong>Actividades principales:<\/strong>Reparto de alimentos y acompa\u00f1amiento a personas<\/p>\n\n\n\n<p>\n\t&nbsp;&nbsp;&nbsp;&nbsp;&nbsp;&nbsp;&nbsp; mayores o solas.<\/p>\n\n\n\n<p>\n\t<strong>C\u00e1ritas Diocesana Las Lagunas<\/strong><\/p>\n\n\n\n<p>\n\t&nbsp;&nbsp;&nbsp;&nbsp;&nbsp; <strong>Persona y Datos de Contacto: Marisa. <\/strong><\/p>\n\n\n\n<p>\n\t<strong>&nbsp;&nbsp;&nbsp;&nbsp;&nbsp; E-Mail:<\/strong><strong><a href=\"mailto:mprpepa@gmail.com\">mprpepa@gmail.com<\/a><\/strong><\/p>\n\n\n\n<p>\n\t<strong>C\u00e1ritas Diocesana Mijas Pueblo<\/strong><\/p>\n\n\n\n<p>\n\t&nbsp;&nbsp;&nbsp;&nbsp;&nbsp;&nbsp;&nbsp; <strong>Persona y Datos del Contacto: <\/strong><strong>Josefa Quero<\/strong><\/p>\n\n\n\n<p>\n\t<strong>&nbsp;&nbsp;&nbsp;&nbsp;&nbsp;&nbsp;&nbsp; Tfno: <\/strong><strong>952485022\/616296216<\/strong><\/p>\n\n\n\n<p>\n\t<strong>&nbsp;&nbsp;&nbsp;&nbsp;&nbsp;&nbsp;&nbsp; Email:<\/strong><strong><a href=\"mailto:alonsoroca@hotmail.com\">alonsoroca@hotmail.com<\/a><\/strong><\/p>\n\n\n\n<p>\n\t<strong>Cruz Roja Mijas<\/strong><\/p>\n\n\n\n<p>\n\t&nbsp;&nbsp;&nbsp; <strong>Persona y Datos de Contacto:<\/strong>Alberto Serrano.<\/p>\n\n\n\n<p>\n\t<strong>&nbsp;&nbsp;&nbsp; Tfno:<\/strong>952664646\/647740046<\/p>\n\n\n\n<p>\n\t<strong>&nbsp;&nbsp;&nbsp; E-Mail:&nbsp;<\/strong><a href=\"mailto:29070vol@cruzroja.es\">29070vol@cruzroja.es<\/a><\/p>\n\n\n\n<p>\n\t&nbsp;&nbsp;&nbsp; <strong>Web:<\/strong><a href=\"http:\/\/www.cruzroja.es\/\" target=\"_blank\" rel=\"noreferrer noopener\">www.cruzroja.es<\/a><\/p>\n\n\n\n<p>\n\t&nbsp;&nbsp;&nbsp; <strong>Actividades principales: <\/strong><strong>T<\/strong>ransporte Socio-sanitario, Todos al agua (piscina),<\/p>\n\n\n\n<p>\n\t&nbsp;&nbsp;&nbsp; salvamento mar\u00edtimo, salud ( accidentes dom\u00e9sticos, laborales\u2026), promoci\u00f3n del<\/p>\n\n\n\n<p>\n\t&nbsp;&nbsp;&nbsp;&nbsp; \u00e9xito escolar ( apoyo escolar), preventivos terrestres ( actividades sanitarias o &nbsp;&nbsp;<\/p>\n\n\n\n<p>\n\t&nbsp;&nbsp;&nbsp;&nbsp; coberturas en actos o espect\u00e1culos p\u00fablicos),preventivos acu\u00e1ticos en &nbsp;&nbsp;&nbsp;&nbsp;&nbsp;playas ,<\/p>\n\n\n\n<p>\n\t&nbsp;&nbsp;&nbsp;&nbsp; organizaci\u00f3n y gesti\u00f3n (d\u00eda de la banderita, sorteo de oro, sorteo de Navidad y<\/p>\n\n\n\n<p>\n\t&nbsp;&nbsp;&nbsp;&nbsp; socios), operaciones de emergencia, envejecimiento saludable( potenciar facultades<\/p>\n\n\n\n<p>\n\t&nbsp;&nbsp;&nbsp;&nbsp; f\u00edsicas, mentales\u2026 de las personas mayores), charlas educativas, atenci\u00f3n integral<\/p>\n\n\n\n<p>\n\t&nbsp;&nbsp;&nbsp;&nbsp; al inmigrante, ayuda a domicilio complementaria, atenci\u00f3n a personas sin hogar y<\/p>\n\n\n\n<p>\n\t&nbsp;&nbsp;&nbsp;&nbsp; atenci\u00f3n a mujeres de violencia de g\u00e9nero.<\/p>\n\n\n\n<p>\n\t<strong>Pasos Escolares<\/strong><\/p>\n\n\n\n<p>\n\t&nbsp;&nbsp;&nbsp;&nbsp; <strong>Persona y Datos de Contacto:<\/strong>Departamento de Voluntariado del Ayto. Mijas.<\/p>\n\n\n\n<p>\n\t&nbsp;&nbsp;&nbsp;&nbsp;&nbsp;&nbsp; Maite Salas.<\/p>\n\n\n\n<p>\n\t<strong>&nbsp;&nbsp;&nbsp;&nbsp; Tfno:<\/strong>951 26 02 83<\/p>\n\n\n\n<p>\n\t<strong>&nbsp;&nbsp;&nbsp;&nbsp; Actividades principales:<\/strong><\/p>\n\n\n\n<p>\n\t&nbsp;&nbsp;&nbsp;&nbsp;&nbsp;&nbsp; Apoyo en el control de tr\u00e1fico en horario de entrada y salida en los centros<\/p>\n\n\n\n<p>\n\t&nbsp;&nbsp;&nbsp;&nbsp;&nbsp;&nbsp; escolares de Mijas.<\/p>\n\n\n\n<p>\n\t<strong>Programa Mayores para Mayores<\/strong>.<\/p>\n\n\n\n<p>\n\t&nbsp;&nbsp;&nbsp;&nbsp; <strong>Persona y Datos de contacto: <\/strong><strong>Mar\u00eda Dolores de la Linde. <\/strong><\/p>\n\n\n\n<p>\n\t<strong>&nbsp;&nbsp;&nbsp;&nbsp;&nbsp; Tfno: 952461549<\/strong><\/p>\n\n\n\n<p>\n\t<strong>&nbsp;&nbsp;&nbsp;&nbsp; Email:<\/strong><strong><a href=\"mailto:mddelalinde@mijas.es\">mddelalinde@mijas.es<\/a><\/strong><\/p>\n\n\n\n<p>\n\t&nbsp;&nbsp;&nbsp;&nbsp; <strong>Actividades principales: <\/strong>Compa\u00f1\u00eda a domicilio, hacer la compra, acompa\u00f1amiento a<\/p>\n\n\n\n<p>\n\t&nbsp;&nbsp;&nbsp;&nbsp;&nbsp;&nbsp; m\u00e9dicos, acompa\u00f1amiento a actividades de ocio\u2026<\/p>\n\n\n\n<p>\n\t<strong>Cuidados del C\u00e1ncer (CUDECA).<\/strong><\/p>\n\n\n\n<p>\n\t&nbsp;&nbsp;&nbsp;&nbsp;&nbsp; <strong>Persona y Datos de Contacto: <\/strong><strong>Aurea Peralta <\/strong><\/p>\n\n\n\n<p>\n\t<strong>&nbsp;&nbsp;&nbsp;&nbsp; &nbsp;Tfno:<\/strong><strong>952440664&nbsp; <\/strong><\/p>\n\n\n\n<p>\n\t<strong>&nbsp;&nbsp;&nbsp;&nbsp;&nbsp; Email:<\/strong><strong><a href=\"mailto:voluntariado@cudeca.org\">voluntariado@cudeca.org<\/a><\/strong><\/p>\n\n\n\n<p>\n\t&nbsp;&nbsp;&nbsp;&nbsp;&nbsp; <strong>Web:<\/strong><strong>www.cudeca.org\/es<\/strong><\/p>\n\n\n\n<p>\n\t&nbsp; &nbsp; &nbsp; &nbsp;<strong>Actividades principales: <\/strong><strong>Asistenciales: Atenci\u00f3n domiciliaria, Unidad&nbsp; de d\u00eda, &nbsp;&nbsp;<\/strong><\/p>\n\n\n\n<p>\n\t<strong>&nbsp;&nbsp;&nbsp;&nbsp;&nbsp;&nbsp;&nbsp; Unidad de ingresos y transporte. No Asistenciales: Tiendas Ben\u00e9ficas, eventos, <\/strong><\/p>\n\n\n\n<p>\n\t<strong>&nbsp;&nbsp;&nbsp;&nbsp;&nbsp;&nbsp;&nbsp; transporte no asistencial y administraci\u00f3n.<\/strong><\/p>\n\n\n\n<p>\n\t<strong>Protecci\u00f3n Civil (Proteger a las personas y sus bienes ante las emergencias y Cat\u00e1strofes).<\/strong><\/p>\n\n\n\n<p>\n\t<strong>Persona y Datos de Contacto: <\/strong><strong>Diego Jim\u00e9nez<\/strong><\/p>\n\n\n\n<p>\n\t<strong>Tfno: <\/strong><strong>952584633<\/strong><\/p>\n\n\n\n<p>\n\t<strong>\u00c1rea de Medioambiente: Programa de Voluntariado Ambiental (Mejorar y conservar el Medio Ambiente)<\/strong><\/p>\n\n\n\n<p>\n\t&nbsp;&nbsp;&nbsp;&nbsp; <strong>Persona y Datos de contacto<\/strong>: <strong>Juan Luis Vega.<\/strong><\/p>\n\n\n\n<p>\n\t<strong>&nbsp;&nbsp;&nbsp;&nbsp; Tfno: <\/strong><strong>952593644<\/strong><\/p>\n\n\n\n<p>\n\t<strong>&nbsp;&nbsp;&nbsp;&nbsp; Email:<\/strong><strong><a href=\"mailto:medioambiente@mijas.es\">medioambiente@mijas.es<\/a><\/strong><\/p>\n\n\n\n<p>\n\t&nbsp;&nbsp;&nbsp;&nbsp; <strong>Actividades principales<\/strong><strong>: Reforestaciones, riego de \u00e1rboles plantados, campa\u00f1as de <\/strong><\/p>\n\n\n\n<p>\n\t<strong>&nbsp;&nbsp;&nbsp;&nbsp;&nbsp;&nbsp; concienciaci\u00f3n medioambiental\u2026<\/strong><\/p>\n\n\n\n<p>\n\t<strong>Fundaci\u00f3n FOX&nbsp; (Protectora de animales ex\u00f3ticos en Mijas)<\/strong><\/p>\n\n\n\n<p>\n\t&nbsp;&nbsp;&nbsp;&nbsp; <strong>Persona y Datos de contacto: <\/strong><strong>Pedro Sorroche. <\/strong><\/p>\n\n\n\n<p>\n\t<strong>&nbsp;&nbsp;&nbsp;&nbsp; Tfno: <\/strong><strong>679837609 <\/strong><\/p>\n\n\n\n<p>\n\t<strong>&nbsp;&nbsp;&nbsp;&nbsp; Email:<\/strong><strong><a href=\"mailto:animacionesfox@gmail.com\">animacionesfox@gmail.com<\/a><\/strong><\/p>\n\n\n\n<p>\n\t<strong>Asociaci\u00f3n de Int\u00e9rpretes Voluntarios de Mijas (AIVOMI).<\/strong><\/p>\n\n\n\n<p>\n\t<strong>&nbsp;&nbsp;&nbsp;&nbsp; Persona y Datos de Contacto: <\/strong><strong>Juan Vicente.<\/strong><\/p>\n\n\n\n<p>\n\t<strong>&nbsp;&nbsp;&nbsp;&nbsp; Tfno: <\/strong><strong>685366276<\/strong><\/p>\n\n\n\n<p>\n\t<strong>&nbsp;&nbsp;&nbsp;&nbsp; Email:<\/strong><strong><a href=\"mailto:aivomi.mijas@gmail.com\">aivomi.mijas@gmail.com<\/a><\/strong><\/p>\n\n\n\n<p>\n\t<strong>&nbsp;&nbsp;&nbsp;&nbsp; Actividades principales: <\/strong><strong>Ofrecer servicios de int\u00e9rpretes de idiomas en centros <\/strong><\/p>\n\n\n\n<p>\n\t<strong>&nbsp;&nbsp;&nbsp;&nbsp;&nbsp;&nbsp; m\u00e9dicos del t\u00e9rmino municipal de Mijas, en las instalaciones de la Guardia Civil de <\/strong><\/p>\n\n\n\n<p>\n\t<strong>&nbsp;&nbsp;&nbsp;&nbsp;&nbsp;&nbsp; Fuengirola y la Cala de Mijas e impartir clases de conversaci\u00f3n en ingl\u00e9s en algunos <\/strong><\/p>\n\n\n\n<p>\n\t<strong>&nbsp;&nbsp;&nbsp;&nbsp;&nbsp;&nbsp; de los centros escolares de Mijas.<\/strong><\/p>\n\n\n\n<p>\n\tPuedes enviar tu experiencia a <a href=\"mailto:voluntariado@mijas.es\">voluntariado@mijas.es<\/a><\/p>\n\n\n\n<figure class=\"wp-block-image\"><img decoding=\"async\" src=\"https:\/\/www.mijas.es\/portal\/images\/iconos\/redes sociales\/facebook42x42.png\" alt=\"\"\/><\/figure>\n\n\n\n<p> <a rel=\"noreferrer noopener\" href=\"https:\/\/es-es.facebook.com\/voluntariadomijas\" target=\"_blank\">Voluntariado por Mijas<\/a><\/p>\n\n\n\n<p>\n\tTambi\u00e9n puedes entregar tu experiencia en la asociaci\u00f3n donde hayas decidido probar.<\/p>\n\n\n\n<p>\n\t<strong>Para m\u00e1s informaci\u00f3n:<\/strong><br>\n\t<a href=\"mailto:voluntariado@mijas.es\">voluntariado@mijas.es<\/a><br>\n\tTfno: 951 26 02 83<\/p>\n","protected":false},"excerpt":{"rendered":"<p>UNETE AL VOLUNTARIADO Asociaci\u00f3n Espa\u00f1ola Contra el C\u00e1ncer (AECC) &nbsp;&nbsp;&nbsp;&nbsp; Persona y Datos de Contacto:M\u00f3nica Caballero. &nbsp;&nbsp;&nbsp;&nbsp; Tfno:952479657\/682780716 &nbsp;&nbsp;&nbsp;&nbsp; E-Mail:&nbsp;monica.caballero@aecc.es &nbsp;&nbsp;&nbsp;&nbsp; Web:www.aecc.es &nbsp;&nbsp;&nbsp;&nbsp; Actividades principales:Recepci\u00f3n y atenci\u00f3n al p\u00fablico, tienda ben\u00e9fica, &nbsp;&nbsp;&nbsp;&nbsp;&nbsp;&nbsp; voluntariado administrativo, &nbsp;traslado de pacientes, obtenci\u00f3n de recursos, &nbsp;&nbsp;&nbsp;&nbsp;&nbsp;&nbsp; campa\u00f1as &nbsp;preventivas, informaci\u00f3n &nbsp;y captaci\u00f3n de voluntariado y voluntariado a &nbsp;&nbsp;&nbsp; &nbsp;&nbsp;&nbsp;&nbsp;&nbsp;&nbsp; domicilio. Asociaci\u00f3n [&hellip;]<\/p>\n","protected":false},"author":4,"featured_media":13852,"parent":13849,"menu_order":0,"comment_status":"closed","ping_status":"closed","template":"page-departamental.php","meta":[],"_links":{"self":[{"href":"https:\/\/www.mijas.es\/portal\/wp-json\/wp\/v2\/pages\/13956"}],"collection":[{"href":"https:\/\/www.mijas.es\/portal\/wp-json\/wp\/v2\/pages"}],"about":[{"href":"https:\/\/www.mijas.es\/portal\/wp-json\/wp\/v2\/types\/page"}],"author":[{"embeddable":true,"href":"https:\/\/www.mijas.es\/portal\/wp-json\/wp\/v2\/users\/4"}],"replies":[{"embeddable":true,"href":"https:\/\/www.mijas.es\/portal\/wp-json\/wp\/v2\/comments?post=13956"}],"version-history":[{"count":3,"href":"https:\/\/www.mijas.es\/portal\/wp-json\/wp\/v2\/pages\/13956\/revisions"}],"predecessor-version":[{"id":24560,"href":"https:\/\/www.mijas.es\/portal\/wp-json\/wp\/v2\/pages\/13956\/revisions\/24560"}],"up":[{"embeddable":true,"href":"https:\/\/www.mijas.es\/portal\/wp-json\/wp\/v2\/pages\/13849"}],"wp:featuredmedia":[{"embeddable":true,"href":"https:\/\/www.mijas.es\/portal\/wp-json\/wp\/v2\/media\/13852"}],"wp:attachment":[{"href":"https:\/\/www.mijas.es\/portal\/wp-json\/wp\/v2\/media?parent=13956"}],"curies":[{"name":"wp","href":"https:\/\/api.w.org\/{rel}","templated":true}]}}