{"id":13954,"date":"2019-03-28T11:21:21","date_gmt":"2019-03-28T11:21:21","guid":{"rendered":"http:\/\/192.168.0.42\/?page_id=13954"},"modified":"2021-01-12T13:38:24","modified_gmt":"2021-01-12T13:38:24","slug":"voluntariado","status":"publish","type":"page","link":"https:\/\/www.mijas.es\/portal\/tu-ayuntamiento\/departamentos-servicios\/voluntariado\/","title":{"rendered":"Voluntariado"},"content":{"rendered":"\n<div class=\"wp-block-image\"><figure class=\"aligncenter is-resized\"><a href=\"http:\/\/www.voluntariadomijas.es\"><img decoding=\"async\" src=\"https:\/\/www.mijas.es\/files\/imagen\/servicios\/voluntariado\/LOGOTIPO_VOLUNTARIADO_POR_MIJAS.jpg\" alt=\"\" width=\"317\" height=\"233\"\/><\/a><\/figure><\/div>\n\n\n\n<p>\n\tEspacio para la coordinaci\u00f3n desde el Ayuntamiento de Mijas de la acci\u00f3n del voluntariado en el municipio.<\/p>\n\n\n\n<p> Tenecia de Alcaldia de Las Lagunas <br>  Calle Rio Adra, 25, 29651 Las Lagunas, Mijas, M\u00e1laga  <br> <strong>Tel\u00e9fono:<\/strong>&nbsp;  952 59 36 44 <br> <strong>e-mail:<\/strong> <a href=\"mailto:voluntariado@mijas.es\">mailto:voluntariado@mijas.es<\/a><\/p>\n","protected":false},"excerpt":{"rendered":"<p>Espacio para la coordinaci\u00f3n desde el Ayuntamiento de Mijas de la acci\u00f3n del voluntariado en el municipio. Tenecia de Alcaldia de Las Lagunas Calle Rio Adra, 25, 29651 Las Lagunas, Mijas, M\u00e1laga Tel\u00e9fono:&nbsp; 952 59 36 44 e-mail: mailto:voluntariado@mijas.es<\/p>\n","protected":false},"author":4,"featured_media":13852,"parent":13849,"menu_order":0,"comment_status":"closed","ping_status":"closed","template":"page-departamental.php","meta":[],"_links":{"self":[{"href":"https:\/\/www.mijas.es\/portal\/wp-json\/wp\/v2\/pages\/13954"}],"collection":[{"href":"https:\/\/www.mijas.es\/portal\/wp-json\/wp\/v2\/pages"}],"about":[{"href":"https:\/\/www.mijas.es\/portal\/wp-json\/wp\/v2\/types\/page"}],"author":[{"embeddable":true,"href":"https:\/\/www.mijas.es\/portal\/wp-json\/wp\/v2\/users\/4"}],"replies":[{"embeddable":true,"href":"https:\/\/www.mijas.es\/portal\/wp-json\/wp\/v2\/comments?post=13954"}],"version-history":[{"count":4,"href":"https:\/\/www.mijas.es\/portal\/wp-json\/wp\/v2\/pages\/13954\/revisions"}],"predecessor-version":[{"id":33977,"href":"https:\/\/www.mijas.es\/portal\/wp-json\/wp\/v2\/pages\/13954\/revisions\/33977"}],"up":[{"embeddable":true,"href":"https:\/\/www.mijas.es\/portal\/wp-json\/wp\/v2\/pages\/13849"}],"wp:featuredmedia":[{"embeddable":true,"href":"https:\/\/www.mijas.es\/portal\/wp-json\/wp\/v2\/media\/13852"}],"wp:attachment":[{"href":"https:\/\/www.mijas.es\/portal\/wp-json\/wp\/v2\/media?parent=13954"}],"curies":[{"name":"wp","href":"https:\/\/api.w.org\/{rel}","templated":true}]}}