{"id":13948,"date":"2019-03-28T11:10:49","date_gmt":"2019-03-28T11:10:49","guid":{"rendered":"http:\/\/192.168.0.42\/?page_id=13948"},"modified":"2026-04-14T12:12:50","modified_gmt":"2026-04-14T11:12:50","slug":"actividades-3a-edad","status":"publish","type":"page","link":"https:\/\/www.mijas.es\/portal\/mayores\/actividades-3a-edad\/","title":{"rendered":"OFICINAS  DE ATENCI\u00d3N A PERSONAS MAYORES. ATENCI\u00d3N, INFORMACI\u00d3N Y TRAMITACI\u00d3N"},"content":{"rendered":"\n<h2 class=\"wp-block-heading\">Atenci\u00f3n personalizada a personas mayores<\/h2>\n\n\n\n<p>El Equipo T\u00e9cnico del departamento de tercera edad atiende de forma personalizada y sin necesidad de previa petici\u00f3n de cita a todas las personas mayores en los tres n\u00facleos del Municipio de Mijas, que acuden en busca de orientaci\u00f3n, asesoramiento, dudas, b\u00fasqueda de actividades, etc.<\/p>\n\n\n\n<h2 class=\"wp-block-heading\">&nbsp;<\/h2>\n\n\n\n<h2 class=\"wp-block-heading has-text-align-center\"><strong>Oficinas de Atenci\u00f3n a los Mayores<\/strong><\/h2>\n\n\n<div class=\"wp-block-image\">\n<figure class=\"aligncenter size-large\"><img decoding=\"async\" width=\"640\" height=\"480\" src=\"https:\/\/www.mijas.es\/wp-content\/uploads\/2020\/11\/OficinaLL.png\" alt=\"\" class=\"wp-image-33594\" srcset=\"https:\/\/www.mijas.es\/wp-content\/uploads\/2020\/11\/OficinaLL.png 640w, https:\/\/www.mijas.es\/wp-content\/uploads\/2020\/11\/OficinaLL-300x225.png 300w\" sizes=\"(max-width: 640px) 100vw, 640px\" \/><\/figure><\/div>\n\n\n<p class=\"has-text-align-center\"><em><em>Oficina de Atenci\u00f3n &#8211; Las Lagunas<\/em><\/em><\/p>\n\n\n\n<p class=\"has-text-align-center\">Centro de Participaci\u00f3n Activa \u201cLas Lagunas\u201d<\/p>\n\n\n\n<p class=\"has-text-align-center\">Direcci\u00f3n: C\/ San Benjam\u00edn s\/n<\/p>\n\n\n\n<p class=\"has-text-align-center\">Tel\u00e9fono: <strong>649 87 30 51<\/strong> &#8211; 952 46 15 49<\/p>\n\n\n\n<p class=\"has-text-align-center\">Horario de atenci\u00f3n al p\u00fablico: de Lunes a Jueves de 9:00 a 14:00 horas<\/p>\n\n\n\n<hr class=\"wp-block-separator has-alpha-channel-opacity\"\/>\n\n\n<div class=\"wp-block-image\">\n<figure class=\"aligncenter size-large is-resized\"><img decoding=\"async\" src=\"https:\/\/www.mijas.es\/wp-content\/uploads\/2020\/11\/OficinaMP.png\" alt=\"\" class=\"wp-image-33595\" width=\"421\" height=\"316\"\/><\/figure><\/div>\n\n\n<p class=\"has-text-align-center\"><em><em>Oficina de Atenci\u00f3n \u2013 Mijas Pueblo<\/em><\/em><\/p>\n\n\n\n<p class=\"has-text-align-center\">Centro de Participaci\u00f3n Activa \u201cVirgen de la Pe\u00f1a\u201d<\/p>\n\n\n\n<p class=\"has-text-align-center\">Direcci\u00f3n: Plaza de la Constituci\u00f3n s\/n<\/p>\n\n\n\n<p class=\"has-text-align-center\">Tel\u00e9fono: 952 48 63 70<\/p>\n\n\n\n<p class=\"has-text-align-center\">Horario de atenci\u00f3n al p\u00fablico: Lunes de 9:00 a 14:00 horas<\/p>\n\n\n\n<hr class=\"wp-block-separator has-alpha-channel-opacity\"\/>\n\n\n<div class=\"wp-block-image\">\n<figure class=\"aligncenter size-large\"><img decoding=\"async\" width=\"527\" height=\"402\" src=\"https:\/\/www.mijas.es\/wp-content\/uploads\/2020\/11\/OficinaLC-1.png\" alt=\"\" class=\"wp-image-33599\" srcset=\"https:\/\/www.mijas.es\/wp-content\/uploads\/2020\/11\/OficinaLC-1.png 527w, https:\/\/www.mijas.es\/wp-content\/uploads\/2020\/11\/OficinaLC-1-300x229.png 300w\" sizes=\"(max-width: 527px) 100vw, 527px\" \/><\/figure><\/div>\n\n\n<p class=\"has-text-align-center\"><em><em>Oficina de Atenci\u00f3n &#8211; La Cala de Mijas<\/em><\/em><\/p>\n\n\n\n<p class=\"has-text-align-center\">Centro de Mayores de La Cala<\/p>\n\n\n\n<p class=\"has-text-align-center\">Direcci\u00f3n: Paseo mar\u00edtimo, s\/n, La Cala de Mijas<\/p>\n\n\n\n<p class=\"has-text-align-center\">Tel\u00e9fono: <strong>696 56 31 89<\/strong> &#8211; 952 48 59 00 &#8211; Extensi\u00f3n: 6091<\/p>\n\n\n\n<p class=\"has-text-align-center\">Horario: Martes de 9:00 a 14:00 horas<\/p>\n\n\n\n<hr class=\"wp-block-separator has-alpha-channel-opacity\"\/>\n\n\n\n<h2 class=\"wp-block-heading\"><strong>Servicios que se prestan<\/strong><\/h2>\n\n\n\n<ul>\n<li>Informaci\u00f3n, orientaci\u00f3n y tramitaci\u00f3n de recursos como: Carnet de Socio municipal, Programas de Vacaciones y Termalismo Social del IMSERSO, Tarjeta Andaluc\u00edajunta 65, Teleasistencia, etc.<\/li>\n<\/ul>\n\n\n\n<ul>\n<li>Atenci\u00f3n al usuario e informaci\u00f3n general de c\u00f3mo y donde acceder a distintos departamentos y prestaciones que existen.<\/li>\n<\/ul>\n\n\n\n<h2 class=\"wp-block-heading\">&nbsp;<\/h2>\n\n\n\n<h2 class=\"wp-block-heading\">Carnet de Socio Municipal<\/h2>\n\n\n\n<p>El \u00c1rea de Mayores del Ayuntamiento de Mijas facilita a las personas pensionistas jubiladas empadronadas en Mijas, un carnet que les permite participar en las actividades organizadas por el departamento (talleres, actividades l\u00fadicas, viaje anual, almuerzo de navidad, cenas de ferias, otros eventos, etc.). <\/p>\n\n\n\n<p>Este carnet ofrece descuentos, accesos a programas y participaci\u00f3n en los talleres que se organizan desde el \u00c1rea de Mayores, as\u00ed como otras ventajas dentro de nuestro municipio. El carnet de socio municipal es totalmente gratuito.<\/p>\n\n\n\n<h4 class=\"wp-block-heading\">Requisitos<\/h4>\n\n\n\n<ul>\n<li>Tener un m\u00ednimo de 60 a\u00f1os de edad y ser pensionista de jubilaci\u00f3n de Sistema P\u00fablico de Pensiones (no incluida la jubilaci\u00f3n parcial).<\/li>\n\n\n\n<li>Tener un a\u00f1o de antig\u00fcedad en el padr\u00f3n municipal y residir en el t\u00e9rmino municipal de Mijas (domicilio demostrable).<\/li>\n<\/ul>\n\n\n\n<p>Los\/as c\u00f3nyuges de personas jubiladas podr\u00e1n obtener el carnet de socio municipal siempre que re\u00fanan los siguientes requisitos:<\/p>\n\n\n\n<ul>\n<li>Tener la <strong>edad ordinaria<\/strong> <strong>de jubilaci\u00f3n<\/strong> seg\u00fan la normativa vigente (R.D.-Ley 8\/2015, de 30 de octubre, por el que se aprueba el Texto Refundido de la LGSS).<\/li>\n\n\n\n<li>No recibir prestaciones econ\u00f3micas del SEPE.<\/li>\n\n\n\n<li>No encontrarse inscrito como demandante de empleo en el Servicio Andaluz de Empleo.<\/li>\n<\/ul>\n\n\n\n<p>La&nbsp;<strong>documentaci\u00f3n a presentar<\/strong>&nbsp;para su tramitaci\u00f3n es la siguiente:<\/p>\n\n\n\n<ul>\n<li>1 Fotograf\u00eda tama\u00f1o carnet actualizada.<\/li>\n\n\n\n<li>D.N.I. \/ N.I.E. original.<\/li>\n\n\n\n<li>Resoluci\u00f3n de la Seguridad Social de aprobaci\u00f3n de la Pensi\u00f3n de Jubilaci\u00f3n o, en su caso, revalorarizaci\u00f3n de la pensi\u00f3n.<\/li>\n\n\n\n<li>Documento acreditativo de ser residente en el T\u00e9rmino Municipal de Mijas (Recibo de la contribuci\u00f3n, contrato de alquiler, etc.)<\/li>\n\n\n\n<li>Para los\/as c\u00f3nyuges, documento acreditativo de no percibir prestaciones econ\u00f3micas del SEPE, y Certificado negativo de figurar como demandante de empleo en el SAE.<\/li>\n<\/ul>\n\n\n\n<p><strong>Tramitaciones<\/strong><\/p>\n\n\n\n<p><strong>Tarjetas sesenta y cinco de la Junta de Andaluc\u00eda<\/strong><strong><\/strong><\/p>\n\n\n\n<p>La Tarjeta Andaluc\u00eda Junta 65 es una tarjeta personal emitida por la Junta de Andaluc\u00eda que permite a las personas mayores de 65 a\u00f1os que residen en Andaluc\u00eda \u00a0acceder y disfrutar de forma \u00e1gil a m\u00faltiples servicios y descuentos. La Tarjeta Andaluc\u00eda Junta 65 es totalmente\u00a0<strong>gratuita.<\/strong><\/p>\n\n\n\n<p><strong><u>Requisitos:<\/u><\/strong><\/p>\n\n\n\n<p><strong>&#8211;<\/strong> Tener m\u00ednimo 65 a\u00f1os y ser residente en cualquier municipio de Andaluc\u00eda.<\/p>\n\n\n\n<p><strong>Documentaci\u00f3n a presentar:<\/strong><\/p>\n\n\n\n<p>&#8211; 1 Fotograf\u00eda tama\u00f1o carnet<\/p>\n\n\n\n<p>&#8211; Fotocopia del D.N.I. \/<\/p>\n\n\n\n<p>&#8211; En caso de extranjeros N.I.E (en este caso acompa\u00f1ada de fotocopia de Pasaporte)<\/p>\n\n\n\n<p><em>Informaci\u00f3n sobre las ventajas de Tarjeta 65 (pulse click en el enlace)<\/em><\/p>\n\n\n\n<p><a href=\"https:\/\/www.juntadeandalucia.es\/agenciadeserviciossocialesydependencia\/es\/programas\/taj65\/tarj65\/wfprogramitem_view_pub\">https:\/\/www.juntadeandalucia.es\/agenciadeserviciossocialesydependencia\/es\/programas\/taj65\/tarj65\/wfprogramitem_view_pub<\/a><\/p>\n\n\n\n<p><strong>Programa de Termalismo Social (IMSERSO)<\/strong><\/p>\n\n\n\n<p>Es un servicio complementario a las prestaciones del Sistema de Seguridad Social que tiene por objetivo facilitar la asistencia, que en los balnearios se presta, a las personas mayores que la precisen.<\/p>\n\n\n\n<p><strong><u>Requisitos:<\/u><\/strong><\/p>\n\n\n\n<p>Podr\u00e1n participar en el Programa de Termalismo del&nbsp;IMSERSO, las personas residentes en el Estado espa\u00f1ol, que re\u00fanan alguno de los siguientes requisitos:<\/p>\n\n\n\n<ul>\n<li>Ser pensionista de jubilaci\u00f3n o incapacidad permanente del Sistema de Seguridad Social espa\u00f1ol.<\/li>\n\n\n\n<li>Ser pensionista de viudedad con cincuenta y cinco o m\u00e1s a\u00f1os de edad del Sistema de Seguridad Social espa\u00f1ol.<\/li>\n<\/ul>\n\n\n\n<ul>\n<li>Ser pensionista por otros conceptos o perceptor de prestaciones o subsidios de desempleo, con sesenta o m\u00e1s a\u00f1os de edad del Sistema de Seguridad Social espa\u00f1ol.<\/li>\n\n\n\n<li>Ser asegurado o beneficiario del Sistema de la Seguridad Social espa\u00f1ol, con sesenta y cinco o m\u00e1s a\u00f1os de edad.<\/li>\n<\/ul>\n\n\n\n<p>Igualmente, podr\u00e1n participar en los programas las personas de nacionalidad espa\u00f1ola, que residan en el extranjero, siempre que perciban una pensi\u00f3n del Sistema de Seguridad Social espa\u00f1ol y cuenten con la edad exigida en el punto primero, o sean asegurados o beneficiarios del Sistema de la Seguridad Social, con edad igual o superior a sesenta y cinco a\u00f1os, de acuerdo con lo previsto en el punto primero apartado d) y, en todos los supuestos, re\u00fanan el resto de los requisitos exigidos a los usuarios en el punto segundo.<\/p>\n\n\n\n<p>Podr\u00e1s realizar su tramitaci\u00f3n en cualquiera de las oficinas del Departamento de Tercera Edad o de forma telem\u00e1tica a trav\u00e9s del siguiente enlace:<\/p>\n\n\n\n<p><a href=\"http:\/\/www.imserso.es\/imserso_01\/envejecimiento_activo\/termalismo\/index.htm\">http:\/\/www.imserso.es\/imserso_01\/envejecimiento_activo\/termalismo\/index.htm<\/a><\/p>\n\n\n\n<p><strong>Programa de Turismo (IMSERSO)<\/strong><\/p>\n\n\n\n<p>El IMSERSO contribuye al bienestar de las personas mayores y, para ello, organiza distintos tipos de viajes con objeto de que puedan disfrutar de unas merecidas vacaciones, pudiendo optar a estancias en zonas costeras para descanso, a circuitos culturales, Islas y Turismo de naturaleza.<\/p>\n\n\n\n<p><strong><u>Requisitos:<\/u><\/strong><\/p>\n\n\n\n<p>Podr\u00e1 participar en el Programa de Turismo del IMSERSO si es residente en Espa\u00f1a y re\u00fane uno de los siguientes requisitos:<\/p>\n\n\n\n<p>\u2022 Ser pensionista de jubilaci\u00f3n del sistema p\u00fablico espa\u00f1ol de Pensiones.<\/p>\n\n\n\n<p>\u2022 Ser pensionista de viudedad con 55 o m\u00e1s a\u00f1os de edad.<\/p>\n\n\n\n<p>\u2022 Ser pensionista por otros conceptos, o perceptor de prestaciones o subsidios de desempleo, con 60 o m\u00e1s a\u00f1os de edad.<\/p>\n\n\n\n<p>\u2022 Ser titular o beneficiario del sistema de la Seguridad Social con 65 o m\u00e1s a\u00f1os de edad<\/p>\n\n\n\n<p>\u2022 Ser emigrante retornado a Espa\u00f1a y pensionista del sistema p\u00fablico de Seguridad Social del pa\u00eds del que ha retornado.<\/p>\n\n\n\n<p>Pueden participar con su c\u00f3nyuge, pareja de hecho o uni\u00f3n estable sin necesidad de que \u00e9stos re\u00fanan los requisitos de edad o pensi\u00f3n.<\/p>\n\n\n\n<p>Tambi\u00e9n podr\u00e1n participar los\/las hijos\/as con discapacidad, con un grado igual o superior al 45%, siempre y cuando esta discapacidad les permita viajar y lo hagan con sus padres compartiendo con ellos habitaci\u00f3n o, en su caso, abonen el suplemento establecido para habitaciones dobles de uso individual que estar\u00e1 sujeto a la disponibilidad de plazas.<\/p>\n\n\n\n<p><strong>Presentaci\u00f3n de solicitudes:<\/strong><\/p>\n\n\n\n<p>El plazo de presentaci\u00f3n de solicitudes para cada temporada es de mediados de Mayo a mediados de Junio. (esto puede variar cada a\u00f1o)<\/p>\n\n\n\n<p>Podr\u00e1s realizar su tramitaci\u00f3n en cualquiera de las oficinas del Departamento de Tercera Edad o de forma telem\u00e1tica a trav\u00e9s del siguiente enlace:<\/p>\n\n\n\n<p><a href=\"http:\/\/www.imserso.es\/imserso_01\/envejecimiento_activo\/vacaciones\/index.htm\">http:\/\/www.imserso.es\/imserso_01\/envejecimiento_activo\/vacaciones\/index.htm<\/a><\/p>\n","protected":false},"excerpt":{"rendered":"<p>Atenci\u00f3n personalizada a personas mayores El Equipo T\u00e9cnico del departamento de tercera edad atiende de forma personalizada y sin necesidad de previa petici\u00f3n de cita a todas las personas mayores en los tres n\u00facleos del Municipio de Mijas, que acuden en busca de orientaci\u00f3n, asesoramiento, dudas, b\u00fasqueda de actividades, etc. &nbsp; Oficinas de Atenci\u00f3n a [&hellip;]<\/p>\n","protected":false},"author":4,"featured_media":13852,"parent":13946,"menu_order":0,"comment_status":"closed","ping_status":"closed","template":"page-departamental.php","meta":[],"_links":{"self":[{"href":"https:\/\/www.mijas.es\/portal\/wp-json\/wp\/v2\/pages\/13948"}],"collection":[{"href":"https:\/\/www.mijas.es\/portal\/wp-json\/wp\/v2\/pages"}],"about":[{"href":"https:\/\/www.mijas.es\/portal\/wp-json\/wp\/v2\/types\/page"}],"author":[{"embeddable":true,"href":"https:\/\/www.mijas.es\/portal\/wp-json\/wp\/v2\/users\/4"}],"replies":[{"embeddable":true,"href":"https:\/\/www.mijas.es\/portal\/wp-json\/wp\/v2\/comments?post=13948"}],"version-history":[{"count":24,"href":"https:\/\/www.mijas.es\/portal\/wp-json\/wp\/v2\/pages\/13948\/revisions"}],"predecessor-version":[{"id":64193,"href":"https:\/\/www.mijas.es\/portal\/wp-json\/wp\/v2\/pages\/13948\/revisions\/64193"}],"up":[{"embeddable":true,"href":"https:\/\/www.mijas.es\/portal\/wp-json\/wp\/v2\/pages\/13946"}],"wp:featuredmedia":[{"embeddable":true,"href":"https:\/\/www.mijas.es\/portal\/wp-json\/wp\/v2\/media\/13852"}],"wp:attachment":[{"href":"https:\/\/www.mijas.es\/portal\/wp-json\/wp\/v2\/media?parent=13948"}],"curies":[{"name":"wp","href":"https:\/\/api.w.org\/{rel}","templated":true}]}}