{"id":13942,"date":"2019-03-28T10:57:59","date_gmt":"2019-03-28T10:57:59","guid":{"rendered":"http:\/\/192.168.0.42\/?page_id=13942"},"modified":"2019-05-20T11:28:58","modified_gmt":"2019-05-20T11:28:58","slug":"enlaces-y-recursos","status":"publish","type":"page","link":"https:\/\/www.mijas.es\/portal\/tu-ayuntamiento\/departamentos-servicios\/enlaces-y-recursos\/","title":{"rendered":"Enlaces y recursos"},"content":{"rendered":"\n<p>\n\t<strong>GU\u00cdAS<\/strong><\/p>\n\n\n\n<ul><li> Yo tambi\u00e9n educo. Orientaci\u00f3n para padres y madres. <a rel=\"noreferrer noopener\" aria-label=\" (abre en una nueva pesta\u00f1a)\" href=\"https:\/\/www.mijas.es\/files\/adjuntos\/servicios_municipales\/a2254_YO_TAMBIEN_EDUCO.pdf\" target=\"_blank\">Pinchar aqu\u00ed<\/a>. (formato PDF)<\/li><li> Mijas ante las drogas. Prevenir para vivir. <a rel=\"noreferrer noopener\" aria-label=\" (abre en una nueva pesta\u00f1a)\" href=\"https:\/\/www.mijas.es\/files\/adjuntos\/servicios_municipales\/a6178_Prevenir_para_Vivir_1.pdf\" target=\"_blank\">Descargar parte 1\u00aa<\/a>. <a href=\"https:\/\/www.mijas.es\/files\/adjuntos\/servicios_municipales\/a5787_Prevenir_para_Vivir_2.pdf\" target=\"_blank\" rel=\"noreferrer noopener\" aria-label=\" (abre en una nueva pesta\u00f1a)\">Descargar parte 2\u00aa<\/a>. (formato PDF)<\/li><\/ul>\n\n\n\n<p>\n\t<strong>P\u00c1GINAS WEB<\/strong><\/p>\n\n\n\n<table class=\"wp-block-table\"><tbody><tr><\/tr><tr><td>\n\t\t\t\t&nbsp;<\/td><td>\n\t\t\t\t<a href=\"http:\/\/www.juntadeandalucia.es\/organismos\/saludybienestarsocial\/areas\/drogodependencia.html\" target=\"_blank\" rel=\"noreferrer noopener\">Servicio de Drogodependencias de la Junta de Andaluc\u00eda <\/a><\/td><\/tr><tr><td>\n\t\t\t\t<\/td><td>\n\t\t\t\t<a href=\"http:\/\/www.pnsd.msc.es\/\" target=\"_blank\" rel=\"noreferrer noopener\">Plan Nacional sobre Drogas y Adicciones<\/a><\/td><\/tr><tr><td>\n\t\t\t\t&nbsp;<a href=\"http:\/\/www.emcdda.europa.eu\/\" target=\"_blank\" rel=\"noreferrer noopener\"><\/a><\/td><td>\n\t\t\t\t<a href=\"http:\/\/www.emcdda.europa.eu\/\" target=\"_blank\" rel=\"noreferrer noopener\">Observatorio Europeo de las Drogas y las Toxicoman\u00edas&nbsp;<\/a><\/td><\/tr><\/tbody><\/table>\n","protected":false},"excerpt":{"rendered":"<p>GU\u00cdAS Yo tambi\u00e9n educo. Orientaci\u00f3n para padres y madres. Pinchar aqu\u00ed. (formato PDF) Mijas ante las drogas. Prevenir para vivir. Descargar parte 1\u00aa. Descargar parte 2\u00aa. (formato PDF) P\u00c1GINAS WEB &nbsp; Servicio de Drogodependencias de la Junta de Andaluc\u00eda Plan Nacional sobre Drogas y Adicciones &nbsp; Observatorio Europeo de las Drogas y las Toxicoman\u00edas&nbsp;<\/p>\n","protected":false},"author":4,"featured_media":13852,"parent":13849,"menu_order":0,"comment_status":"closed","ping_status":"closed","template":"page-departamental.php","meta":[],"_links":{"self":[{"href":"https:\/\/www.mijas.es\/portal\/wp-json\/wp\/v2\/pages\/13942"}],"collection":[{"href":"https:\/\/www.mijas.es\/portal\/wp-json\/wp\/v2\/pages"}],"about":[{"href":"https:\/\/www.mijas.es\/portal\/wp-json\/wp\/v2\/types\/page"}],"author":[{"embeddable":true,"href":"https:\/\/www.mijas.es\/portal\/wp-json\/wp\/v2\/users\/4"}],"replies":[{"embeddable":true,"href":"https:\/\/www.mijas.es\/portal\/wp-json\/wp\/v2\/comments?post=13942"}],"version-history":[{"count":2,"href":"https:\/\/www.mijas.es\/portal\/wp-json\/wp\/v2\/pages\/13942\/revisions"}],"predecessor-version":[{"id":22868,"href":"https:\/\/www.mijas.es\/portal\/wp-json\/wp\/v2\/pages\/13942\/revisions\/22868"}],"up":[{"embeddable":true,"href":"https:\/\/www.mijas.es\/portal\/wp-json\/wp\/v2\/pages\/13849"}],"wp:featuredmedia":[{"embeddable":true,"href":"https:\/\/www.mijas.es\/portal\/wp-json\/wp\/v2\/media\/13852"}],"wp:attachment":[{"href":"https:\/\/www.mijas.es\/portal\/wp-json\/wp\/v2\/media?parent=13942"}],"curies":[{"name":"wp","href":"https:\/\/api.w.org\/{rel}","templated":true}]}}