{"id":13940,"date":"2019-03-28T10:55:06","date_gmt":"2019-03-28T10:55:06","guid":{"rendered":"http:\/\/192.168.0.42\/?page_id=13940"},"modified":"2019-05-29T13:01:38","modified_gmt":"2019-05-29T13:01:38","slug":"actividades-drogodependencia","status":"publish","type":"page","link":"https:\/\/www.mijas.es\/portal\/tu-ayuntamiento\/departamentos-servicios\/actividades-drogodependencia\/","title":{"rendered":"Actividades Drogodependencia"},"content":{"rendered":"\n<p>\n\tAl inicio del curso escolar, se \nimpulsan las acciones dirigidas al medio educativo para que el alumnado \nde E. Primaria y E. Secundaria participe de programas y actividades de \ncontenido preventivo con la finalidad de evitar y\/o reducir problemas \nasociados al consumo de drogas, especialmente alcohol y tabaco. <\/p>\n\n\n\n<p>\n\tLa educaci\u00f3n en la familia proporciona\n pautas y actitudes dirigidas a fomentar un estilo de vida saludable y \nes fundamental para que el trabajo que se realiza en el aula tenga mayor\n eficacia. En la casa se aprenden los valores b\u00e1sicos y las habilidades \npara tener una actitud cr\u00edtica ante comportamientos de riesgo, como el \nconsumo de drogas.<\/p>\n\n\n\n<p>\n\tSe ofrece la posibilidad de contactar a\n cualquier colectivo, grupo o personas que est\u00e9n interesados en \norganizar talleres de familia, grupos de trabajo sobre prevenci\u00f3n, \ncoloquios y\/o cualquier otra actividad que contribuya a conseguir \nnuestro objetivo : prevenir el consumo de drogas y reducir al m\u00e1ximo los\n problemas asociados entre la poblaci\u00f3n adolescente.<\/p>\n\n\n\n<p>\n\tContacto :&nbsp;<a href=\"mailto:prevencion@mijas.es\">prevencion@mijas.es<\/a>&nbsp;\/ Telf.:&nbsp;952 478 778<\/p>\n\n\n\n<h4 class=\"wp-block-heading\">\n\tPr\u00f3ximas actividades :<\/h4>\n\n\n\n<p> <strong>Me quiero, me cuido. 15\u00aa Edici\u00f3n<\/strong><\/p>\n\n\n\n<figure class=\"wp-block-image is-resized\"><a href=\"https:\/\/www.mijas.es\/files\/imagen\/servicios\/drogodependencia\/cartel.jpg\" target=\"_blank\" rel=\"noreferrer noopener\"><img decoding=\"async\" src=\"https:\/\/www.mijas.es\/files\/imagen\/servicios\/drogodependencia\/cartel.jpg\" alt=\"\" width=\"389\" height=\"546\"\/><\/a><\/figure>\n\n\n\n<figure class=\"wp-block-image is-resized\"><a href=\"https:\/\/www.mijas.es\/files\/imagen\/servicios\/drogodependencia\/CARTEL-ME-QUIERO-ME-CUIDO-2019---BASES-REDES.jpg\" target=\"_blank\" rel=\"noreferrer noopener\"><img decoding=\"async\" src=\"https:\/\/www.mijas.es\/files\/imagen\/servicios\/drogodependencia\/CARTEL-ME-QUIERO-ME-CUIDO-2019---BASES-REDES.jpg\" alt=\"\" width=\"375\" height=\"528\"\/><\/a><\/figure>\n\n\n\n<p> Bases &#8211; <a href=\"https:\/\/www.mijas.es\/files\/adjuntos\/Drogodependencia\/CARTEL-ME-QUIERO-ME-CUIDO-2019_-_-BASES-REDES.pdf\">Descargar<\/a> (PDF)<\/p>\n\n\n\n<p>\n\t<strong>Formaci\u00f3n de Mediadores Juveniles en Salud<\/strong><\/p>\n\n\n\n<p>\n\tProyecto basado en la educaci\u00f3n entre iguales y que pretende formar a \ndiferentes j\u00f3venes para que sean mediadores en tem\u00e1ticas de salud<\/p>\n\n\n\n<figure class=\"wp-block-image is-resized\"><a href=\"https:\/\/www.mijas.es\/files\/imagen\/servicios\/drogodependencia\/actividad_deportiva_tu_mejor_bebida.jpg\" target=\"_blank\" rel=\"noreferrer noopener\"><img decoding=\"async\" src=\"https:\/\/www.mijas.es\/files\/imagen\/servicios\/drogodependencia\/actividad_deportiva_tu_mejor_bebida.jpg\" alt=\"\" width=\"429\" height=\"272\"\/><\/a><\/figure>\n\n\n\n<p>\n\t<strong>D\u00eda Mundial contra el Alcohol<\/strong><\/p>\n\n\n\n<p>\n\tJornada l\u00fadica-formativa para la prevenci\u00f3n del consumo de alcohol \nentre los menores. Durante el mes de Noviembre se proponen actividades a\n realizar en los centros educativos que se finalizan con actividades \nf\u00edsicas de animaci\u00f3n organizadas por el alumnado del Ciclo Formativo de \nAnimaci\u00f3n deportiva del IES Sierra de Mijas.<\/p>\n\n\n\n<figure class=\"wp-block-image is-resized\"><img decoding=\"async\" src=\"https:\/\/www.mijas.es\/files\/imagen\/servicios\/drogodependencia\/dia_1_mediadores.jpg\" alt=\"\" width=\"429\" height=\"285\"\/><\/figure>\n\n\n\n<p>\n\tLa imagen est\u00e1 basada en una foto presentada al concurso Me quiero, Me cuido de unas alumnas del IES Vega de Mijas<\/p>\n\n\n\n<p>\n\t<strong>D\u00eda Mundial sin Tabaco<\/strong><\/p>\n\n\n\n<p>\n\tActividades de informaci\u00f3n y sensibilizaci\u00f3n dirigida a j\u00f3venes sobre \nlos riesgos del consumo de tabaco en las cachimbas y otros dispositivos \nelectr\u00f3nicos. Colabora el Distrito Sanitario de la Costa del Sol<\/p>\n\n\n\n<figure class=\"wp-block-image is-resized\"><a href=\"https:\/\/www.mijas.es\/portal\/images\/imagenes_contenidos\/servicios_municipales\/ActividadesDrogodependencia\/stop_malos_humos.jpg\" target=\"_blank\" rel=\"noreferrer noopener\"><img decoding=\"async\" src=\"https:\/\/www.mijas.es\/files\/imagen\/servicios\/drogodependencia\/stop_malos_humos.jpg\" alt=\"\" width=\"448\" height=\"370\"\/><\/a><\/figure>\n\n\n\n<p>\n\tActividades dirigidas a las familias acerca de los riesgos derivados del consumo de tabaco<\/p>\n\n\n\n<figure class=\"wp-block-image is-resized\"><img decoding=\"async\" src=\"https:\/\/www.mijas.es\/files\/imagen\/servicios\/drogodependencia\/20170531_100103.jpg\" alt=\"\" width=\"454\" height=\"255\"\/><\/figure>\n\n\n\n<p>\n\t<strong>Me quiero Me cuido 13\u00aa Edici\u00f3n<\/strong><\/p>\n\n\n\n<figure class=\"wp-block-image is-resized\"><a href=\"https:\/\/www.mijas.es\/files\/imagen\/servicios\/drogodependencia\/REDES-SOCIALES-BASES-ME-QUIERO-ME-CUIDO-2017.jpg\" target=\"_blank\" rel=\"noreferrer noopener\"><img decoding=\"async\" src=\"https:\/\/www.mijas.es\/files\/imagen\/servicios\/drogodependencia\/REDES-SOCIALES-BASES-ME-QUIERO-ME-CUIDO-2017.jpg\" alt=\"\" width=\"414\" height=\"581\"\/><\/a><\/figure>\n\n\n\n<figure class=\"wp-block-image is-resized\"><a href=\"https:\/\/www.mijas.es\/files\/imagen\/servicios\/drogodependencia\/REDES-SOCIALES-CARTEL-ME-QUIERO-ME-CUIDO-2017.jpg\" target=\"_blank\" rel=\"noreferrer noopener\"><img decoding=\"async\" src=\"https:\/\/www.mijas.es\/files\/imagen\/servicios\/drogodependencia\/REDES-SOCIALES-CARTEL-ME-QUIERO-ME-CUIDO-2017.jpg\" alt=\"\" width=\"398\" height=\"559\"\/><\/a><\/figure>\n\n\n\n<p> M\u00e1s informaci\u00f3n <a href=\"https:\/\/www.mijas.es\/files\/BASES_ME_QUIERO_ME_CUIDO_2017.pdf\" target=\"_blank\" rel=\"noreferrer noopener\" aria-label=\" (abre en una nueva pesta\u00f1a)\">aqu\u00ed<\/a><\/p>\n\n\n\n<p>\n\t<strong>Campa\u00f1a para la prevenci\u00f3n del consumo de cannabis entre los adolescentes, sus familias y educadores directos. <\/strong><br>\n\t <\/p>\n\n\n\n<p>\n\t&nbsp;&nbsp;Objetivos:<br>\n\t<\/p>\n\n\n\n<ul><li>\n\t\tAumentar la percepci\u00f3n de riesgo de esta droga entre los menores de 13\n y 14 a\u00f1os. Es decir, que los adolescentes que no han experimentado con \nesta droga tengan una visi\u00f3n de riesgo real que ayude a mantenerles en \nla abstinencia.<\/li><li>\n\t\tEvitar el consumo de porros entre adolescentes menores de 18 a\u00f1os.<br>\n\t\t<\/li><li>\n\t\tAclarar informaci\u00f3n equivocada y \ncreencias err\u00f3neas sobre los porros y sus derivados entre los menores. \nSiguiendo criterios de salud y con la finalidad de facilitar la toma de \ndecisiones responsables y cr\u00edticas acerca del uso del cannabis y sus \nderivados.<br>\n\t\t<\/li><li>\n\t\tMaterial gr\u00e1fico expuesto en los Institutos de Mijas hasta Junio de 2013<br>\n\t\t<\/li><li>\n\t\tPaneles Informativos:<\/li><\/ul>\n\n\n\n<p> <a rel=\"noreferrer noopener\" aria-label=\" (abre en una nueva pesta\u00f1a)\" href=\"https:\/\/www.mijas.es\/files\/adjuntos\/servicios_municipales\/ActividadesDrogodependencia\/panel1jpg.jpg\" target=\"_blank\">Panel 1 :Es una droga<\/a><br> <a rel=\"noreferrer noopener\" aria-label=\" (abre en una nueva pesta\u00f1a)\" href=\"https:\/\/www.mijas.es\/files\/adjuntos\/servicios_municipales\/ActividadesDrogodependencia\/panel2.jpg\" target=\"_blank\">Panel 2: Fumar porros engancha<\/a><br> <a rel=\"noreferrer noopener\" aria-label=\" (abre en una nueva pesta\u00f1a)\" href=\"https:\/\/www.mijas.es\/files\/adjuntos\/servicios_municipales\/ActividadesDrogodependencia\/panel3.jpg\" target=\"_blank\">Panel 3: Fumar porros tambi\u00e9n es fumar<\/a><br> <a href=\"https:\/\/www.mijas.es\/files\/adjuntos\/servicios_municipales\/ActividadesDrogodependencia\/panel4.jpg\" target=\"_blank\" rel=\"noreferrer noopener\" aria-label=\" (abre en una nueva pesta\u00f1a)\">Panel 4: Un porro NO es un medicamento<\/a><\/p>\n\n\n\n<figure class=\"wp-block-image is-resized\"><a href=\"http:\/\/www.mijas.es\/mijas\/UserFiles?dir=\/File\/Drogodependencia\/a7449_CARTEL_DIA_MUNDIAL_SIN_ALCOHOL_2012.pdf\"><img decoding=\"async\" src=\"https:\/\/www.mijas.es\/files\/imagen\/servicios\/drogodependencia\/drogodependencia\/a9612_DIA_MUNDIAL_SIN_ALCOHOL_2012.png\" alt=\"D\u00eda Mundial\" width=\"349\" height=\"506\"\/><\/a><\/figure>\n\n\n\n<p>\n\t&nbsp;<strong>D\u00eda Mundial Sin Alcohol<\/strong><\/p>\n\n\n\n<p>\n\tEste a\u00f1o, con motivo del D\u00eda Mundial Sin Alcohol, queremos resaltar los\n beneficios de la pr\u00e1ctica habitual del deporte como factor de \nprotecci\u00f3n directo ante los riesgos del consumo problem\u00e1tico de alcohol,\n especialmente para atrasar la edad de inicio del consumo de alcohol: \nDEPORTE 10 \/ ALCOHOL 0<\/p>\n\n\n\n<p>\n\tLas bebidas que contienen alcohol son drogas porque el alcohol es una \ndroga. Est\u00e1 demostrado que los adolescentes no deben beber alcohol , es \nuna sustancia t\u00f3xica de consecuencias directas para la salud, \nespecialmente cuando eres j\u00f3ven.<\/p>\n\n\n\n<p>\n\tEntendemos que el mensaje m\u00e1s claro que debe transmitirse a los \nadolescentes, al menos hasta los 16 a\u00f1os, es el NO consumo de alcohol. A\n partir de esa edad, en general, se inician los primeros contactos con \nel alcohol que deben ser m\u00ednimos y es a partir de este momento, cuando \nhay que educar a los adolescentes en un uso espor\u00e1dico y reducir al \nm\u00e1ximo los riesgos del abuso de esta droga.<\/p>\n\n\n\n<p>\n\tLos adolescentes que instauran en su estilo de vida la pr\u00e1ctica \nhabitual de alg\u00fan deporte, suelen participar m\u00e1s tarde del ocio nocturno\n y por lo tanto, los contactos con el alcohol se realizan a edades m\u00e1s \ntard\u00edas. El alcohol, cuanto menos y m\u00e1s tarde, mejor.<\/p>\n\n\n\n<p>\n\tEl consumo abusivo de alcohol y la manera de gestionar el tiempo libre \ndepende, por supuesto, de muchos factores y, en la medida de lo posible,\n hay que intentar potenciar aquellos que sabemos que son positivos y \nminimizar al m\u00e1ximo los que act\u00faa en perjuicio de las pautas de consumo \nde los adolescentes y los riesgos a\u00f1adidos.<\/p>\n\n\n\n<p>\n\t<strong>Mu\u00e9vete y Act\u00faa. Jornada de convivencia dirigida a j\u00f3venes para reflexionar sobre la gesti\u00f3n del tiempo libre.<\/strong><\/p>\n\n\n\n<p> M\u00e1s informaci\u00f3n : <a href=\"https:\/\/www.mijas.es\/files\/adjuntos\/servicios_municipales\/ActividadesDrogodependencia\/a523_MueveteActua.pdf\" target=\"_blank\" rel=\"noreferrer noopener\" aria-label=\" (abre en una nueva pesta\u00f1a)\">descargar pdf<\/a><\/p>\n\n\n\n<figure class=\"wp-block-image is-resized\"><img decoding=\"async\" src=\"https:\/\/www.mijas.es\/files\/imagen\/servicios\/drogodependencia\/a3516_MueveteActua.jpg\" alt=\"Muevete y actua\" width=\"427\" height=\"533\"\/><\/figure>\n\n\n\n<p>\n\t<strong>Campa\u00f1a de sensibilizaci\u00f3n ante la venta de alcohol a menores <\/strong><\/p>\n\n\n\n<figure class=\"wp-block-image is-resized\"><a href=\"http:\/\/www.mijas.es\/mijas\/UserFiles?dir=\/Image\/Drogodependencia\/a8742_cartel_amarillo_biberon.JPG\" target=\"_blank\" rel=\"noreferrer noopener\"><img decoding=\"async\" src=\"https:\/\/www.mijas.es\/files\/imagen\/servicios\/drogodependencia\/a8742_cartel_amarillo_biberon.JPG\" alt=\"Yo no vendo alcohol a menores\" width=\"406\" height=\"575\"\/><\/a><\/figure>\n\n\n\n<p>\n\t<strong>D\u00eda Mundial Sin alcohol. 15 de Noviembre.<\/strong><\/p>\n\n\n\n<figure class=\"wp-block-image is-resized\"><img decoding=\"async\" src=\"https:\/\/www.mijas.es\/files\/imagen\/servicios\/drogodependencia\/a3752_imagenDiaSinAlcohol1.jpg\" alt=\"D\u00eda sin alcohol\" width=\"406\" height=\"554\"\/><\/figure>\n","protected":false},"excerpt":{"rendered":"<p>Al inicio del curso escolar, se impulsan las acciones dirigidas al medio educativo para que el alumnado de E. Primaria y E. Secundaria participe de programas y actividades de contenido preventivo con la finalidad de evitar y\/o reducir problemas asociados al consumo de drogas, especialmente alcohol y tabaco. La educaci\u00f3n en la familia proporciona pautas [&hellip;]<\/p>\n","protected":false},"author":4,"featured_media":13852,"parent":13849,"menu_order":0,"comment_status":"closed","ping_status":"closed","template":"page-departamental.php","meta":[],"_links":{"self":[{"href":"https:\/\/www.mijas.es\/portal\/wp-json\/wp\/v2\/pages\/13940"}],"collection":[{"href":"https:\/\/www.mijas.es\/portal\/wp-json\/wp\/v2\/pages"}],"about":[{"href":"https:\/\/www.mijas.es\/portal\/wp-json\/wp\/v2\/types\/page"}],"author":[{"embeddable":true,"href":"https:\/\/www.mijas.es\/portal\/wp-json\/wp\/v2\/users\/4"}],"replies":[{"embeddable":true,"href":"https:\/\/www.mijas.es\/portal\/wp-json\/wp\/v2\/comments?post=13940"}],"version-history":[{"count":7,"href":"https:\/\/www.mijas.es\/portal\/wp-json\/wp\/v2\/pages\/13940\/revisions"}],"predecessor-version":[{"id":24221,"href":"https:\/\/www.mijas.es\/portal\/wp-json\/wp\/v2\/pages\/13940\/revisions\/24221"}],"up":[{"embeddable":true,"href":"https:\/\/www.mijas.es\/portal\/wp-json\/wp\/v2\/pages\/13849"}],"wp:featuredmedia":[{"embeddable":true,"href":"https:\/\/www.mijas.es\/portal\/wp-json\/wp\/v2\/media\/13852"}],"wp:attachment":[{"href":"https:\/\/www.mijas.es\/portal\/wp-json\/wp\/v2\/media?parent=13940"}],"curies":[{"name":"wp","href":"https:\/\/api.w.org\/{rel}","templated":true}]}}