{"id":13932,"date":"2019-03-28T10:16:40","date_gmt":"2019-03-28T10:16:40","guid":{"rendered":"http:\/\/192.168.0.42\/?page_id=13932"},"modified":"2025-04-11T06:30:22","modified_gmt":"2025-04-11T05:30:22","slug":"plan-de-playas","status":"publish","type":"page","link":"https:\/\/www.mijas.es\/portal\/playas\/plan-de-playas\/","title":{"rendered":"Plan de Playas"},"content":{"rendered":"\n<p> El Plan de Explotaci\u00f3n de los Servicios de Temporada de Playas, es un  documento de planificaci\u00f3n y gesti\u00f3n que busca el equilibrio entre la  conservaci\u00f3n de la biodiversidad litoral y la oferta de servicios a los  usuarios de las playas mije\u00f1as.<\/p>\n\n\n\n<p><strong>Ordenanza de Playas<\/strong><\/p>\n\n\n\n<ul>\n<li> Ordenanza &#8211;&nbsp;<a href=\"http:\/\/www.mijas.es\/wp-content\/uploads\/2025\/02\/Publicaci%C3%B3n%20BOPMA%20n%C2%BA%2071%20de%2012%2004%202024.pdf\" target=\"_blank\" rel=\"noreferrer noopener\">Ver<\/a><\/li>\n<\/ul>\n\n\n\n<p><strong>Plan de Playas 2023-2026<\/strong><\/p>\n\n\n\n<ul>\n<li>Resoluci\u00f3n &#8211; <a rel=\"noreferrer noopener\" href=\"https:\/\/www.mijas.es\/wp-content\/uploads\/2024\/10\/AUTO01_23_MA_0009_RESOLUCION.pdf\" data-type=\"URL\" data-id=\"https:\/\/www.mijas.es\/wp-content\/uploads\/2024\/10\/AUTO01_23_MA_0009_RESOLUCION.pdf\" target=\"_blank\">Ver<\/a> <\/li>\n\n\n\n<li>Resoluci\u00f3n Complementaria I &#8211; <a rel=\"noreferrer noopener\" href=\"http:\/\/www.mijas.es\/wp-content\/uploads\/2025\/02\/AUTO01_24_MA_0009_RESOLUCION_COM_ANEXO_I.pdf\" target=\"_blank\">Ver<\/a><\/li>\n\n\n\n<li>Resoluci\u00f3n Complementaria II &#8211; <a href=\"http:\/\/www.mijas.es\/wp-content\/uploads\/2025\/04\/AUTO01_25_MA_0009_RESOLUCION_COM2_ANEXO_I.pdf\" target=\"_blank\" rel=\"noreferrer noopener\">Ver<\/a><\/li>\n<\/ul>\n","protected":false},"excerpt":{"rendered":"<p>El Plan de Explotaci\u00f3n de los Servicios de Temporada de Playas, es un documento de planificaci\u00f3n y gesti\u00f3n que busca el equilibrio entre la conservaci\u00f3n de la biodiversidad litoral y la oferta de servicios a los usuarios de las playas mije\u00f1as. Ordenanza de Playas Plan de Playas 2023-2026<\/p>\n","protected":false},"author":4,"featured_media":13852,"parent":13928,"menu_order":0,"comment_status":"closed","ping_status":"closed","template":"page-departamental.php","meta":[],"_links":{"self":[{"href":"https:\/\/www.mijas.es\/portal\/wp-json\/wp\/v2\/pages\/13932"}],"collection":[{"href":"https:\/\/www.mijas.es\/portal\/wp-json\/wp\/v2\/pages"}],"about":[{"href":"https:\/\/www.mijas.es\/portal\/wp-json\/wp\/v2\/types\/page"}],"author":[{"embeddable":true,"href":"https:\/\/www.mijas.es\/portal\/wp-json\/wp\/v2\/users\/4"}],"replies":[{"embeddable":true,"href":"https:\/\/www.mijas.es\/portal\/wp-json\/wp\/v2\/comments?post=13932"}],"version-history":[{"count":17,"href":"https:\/\/www.mijas.es\/portal\/wp-json\/wp\/v2\/pages\/13932\/revisions"}],"predecessor-version":[{"id":60986,"href":"https:\/\/www.mijas.es\/portal\/wp-json\/wp\/v2\/pages\/13932\/revisions\/60986"}],"up":[{"embeddable":true,"href":"https:\/\/www.mijas.es\/portal\/wp-json\/wp\/v2\/pages\/13928"}],"wp:featuredmedia":[{"embeddable":true,"href":"https:\/\/www.mijas.es\/portal\/wp-json\/wp\/v2\/media\/13852"}],"wp:attachment":[{"href":"https:\/\/www.mijas.es\/portal\/wp-json\/wp\/v2\/media?parent=13932"}],"curies":[{"name":"wp","href":"https:\/\/api.w.org\/{rel}","templated":true}]}}