{"id":13928,"date":"2019-03-28T10:06:56","date_gmt":"2019-03-28T10:06:56","guid":{"rendered":"http:\/\/192.168.0.42\/?page_id=13928"},"modified":"2025-09-19T10:20:51","modified_gmt":"2025-09-19T09:20:51","slug":"playas","status":"publish","type":"page","link":"https:\/\/www.mijas.es\/portal\/playas\/","title":{"rendered":"Departamento de Playas"},"content":{"rendered":"\n<h4 class=\"wp-block-heading\">\n\tDepartamento de Playas Municipales &#8211; Contacto<\/h4>\n\n\n\n<ul>\n<li>\n\t\t<strong>Ubicaci\u00f3n: <\/strong>Nave de Servicios Operativos (La Cala)<\/li>\n\n\n\n<li>\n\t\t<strong>Tel\u00e9fono:<\/strong> 952 49 44 41<\/li>\n\n\n\n<li>\n\t\t<strong>Fax:<\/strong> 952 49 38 75<\/li>\n\n\n\n<li>\n\t\t<strong>E-mail:<\/strong> <a href=\"mailto:playas@mijas.es\">playas@mijas.es<\/a><\/li>\n<\/ul>\n\n\n\n<hr class=\"wp-block-separator has-alpha-channel-opacity\"\/>\n\n\n\n<h4 class=\"wp-block-heading\">\n\tNuestro Litoral<\/h4>\n\n\n\n<p>\n\tMijas tiene un amplio y cuidado litoral donde la combinaci\u00f3n de playa, \nnaturaleza y sol ofrece una experiencia muy agradable y especial. La \ngastronom\u00eda marinera y la hospitalidad mediterr\u00e1nea es el complemento \nideal.<\/p>\n\n\n\n<p> Las playas de Mijas lucen nueve banderas Q de Calidad Tur\u00edstica y S de Sostenibilidad Tur\u00edstica. (<a rel=\"noreferrer noopener\" href=\"https:\/\/www.mijas.es\/wp-content\/uploads\/2025\/09\/Informe%20de%20Sostenibilidad%202025.pdf\" target=\"_blank\">Ver informe de Sostenibilidad 2025<\/a>). Por otro lado existen cinco playas con la distinci\u00f3n Bandera Azul, y la Senda litoral de Mijas con la distinci\u00f3n \u00abSendero Azul\u00bb. <\/p>\n\n\n\n<p>Adem\u00e1s, el resto del litoral posee la Certificaci\u00f3n  Medio Ambiental ISO 14.001, garantiz\u00e1ndose as\u00ed, la conservaci\u00f3n de los  valores naturales de nuestra Costa. <\/p>\n\n\n\n<p>Puede consultar la Gu\u00eda de Playas en el siguiente enlace <\/p>\n\n\n\n<p><a href=\"https:\/\/www.miteco.gob.es\/es\/costas\/servicios\/guia-playas\/default.aspx\">https:\/\/www.miteco.gob.es\/es\/costas\/servicios\/guia-playas\/default.aspx<\/a> <\/p>\n\n\n\n<p>  Ponemos a su disposici\u00f3n la <a rel=\"noreferrer noopener\" href=\"https:\/\/www.mijas.es\/wp-content\/uploads\/2024\/09\/POLITICA-DEL-SISTEMA-DE-GESTION-2024.pdf\" data-type=\"URL\" data-id=\"https:\/\/www.mijas.es\/wp-content\/uploads\/2024\/09\/POLITICA-DEL-SISTEMA-DE-GESTION-2024.pdf\" target=\"_blank\">Pol\u00edtica del Sistema de Gesti\u00f3n 2024<\/a> \/ <a rel=\"noreferrer noopener\" href=\"https:\/\/www.mijas.es\/wp-content\/uploads\/2024\/09\/PROCESS-SYSTEM-POLICY.pdf\" data-type=\"URL\" data-id=\"https:\/\/www.mijas.es\/wp-content\/uploads\/2024\/09\/PROCESS-SYSTEM-POLICY.pdf\" target=\"_blank\">Process System Policy 2024<\/a>,     as\u00ed como la <a rel=\"noreferrer noopener\" href=\"https:\/\/www.mijas.es\/wp-content\/uploads\/2025\/09\/CARTA%20DE%20SERVICIOS%20ABREVIADA%202025-26.pdf\" target=\"_blank\">Carta de Servicios Abreviada  2025<\/a> <strong>\/ <\/strong><em><a href=\"https:\/\/www.mijas.es\/wp-content\/uploads\/2025\/09\/ABBREVIATED%20LIST%20OF%20SERVICES%202025-2026.pdf\" target=\"_blank\" rel=\"noreferrer noopener\">Abbreviated List of Service 2025 <\/a><\/em>de las playas de Mijas. <\/p>\n\n\n\n<p> A continuaci\u00f3n puede consultar la informaci\u00f3n sobre las caracter\u00edsticas  y servicios que ofrecen las playas del municipio, as\u00ed como la gran  riqueza medioambiental que atesora el litoral de Mijas, siendo un  compromiso de tod@s su conservaci\u00f3n para generaciones futuras.<\/p>\n\n\n\n<p><strong>VISOR CARTOGR\u00c1FICO DE PLAYAS DE MIJAS<\/strong> &#8211;&gt; <a href=\"https:\/\/www.arcgis.com\/apps\/Styler\/index.html?appid=0493605c8f444641b1eda8fcb4358b99\">Pantalla completa<\/a><\/p>\n\n\n\n<iframe width=\"900\" height=\"500\" frameborder=\"0\" scrolling=\"no\" marginheight=\"0\" marginwidth=\"0\" title=\"My Map\" src=\"https:\/\/www.arcgis.com\/apps\/Styler\/index.html?appid=0493605c8f444641b1eda8fcb4358b99&amp;lat=36.49896&amp;lon=-4.67635&amp;zoom=14\"><\/iframe>\n\n\n\n<style> \ntable {\n           width:100%;\n       }\n<\/style>\n<table class=\"wp-block-table\" border=\"1\" bordercolor=\"#DFDFDF\"><tbody><tr><td> <strong>Zona Calahonda<\/strong> <br><a rel=\"noreferrer noopener\" href=\"https:\/\/www.mijas.es\/files\/adjuntos\/Playas\/carteleria2018\/1_Playa_de_Calahonda-LaLuna-RoyalBeach.pdf\" target=\"_blank\">Playa La Luna &#8211; Royal Beach<\/a><br> <a rel=\"noreferrer noopener\" href=\"https:\/\/www.mijas.es\/files\/adjuntos\/Playas\/carteleria2018\/2_Playa_de_Calahonda-Alhamar.pdf\" target=\"_blank\">Playa Alhamar<\/a> <br><a rel=\"noreferrer noopener\" href=\"https:\/\/www.mijas.es\/files\/adjuntos\/Playas\/carteleria2018\/3_Playa_de_Calahonda.pdf\" target=\"_blank\">Playa de Calahonda<\/a> <br><a rel=\"noreferrer noopener\" href=\"https:\/\/www.mijas.es\/files\/adjuntos\/Playas\/carteleria2018\/4_Playa_de_Calahonda-Alcasur.pdf\" target=\"_blank\">Playa Alcasur<\/a> <br><a rel=\"noreferrer noopener\" href=\"https:\/\/www.mijas.es\/files\/adjuntos\/Playas\/carteleria2018\/5_Playa_de_Calahonda-Riviera.pdf\" target=\"_blank\">Playa Riviera<\/a> <br><a rel=\"noreferrer noopener\" href=\"https:\/\/www.mijas.es\/files\/adjuntos\/Playas\/carteleria2018\/6_Playa_de_Calahonda-RocasdelMar.pdf\" target=\"_blank\">Playa Rocas del Mar<\/a> <br><br><strong>Zona La Cala<\/strong> <br><a rel=\"noreferrer noopener\" href=\"https:\/\/www.mijas.es\/files\/adjuntos\/Playas\/carteleria2018\/7_Playa_El_Bombo.pdf\" target=\"_blank\">Playa El Bombo<\/a> <br><a rel=\"noreferrer noopener\" href=\"https:\/\/www.mijas.es\/files\/adjuntos\/Playas\/carteleria2018\/8_Playa_de_la_Cala.pdf\" target=\"_blank\">Playa de La Cala<\/a> <br><a rel=\"noreferrer noopener\" href=\"https:\/\/www.mijas.es\/files\/adjuntos\/Playas\/carteleria2018\/9_Playa_Las_Doradas.pdf\" target=\"_blank\">Playa Las Doradas<\/a> <br><a rel=\"noreferrer noopener\" href=\"https:\/\/www.mijas.es\/files\/adjuntos\/Playas\/carteleria2018\/10_Playa_el_Chaparral.pdf\" target=\"_blank\">Playa El Chaparral<\/a> <br><br><strong>Playas Del Charc\u00f3n<\/strong> <br><a rel=\"noreferrer noopener\" href=\"https:\/\/www.mijas.es\/files\/adjuntos\/Playas\/carteleria2018\/11_Playa_del_Charcon-Playamarina.pdf\" target=\"_blank\">Playamarina&nbsp;(Nudista)<\/a> <br><a rel=\"noreferrer noopener\" href=\"https:\/\/www.mijas.es\/files\/adjuntos\/Playas\/carteleria2018\/12_Playa_del_Charcon.pdf\" target=\"_blank\">Playa El Charc\u00f3n<\/a> <br><strong>Otras Playas<\/strong> <br><a rel=\"noreferrer noopener\" href=\"https:\/\/www.mijas.es\/files\/adjuntos\/Playas\/carteleria2018\/13_Playa_del_Faro.pdf\" target=\"_blank\">Playa Del Faro<\/a> <br><a rel=\"noreferrer noopener\" href=\"https:\/\/www.mijas.es\/files\/adjuntos\/Playas\/carteleria2018\/14_Playa_Piedras_del_Cura.pdf\" target=\"_blank\">Playa Piedra del Cura<\/a> <br><a rel=\"noreferrer noopener\" href=\"https:\/\/www.mijas.es\/files\/adjuntos\/Playas\/carteleria2018\/15_Playa_El_Ejido.pdf\" target=\"_blank\">Playa El Ejido<\/a> <\/td><td> <strong>Biodiversidad Litoral<\/strong><br> <a rel=\"noreferrer noopener\" href=\"https:\/\/www.mijas.es\/files\/adjuntos\/Playas\/Biodiversidad2015\/carteles Especies Protegidas.pdf\" target=\"_blank\">Especies protegidas<\/a> <br><a rel=\"noreferrer noopener\" href=\"https:\/\/www.mijas.es\/files\/adjuntos\/Playas\/Biodiversidad2015\/mesa interpretativa Arenales Costeros.pdf\" target=\"_blank\">Arenales Costeros<\/a> <br><a rel=\"noreferrer noopener\" href=\"https:\/\/www.mijas.es\/files\/adjuntos\/Playas\/Biodiversidad2015\/mesa interpretativa Cabos Rocosos.pdf\" target=\"_blank\">Cabos Rocosos<\/a> <br><a rel=\"noreferrer noopener\" href=\"https:\/\/www.mijas.es\/files\/adjuntos\/Playas\/Biodiversidad2015\/mesa interpretativa Cet\u00e1ceos en el Mar de Albor\u00e1n.pdf\" target=\"_blank\">Cet\u00e1ceos en el Mar de Albor\u00e1n<\/a> <br><a rel=\"noreferrer noopener\" href=\"https:\/\/www.mijas.es\/files\/adjuntos\/Playas\/Biodiversidad2015\/mesa interpretativa Charcas Intermareales.pdf\" target=\"_blank\">Charcas Intermareales<\/a> <br><a rel=\"noreferrer noopener\" href=\"https:\/\/www.mijas.es\/files\/adjuntos\/Playas\/Biodiversidad2015\/mesa interpretativa Cursos Fluviales.pdf\" target=\"_blank\">Cursos Fluviales<\/a> <br><a rel=\"noreferrer noopener\" href=\"https:\/\/www.mijas.es\/files\/adjuntos\/Playas\/Biodiversidad2015\/mesa interpretativa Dunas Mediterr\u00e1neas.pdf\" target=\"_blank\">Dunas Mediterr\u00e1neas<\/a> <br><a rel=\"noreferrer noopener\" href=\"https:\/\/www.mijas.es\/files\/adjuntos\/Playas\/Biodiversidad2015\/mesa interpretativa Enclaves Ornitol\u00f3gicos.pdf\" target=\"_blank\">Enclaves Ornitol\u00f3gicos<\/a> <br><a rel=\"noreferrer noopener\" href=\"https:\/\/www.mijas.es\/files\/adjuntos\/Playas\/Biodiversidad2015\/mesa interpretativa Praderas de Faner\u00f3gamas Marinas.pdf\" target=\"_blank\">Praderas de Faner\u00f3gamas Marinas<\/a> <\/td><\/tr><\/tbody><\/table>\n","protected":false},"excerpt":{"rendered":"<p>Departamento de Playas Municipales &#8211; Contacto Nuestro Litoral Mijas tiene un amplio y cuidado litoral donde la combinaci\u00f3n de playa, naturaleza y sol ofrece una experiencia muy agradable y especial. La gastronom\u00eda marinera y la hospitalidad mediterr\u00e1nea es el complemento ideal. Las playas de Mijas lucen nueve banderas Q de Calidad Tur\u00edstica y S de [&hellip;]<\/p>\n","protected":false},"author":4,"featured_media":13852,"parent":0,"menu_order":0,"comment_status":"closed","ping_status":"closed","template":"page-departamental.php","meta":[],"_links":{"self":[{"href":"https:\/\/www.mijas.es\/portal\/wp-json\/wp\/v2\/pages\/13928"}],"collection":[{"href":"https:\/\/www.mijas.es\/portal\/wp-json\/wp\/v2\/pages"}],"about":[{"href":"https:\/\/www.mijas.es\/portal\/wp-json\/wp\/v2\/types\/page"}],"author":[{"embeddable":true,"href":"https:\/\/www.mijas.es\/portal\/wp-json\/wp\/v2\/users\/4"}],"replies":[{"embeddable":true,"href":"https:\/\/www.mijas.es\/portal\/wp-json\/wp\/v2\/comments?post=13928"}],"version-history":[{"count":34,"href":"https:\/\/www.mijas.es\/portal\/wp-json\/wp\/v2\/pages\/13928\/revisions"}],"predecessor-version":[{"id":62175,"href":"https:\/\/www.mijas.es\/portal\/wp-json\/wp\/v2\/pages\/13928\/revisions\/62175"}],"wp:featuredmedia":[{"embeddable":true,"href":"https:\/\/www.mijas.es\/portal\/wp-json\/wp\/v2\/media\/13852"}],"wp:attachment":[{"href":"https:\/\/www.mijas.es\/portal\/wp-json\/wp\/v2\/media?parent=13928"}],"curies":[{"name":"wp","href":"https:\/\/api.w.org\/{rel}","templated":true}]}}