{"id":13925,"date":"2019-03-28T09:59:46","date_gmt":"2019-03-28T09:59:46","guid":{"rendered":"http:\/\/192.168.0.42\/?page_id=13925"},"modified":"2025-10-02T09:26:38","modified_gmt":"2025-10-02T08:26:38","slug":"mercado-venta-ambulante","status":"publish","type":"page","link":"https:\/\/www.mijas.es\/portal\/mercado-venta-ambulante\/","title":{"rendered":"Mercado y Venta Ambulante"},"content":{"rendered":"\n<p><strong>Ordenanzas Reguladoras:<\/strong><\/p>\n\n\n\n<ul>\n<li>Del Comercio Ambulante &#8211; <a href=\"https:\/\/www.mijas.es\/wp-content\/uploads\/2022\/03\/ORDENANZA%20VENTA%20AMBULANTE.pdf\" target=\"_blank\" rel=\"noreferrer noopener\">Ver<\/a><\/li>\n\n\n\n<li>Art\u00edculos Usados &#8211; <a href=\"https:\/\/www.mijas.es\/wp-content\/uploads\/2022\/03\/ORDENANZA%20ARTICULOS%20USADOS.pdf\" target=\"_blank\" rel=\"noreferrer noopener\">Ver<\/a><\/li>\n\n\n\n<li>Mercado Municipal de Abastos &#8211; <a rel=\"noreferrer noopener\" href=\"https:\/\/www.mijas.es\/wp-content\/uploads\/2022\/03\/ORDENANZA%20MERCADO%20DE%20ABASTOS.pdf\" target=\"_blank\">Ver<\/a><\/li>\n<\/ul>\n\n\n\n<hr class=\"wp-block-separator has-alpha-channel-opacity\"\/>\n\n\n\n<p class=\"has-text-align-center\">Anuncio Sorteo Mercadillos para el Pr\u00f3ximo D\u00eda 26\/09\/2024 a las 11:00 Horas &#8211; <a rel=\"noreferrer noopener\" href=\"https:\/\/www.mijas.es\/wp-content\/uploads\/2024\/09\/ANUNCIO_SORTEO_MERCADILLOS_2024_reg.pdf\" data-type=\"URL\" data-id=\"https:\/\/www.mijas.es\/wp-content\/uploads\/2024\/09\/ANUNCIO_SORTEO_MERCADILLOS_2024_reg.pdf\" target=\"_blank\">Descargar<\/a><\/p>\n\n\n\n<hr class=\"wp-block-separator has-alpha-channel-opacity\"\/>\n\n\n\n<ul>\n<li>Bases de la convocatoria de adjudicaci\u00f3n de autorizaciones para la instalaci\u00f3n de puestos de venta ambulante en Las Lagunas y Calypso &#8211; <a rel=\"noreferrer noopener\" href=\"https:\/\/www.mijas.es\/wp-content\/uploads\/2025\/07\/20250707_Otros_BASES%20CONVOCATORIA%20VENTA%20AMBULANTE%20PUBLICADAS%20BOP.pdf\" target=\"_blank\">Descargar<\/a><\/li>\n\n\n\n<li>Listado de admitidos y excluidos en la convocatoria para la adjudicaci\u00f3n de autorizaciones para la instalaci\u00f3n de puestos de venta ambulante &#8211; <a rel=\"noreferrer noopener\" href=\"https:\/\/www.mijas.es\/wp-content\/uploads\/2025\/09\/LISTA%20DEFINITIVA%20ADMITIDOS%20E%20INFORME%20VALORACION%20220825.pdf\" target=\"_blank\">Descargar<\/a><\/li>\n\n\n\n<li>Listado definitivo de admitidos y excluidos en la convocatoria para la adjudicaci\u00f3n de autorizaciones para la instalaci\u00f3n de puestos de venta ambulante &#8211; <a rel=\"noreferrer noopener\" href=\"https:\/\/www.mijas.es\/wp-content\/uploads\/2025\/10\/LISTA%20DEFINITIVA%20ADJUDICATARIOS%20VENTA%20AMBULANTE%202025.pdf\" target=\"_blank\">Descargar<\/a><\/li>\n<\/ul>\n\n\n\n<hr class=\"wp-block-separator has-alpha-channel-opacity\"\/>\n\n\n\n<ul>\n<li>Listado de admitidos y excluidos en la convocatoria para la adjudicaci\u00f3n de autorizaciones para la instalaci\u00f3n de puestos de art\u00edculos usados &#8211; <a rel=\"noreferrer noopener\" href=\"https:\/\/www.mijas.es\/wp-content\/uploads\/2025\/09\/LISTA%20DEFINITIVA%20ADMITIDOS%20E%20INFORME%20VALORACION_U%20220825.pdf\" target=\"_blank\">Descargar<\/a><\/li>\n\n\n\n<li>Listado definitivo de admitidos y excluidos en la convocatoria para la adjudicaci\u00f3n de autorizaciones para la instalaci\u00f3n de puestos de art\u00edculos usados &#8211; <a href=\"https:\/\/www.mijas.es\/wp-content\/uploads\/2025\/10\/LISTA%20DEFINITIVA%20ADJUDICATARIOS%20ARTICULOS%20USADOS%202025.pdf\" target=\"_blank\" rel=\"noreferrer noopener\">Descargar<\/a><\/li>\n<\/ul>\n\n\n\n<hr class=\"wp-block-separator has-alpha-channel-opacity\"\/>\n\n\n\n<ul>\n<li>Bases de convocatoria para la adjudicaci\u00f3n de licencias de venta de art\u00edculos usados en los mercados de Calypso y Las Lagunas &#8211; <a rel=\"noreferrer noopener\" href=\"https:\/\/www.mijas.es\/wp-content\/uploads\/2025\/07\/20250704_Otros_EDICTO%20BOP%20BASES%20VENTA%20ARTICULOS%20USADOS%20LAS%20LAGUNAS%20CALYPSO.pdf\" target=\"_blank\">Descargar<\/a><\/li>\n\n\n\n<li>Bases para la convocatoria de vacantes en el Mercadillo de Las Lagunas para la Venta de Art\u00edculos Usados (domingos) y en el Mercadillo de Calypso para la Venta de Art\u00edculos Usados (domingos). Plazo de solicitudes, desde el 6 de junio de 2024, hasta el 5 de julio de 2024, ambos inclusive. &#8211; <a rel=\"noreferrer noopener\" href=\"https:\/\/www.mijas.es\/wp-content\/uploads\/2024\/06\/BASES-ARTICULOS-USADOS-2024.pdf\" data-type=\"URL\" data-id=\"https:\/\/www.mijas.es\/wp-content\/uploads\/2024\/06\/BASES-ARTICULOS-USADOS-2024.pdf\" target=\"_blank\">Descargar<\/a><\/li>\n<\/ul>\n\n\n\n<ul>\n<li>Solicitudes admitidas con informe de valoraci\u00f3n para la convocatoria de vacantes en el Mercadillo de Las Lagunas para la Venta de Art\u00edculos Usados (domingos) y en el Mercadillo de Calypso para la Venta de Art\u00edculos Usados (domingos).&nbsp; \u2013 <a href=\"https:\/\/www.mijas.es\/wp-content\/uploads\/2024\/07\/LISTA-DEFINITIVA-ADMITIDOS-E-INFORME-VALORACION-160724_reg.pdf\">Descargar<\/a><\/li>\n<\/ul>\n\n\n\n<ul>\n<li>Lista de definitiva de adjudicatarios de autorizaciones para la convocatoria de vacantes en el Mercadillo de Las Lagunas para la Venta de Art\u00edculos Usados (domingos) y en el Mercadillo de Calypso para la Venta de Art\u00edculos Usados (domingos).&nbsp; \u2013 <a href=\"https:\/\/www.mijas.es\/wp-content\/uploads\/2024\/10\/LISTA_DEFINITIVA_ADJUDICATARIOS_ARTICULOS_USADOS_2024_reg.pdf\" data-type=\"URL\" data-id=\"https:\/\/www.mijas.es\/wp-content\/uploads\/2024\/10\/LISTA_DEFINITIVA_ADJUDICATARIOS_ARTICULOS_USADOS_2024_reg.pdf\" target=\"_blank\" rel=\"noreferrer noopener\">Descargar<\/a><\/li>\n<\/ul>\n\n\n\n<hr class=\"wp-block-separator has-alpha-channel-opacity\"\/>\n\n\n\n<ul>\n<li>Bases para la convocatoria de vacantes en el Mercadillo de Las Lagunas para la Venta Ambulante (s\u00e1bados) y en el Mercadillo de Calypso para la Venta Ambulante (jueves). Plazo de solicitudes, desde el 6 de junio de 2024, hasta el 17 de julio de 2024, ambos inclusive. &#8211; <a rel=\"noreferrer noopener\" href=\"https:\/\/www.mijas.es\/wp-content\/uploads\/2024\/06\/BASES-VENTA-AMBULANTE-2024.pdf\" data-type=\"URL\" data-id=\"https:\/\/www.mijas.es\/wp-content\/uploads\/2024\/06\/BASES-VENTA-AMBULANTE-2024.pdf\" target=\"_blank\">Descargar<\/a><\/li>\n<\/ul>\n\n\n\n<ul>\n<li>Solicitudes admitidas con informe de valoraci\u00f3n para la convocatoria de vacantes en el Mercadillo de Las Lagunas para la Venta Ambulante (s\u00e1bados) y en el Mercadillo de Calypso para la Venta Ambulante (jueves). &#8211; <a href=\"https:\/\/www.mijas.es\/wp-content\/uploads\/2024\/08\/LISTA-DEFINITIVA-ADMITIDOS-E-INFORME-VALORACION-020824_reg.pdf\">Descargar<\/a><\/li>\n<\/ul>\n\n\n\n<ul>\n<li>Lista de definitiva de adjudicatarios de autorizaciones para la convocatoria de vacantes en el Mercadillo de Las Lagunas para la Venta Ambulante (s\u00e1bados) y en el Mercadillo de Calypso para la Venta Ambulante (jueves). &#8211; <a href=\"https:\/\/www.mijas.es\/wp-content\/uploads\/2024\/10\/LISTA_DEFINITIVA_ADJUDICATARIOS_VENTA_AMBULANTE_2024_reg.pdf\" data-type=\"URL\" data-id=\"https:\/\/www.mijas.es\/wp-content\/uploads\/2024\/10\/LISTA_DEFINITIVA_ADJUDICATARIOS_VENTA_AMBULANTE_2024_reg.pdf\" target=\"_blank\" rel=\"noreferrer noopener\">Descargar<\/a><\/li>\n<\/ul>\n\n\n\n<hr class=\"wp-block-separator has-alpha-channel-opacity\"\/>\n\n\n\n<p>Bases para la convocatoria de adjudicaci\u00f3n de autorizaciones para la instalaci\u00f3n de puestos de venta ambulante en el Mercadillo de Las Lagunas (s\u00e1bados) &#8211; <a rel=\"noreferrer noopener\" href=\"https:\/\/www.mijas.es\/wp-content\/uploads\/2023\/05\/BASES%20MERCADILLO%20LAS%20LAGUNAS%20VENTA%20AMBULANTE.pdf\" target=\"_blank\">Descargar<\/a><\/p>\n\n\n\n<hr class=\"wp-block-separator has-css-opacity\"\/>\n\n\n\n<p>Listado de Admitidos y Excluidos en la Convocatoria para la Instalaci\u00f3n de Puestos de Venta Ambulante en el Mercadillo de Las Lagunas (S\u00e1bado) &#8211; <a href=\"https:\/\/www.mijas.es\/wp-content\/uploads\/2023\/07\/LISTA%20DEFINITIVA%20LAS%20LAGUNAS%202023%20E%20INFORME%20VALORACION_reg.pdf\" target=\"_blank\" rel=\"noreferrer noopener\">Descargar<\/a><\/p>\n\n\n\n<hr class=\"wp-block-separator has-alpha-channel-opacity\"\/>\n\n\n\n<p>Bases para la convocatoria de vacantes en el Mercadillo de Las Lagunas para la Venta de Art\u00edculos Usados (domingo) y en el Mercadillo de Calypso para la Venta de art\u00edculos Usados (domingo). Plazo de solicitudes por 30 d\u00edas NATURALES, desde el 17 de mayo de 2023, hasta el 15 de junio de 2023, ambos inclusive. &#8211; <a rel=\"noreferrer noopener\" href=\"https:\/\/www.mijas.es\/wp-content\/uploads\/2023\/05\/BASES%20ARTICULOS%20USADOS%20PUBLICADAS.pdf\" target=\"_blank\">Descargar<\/a><\/p>\n\n\n\n<p>Listado de Admitidos y Excluidos en la Convocatoria para la Instalaci\u00f3n de Puestos para la Venta de Art\u00edculos Usados en Recinto Ferial de Las Lagunas y Calypso &#8211; <a rel=\"noreferrer noopener\" href=\"https:\/\/www.mijas.es\/wp-content\/uploads\/2023\/07\/LISTA%20DEFINITIVA%20DE%20ARTICULOS%20USADOS%202023%20E%20INFORME%20VALORACION_reg.pdf\" target=\"_blank\">Descargar<\/a><\/p>\n\n\n\n<p>Anuncio de la comisi\u00f3n t\u00e9cnica de valoraci\u00f3n (art\u00edculos usados, Las Lagunas y Calypso) &#8211; <a rel=\"noreferrer noopener\" href=\"https:\/\/www.mijas.es\/wp-content\/uploads\/2023\/08\/ANUNCIO-mercadillos-SORTEO-USADOS-2023_reg.pdf\" data-type=\"URL\" data-id=\"https:\/\/www.mijas.es\/wp-content\/uploads\/2023\/08\/ANUNCIO-mercadillos-SORTEO-USADOS-2023_reg.pdf\" target=\"_blank\">Ver documento<\/a><\/p>\n\n\n\n<p>Lista definitiva de adjudicatarios autorizaciones puestos de venta de art\u00edculos usados Las Lagunas y Calypso &#8211; <a href=\"https:\/\/www.mijas.es\/wp-content\/uploads\/2023\/08\/LISTA-DEFINITIVA-ADJUDICATARIOS-ARTICULOS-USADOS-2023_reg.pdf\" data-type=\"URL\" data-id=\"https:\/\/www.mijas.es\/wp-content\/uploads\/2023\/08\/LISTA-DEFINITIVA-ADJUDICATARIOS-ARTICULOS-USADOS-2023_reg.pdf\" target=\"_blank\" rel=\"noreferrer noopener\">Descargar<\/a><\/p>\n\n\n\n<hr class=\"wp-block-separator has-alpha-channel-opacity\"\/>\n\n\n\n<p>Bases Para La Convocatoria De Adjudicacion De Autorizaciones Para La Venta Ambulante Y Para La Venta De Articulos Usados:<\/p>\n\n\n\n<ul>\n<li>Edicto Articulos Usados &#8211; <a href=\"https:\/\/www.mijas.es\/wp-content\/uploads\/2022\/06\/EDICTO%20ARTICULOS%20USADOS%2017%20JUNIO.pdf\" target=\"_blank\" rel=\"noreferrer noopener\">Descargar<\/a><\/li>\n\n\n\n<li>Edicto Venta Ambulante &#8211; <a href=\"https:\/\/www.mijas.es\/wp-content\/uploads\/2022\/06\/EDICTO%20VENTA%20AMBULANTE%2017%20JUNIO.pdf\" target=\"_blank\" rel=\"noreferrer noopener\">Descargar<\/a><\/li>\n<\/ul>\n\n\n\n<p>Lista Provisional De Admitidos Y Excluidos En La Convocatoria Para La Adjudicacion De Autorizaciones Para La Instalacion De Puestos Para La Venta De Articulos Usados En Poligono San Rafael &#8211; <a rel=\"noreferrer noopener\" href=\"https:\/\/www.mijas.es\/wp-content\/uploads\/2022\/09\/LISTA%20PROVISIONAL%20ARTICULOS%20USADOS%202022.pdf\" target=\"_blank\">Descargar<\/a><\/p>\n\n\n\n<p>Lista Definitiva De Admitidos Y Excluidos En La Convocatoria Para La Adjudicacion De Autorizaciones Para La Instalacion De Puestos Para La Venta De Articulos Usados En Poligono San Rafael &#8211; <a href=\"https:\/\/www.mijas.es\/wp-content\/uploads\/2022\/10\/LISTA%20DEFINITIVA%20DE%20ARTICULOS%20USADOS%202022%20E%20INFORME%20VALORACION.pdf\" target=\"_blank\" rel=\"noreferrer noopener\">Descargar<\/a> <\/p>\n\n\n\n<p>Lista Provisional De Admitidos Y Excluidos En La Convocatoria Para La Adjudicacion De Autorizaciones Para La Instalacion De Puestos De Venta Ambulante En El Municipio De Mijas, En El Mercadillo De Las Lagunas (S\u00e1bado) Y En El Mercadillos De La Cala (S\u00e1bado) &#8211; <a href=\"https:\/\/www.mijas.es\/wp-content\/uploads\/2022\/09\/LISTA%20PROVISIONAL%20MERCADILLOS%202022.pdf\" target=\"_blank\" rel=\"noreferrer noopener\">Descargar<\/a><\/p>\n\n\n\n<p>Lista Definitiva De Admitidos Y Excluidos En La Convocatoria Para La Adjudicacion De Autorizaciones Para La Instalacion De Puestos De Venta Ambulante En El Municipio De Mijas, En El Mercadillo De Las Lagunas (S\u00e1bado) Y En El Mercadillos De La Cala (S\u00e1bado) &#8211; <a rel=\"noreferrer noopener\" href=\"https:\/\/www.mijas.es\/wp-content\/uploads\/2022\/10\/LISTA%20DEFINITIVA%20MERCADILLOS%202022%20E%20INFORME%20VALORACION.pdf\" target=\"_blank\">Descargar<\/a> <\/p>\n\n\n\n<p>Anuncio de la Comisi\u00f3n T\u00e9cnica de Valoraci\u00f3n para la venta de art\u00edculos usados. &#8211; <a href=\"https:\/\/www.mijas.es\/wp-content\/uploads\/2022\/11\/ANUNCIO%20SORTEO%20USADOS%202022.pdf\" target=\"_blank\" rel=\"noreferrer noopener\">Descargar<\/a><\/p>\n\n\n\n<p>Lista Definitiva de Adjudicatarios para la venta ambulante. &#8211; <a rel=\"noreferrer noopener\" href=\"https:\/\/www.mijas.es\/wp-content\/uploads\/2022\/11\/LISTA%20DEFINITIVA%20ADJUDICATARIOS%20MERCADILLOS%202022.pdf\" target=\"_blank\">Descargar<\/a><\/p>\n\n\n\n<p>Lista Definitiva de Adjudicatarios (venta art\u00edculos usados) &#8211; <a href=\"https:\/\/www.mijas.es\/wp-content\/uploads\/2022\/11\/LISTA%20DEFINITIVA%20ADJUDICATARIOS%20ARTICULOS%20USADOS%202022.pdf\" target=\"_blank\" rel=\"noreferrer noopener\">Descargar<\/a><\/p>\n\n\n\n<hr class=\"wp-block-separator has-css-opacity\"\/>\n\n\n\n<p>Anuncio por el que se hace p\u00fablico el Borrador de Anteproyecto de Ordenanza Reguladora del Mercado de Abastos en el T\u00e9rmino Municipal de Mijas, a efectos de audiencia publica para que en el plazo 20 d\u00edas naturales los interesados y personas potencialmente afectadas puedan aportar su opini\u00f3n sobre la redacci\u00f3n inicial de dicha disposici\u00f3n.<\/p>\n\n\n\n<p><a href=\"https:\/\/www.mijas.es\/wp-content\/uploads\/2021\/05\/PROYECTO%20ORDENANZAS%20MERCADO%20MUNICIPAL%20DE%20ABASTOS%2026-05-2021.pdf\" target=\"_blank\" rel=\"noreferrer noopener\">Documento<\/a><\/p>\n\n\n\n<p> Actualizaci\u00f3n de medidas  a adoptar para la actividad de comercio ambulante en el Municipio de Mijas &#8211; <a href=\"http:\/\/www.mijas.es\/wp-content\/uploads\/2020\/11\/COMUNICACION%20MEDIDAS%20COMERCIO%20AMBULANTE%20SITUACION%20SANITARIA%20101120.pdf\">Descargar<\/a><\/p>\n\n\n\n<p>\nAnuncio por el que se pone en general conocimiento que en fecha \n10\/02\/2020 se constituye la Comisi\u00f3n T\u00e9cnica de Valoraci\u00f3n para las \nadjudicaciones de autorizaciones de puestos vacantes para la venta de \nart\u00edculos usados en el municipio de Mijas, en Pol\u00edgono San Rafael de Las \nLagunas (Mijas Costa) y Urbanizaci\u00f3n Calypso (Mijas Costa), seg\u00fan lo \ndispuesto en el art\u00edculo 7 de las Bases aprobadas por acuerdo de la \nJunta de Gobierno Local de fecha 30\/12\/2019, publicadas en el Bolet\u00edn de \nOficial de la Provincia n\u00ba 24 de fecha 05\/02\/2020, a los efectos de que \npor parte de los interesados se pueda recusar a sus componentes en los \nt\u00e9rminos y casos previstos en el art\u00edculo 24 de la Ley 40\/2015, de 01 de \noctubre, de R\u00e9gimen Jur\u00eddico del Sector P\u00fablico, quedando dicha comisi\u00f3n \nconstituida con la siguiente composici\u00f3n:\n<br><br>&#8211; Presidenta: Sra. D\u00aa. Gretel Ver\u00f3nica Ensberg Frigerio. Concejala \nDelegada de Mercadillos.\n<br><br>&#8211; Vocales: Sr. D. Mois\u00e9s Garc\u00eda Burgos. Responsable de Mercadillos.\n<br><br>&nbsp;&nbsp;&nbsp;&nbsp;&nbsp;&nbsp;&nbsp;&nbsp;&nbsp;&nbsp;&nbsp;&nbsp;&nbsp;&nbsp;&nbsp;&nbsp;&nbsp; Sr. D. Antonio Aragon\u00e9s Romero. Funcionario Municipal.\n<br><br>&#8211; Secretario: Sr. D. Miguel \u00c1ngel Barba Garc\u00eda. Funcionario Municipal.\n\n<\/p>\n\n\n\n<p>Anuncio de apertura de plazo de solicitudes para la  adjudicaci\u00f3n de licencias vacantes en los mercados de art\u00edculos usados en el municipio siendo&nbsp;este del d\u00eda 06\/02\/2020 al 06\/03\/2020 ambos  inclusive &#8211; <a href=\"http:\/\/www.mijas.es\/files\/adjuntos\/mercadillos\/BASES%20ARTICULOS%20USADOS%20PUBLICADAS%20BOLETIN%20050220.pdf\">Descargar<\/a> (PDF)<\/p>\n\n\n\n<p>Audiencia para aportaciones  adicionales a la redaccion de&nbsp; la Ordenanza Reguladora de la Venta  Ambulante, modalidad Mercadillos &#8211; <a href=\"http:\/\/www.mijas.es\/files\/adjuntos\/mercadillos\/BORRADOR%20ANTEPROYECTO%20DEFINITIVO%20ORDENANZAS%20DE%20VENTA%20AMBULANTE%2007-11-2019.pdf\">Descargar<\/a> (PDF)<\/p>\n\n\n\n<p>Acta celebraci\u00f3n sorteo mercadillo art\u00edculos usados:<\/p>\n\n\n\n<ul>\n<li>Las Lagunas &#8211; <a href=\"http:\/\/www.mijas.es\/files\/adjuntos\/mercadillos\/2018\/ACTA%20CELEBRACION%20SORTEO%20MERCADILLO%20ARTICULOS%20USADOS%20LAS%20LAGUNAS%20051119.pdf\">ver documento<\/a><\/li>\n\n\n\n<li>Calypso &#8211; <a href=\"http:\/\/www.mijas.es\/files\/adjuntos\/mercadillos\/2018\/ACTA%20CELEBRACION%20SORTEO%20MERCADILLO%20ARTICULOS%20USADOS%20CALYPSO%20041119.pdf\">ver documento<\/a><\/li>\n<\/ul>\n\n\n\n<p>Anuncio de  consulta p\u00fablica previo a la elaboraci\u00f3n del proyecto de Ordenanza  Municipal de Comercio Ambulante modalidad Mercadillos  &#8211; <a href=\"http:\/\/www.mijas.es\/files\/adjuntos\/mercadillos\/2018\/ANUNCIO%20CONSULTAS%20ORDENANZAS%20FDA.pdf\">Descargar<\/a> (PDF)<\/p>\n\n\n\n<p>Circular  cambio de emplazamiento del Mercadillo de Las Lagunas &#8211; <a href=\"http:\/\/www.mijas.es\/files\/adjuntos\/mercadillos\/CIRCULAR%20TRASLADO%20LAS%20LAGUNAS%202019%20FDA%20-.pdf\">Descargar<\/a> (PDF)<\/p>\n\n\n\n<p>\n\tCircular Licencias Municipales para la Venta Ambulante &#8211; <a href=\"https:\/\/www.mijas.es\/files\/adjuntos\/circular_renovacion_FIRMADA_CONCEJALA.pdf\">Descargar<\/a> (PDF)<\/p>\n\n\n\n<p> Listado de admitidos y excluidos para los Mercadillos de Segunda Mano de Las Lagunas y Calypso &#8211; <a href=\"https:\/\/www.mijas.es\/files\/adjuntos\/mercadillos\/2018\/2acta_firmada_escaneada_20-11-18.pdf\" target=\"_blank\" rel=\"noreferrer noopener\" aria-label=\" (abre en una nueva pesta\u00f1a)\">Descargar <\/a>(PDF)<\/p>\n\n\n\n<p>\n\tListado provisional de admitidos y excluidos Rastro Segunda Mano &#8211; <a href=\"https:\/\/www.mijas.es\/files\/adjuntos\/servicios_municipales\/LISTADO_SEGUNDA_MANO.pdf\" target=\"_blank\" rel=\"noreferrer noopener\">Descargar<\/a> (PDF)<\/p>\n\n\n\n<p>\n\tActa de celebraci\u00f3n del sorteo a puestos vacantes mercadillo de Las Lagunas &#8211; <a href=\"https:\/\/www.mijas.es\/files\/adjuntos\/mercadillos\/2018\/20180320141907225.pdf\" target=\"_blank\" rel=\"noreferrer noopener\">Descargar<\/a> (PDF)<\/p>\n\n\n\n<hr class=\"wp-block-separator has-css-opacity\"\/>\n\n\n\n<p>\n\tHabi\u00e9ndose redactado el texto de La Ordenanza Reguladora de la Venta \nAmbulante en el t\u00e9rmino Municipal de Mijas, (en su modalidad de \nmercadillos), en tr\u00e1mites de aprobaci\u00f3n, a fin de incorporar \ndeterminados criterios indicados por la Junta de Andaluc\u00eda, se hace \np\u00fablico su contenido a los efectos previstos en el Articulo 133.2 de la \nLey 39\/2015, se\u00f1al\u00e1ndose un plazo de diez d\u00edas de audiencia y recepci\u00f3n \nde aportaciones por los interesados.<\/p>\n\n\n\n<ul>\n<li>\n\t\tAnteproyecto &#8211; <a href=\"https:\/\/www.mijas.es\/files\/adjuntos\/mercadillos\/ANTEPROYECTO_DE_LA_ORDENANZA_REGULADORA_DE_LA_VENTA_AMBULANTE_EN_EL_TERMINO_MUNICIPAL_DE_MIJAS.pdf\" target=\"_blank\" rel=\"noreferrer noopener\">Descargar<\/a> (PDF)<\/li>\n<\/ul>\n\n\n\n<ul>\n<li>\n\t\tCartograf\u00eda Las Lagunas &#8211; <a href=\"https:\/\/www.mijas.es\/files\/adjuntos\/mercadillos\/1_Avda__Maria_Zambrano_-_Cartografia-LAS_LAGUNAS.pdf\" target=\"_blank\" rel=\"noreferrer noopener\">Descargar<\/a> (PDF)<\/li>\n\n\n\n<li>\n\t\tOrtofoto Las Lagunas &#8211; <a href=\"https:\/\/www.mijas.es\/files\/adjuntos\/mercadillos\/2_Avda__Mara_Zambrano_-_Ortofoto-LAS_LAGUNAS.pdf\" target=\"_blank\" rel=\"noreferrer noopener\">Descargar<\/a> (PDF)<\/li>\n\n\n\n<li>\n\t\tDistribuci\u00f3n Las Lagunas &#8211; <a href=\"https:\/\/www.mijas.es\/files\/adjuntos\/mercadillos\/3_Avda__Maria_Zambrano_-_Las_Lagunas_DISTRIBUCION.pdf\" target=\"_blank\" rel=\"noreferrer noopener\">Descargar<\/a> (PDF)<\/li>\n<\/ul>\n\n\n\n<ul>\n<li>\n\t\tOrtofoto La Cala &#8211; <a href=\"https:\/\/www.mijas.es\/files\/adjuntos\/mercadillos\/4_Explanada_Mercadillo_Cala_-_Ortofoto-LA_CALA_I_Y_II.pdf\" target=\"_blank\" rel=\"noreferrer noopener\">Descargar<\/a> (PDF)<\/li>\n\n\n\n<li>\n\t\tCartograf\u00eda La Cala &#8211; <a href=\"https:\/\/www.mijas.es\/files\/adjuntos\/mercadillos\/5_Explanada_Mercadillo_Cala_-_Topogrfico-LA_CALA_I_Y_II.pdf\" target=\"_blank\" rel=\"noreferrer noopener\">Descargar<\/a> (PDF)<\/li>\n\n\n\n<li>\n\t\tDistribuci\u00f3n (I) La Cala &#8211; <a href=\"https:\/\/www.mijas.es\/files\/adjuntos\/mercadillos\/6_La_Cala_I_DISTRIBUCION.pdf\" target=\"_blank\" rel=\"noreferrer noopener\">Descargar<\/a> (PDF)<\/li>\n\n\n\n<li>\n\t\tDistribuci\u00f3n (II) La Cala &#8211; <a href=\"https:\/\/www.mijas.es\/files\/adjuntos\/mercadillos\/7_La_Cala_II_DISTRIBUCION.pdf\" target=\"_blank\" rel=\"noreferrer noopener\">Descargar<\/a> (PDF)<\/li>\n<\/ul>\n\n\n\n<ul>\n<li>\n\t\tCartograf\u00eda Calypso &#8211; <a href=\"https:\/\/www.mijas.es\/files\/adjuntos\/mercadillos\/8_Mercadillo_Calypso_-_Cartografa.pdf\" target=\"_blank\" rel=\"noreferrer noopener\">Descargar<\/a> (PDF)<\/li>\n\n\n\n<li>\n\t\tOrtofoto Calypso &#8211; <a href=\"https:\/\/www.mijas.es\/files\/adjuntos\/mercadillos\/9_Mercadillo_Calypso_-_Ortofoto.pdf\" target=\"_blank\" rel=\"noreferrer noopener\">Descargar<\/a> (PDF)<\/li>\n\n\n\n<li>\n\t\tDistribuci\u00f3n Calypso &#8211; <a href=\"https:\/\/www.mijas.es\/files\/adjuntos\/mercadillos\/10_Mercadillo_Calypso_DISTRIBUCION.pdf\" target=\"_blank\" rel=\"noreferrer noopener\">Descargar<\/a> (PDF)<\/li>\n<\/ul>\n\n\n\n<hr class=\"wp-block-separator has-css-opacity\"\/>\n\n\n\n<p>\n\tEdicto 6334\/2017 del BOP 176 publicado el dia 14\/09\/2017, BASES DE LA \nCONVOCATORIA DE ADJUDICACI\u00d3N DE AUTORIZACIONES PARA LA INSTALACI\u00d3N DE \nPUESTOS DE VENTA AMBULANTE EN EL MERCADILLO DE LAS LAGUNAS (MIJAS COSTA)<\/p>\n\n\n\n<ul>\n<li>\n\t\tBases &#8211; <a href=\"https:\/\/www.mijas.es\/files\/adjuntos\/mercadillos\/BASES_LAS_LAGUNAS.pdf\" target=\"_blank\" rel=\"noreferrer noopener\">Descargar<\/a> (PDF)<\/li>\n\n\n\n<li>\n\t\tModelo de solicitud &#8211; <a href=\"https:\/\/www.mijas.es\/files\/adjuntos\/mercadillos\/MODELO_SOLICITUDES_LAS_LAGUNAS.pdf\" target=\"_blank\" rel=\"noreferrer noopener\">Descargar<\/a> (PDF)<\/li>\n\n\n\n<li>\n\t\tModelo de declaraci\u00f3n responsable &#8211; <a href=\"https:\/\/www.mijas.es\/files\/adjuntos\/mercadillos\/MODELO_DECLARACION_RESPONSABLE.pdf\" target=\"_blank\" rel=\"noreferrer noopener\">Descargar<\/a> (PDF)<\/li>\n\n\n\n<li>\n\t\tListado provisional de ADMITIDOS y EXCLUIDOS para los puestos vacantes en el Mercadillo de Las Lagunas, (s\u00e1bados)- <a href=\"https:\/\/www.mijas.es\/files\/adjuntos\/mercadillos\/LISTADO_ADMITIDOS_Y_EXCLUIDOS.pdf\" target=\"_blank\" rel=\"noreferrer noopener\">Descargar<\/a> (PDF) Fecha de publicaci\u00f3n 21\/12\/2017 11:40 horas<\/li>\n<\/ul>\n\n\n\n<p>\n\tORDENANZA REGULADORA DE LA VENTA DE ARTICULOS USADOS &#8211; <a href=\"https:\/\/www.mijas.es\/files\/adjuntos\/mercadillos\/2018\/ORDENANZA_REGULADORA_DE_LA_VENTA_DE_ARTICULOS_USADOS.pdf\" target=\"_blank\" rel=\"noreferrer noopener\">Descargar <\/a>(PDF)<\/p>\n\n\n\n<p>\n\tCONVOCATORIA PARA PUESTOS VACANTES EN LOS MERCADILLOS DE VENTA DE \nARTICULOS USADOS DE LAS LAGUNAS (POL\u00cdGONO SAN RAFAEL) Y URBANIZACI\u00d3N EL \nCALYPSO<\/p>\n\n\n\n<ul>\n<li>\n\t\tBases &#8211; <a href=\"https:\/\/www.mijas.es\/files\/adjuntos\/mercadillos\/2018\/basesMercadillosLagunasCalypso.pdf\" target=\"_blank\" rel=\"noreferrer noopener\">Descargar <\/a>(PDF)<\/li>\n<\/ul>\n\n\n\n<p>Relaci\u00f3n de solicitantes en convocatoria para adjudicaci\u00f3n de licencias para la venta de art\u00edculos usados en el municipio de Mijas:<\/p>\n\n\n\n<p>Admitidos &#8211;&nbsp;<a href=\"http:\/\/www.mijas.es\/wp-content\/uploads\/2020\/07\/COMUNICADO%20DE%20LISTAS%20DE%20ADMITIDOS%20USADOS%2003072020%202.pdf\">PDF<\/a><\/p>\n\n\n\n<p>Baremaci\u00f3n &#8211; <a href=\"http:\/\/www.mijas.es\/wp-content\/uploads\/2020\/08\/BAREMACION%20ARTICULOS%20USADOS.pdf\">PDF<\/a><\/p>\n\n\n\n<p> COMUNICADO DE LA COMISION TECNICA DE VALORACION PARA LA ADJUDICACION DE  AUTORIZACIONES DE PUESTOS VACANTES PARA LA VENTA DE ARTICULOS USADOS  &#8211; <a href=\"http:\/\/www.mijas.es\/wp-content\/uploads\/2020\/09\/COMUNICADO%20COMISION%20TECNICA%2002-09-2020.pdf\">Ver Documento<\/a><\/p>\n\n\n\n<p> Comunicado de listados definitivos de  adjudicaci\u00f3n de autorizaciones para el ejercicio del Comercio de  Art\u00edculos Usados en el Municipio de Mijas, emitido por la Comisi\u00f3n  T\u00e9cnica de Valoraci\u00f3n&nbsp; para la adjudicaci\u00f3n de dichas autorizaciones &#8211; <a href=\"http:\/\/www.mijas.es\/wp-content\/uploads\/2020\/09\/COMUNICADO%20DE%20LISTADOS%20DEFINITIVOS%20DE%20ADJUDICATARIOS%20LAS%20LAGUNAS%20Y%20CALYPSO%20210920.pdf\">Ver Documento<\/a><\/p>\n","protected":false},"excerpt":{"rendered":"<p>Ordenanzas Reguladoras: Anuncio Sorteo Mercadillos para el Pr\u00f3ximo D\u00eda 26\/09\/2024 a las 11:00 Horas &#8211; Descargar Bases para la convocatoria de adjudicaci\u00f3n de autorizaciones para la instalaci\u00f3n de puestos de venta ambulante en el Mercadillo de Las Lagunas (s\u00e1bados) &#8211; Descargar Listado de Admitidos y Excluidos en la Convocatoria para la Instalaci\u00f3n de Puestos de [&hellip;]<\/p>\n","protected":false},"author":4,"featured_media":54696,"parent":0,"menu_order":0,"comment_status":"closed","ping_status":"closed","template":"page-departamental.php","meta":[],"_links":{"self":[{"href":"https:\/\/www.mijas.es\/portal\/wp-json\/wp\/v2\/pages\/13925"}],"collection":[{"href":"https:\/\/www.mijas.es\/portal\/wp-json\/wp\/v2\/pages"}],"about":[{"href":"https:\/\/www.mijas.es\/portal\/wp-json\/wp\/v2\/types\/page"}],"author":[{"embeddable":true,"href":"https:\/\/www.mijas.es\/portal\/wp-json\/wp\/v2\/users\/4"}],"replies":[{"embeddable":true,"href":"https:\/\/www.mijas.es\/portal\/wp-json\/wp\/v2\/comments?post=13925"}],"version-history":[{"count":47,"href":"https:\/\/www.mijas.es\/portal\/wp-json\/wp\/v2\/pages\/13925\/revisions"}],"predecessor-version":[{"id":62280,"href":"https:\/\/www.mijas.es\/portal\/wp-json\/wp\/v2\/pages\/13925\/revisions\/62280"}],"wp:featuredmedia":[{"embeddable":true,"href":"https:\/\/www.mijas.es\/portal\/wp-json\/wp\/v2\/media\/54696"}],"wp:attachment":[{"href":"https:\/\/www.mijas.es\/portal\/wp-json\/wp\/v2\/media?parent=13925"}],"curies":[{"name":"wp","href":"https:\/\/api.w.org\/{rel}","templated":true}]}}