{"id":13919,"date":"2019-03-28T09:37:25","date_gmt":"2019-03-28T09:37:25","guid":{"rendered":"http:\/\/192.168.0.42\/?page_id=13919"},"modified":"2024-08-13T10:32:29","modified_gmt":"2024-08-13T09:32:29","slug":"formularios-via-publica","status":"publish","type":"page","link":"https:\/\/www.mijas.es\/portal\/via-publica\/formularios-via-publica\/","title":{"rendered":"Formularios &#8211; V\u00eda P\u00fablica"},"content":{"rendered":"\n<p> <strong>&#8211; <a href=\"http:\/\/www.mijas.es\/wp-content\/uploads\/2020\/09\/Modelo%20de%20solicitud%20covid19.pdf\">Solicitud de ampliaci\u00f3n de ocupaci\u00f3n de terrazas<\/a><\/strong>. &#8211; <a rel=\"noreferrer noopener\" href=\"http:\/\/www.mijas.es\/wp-content\/uploads\/2020\/09\/Declaraci%C3%B3n%20Responsable%20covid19.pdf\" target=\"_blank\">Declaraci\u00f3n Responsable<\/a><\/p>\n\n\n\n<p>&#8211; <strong><a href=\"https:\/\/www.mijas.es\/wp-content\/uploads\/2024\/08\/Plantilla-nueva-Cortes-de-Calles-y-Reserva-de-estacionamientos-2024.pdf\" data-type=\"URL\" data-id=\"https:\/\/www.mijas.es\/wp-content\/uploads\/2024\/08\/Plantilla-nueva-Cortes-de-Calles-y-Reserva-de-estacionamientos-2024.pdf\" target=\"_blank\" rel=\"noreferrer noopener\">Solicitud de corte de calle por obras y reserva de aparcamientos<\/a><\/strong><\/p>\n\n\n\n<p> <strong>&#8211; <\/strong><a rel=\"noreferrer noopener\" href=\"https:\/\/www.mijas.es\/wp-content\/uploads\/2021\/11\/Nueva%20Solicitud%20CONTENEDORES%20O%20CUBAS.pdf\" target=\"_blank\"><strong>Solicitud de cuba en la v\u00eda p\u00fablica<\/strong><\/a><br> Oficio para solicitar la instalaci\u00f3n de una cuba en la v\u00eda p\u00fablica. Se  deber\u00e1 acompa\u00f1ar de la solicitud, declaraci\u00f3n responsable o comunicaci\u00f3n  previa de la Licencia de Obras. Por \u00faltimo se indicar\u00e1 los d\u00edas de  instalaci\u00f3n.<br> <a rel=\"noreferrer noopener\" href=\"https:\/\/www.mijas.es\/wp-content\/uploads\/2021\/11\/Nueva%20Solicitud%20VALLADO%2C%20GR%C3%9AAS%2C%20ETC.pdf\" target=\"_blank\"><br><\/a> <strong>&#8211; <\/strong><a rel=\"noreferrer noopener\" href=\"https:\/\/www.mijas.es\/wp-content\/uploads\/2021\/11\/Nueva%20Solicitud%20VALLADO%2C%20GR%C3%9AAS%2C%20ETC.pdf\" target=\"_blank\"><strong>Solicitud de ocupaci\u00f3n de v\u00eda p\u00fablica con andamios, gr\u00faas, etc.<\/strong><\/a><br> Oficio para solicitar la instalaci\u00f3n en la v\u00eda p\u00fablica, de  hormigoneras, gr\u00faas, andamios, vallas o elementos similares. Se deber\u00e1  acompa\u00f1ar de la solicitud, declaraci\u00f3n responsable o comunicaci\u00f3n previa  de la Licencia de Obras e indicar los d\u00edas de instalaci\u00f3n.<br> <a rel=\"noreferrer noopener\" href=\"https:\/\/www.mijas.es\/wp-content\/uploads\/2021\/11\/Nueva%20Solicitud%20normalizada.pdf\" target=\"_blank\"><br><\/a> <strong>&#8211; <\/strong><a rel=\"noreferrer noopener\" href=\"https:\/\/www.mijas.es\/wp-content\/uploads\/2021\/11\/Nueva%20Solicitud%20normalizada.pdf\" target=\"_blank\"><strong>Solicitud gen\u00e9rica de ocupaci\u00f3n de v\u00eda p\u00fablica<\/strong><\/a><br> Solicitud para peticiones gen\u00e9ricas de ocupaci\u00f3n de v\u00eda p\u00fablica tales  como: mesas informativas, carteles, instalaci\u00f3n de terrazas, ovp con  mesas y sillas, reparto de publicidad, instalaci\u00f3n de toldos,  autorizaciones para puestos de temporadas o actividades  circunstanciales, autorizaciones de burros-Carros, coches de caballos o  burros taxis, petici\u00f3n de nombramiento de calles o de filmaci\u00f3n en  nuestro municipio, etc.<br> <a rel=\"noreferrer noopener\" href=\"https:\/\/www.mijas.es\/wp-content\/uploads\/2021\/11\/Nueva%20Solicitud%20normalizada.pdf\" target=\"_blank\"><br><\/a> <strong>&#8211;<\/strong><a rel=\"noreferrer noopener\" href=\"https:\/\/www.mijas.es\/wp-content\/uploads\/2021\/11\/Nueva%20Solicitud%20normalizada.pdf\" target=\"_blank\"><strong> Solicitud gen\u00e9rica al \u00e1rea de v\u00eda p\u00fablica<\/strong><\/a><\/p>\n\n\n\n<p> <strong>&#8211;<\/strong><a rel=\"noreferrer noopener\" href=\"https:\/\/www.mijas.es\/wp-content\/uploads\/2021\/11\/Nueva%20Solicitud%20VADOS.pdf\" target=\"_blank\"><strong> Solicitud de vados<\/strong><\/a><\/p>\n\n\n\n<p>&#8211; <a href=\"https:\/\/www.mijas.es\/wp-content\/uploads\/2022\/05\/FORMULARIO%20RODAJE.pdf\" target=\"_blank\" rel=\"noreferrer noopener\"><strong>Rodajes<\/strong><\/a><\/p>\n","protected":false},"excerpt":{"rendered":"<p>&#8211; Solicitud de ampliaci\u00f3n de ocupaci\u00f3n de terrazas. &#8211; Declaraci\u00f3n Responsable &#8211; Solicitud de corte de calle por obras y reserva de aparcamientos &#8211; Solicitud de cuba en la v\u00eda p\u00fablica Oficio para solicitar la instalaci\u00f3n de una cuba en la v\u00eda p\u00fablica. Se deber\u00e1 acompa\u00f1ar de la solicitud, declaraci\u00f3n responsable o comunicaci\u00f3n previa de [&hellip;]<\/p>\n","protected":false},"author":4,"featured_media":13852,"parent":14793,"menu_order":0,"comment_status":"closed","ping_status":"closed","template":"page-departamental.php","meta":[],"_links":{"self":[{"href":"https:\/\/www.mijas.es\/portal\/wp-json\/wp\/v2\/pages\/13919"}],"collection":[{"href":"https:\/\/www.mijas.es\/portal\/wp-json\/wp\/v2\/pages"}],"about":[{"href":"https:\/\/www.mijas.es\/portal\/wp-json\/wp\/v2\/types\/page"}],"author":[{"embeddable":true,"href":"https:\/\/www.mijas.es\/portal\/wp-json\/wp\/v2\/users\/4"}],"replies":[{"embeddable":true,"href":"https:\/\/www.mijas.es\/portal\/wp-json\/wp\/v2\/comments?post=13919"}],"version-history":[{"count":12,"href":"https:\/\/www.mijas.es\/portal\/wp-json\/wp\/v2\/pages\/13919\/revisions"}],"predecessor-version":[{"id":58174,"href":"https:\/\/www.mijas.es\/portal\/wp-json\/wp\/v2\/pages\/13919\/revisions\/58174"}],"up":[{"embeddable":true,"href":"https:\/\/www.mijas.es\/portal\/wp-json\/wp\/v2\/pages\/14793"}],"wp:featuredmedia":[{"embeddable":true,"href":"https:\/\/www.mijas.es\/portal\/wp-json\/wp\/v2\/media\/13852"}],"wp:attachment":[{"href":"https:\/\/www.mijas.es\/portal\/wp-json\/wp\/v2\/media?parent=13919"}],"curies":[{"name":"wp","href":"https:\/\/api.w.org\/{rel}","templated":true}]}}