{"id":13917,"date":"2019-03-28T09:35:53","date_gmt":"2019-03-28T09:35:53","guid":{"rendered":"http:\/\/192.168.0.42\/?page_id=13917"},"modified":"2019-06-05T13:45:27","modified_gmt":"2019-06-05T13:45:27","slug":"servicios","status":"publish","type":"page","link":"https:\/\/www.mijas.es\/portal\/tu-ayuntamiento\/departamentos-servicios\/servicios\/","title":{"rendered":"Servicios"},"content":{"rendered":"\n<p>Corresponde al Departamento de V\u00eda P\u00fablica el ejercicio de las gestiones siguientes:<\/p>\n\n\n\n<ul><li> Aplicaci\u00f3n de las Ordenanzas de V\u00eda P\u00fablica (BOP M\u00e1laga n\u00ba 121 de fecha 25\/06\/2012).<\/li><li> Aplicaci\u00f3n de las Ordenanzas de Seguridad y Convivencia Ciudadana del  Ayuntamiento de Mijas (BOP M\u00e1laga n\u00ba 246 de fecha 28 de diciembre de  2010).<\/li><li> Cortes de calles y reservas de aparcamientos<\/li><li> Autorizaciones sobre o.v.p. (mesas y sillas, carteles, cubas, etc.)<\/li><li> Autorizaciones para vallas de obras ya sean por seguridad o por acopio de materiales<\/li><li> Autorizaciones para el reparto de publicidad<\/li><li> Autorizaciones de toldos y cerramientos<\/li><li> Autorizaciones para la ocupaci\u00f3n de la calzada<\/li><li> Autorizaciones para Quioscos.<\/li><li> Autorizaciones para o.v.p. con puestos de temporada o actividades circunstanciales<\/li><li> Gesti\u00f3n de los veh\u00edculos abandonados<\/li><li> Gesti\u00f3n de los veh\u00edculos \u201cse vende\u201d.<\/li><li> Informes diversos a petici\u00f3n de Concejal\u00edas, Departamentos etc., de este Ayuntamiento.<\/li><li> Gesti\u00f3n de los Burros Taxis de Mijas (Ordenanzas Municipales  Reguladoras del Servicio de Burros,Taxis, Burros-Carros y Coches de  Caballos, BOP n\u00ba 25 de fecha 07 de febrero de 2012). <ul><li> <a href=\"https:\/\/www.mijas.es\/files\/adjuntos\/servicios_municipales\/FormulariosViaPublica\/Convenio_EL_REFUGIO_DEL_BURRITO.pdf\">Convenio de colaboraci\u00f3n con la asociaci\u00f3n \u00abEl Refugio del Burrito\u00bb para la servicio de Burro-Taxi.<\/a> PDF <\/li><\/ul><\/li><li> Numeraci\u00f3n y nombramiento de calles.<\/li><li> Concesi\u00f3n de placas de Diseminados.<\/li><li> Gesti\u00f3n de paneles informativos, a trav\u00e9s de concesionario.<\/li><li> Colaboraci\u00f3n con los medios de comunicaci\u00f3n, a efectos de informaci\u00f3n al ciudadano, cuando son requeridos.<\/li><li> Peticiones de filmar en nuestro municipio.<\/li><li> Informes internos y externos sobre todas estas materias.<\/li><li> Ejecuci\u00f3n subsidiaria en materia de ovp<\/li><li> Y en aras de la brevedad, cualquier otra gesti\u00f3n relacionada con la v\u00eda p\u00fablica Municipal<\/li><\/ul>\n","protected":false},"excerpt":{"rendered":"<p>Corresponde al Departamento de V\u00eda P\u00fablica el ejercicio de las gestiones siguientes: Aplicaci\u00f3n de las Ordenanzas de V\u00eda P\u00fablica (BOP M\u00e1laga n\u00ba 121 de fecha 25\/06\/2012). Aplicaci\u00f3n de las Ordenanzas de Seguridad y Convivencia Ciudadana del Ayuntamiento de Mijas (BOP M\u00e1laga n\u00ba 246 de fecha 28 de diciembre de 2010). Cortes de calles y reservas [&hellip;]<\/p>\n","protected":false},"author":4,"featured_media":13852,"parent":13849,"menu_order":0,"comment_status":"closed","ping_status":"closed","template":"page-departamental.php","meta":[],"_links":{"self":[{"href":"https:\/\/www.mijas.es\/portal\/wp-json\/wp\/v2\/pages\/13917"}],"collection":[{"href":"https:\/\/www.mijas.es\/portal\/wp-json\/wp\/v2\/pages"}],"about":[{"href":"https:\/\/www.mijas.es\/portal\/wp-json\/wp\/v2\/types\/page"}],"author":[{"embeddable":true,"href":"https:\/\/www.mijas.es\/portal\/wp-json\/wp\/v2\/users\/4"}],"replies":[{"embeddable":true,"href":"https:\/\/www.mijas.es\/portal\/wp-json\/wp\/v2\/comments?post=13917"}],"version-history":[{"count":2,"href":"https:\/\/www.mijas.es\/portal\/wp-json\/wp\/v2\/pages\/13917\/revisions"}],"predecessor-version":[{"id":24527,"href":"https:\/\/www.mijas.es\/portal\/wp-json\/wp\/v2\/pages\/13917\/revisions\/24527"}],"up":[{"embeddable":true,"href":"https:\/\/www.mijas.es\/portal\/wp-json\/wp\/v2\/pages\/13849"}],"wp:featuredmedia":[{"embeddable":true,"href":"https:\/\/www.mijas.es\/portal\/wp-json\/wp\/v2\/media\/13852"}],"wp:attachment":[{"href":"https:\/\/www.mijas.es\/portal\/wp-json\/wp\/v2\/media?parent=13917"}],"curies":[{"name":"wp","href":"https:\/\/api.w.org\/{rel}","templated":true}]}}