{"id":13914,"date":"2024-07-09T13:16:57","date_gmt":"2024-07-09T12:16:57","guid":{"rendered":"http:\/\/192.168.0.42\/?page_id=13914"},"modified":"2026-04-22T13:00:55","modified_gmt":"2026-04-22T12:00:55","slug":"cortes-de-trafico-y-vias-publicas","status":"publish","type":"page","link":"https:\/\/www.mijas.es\/portal\/via-publica\/cortes-de-trafico-y-vias-publicas\/","title":{"rendered":"Cortes de Tr\u00e1fico y V\u00edas P\u00fablicas"},"content":{"rendered":"\n<figure class=\"wp-block-table is-style-stripes\"><table><thead><tr><th>Direcci\u00f3n<\/th><th>Tipo corte<\/th><th>\n\t\t\t\tD\u00edas<\/th><th>Hora<\/th><\/tr><\/thead><tbody><tr><td>Calle R\u00edo Tamarguillo<\/td><td>Total<\/td><td>Del 1 al 30 de Abril<\/td><td>08:00 &#8211; 18:00<\/td><\/tr><tr><td>Camino Campanales<\/td><td>Parcial<\/td><td>Del 9 de Abril al 9 de Mayo<\/td><td>08:00 &#8211; 18:00<\/td><\/tr><tr><td>Calle R\u00edo Guadalfeo<\/td><td>Total<\/td><td>Del 13 al 17 y del 20 al 24 de Abril<\/td><td>08:00 &#8211; 16:30<\/td><\/tr><tr><td>Calle Cedro Chaparral<\/td><td>Parcial<\/td><td>Del 15 de Abril del 2026 al 31\/12\/2027<\/td><td>08:00 &#8211; FIN<\/td><\/tr><tr><td>Calle Casta\u00f1o Chaparral<\/td><td>Parcial<\/td><td>Del 15 de Abril del 2026 al 31\/12\/2027<\/td><td>08:00 &#8211; FIN<\/td><\/tr><tr><td>Calle Mar de Albor\u00e1n<\/td><td>Parcial<\/td><td>20 y 21 de Abril<\/td><td>07:45 &#8211; 18:30<\/td><\/tr><tr><td>Calle Abeto<\/td><td>Total<\/td><td>Del 21 al 24 de Abril<\/td><td>08:00 &#8211; 18:00<\/td><\/tr><tr><td>Calle Estrecha<\/td><td>Total<\/td><td>22 de Abril<\/td><td>08:00 &#8211; 15:00<\/td><\/tr><tr><td>Urb SUP R-15 La Cala Golf<\/td><td>Total<\/td><td>Del 22 de Abril al 8 de Mayo<\/td><td>08:00 &#8211; 13:00<\/td><\/tr><tr><td>Calle San Juan<\/td><td>Total<\/td><td>23 de Abril<\/td><td>08:00 &#8211; 18:00<\/td><\/tr><tr><td>Calle R\u00edo Guadaira<\/td><td>Total<\/td><td>23 de Abril<\/td><td>08:00 &#8211; 18:00<\/td><\/tr><tr><td>Calle Notarios<\/td><td>Parcial<\/td><td>24 y 27 de Abril<\/td><td>07:00 &#8211; 22:00<\/td><\/tr><tr><td>Calle Urano<\/td><td>Parcial<\/td><td>27 de Abril<\/td><td>07:00 &#8211; 19:00<\/td><\/tr><tr><td>Calle Puerto de los Pescadores<\/td><td>Total<\/td><td>Del 27 de Abril al 27 de Mayo<\/td><td>07:00 &#8211; 20:00<\/td><\/tr><tr><td>Calle Estrecha<\/td><td>Total<\/td><td>28 de Abril<\/td><td>12:00 &#8211; 16:00<\/td><\/tr><tr><td>Calle Abeto<\/td><td>Parcial<\/td><td>Del 28 al 30 de Abril<\/td><td>08:00 &#8211; 18:00<\/td><\/tr><tr><td>Calle R\u00edo Tamarguillo<\/td><td>Total<\/td><td>Del 1 al 30 de Mayo<\/td><td>08:00 &#8211; 18:00<\/td><\/tr><\/tbody><\/table><\/figure>\n\n\n\n<p><\/p>\n\n\n\n<style>\ntr,td{\nborder:1px solid #CCC;\npadding:10px;\n}\ntr,th{\nborder:1px solid #CCC;\npadding:10px;\ntext-align:center;\n}\n<\/style>\n\n\n\n<p><\/p>\n\n\n\n<p><\/p>\n\n\n\n<p><\/p>\n\n\n\n<p><\/p>\n","protected":false},"excerpt":{"rendered":"<p>Direcci\u00f3n Tipo corte D\u00edas Hora Calle R\u00edo Tamarguillo Total Del 1 al 30 de Abril 08:00 &#8211; 18:00 Camino Campanales Parcial Del 9 de Abril al 9 de Mayo 08:00 &#8211; 18:00 Calle R\u00edo Guadalfeo Total Del 13 al 17 y del 20 al 24 de Abril 08:00 &#8211; 16:30 Calle Cedro Chaparral Parcial Del [&hellip;]<\/p>\n","protected":false},"author":9,"featured_media":13852,"parent":14793,"menu_order":0,"comment_status":"closed","ping_status":"closed","template":"page-departamental.php","meta":[],"_links":{"self":[{"href":"https:\/\/www.mijas.es\/portal\/wp-json\/wp\/v2\/pages\/13914"}],"collection":[{"href":"https:\/\/www.mijas.es\/portal\/wp-json\/wp\/v2\/pages"}],"about":[{"href":"https:\/\/www.mijas.es\/portal\/wp-json\/wp\/v2\/types\/page"}],"author":[{"embeddable":true,"href":"https:\/\/www.mijas.es\/portal\/wp-json\/wp\/v2\/users\/9"}],"replies":[{"embeddable":true,"href":"https:\/\/www.mijas.es\/portal\/wp-json\/wp\/v2\/comments?post=13914"}],"version-history":[{"count":1247,"href":"https:\/\/www.mijas.es\/portal\/wp-json\/wp\/v2\/pages\/13914\/revisions"}],"predecessor-version":[{"id":64270,"href":"https:\/\/www.mijas.es\/portal\/wp-json\/wp\/v2\/pages\/13914\/revisions\/64270"}],"up":[{"embeddable":true,"href":"https:\/\/www.mijas.es\/portal\/wp-json\/wp\/v2\/pages\/14793"}],"wp:featuredmedia":[{"embeddable":true,"href":"https:\/\/www.mijas.es\/portal\/wp-json\/wp\/v2\/media\/13852"}],"wp:attachment":[{"href":"https:\/\/www.mijas.es\/portal\/wp-json\/wp\/v2\/media?parent=13914"}],"curies":[{"name":"wp","href":"https:\/\/api.w.org\/{rel}","templated":true}]}}