{"id":13910,"date":"2019-03-28T09:10:26","date_gmt":"2019-03-28T09:10:26","guid":{"rendered":"http:\/\/192.168.0.42\/?page_id=13910"},"modified":"2019-05-22T15:50:44","modified_gmt":"2019-05-22T15:50:44","slug":"via-publica-2","status":"publish","type":"page","link":"https:\/\/www.mijas.es\/portal\/tu-ayuntamiento\/departamentos-servicios\/via-publica-2\/","title":{"rendered":"Departamento de V\u00eda P\u00fablica"},"content":{"rendered":"\n<p>\n\tLas comunidades urbanas desarrolladas tienen cada vez m\u00e1s, unas \nnecesidades accesibilidad y movilidad de personas y bienes, que son \ncrecientes y proporcionales al grado de desarrollo alcanzado, con \nproblemas realmente importantes y cuyo correcto tratamiento es la mayor \ngarant\u00eda contra el estancamiento, posibilitando con esto, el progreso y \nel futuro. Este Municipio no iba a ser una excepci\u00f3n y por tanto se \nnecesitan regularizar todas las actividades existentes en la v\u00eda \np\u00fablica, de forma segura, r\u00e1pida, c\u00f3moda, econ\u00f3mica y eficaz.<\/p>\n\n\n\n<p>\n\tEl \u00c1rea de V\u00eda P\u00fablica ser\u00e1 el encargado de tramitar todas las \nautorizaciones, licencias, etc., sobre la v\u00eda p\u00fablica municipal, tales \ncomo, ocupaciones con mesas y sillas, carteles, quioscos, cubas, \nandamios, vallas de obras, cortes de calles y un largo etc.<\/p>\n\n\n\n<p>\n\tLa normativa sobre el particular se encuentra publicada en el BOP de \nM\u00e1laga de fecha 25 de junio de 2012, n\u00ba 121, as\u00ed como, tambi\u00e9n es de \naplicaci\u00f3n las Ordenanzas de Seguridad y Convivencia Ciudadana del \nAyuntamiento de Mijas, publicadas en fecha 28 de diciembre de 2010 n\u00ba \n246, y las Ordenanzas Municipales Reguladoras del Servicio de \nBurros,Taxis, Burros-Carros y Coches de Caballos, BOP n\u00ba 25 de fecha 07 \nde febrero de 2012, pudi\u00e9ndose obtener todas ellas, en el apartado de \nOrdenanzas Municipales de la p\u00e1gina municipal del Ayuntamiento de Mijas.<\/p>\n\n\n\n<hr class=\"wp-block-separator\"\/>\n\n\n\n<h3 class=\"wp-block-heading\">\n\tDepartamento de V\u00eda P\u00fablica<\/h3>\n\n\n\n<h4 class=\"wp-block-heading\">\n\tContacto<\/h4>\n\n\n\n<ul><li> <strong>Concejal Delegado de V\u00eda P\u00fablica e Inspecci\u00f3n: <\/strong> Sr. Alcalde. Juan Carlos  Maldonado <\/li><li> <strong>Ubicaci\u00f3n: <\/strong>Jefatura de Polic\u00eda Local \u2013 Camino de Co\u00edn n\u00ba 44 <\/li><li> <strong>Tel\u00e9fono: <\/strong>952 66 44 27 <\/li><li> <strong>Fax:<\/strong>\u00a0951 06 39 56 <\/li><li> <strong>E-mail:<\/strong> <a href=\"mailto:via.publica@mijas.es\">via.publica@mijas.es<\/a> <\/li><\/ul>\n\n\n\n<h4 class=\"wp-block-heading\">\n\tOrganigrama<\/h4>\n\n\n\n<ul><li>\n\t\t\n\t\t\t<strong>\u00c1rea Administrativa:<\/strong>\n\t\t<ul><li>\n\t\t\t\t\n\t\t\t\t\tJefa del Negociado de V\u00eda P\u00fablica: D\u00aa Francisca S. Moreno P\u00e9rez\n\t\t\t<\/li><li>\n\t\t\t\t\n\t\t\t\t\tAdministrativo: D\u00aa Roc\u00edo Fern\u00e1ndez Fortes\n\t\t\t<\/li><li>\n\t\t\t\t\n\t\t\t\t\tAuxiliar Administrativo: D\u00aa. Josefa M\u00aa Machuca Criado\n\t\t\t<\/li><\/ul>\n\t<\/li><li>\n\t\t\n\t\t\t<strong>\u00c1rea de Inspecci\u00f3n:<\/strong>\n\t\t<ul><li>\n\t\t\t\t\n\t\t\t\t\tJulio Burgos Cuevas\n\t\t\t<\/li><li>\n\t\t\t\t\n\t\t\t\t\tAlejandro Su\u00e1rez Villatoro\n\t\t\t<\/li><li>\n\t\t\t\t\n\t\t\t\t\tInspector: D. Juan Antonio Tamayo Leiva\n\t\t\t<\/li><\/ul>\n\t<\/li><\/ul>\n","protected":false},"excerpt":{"rendered":"<p>Las comunidades urbanas desarrolladas tienen cada vez m\u00e1s, unas necesidades accesibilidad y movilidad de personas y bienes, que son crecientes y proporcionales al grado de desarrollo alcanzado, con problemas realmente importantes y cuyo correcto tratamiento es la mayor garant\u00eda contra el estancamiento, posibilitando con esto, el progreso y el futuro. Este Municipio no iba a [&hellip;]<\/p>\n","protected":false},"author":4,"featured_media":13852,"parent":13849,"menu_order":0,"comment_status":"closed","ping_status":"closed","template":"page-departamental.php","meta":[],"_links":{"self":[{"href":"https:\/\/www.mijas.es\/portal\/wp-json\/wp\/v2\/pages\/13910"}],"collection":[{"href":"https:\/\/www.mijas.es\/portal\/wp-json\/wp\/v2\/pages"}],"about":[{"href":"https:\/\/www.mijas.es\/portal\/wp-json\/wp\/v2\/types\/page"}],"author":[{"embeddable":true,"href":"https:\/\/www.mijas.es\/portal\/wp-json\/wp\/v2\/users\/4"}],"replies":[{"embeddable":true,"href":"https:\/\/www.mijas.es\/portal\/wp-json\/wp\/v2\/comments?post=13910"}],"version-history":[{"count":4,"href":"https:\/\/www.mijas.es\/portal\/wp-json\/wp\/v2\/pages\/13910\/revisions"}],"predecessor-version":[{"id":23608,"href":"https:\/\/www.mijas.es\/portal\/wp-json\/wp\/v2\/pages\/13910\/revisions\/23608"}],"up":[{"embeddable":true,"href":"https:\/\/www.mijas.es\/portal\/wp-json\/wp\/v2\/pages\/13849"}],"wp:featuredmedia":[{"embeddable":true,"href":"https:\/\/www.mijas.es\/portal\/wp-json\/wp\/v2\/media\/13852"}],"wp:attachment":[{"href":"https:\/\/www.mijas.es\/portal\/wp-json\/wp\/v2\/media?parent=13910"}],"curies":[{"name":"wp","href":"https:\/\/api.w.org\/{rel}","templated":true}]}}