{"id":13867,"date":"2019-03-28T08:14:46","date_gmt":"2019-03-28T08:14:46","guid":{"rendered":"http:\/\/192.168.0.42\/?page_id=13867"},"modified":"2023-03-14T16:58:50","modified_gmt":"2023-03-14T15:58:50","slug":"hojas-de-reclamaciones","status":"publish","type":"page","link":"https:\/\/www.mijas.es\/portal\/oficina-de-consumo\/hojas-de-reclamaciones\/","title":{"rendered":"Hojas de reclamaciones"},"content":{"rendered":"\n<p>La hoja de quejas y reclamaciones de la Junta de Andaluc\u00eda es un formulario oficial que permite dejar constancia de una queja, reclamaci\u00f3n o denuncia en caso de que se produzca alg\u00fan conflicto con una empresa o entidad que comercialice bienes o preste sus servicios en Andaluc\u00eda.<\/p>\n\n\n\n<figure class=\"wp-block-image size-full\"><a href=\"https:\/\/www.consumoresponde.es\/presentacion-previa-quejas-reclamaciones-ante-empresas\" target=\"_blank\" rel=\"noopener\"><img decoding=\"async\" width=\"800\" height=\"148\" src=\"https:\/\/www.mijas.es\/wp-content\/uploads\/2023\/03\/hoja_papel2.png\" alt=\"\" class=\"wp-image-49692\" srcset=\"https:\/\/www.mijas.es\/wp-content\/uploads\/2023\/03\/hoja_papel2.png 800w, https:\/\/www.mijas.es\/wp-content\/uploads\/2023\/03\/hoja_papel2-300x56.png 300w, https:\/\/www.mijas.es\/wp-content\/uploads\/2023\/03\/hoja_papel2-768x142.png 768w\" sizes=\"(max-width: 800px) 100vw, 800px\" \/><\/a><\/figure>\n\n\n\n<figure class=\"wp-block-image size-full\"><a href=\"https:\/\/ws231.juntadeandalucia.es\/portalconsumo\/\" target=\"_blank\" rel=\"noopener\"><img decoding=\"async\" width=\"800\" height=\"148\" src=\"https:\/\/www.mijas.es\/wp-content\/uploads\/2023\/03\/hoja_electronica2.png\" alt=\"\" class=\"wp-image-49693\" srcset=\"https:\/\/www.mijas.es\/wp-content\/uploads\/2023\/03\/hoja_electronica2.png 800w, https:\/\/www.mijas.es\/wp-content\/uploads\/2023\/03\/hoja_electronica2-300x56.png 300w, https:\/\/www.mijas.es\/wp-content\/uploads\/2023\/03\/hoja_electronica2-768x142.png 768w\" sizes=\"(max-width: 800px) 100vw, 800px\" \/><\/a><\/figure>\n","protected":false},"excerpt":{"rendered":"<p>La hoja de quejas y reclamaciones de la Junta de Andaluc\u00eda es un formulario oficial que permite dejar constancia de una queja, reclamaci\u00f3n o denuncia en caso de que se produzca alg\u00fan conflicto con una empresa o entidad que comercialice bienes o preste sus servicios en Andaluc\u00eda.<\/p>\n","protected":false},"author":4,"featured_media":13852,"parent":13861,"menu_order":0,"comment_status":"closed","ping_status":"closed","template":"page-departamental.php","meta":[],"_links":{"self":[{"href":"https:\/\/www.mijas.es\/portal\/wp-json\/wp\/v2\/pages\/13867"}],"collection":[{"href":"https:\/\/www.mijas.es\/portal\/wp-json\/wp\/v2\/pages"}],"about":[{"href":"https:\/\/www.mijas.es\/portal\/wp-json\/wp\/v2\/types\/page"}],"author":[{"embeddable":true,"href":"https:\/\/www.mijas.es\/portal\/wp-json\/wp\/v2\/users\/4"}],"replies":[{"embeddable":true,"href":"https:\/\/www.mijas.es\/portal\/wp-json\/wp\/v2\/comments?post=13867"}],"version-history":[{"count":4,"href":"https:\/\/www.mijas.es\/portal\/wp-json\/wp\/v2\/pages\/13867\/revisions"}],"predecessor-version":[{"id":49694,"href":"https:\/\/www.mijas.es\/portal\/wp-json\/wp\/v2\/pages\/13867\/revisions\/49694"}],"up":[{"embeddable":true,"href":"https:\/\/www.mijas.es\/portal\/wp-json\/wp\/v2\/pages\/13861"}],"wp:featuredmedia":[{"embeddable":true,"href":"https:\/\/www.mijas.es\/portal\/wp-json\/wp\/v2\/media\/13852"}],"wp:attachment":[{"href":"https:\/\/www.mijas.es\/portal\/wp-json\/wp\/v2\/media?parent=13867"}],"curies":[{"name":"wp","href":"https:\/\/api.w.org\/{rel}","templated":true}]}}