{"id":13861,"date":"2019-03-28T07:47:07","date_gmt":"2019-03-28T07:47:07","guid":{"rendered":"http:\/\/192.168.0.42\/?page_id=13861"},"modified":"2024-02-28T18:28:26","modified_gmt":"2024-02-28T17:28:26","slug":"oficina-de-consumo","status":"publish","type":"page","link":"https:\/\/www.mijas.es\/portal\/oficina-de-consumo\/","title":{"rendered":"Consumo"},"content":{"rendered":"\n<p>Las funciones principales de la OMIC, dependiente del Ayuntamiento de Mijas son la informaci\u00f3n, orientaci\u00f3n y ayuda a los consumidores y usuarios en materia de Mediaci\u00f3n Publica en Consumo y resolver los conflictos que puedan surgir entre los empresarios y consumidores.<\/p>\n\n\n\n<p>Este servicio podr\u00e1 ser usado por cualquier consumidor final, personas que compran bienes y\/o utilizan servicios como destinatarios finales.<\/p>\n\n\n\n<p>No pueden utilizar los servicios de la OMIC aquellas personas que adquieran, almacenen, utilicen o consuman bienes y servicios sin ser destinatarios finales.<br><br>La OMIC no ha de intervenir en los casos siguientes:<br><br>1. En las relaciones contractuales entre particulares o entre empresas.<br>2. En litigios sobre los que se haya emitido sentencia judicial o sobre temas que se encuentre en v\u00eda judicial.<br>3. Reclamaciones contra las Administraciones P\u00fablicas.<\/p>\n\n\n\n<p>\n\tPara cualquier consulta puede ponerse en contacto con nosotros en:<\/p>\n\n\n\n<h4 class=\"wp-block-heading\">\n\tO.M.I.C. de Mijas<\/h4>\n\n\n\n<ul>\n<li> <strong>Direcci\u00f3n:<\/strong> Plaza La Cala, 7, 29651 Las Lagunas, Mijas-Costa, M\u00e1laga<\/li>\n\n\n\n<li> <strong>Tel\u00e9fono:<\/strong> 952582911<\/li>\n\n\n\n<li> <strong>Horario:<\/strong> de Lunes a Viernes de 9:00 a 13:00 horas<\/li>\n\n\n\n<li> <strong>E-mail:<\/strong><a href=\"mailto:consumo@mijas.es\"> consumo@mijas.es<\/a><\/li>\n<\/ul>\n\n\n\n<h4 class=\"wp-block-heading\">\n\tHistoria de la OMIC de Mijas<\/h4>\n\n\n\n<p>\n\tEn el a\u00f1o 1983 se crea la Oficina de Consumo en el Ayuntamiento de \nMijas y en 1990 con la entrada en la Comunidad Europea sufre un gran \nimpulso.<\/p>\n\n\n\n<p>\n\tCabe resaltar la pertenencia a la Federaci\u00f3n de Municipios y \nProvincias, siendo miembros (fundadores) del Comit\u00e9 Nacional de la Red \n\u201cUni\u00f3n OMICS\u201d.<\/p>\n\n\n\n<p>\n\tA partir de 1990 se empiezan a realizar diferentes actividades con los \ncolegios del municipio. Asimismo el d\u00eda 15 de marzo con motivo del D\u00eda \nMundial del Consumidor, venimos realizando charlas y talleres en los \ncolegios del municipio, centro de adultos y asociaciones, entregando \nmaterial divulgativo y educativo.<\/p>\n\n\n\n<p> Toda esta larga andadura de esta oficina de consumo, fue valorada y  premiada por la Junta de Andaluc\u00eda al concedernos el premio C de Consumo  de Andaluc\u00eda 2003, por el esfuerzo realizado en pro de los derechos de  los consumidores y usuarios andaluces.<\/p>\n\n\n\n<h2 class=\"wp-block-heading\">Consumo Responde<\/h2>\n\n\n\n<p>Ante cualquier duda o consulta en materia de consumo, la ciudadan\u00eda puede contactar con Consumo Responde, un servicio gratuito de informaci\u00f3n y asesoramiento a las personas consumidoras y usuarias, impulsado por la Consejer\u00eda de Salud y Familias de la Junta de Andaluc\u00eda.<\/p>\n\n\n\n<p>Se trata de un servicio multicanal, al que se puede acceder de forma continuada a trav\u00e9s:<\/p>\n\n\n\n<ul>\n<li>Tel\u00e9fono: 900 21 50 80,<\/li>\n\n\n\n<li>Web&nbsp;<a href=\"https:\/\/www.consumoresponde.es\/\">www.consumoresponde.es<\/a>,<\/li>\n\n\n\n<li>Correo&nbsp;<a href=\"mailto:consumoresponde@juntadeandalucia.es\">consumoresponde@juntadeandalucia.es<\/a><\/li>\n\n\n\n<li>Twitter (<a href=\"https:\/\/twitter.com\/consumoresponde\">@consumoresponde<\/a>),<\/li>\n\n\n\n<li>Facebook (<a href=\"http:\/\/www.facebook.com\/consumoresponde\">www.facebook.com\/consumoresponde<\/a>)<\/li>\n\n\n\n<li>Instagram (<a href=\"https:\/\/www.instagram.com\/consumoresponde\/\">@consumoresponde<\/a>).<\/li>\n<\/ul>\n","protected":false},"excerpt":{"rendered":"<p>Las funciones principales de la OMIC, dependiente del Ayuntamiento de Mijas son la informaci\u00f3n, orientaci\u00f3n y ayuda a los consumidores y usuarios en materia de Mediaci\u00f3n Publica en Consumo y resolver los conflictos que puedan surgir entre los empresarios y consumidores. Este servicio podr\u00e1 ser usado por cualquier consumidor final, personas que compran bienes y\/o [&hellip;]<\/p>\n","protected":false},"author":4,"featured_media":13852,"parent":0,"menu_order":0,"comment_status":"closed","ping_status":"closed","template":"page-departamental.php","meta":[],"_links":{"self":[{"href":"https:\/\/www.mijas.es\/portal\/wp-json\/wp\/v2\/pages\/13861"}],"collection":[{"href":"https:\/\/www.mijas.es\/portal\/wp-json\/wp\/v2\/pages"}],"about":[{"href":"https:\/\/www.mijas.es\/portal\/wp-json\/wp\/v2\/types\/page"}],"author":[{"embeddable":true,"href":"https:\/\/www.mijas.es\/portal\/wp-json\/wp\/v2\/users\/4"}],"replies":[{"embeddable":true,"href":"https:\/\/www.mijas.es\/portal\/wp-json\/wp\/v2\/comments?post=13861"}],"version-history":[{"count":8,"href":"https:\/\/www.mijas.es\/portal\/wp-json\/wp\/v2\/pages\/13861\/revisions"}],"predecessor-version":[{"id":54900,"href":"https:\/\/www.mijas.es\/portal\/wp-json\/wp\/v2\/pages\/13861\/revisions\/54900"}],"wp:featuredmedia":[{"embeddable":true,"href":"https:\/\/www.mijas.es\/portal\/wp-json\/wp\/v2\/media\/13852"}],"wp:attachment":[{"href":"https:\/\/www.mijas.es\/portal\/wp-json\/wp\/v2\/media?parent=13861"}],"curies":[{"name":"wp","href":"https:\/\/api.w.org\/{rel}","templated":true}]}}