{"id":13834,"date":"2019-03-27T11:25:44","date_gmt":"2019-03-27T11:25:44","guid":{"rendered":"http:\/\/192.168.0.42\/?page_id=13834"},"modified":"2019-03-27T11:25:44","modified_gmt":"2019-03-27T11:25:44","slug":"normativa-de-aplicacion","status":"publish","type":"page","link":"https:\/\/www.mijas.es\/portal\/participacion-ciudadana\/normativa-de-aplicacion\/","title":{"rendered":"Normativa de aplicacion"},"content":{"rendered":"\n<p>\n\tEn la actualidad se est\u00e1n desarrollando&nbsp; el Reglamento Org\u00e1nico de \nParticipaci\u00f3n Ciudadana y el Reglamento Org\u00e1nico del Consejo Social de \nMijas.<\/p>\n\n\n\n<p>\n\t<a href=\"http:\/\/ https:\/\/www.boe.es\/buscar\/pdf\/2010\/BOE-A-2010-11491-consolidado.pdf\" target=\"_blank\" rel=\"noreferrer noopener\">Ley 5\/2010, de 11 de junio, de Autonom\u00eda Local de Andaluc\u00eda.<\/a><\/p>\n\n\n\n<p>\n\tLey 7\/1985, Reguladora de las Bases&nbsp; del R\u00e9gimen Local (al pinchar se enlaza)<\/p>\n\n\n\n<p>\n\t<a href=\"https:\/\/www.boe.es\/diario_boe\/txt.php?id=BOE-A-1986-33252\" target=\"_blank\" rel=\"noreferrer noopener\">Real\n Decreto 2568\/1986, de 28 de noviembre, por el que se aprueba el \nReglamento de Organizaci\u00f3n, Funcionamiento y R\u00e9gimen Jur\u00eddico de las \nEntidades Locales&nbsp;<\/a><\/p>\n\n\n\n<p>\n\t<a href=\"http:\/\/www.boe.es\/buscar\/act.php?id=BOE-A-2013-12887\" target=\"_blank\" rel=\"noreferrer noopener\">Ley 19\/2013, de 9 de diciembre, de transparencia, acceso a la informaci\u00f3n p\u00fablica y buen gobierno.<\/a><\/p>\n\n\n\n<p>\n\t<a href=\"http:\/\/ https:\/\/www.boe.es\/boe\/dias\/2014\/07\/16\/pdfs\/BOE-A-2014-7534.pdf\" target=\"_blank\" rel=\"noreferrer noopener\">Ley 1\/2014 de 24 de junio de transparencia p\u00fablica de Andaluc\u00eda<\/a><\/p>\n\n\n\n<p>\n\t<a href=\"https:\/\/www.boe.es\/buscar\/doc.php?id=BOE-A-2002-5852\" target=\"_blank\" rel=\"noreferrer noopener\">Ley Org\u00e1nica 1\/2002, de 22 de marzo, reguladora del Derecho de Asociaci\u00f3n.<\/a><\/p>\n\n\n\n<p>\n\t<a href=\"http:\/\/www.boe.es\/buscar\/doc.php?id=BOE-A-2006-14195\" target=\"_blank\" rel=\"noreferrer noopener\">Ley 4\/2006, de 23 de junio, de Asociaciones de Andaluc\u00eda<\/a><\/p>\n\n\n\n<p>\n\t<a href=\"http:\/\/www.juntadeandalucia.es\/boja\/2002\/69\/2\" target=\"_blank\" rel=\"noreferrer noopener\">Decreto\n 152\/2002, de 21 de mayo, por el que se aprueba el Reglamento de \norganizaci\u00f3n y funcionamiento del Registro de Asociaciones de Andaluc\u00eda<\/a><\/p>\n\n\n\n<p>\n\tReglamento Org\u00e1nico de Participaci\u00f3n Ciudadana del Ayuntamiento de Mijas.<\/p>\n\n\n\n<p>\n\tReglamento Org\u00e1nico de Consejo Social de Mijas.<\/p>\n\n\n\n<p>\n\t<a href=\"http:\/\/www2.mijas.es\/mijas\/UserFiles?dir=\/File\/Ordenanzas\/GestTrib\/a8161_44_ORDENANZA_PRECIOS_ASISTENCIA_A_FESTIVALES_ACTUACIONES_TEATRALES_EXPOSICIONES.pdf\" target=\"_blank\" rel=\"noreferrer noopener\">Ordenanza\n fiscal reguladora de Precios para asistencia a festivales, actuaciones \nteatrales, exposiciones, etc. y cesi\u00f3n de bienes municipales.<\/a><\/p>\n","protected":false},"excerpt":{"rendered":"<p>En la actualidad se est\u00e1n desarrollando&nbsp; el Reglamento Org\u00e1nico de Participaci\u00f3n Ciudadana y el Reglamento Org\u00e1nico del Consejo Social de Mijas. Ley 5\/2010, de 11 de junio, de Autonom\u00eda Local de Andaluc\u00eda. Ley 7\/1985, Reguladora de las Bases&nbsp; del R\u00e9gimen Local (al pinchar se enlaza) Real Decreto 2568\/1986, de 28 de noviembre, por el que [&hellip;]<\/p>\n","protected":false},"author":4,"featured_media":13811,"parent":13805,"menu_order":0,"comment_status":"closed","ping_status":"closed","template":"page-departamental.php","meta":[],"_links":{"self":[{"href":"https:\/\/www.mijas.es\/portal\/wp-json\/wp\/v2\/pages\/13834"}],"collection":[{"href":"https:\/\/www.mijas.es\/portal\/wp-json\/wp\/v2\/pages"}],"about":[{"href":"https:\/\/www.mijas.es\/portal\/wp-json\/wp\/v2\/types\/page"}],"author":[{"embeddable":true,"href":"https:\/\/www.mijas.es\/portal\/wp-json\/wp\/v2\/users\/4"}],"replies":[{"embeddable":true,"href":"https:\/\/www.mijas.es\/portal\/wp-json\/wp\/v2\/comments?post=13834"}],"version-history":[{"count":1,"href":"https:\/\/www.mijas.es\/portal\/wp-json\/wp\/v2\/pages\/13834\/revisions"}],"predecessor-version":[{"id":13835,"href":"https:\/\/www.mijas.es\/portal\/wp-json\/wp\/v2\/pages\/13834\/revisions\/13835"}],"up":[{"embeddable":true,"href":"https:\/\/www.mijas.es\/portal\/wp-json\/wp\/v2\/pages\/13805"}],"wp:featuredmedia":[{"embeddable":true,"href":"https:\/\/www.mijas.es\/portal\/wp-json\/wp\/v2\/media\/13811"}],"wp:attachment":[{"href":"https:\/\/www.mijas.es\/portal\/wp-json\/wp\/v2\/media?parent=13834"}],"curies":[{"name":"wp","href":"https:\/\/api.w.org\/{rel}","templated":true}]}}