{"id":13832,"date":"2019-03-27T11:12:12","date_gmt":"2019-03-27T11:12:12","guid":{"rendered":"http:\/\/192.168.0.42\/?page_id=13832"},"modified":"2023-09-28T07:20:48","modified_gmt":"2023-09-28T06:20:48","slug":"participa","status":"publish","type":"page","link":"https:\/\/www.mijas.es\/portal\/participacion-ciudadana\/participa\/","title":{"rendered":"PARTICIPA"},"content":{"rendered":"\n<p>Ponemos a&nbsp; disposici\u00f3n de la ciudadan\u00eda&nbsp; iniciativas&nbsp; con objeto de facilitar&nbsp; la participaci\u00f3n activa, buscando canales que faciliten, tanto a las personas como al movimiento asociativo, la posibilidad de colaborar en el desarrollo de nuestro municipio.<\/p>\n\n\n\n<p> FACEBOOK: <a href=\"https:\/\/www.facebook.com\/Participaci%C3%B3n-Ciudadana-Mijas-251833001834178\/?fref=ts\" target=\"_blank\" rel=\"noreferrer noopener\">participaci\u00f3n ciudadana Mijas<\/a><\/p>\n\n\n\n<p>TWITER: <a href=\"https:\/\/twitter.com\/mijasparticipa?lang=es\" target=\"_blank\" rel=\"noreferrer noopener\">@mijasparticipa<\/a><\/p>\n","protected":false},"excerpt":{"rendered":"<p>Ponemos a&nbsp; disposici\u00f3n de la ciudadan\u00eda&nbsp; iniciativas&nbsp; con objeto de facilitar&nbsp; la participaci\u00f3n activa, buscando canales que faciliten, tanto a las personas como al movimiento asociativo, la posibilidad de colaborar en el desarrollo de nuestro municipio. FACEBOOK: participaci\u00f3n ciudadana Mijas TWITER: @mijasparticipa<\/p>\n","protected":false},"author":4,"featured_media":13811,"parent":13805,"menu_order":0,"comment_status":"closed","ping_status":"closed","template":"page-departamental.php","meta":[],"_links":{"self":[{"href":"https:\/\/www.mijas.es\/portal\/wp-json\/wp\/v2\/pages\/13832"}],"collection":[{"href":"https:\/\/www.mijas.es\/portal\/wp-json\/wp\/v2\/pages"}],"about":[{"href":"https:\/\/www.mijas.es\/portal\/wp-json\/wp\/v2\/types\/page"}],"author":[{"embeddable":true,"href":"https:\/\/www.mijas.es\/portal\/wp-json\/wp\/v2\/users\/4"}],"replies":[{"embeddable":true,"href":"https:\/\/www.mijas.es\/portal\/wp-json\/wp\/v2\/comments?post=13832"}],"version-history":[{"count":7,"href":"https:\/\/www.mijas.es\/portal\/wp-json\/wp\/v2\/pages\/13832\/revisions"}],"predecessor-version":[{"id":52063,"href":"https:\/\/www.mijas.es\/portal\/wp-json\/wp\/v2\/pages\/13832\/revisions\/52063"}],"up":[{"embeddable":true,"href":"https:\/\/www.mijas.es\/portal\/wp-json\/wp\/v2\/pages\/13805"}],"wp:featuredmedia":[{"embeddable":true,"href":"https:\/\/www.mijas.es\/portal\/wp-json\/wp\/v2\/media\/13811"}],"wp:attachment":[{"href":"https:\/\/www.mijas.es\/portal\/wp-json\/wp\/v2\/media?parent=13832"}],"curies":[{"name":"wp","href":"https:\/\/api.w.org\/{rel}","templated":true}]}}