{"id":13830,"date":"2019-03-27T11:11:19","date_gmt":"2019-03-27T11:11:19","guid":{"rendered":"http:\/\/192.168.0.42\/?page_id=13830"},"modified":"2022-06-23T14:31:06","modified_gmt":"2022-06-23T13:31:06","slug":"organos-de-participacion","status":"publish","type":"page","link":"https:\/\/www.mijas.es\/portal\/participacion-ciudadana\/organos-de-participacion\/","title":{"rendered":"\u00d3rganos de Participaci\u00f3n"},"content":{"rendered":"\n<p>\u00d3rganos de Participaci\u00f3n territorial: JUNTAS VECINALES<\/p>\n\n\n\n<p>La participaci\u00f3n de la poblaci\u00f3n mije\u00f1a en los n\u00facleos de poblaci\u00f3n (en el futuro, distritos) puede ejercerse tanto de manera individual como colectiva:<\/p>\n\n\n\n<p><strong>&nbsp;&nbsp;&nbsp;&nbsp;&nbsp; Individual.-<\/strong>&nbsp;contactando o acudiendo a las sedes de los n\u00facleos de poblaci\u00f3n en las fechas en que se CONVOQUEN REUNIONES DE JUNTAS VECINALES a transmitir opiniones o inquietudes de su realidad cotidiana, o implic\u00e1ndose en los procesos o consultas que se pongan en marcha en su territorio.<\/p>\n\n\n\n<p><strong>&nbsp;&nbsp;&nbsp;&nbsp; Colectiva.-<\/strong>&nbsp;para quien quiera ir m\u00e1s all\u00e1&nbsp; y desee involucrarse en los \u00f3rganos de participaci\u00f3n territoriales: las Juntas Vecinales.<\/p>\n\n\n\n<p><strong>Las funciones de las Juntas Vecinales son, fomentar y velar por la participaci\u00f3n ciudadana en el territorio de referencia, relacion\u00e1ndose con las organizaciones ciudadanas del mismo. Organizar, en colaboraci\u00f3n con las entidades, la programaci\u00f3n de actividades. As\u00ed como atender cualquier petici\u00f3n vecinal.<\/strong><\/p>\n\n\n\n<p><strong>Puedes conocer m\u00e1s en el Reglamento de Participaci\u00f3n Ciudadana CAP\u00cdTULO VI<\/strong> &#8211; <a rel=\"noreferrer noopener\" href=\"https:\/\/www.mijas.es\/files\/adjuntos\/Asociaciones\/REGLAMENTO_PARTICIPACIN_CIUDADANA.pdf\" target=\"_blank\">Descargar<\/a><\/p>\n\n\n\n<p>Finalizado el periodo de solicitud para formar parte de las Juntas Vecinales (29 de abril de 2021 a 18 de mayo de 2021) se celebraron sesiones constitutivas en los tres n\u00facleos de poblaci\u00f3n. Las personas que componen las distintas Juntas Vecinales son:<\/p>\n\n\n\n<p>1.- Junta Vecinal de La Cala y Urb. colindantes:<\/p>\n\n\n\n<p>&nbsp;&nbsp;&nbsp; Sres.\/Sras. integrantes aqui (documento adjunto:<a> <\/a><a rel=\"noreferrer noopener\" href=\"https:\/\/www.mijas.es\/wp-content\/uploads\/2021\/07\/INTEGRANTES%20JUNTAS%20VECINALES%20LA%20CALA.pdf\" target=\"_blank\">INTEGRANTES JUNTAS VECINALES LA CALA.pdf<\/a> )<\/p>\n\n\n\n<ul><li>Acta de la Sesi\u00f3n Constitutiva de <strong>24\/06\/2021<\/strong> la JV La Cala &#8211; <a rel=\"noreferrer noopener\" href=\"https:\/\/www.mijas.es\/wp-content\/uploads\/2021\/09\/ACTA_CONSTITUTIVA%20LA%20CALA%20FDO.pdf\" target=\"_blank\">Descargar<\/a> \u00a0\u00a0\u00a0 \u00a0\u00a0<\/li><li>Acta de Sesi\u00f3n Ordinaria de <strong>24\/06\/2021 <\/strong>de la JV La Cala &#8211; <a rel=\"noreferrer noopener\" href=\"https:\/\/www.mijas.es\/wp-content\/uploads\/2021\/09\/ACTA_ORDINARIA%20LA%20CALA%20FDO.pdf\" target=\"_blank\">Descargar<\/a><\/li><li>Acta de Sesi\u00f3n Ordinaria de <strong>27\/09\/2021 <\/strong>de la JV La Cala \u2013\u00a0<a rel=\"noreferrer noopener\" href=\"https:\/\/www.mijas.es\/wp-content\/uploads\/2022\/02\/ACTA%20SESI%C3%93N%20ORDINARIA%20J%20V%20DE%20LA%20CALA%2027-09-2021.pdf\" target=\"_blank\">Descargar<\/a><\/li><li>Diagn\u00f3stico Participativo de La Cala &#8211; <a rel=\"noreferrer noopener\" href=\"https:\/\/www.mijas.es\/wp-content\/uploads\/2022\/06\/1-%20DIAGNOSTICO%20PARTICIPATIVO%20JUNTA%20VECINAL%20DE%20LA%20CALA.pdf\" target=\"_blank\">Descargar<\/a><\/li><\/ul>\n\n\n\n<p>2.- Junta Vecinal de Mijas Pueblo\u00a0 y Urb. colindantes:<\/p>\n\n\n\n<p>&nbsp;&nbsp;&nbsp; Sres.\/Sras. integrantes aqui (documento adjunto: <a rel=\"noreferrer noopener\" href=\"https:\/\/www.mijas.es\/wp-content\/uploads\/2021\/07\/INTEGRANTES%20JUNTA%20VECINAL%20MIJAS%20PUEBLO.pdf\" target=\"_blank\">INTEGRANTES JUNTA VECINAL MIJAS PUEBLO.pdf<\/a> )<\/p>\n\n\n\n<ul><li>Acta de la Sesi\u00f3n Constitutiva de <strong>06\/07\/2021<\/strong> la JV Mijas Pueblo- <a rel=\"noreferrer noopener\" href=\"https:\/\/www.mijas.es\/wp-content\/uploads\/2021\/09\/ACTA%20CONSTITUTIVA%20MIJAS%20PUEBLO%20FDO.pdf\" target=\"_blank\">Descargar<\/a><\/li><li>Acta de Sesi\u00f3n Ordinaria de <strong>06\/07\/2021 <\/strong>de la JV Mijas Pueblo &#8211; <a rel=\"noreferrer noopener\" href=\"https:\/\/www.mijas.es\/wp-content\/uploads\/2021\/09\/ACTA%20ORDINARIA%20MIJAS%20PUEBLO%20FDO.pdf\" target=\"_blank\">Descargar<\/a><\/li><li>Acta de Sesi\u00f3n Ordinaria de <strong>21\/09\/2021 <\/strong>de la JV Mijas Pueblo \u2013\u00a0<a rel=\"noreferrer noopener\" href=\"https:\/\/www.mijas.es\/wp-content\/uploads\/2022\/02\/ACTA%20SESI%C3%93N%20ORDINARIA%20JV%20MIJAS%20PUEBLO%2021-09-2021.pdf\" target=\"_blank\">Descargar<\/a><\/li><li>Diagn\u00f3stico Participativo de Mijas Pueblo &#8211; <a href=\"https:\/\/www.mijas.es\/wp-content\/uploads\/2022\/06\/2-%20DIAGNOSTICO%20PARTICIPATIVO%20JUNTA%20VECINAL%20DE%20MIJAS%20PUEBLO.pdf\" target=\"_blank\" rel=\"noreferrer noopener\">Descargar<\/a><\/li><\/ul>\n\n\n\n<p>3.- Junta Vecinal de Las Lagunas y Urb. colindantes:<\/p>\n\n\n\n<p>&nbsp;&nbsp;&nbsp; Sres.\/Sras. integrantes aqui (documento adjunto: <a rel=\"noreferrer noopener\" href=\"https:\/\/www.mijas.es\/wp-content\/uploads\/2021\/07\/INTEGRANTES%20JUNTA%20VECINAL%20LAS%20LAGUNAS.pdf\" target=\"_blank\">INTEGRANTES JUNTA VECINAL LAS LAGUNAS.pdf<\/a> )<\/p>\n\n\n\n<ul><li>Acta de la Sesi\u00f3n Constitutiva de <strong>07\/07\/2021<\/strong> la JV Las Lagunas &#8211; <a rel=\"noreferrer noopener\" href=\"https:\/\/www.mijas.es\/wp-content\/uploads\/2021\/09\/ACTA%20CONSTITUTIVA%20LAS%20LAGUNAS%20FDO.pdf\" target=\"_blank\">Descargar<\/a><\/li><li>Acta de Sesi\u00f3n Ordinaria de <strong>07\/07\/2021<\/strong> de la JV Las Lagunas &#8211; <a rel=\"noreferrer noopener\" href=\"https:\/\/www.mijas.es\/wp-content\/uploads\/2021\/09\/ACTA%20ORDINARIA%20LAS%20LAGUNAS%20FDO.pdf\" target=\"_blank\">Descargar<\/a><\/li><li>Acta de Sesi\u00f3n Ordinaria de <strong>29\/09\/2021<\/strong> de la JV Las Lagunas &#8211; <a rel=\"noreferrer noopener\" href=\"https:\/\/www.mijas.es\/wp-content\/uploads\/2022\/02\/ACTA%20SESI%C3%93N%20ORDINARIA%20JV%20LAS%20LAGUNAS%2029-09%20-2021.pdf\" target=\"_blank\">Descargar<\/a><\/li><li>Diagn\u00f3stico Participativo de Las Lagunas &#8211; <a href=\"https:\/\/www.mijas.es\/wp-content\/uploads\/2022\/06\/3-%20DIAGNOSTICO%20PARTIPATIVO%20JUNTA%20VECINAL%20DE%20LAS%20LAGUNAS%20.pdf\" target=\"_blank\" rel=\"noreferrer noopener\">Descargar<\/a><\/li><\/ul>\n\n\n\n<p> \u00d3rganos de Participaci\u00f3n estrat\u00e9gica: CONSEJO SOCIAL DE MIJAS<\/p>\n\n\n\n<p>\n\t<strong>El Consejo Social de Mijas nace para fomentar los mecanismos \nparticipativos en el que representantes de todos los estamentos \necon\u00f3micos, profesionales y sociales de Mijas participen en el debate y \nel asesoramiento en materia de planificaci\u00f3n estrat\u00e9gica urbana y de \ndesarrollo global de nuestro municipio.<\/strong><\/p>\n\n\n\n<p>\n\t<strong>El Consejo Social de Mijas es un \u00f3rgano colegiado. Se \nconstituye como plataforma institucional permanente de di\u00e1logo y \ndeliberaci\u00f3n, emitiendo informes estudios y propuestas.<\/strong><\/p>\n\n\n\n<p>\n\tSE A\u00d1ADIR\u00c1 AQU\u00cd LA COMPOSICI\u00d3N DEL CONSEJO SOCIAL ETC<\/p>\n\n\n\n<p>\n\t\u00d3rganos de Participaci\u00f3n sectorial: CONSEJOS SECTORIALES<\/p>\n\n\n\n<p>\n\tSin olvidar que&nbsp; se puede intervenir de manera individual, la \nparticipaci\u00f3n sectorial est\u00e1 dirigida sobre todo a colectivos, \nasociaciones o sectores de poblaci\u00f3n.<\/p>\n\n\n\n<p>\n\t<strong>Los Consejos Sectoriales tienen como finalidad canalizar la \nparticipaci\u00f3n de la ciudadan\u00eda y de sus asociaciones en los asuntos \nmunicipales.<\/strong><\/p>\n\n\n\n<p>\n\tSE A\u00d1ADIR\u00c1 AQU\u00cd LOS DIFERENTES CONSEJOS SECTORIALES Y SUS COMPOSICIONES<\/p>\n","protected":false},"excerpt":{"rendered":"<p>\u00d3rganos de Participaci\u00f3n territorial: JUNTAS VECINALES La participaci\u00f3n de la poblaci\u00f3n mije\u00f1a en los n\u00facleos de poblaci\u00f3n (en el futuro, distritos) puede ejercerse tanto de manera individual como colectiva: &nbsp;&nbsp;&nbsp;&nbsp;&nbsp; Individual.-&nbsp;contactando o acudiendo a las sedes de los n\u00facleos de poblaci\u00f3n en las fechas en que se CONVOQUEN REUNIONES DE JUNTAS VECINALES a transmitir opiniones [&hellip;]<\/p>\n","protected":false},"author":4,"featured_media":13811,"parent":13805,"menu_order":0,"comment_status":"closed","ping_status":"closed","template":"page-departamental.php","meta":[],"_links":{"self":[{"href":"https:\/\/www.mijas.es\/portal\/wp-json\/wp\/v2\/pages\/13830"}],"collection":[{"href":"https:\/\/www.mijas.es\/portal\/wp-json\/wp\/v2\/pages"}],"about":[{"href":"https:\/\/www.mijas.es\/portal\/wp-json\/wp\/v2\/types\/page"}],"author":[{"embeddable":true,"href":"https:\/\/www.mijas.es\/portal\/wp-json\/wp\/v2\/users\/4"}],"replies":[{"embeddable":true,"href":"https:\/\/www.mijas.es\/portal\/wp-json\/wp\/v2\/comments?post=13830"}],"version-history":[{"count":10,"href":"https:\/\/www.mijas.es\/portal\/wp-json\/wp\/v2\/pages\/13830\/revisions"}],"predecessor-version":[{"id":46700,"href":"https:\/\/www.mijas.es\/portal\/wp-json\/wp\/v2\/pages\/13830\/revisions\/46700"}],"up":[{"embeddable":true,"href":"https:\/\/www.mijas.es\/portal\/wp-json\/wp\/v2\/pages\/13805"}],"wp:featuredmedia":[{"embeddable":true,"href":"https:\/\/www.mijas.es\/portal\/wp-json\/wp\/v2\/media\/13811"}],"wp:attachment":[{"href":"https:\/\/www.mijas.es\/portal\/wp-json\/wp\/v2\/media?parent=13830"}],"curies":[{"name":"wp","href":"https:\/\/api.w.org\/{rel}","templated":true}]}}