{"id":13828,"date":"2019-03-27T11:10:29","date_gmt":"2019-03-27T11:10:29","guid":{"rendered":"http:\/\/192.168.0.42\/?page_id=13828"},"modified":"2019-03-27T11:10:29","modified_gmt":"2019-03-27T11:10:29","slug":"uso-de-locales-e-instalaciones-de-titularidad-municipal-para-la-realizacion-de-actividades","status":"publish","type":"page","link":"https:\/\/www.mijas.es\/portal\/participacion-ciudadana\/uso-de-locales-e-instalaciones-de-titularidad-municipal-para-la-realizacion-de-actividades\/","title":{"rendered":"Uso de locales e instalaciones de titularidad municipal para la realizaci\u00f3n de actividades."},"content":{"rendered":"\n<p>\n\tLas asociaciones municipales inscritas y declaradas de Utilidad P\u00fablica\n Municipal podr\u00e1n acceder al uso de locales e instalaciones de \ntitularidad municipal para la realizaci\u00f3n de actividades puntuales, \nsiendo responsables del buen uso de las instalaciones.<\/p>\n\n\n\n<p>\n\tLa solicitud se cursar\u00e1 ante el departamento de Patrimonio, que la podr\u00e1 conceder o denegar.<\/p>\n\n\n\n<p>\n\tLa concesi\u00f3n, en&nbsp; su caso, atender\u00e1&nbsp; a las&nbsp; limitaciones que&nbsp; imponga&nbsp; \nel uso normal de las instalaciones o la coincidencia del uso por parte \nde otras asociaciones o del propio Ayuntamiento.<\/p>\n\n\n\n<p>\n\tPara el desarrollo de actividades continuadas, el Ayuntamiento Pleno, \npodr\u00e1 conceder el uso de locales o instalaciones a las asociaciones \ninscritas y declaradas de utilidad p\u00fablica municipal, en los t\u00e9rminos \nque se\u00f1ale el acuerdo de concesi\u00f3n correspondiente y conforme a lo \nestablecido en la legislaci\u00f3n reguladora de bienes, estableci\u00e9ndose, en \ntodo caso, las condiciones de uso. Los gastos inherentes a la \nutilizaci\u00f3n, as\u00ed como las inversiones que fueran necesarias para la \nnormal conservaci\u00f3n y mantenimiento del inmueble, correr\u00e1n a cargo de la\n entidad beneficiaria.<\/p>\n","protected":false},"excerpt":{"rendered":"<p>Las asociaciones municipales inscritas y declaradas de Utilidad P\u00fablica Municipal podr\u00e1n acceder al uso de locales e instalaciones de titularidad municipal para la realizaci\u00f3n de actividades puntuales, siendo responsables del buen uso de las instalaciones. La solicitud se cursar\u00e1 ante el departamento de Patrimonio, que la podr\u00e1 conceder o denegar. La concesi\u00f3n, en&nbsp; su caso, [&hellip;]<\/p>\n","protected":false},"author":4,"featured_media":13811,"parent":13805,"menu_order":0,"comment_status":"closed","ping_status":"closed","template":"page-departamental.php","meta":[],"_links":{"self":[{"href":"https:\/\/www.mijas.es\/portal\/wp-json\/wp\/v2\/pages\/13828"}],"collection":[{"href":"https:\/\/www.mijas.es\/portal\/wp-json\/wp\/v2\/pages"}],"about":[{"href":"https:\/\/www.mijas.es\/portal\/wp-json\/wp\/v2\/types\/page"}],"author":[{"embeddable":true,"href":"https:\/\/www.mijas.es\/portal\/wp-json\/wp\/v2\/users\/4"}],"replies":[{"embeddable":true,"href":"https:\/\/www.mijas.es\/portal\/wp-json\/wp\/v2\/comments?post=13828"}],"version-history":[{"count":1,"href":"https:\/\/www.mijas.es\/portal\/wp-json\/wp\/v2\/pages\/13828\/revisions"}],"predecessor-version":[{"id":13829,"href":"https:\/\/www.mijas.es\/portal\/wp-json\/wp\/v2\/pages\/13828\/revisions\/13829"}],"up":[{"embeddable":true,"href":"https:\/\/www.mijas.es\/portal\/wp-json\/wp\/v2\/pages\/13805"}],"wp:featuredmedia":[{"embeddable":true,"href":"https:\/\/www.mijas.es\/portal\/wp-json\/wp\/v2\/media\/13811"}],"wp:attachment":[{"href":"https:\/\/www.mijas.es\/portal\/wp-json\/wp\/v2\/media?parent=13828"}],"curies":[{"name":"wp","href":"https:\/\/api.w.org\/{rel}","templated":true}]}}