{"id":13826,"date":"2019-03-27T11:09:32","date_gmt":"2019-03-27T11:09:32","guid":{"rendered":"http:\/\/192.168.0.42\/?page_id=13826"},"modified":"2026-01-16T10:57:21","modified_gmt":"2026-01-16T09:57:21","slug":"subvenciones-para-asociaciones","status":"publish","type":"page","link":"https:\/\/www.mijas.es\/portal\/participacion-ciudadana\/subvenciones-para-asociaciones\/","title":{"rendered":"Subvenciones para asociaciones y entidades sin \u00e1nimo de lucro"},"content":{"rendered":"\n<p>El Ayuntamiento de Mijas, a trav\u00e9s del \u00c1rea de Participaci\u00f3n Ciudadana, refuerza su compromiso con el fomento del asociacionismo y la participaci\u00f3n activa de la ciudadan\u00eda en la vida p\u00fablica municipal, impulsando iniciativas que contribuyan al inter\u00e9s general y complementen la actividad municipal.<\/p>\n\n\n\n<p>Con este fin, el Ayuntamiento establece mecanismos de apoyo econ\u00f3mico a las asociaciones y entidades sin \u00e1nimo de lucro del municipio mediante un sistema de concesi\u00f3n de subvenciones en r\u00e9gimen de concurrencia competitiva, garantizando los principios de publicidad, transparencia, igualdad y objetividad.<\/p>\n\n\n\n<p>Estas subvenciones est\u00e1n dirigidas a asociaciones y entidades sin \u00e1nimo de lucro inscritas en el Registro Municipal de Asociaciones y Entidades Ciudadanas del Ayuntamiento de Mijas, declaradas de Utilidad P\u00fablica Municipal y al corriente en la actualizaci\u00f3n anual de sus datos, de conformidad con lo establecido en la normativa vigente.<\/p>\n\n\n\n<p>Las ayudas tienen por finalidad apoyar el desarrollo de proyectos de inter\u00e9s general que fomenten la participaci\u00f3n ciudadana y contribuyan al fortalecimiento y consolidaci\u00f3n del tejido asociativo local.<\/p>\n\n\n\n<p>La concesi\u00f3n de las subvenciones se rige por lo dispuesto en la Ordenanza General de Subvenciones del Ayuntamiento de Mijas, publicada en el Bolet\u00edn Oficial de la Provincia de M\u00e1laga n\u00ba 217, de 13 de noviembre de 2025, por el Plan Estrat\u00e9gico de Subvenciones municipal y por la correspondiente convocatoria aprobada para cada ejercicio.<\/p>\n\n\n\n<p>El procedimiento de concesi\u00f3n se realiza mediante concurrencia competitiva, a trav\u00e9s de la valoraci\u00f3n y comparaci\u00f3n de las solicitudes presentadas, de acuerdo con los criterios establecidos en la convocatoria.<\/p>\n\n\n\n<p>El plazo de presentaci\u00f3n de solicitudes se iniciar\u00e1 el d\u00eda 26 de enero de 2026, debiendo tramitarse exclusivamente a trav\u00e9s de la sede electr\u00f3nica del Ayuntamiento de Mijas, conforme a los modelos normalizados y dentro de los plazos establecidos.<\/p>\n\n\n\n<p>A continuaci\u00f3n, se encuentra disponible para su consulta y descarga:<\/p>\n\n\n\n<ul>\n<li>Ordenanza General de Subvenciones &#8211; <a href=\"https:\/\/www.mijas.es\/wp-content\/uploads\/2026\/01\/20260114_2.-%20BOPMA%2013%2011%202025%20OGS.pdf\" target=\"_blank\" rel=\"noreferrer noopener\">DESCARGAR<\/a><\/li>\n\n\n\n<li>Texto \u00edntegro de la convocatoria &#8211; <a href=\"https:\/\/www.mijas.es\/wp-content\/uploads\/2026\/01\/20251205_Otros_CONVOCATORIA%20MEDIANTE%20TRAMITACI%C3%93N%20ANTICIPADA%20PARA%20LA%20CONCESI%C3%93N%20EN%20R%C3%89GIMEN%20DE%20CONCURRENCIA%20COMPETITIVA%20DE%20SUBVENCIONES%20PARA%20ASOCIACIONES%20Y%20ENTIDADES%20SIN%20%C3%81NIMO%20DE%20LUCRO%20DEL%20%C3%81REA%20DE%20PARTICIPACI%C3%93N%20CIU.pdf\" target=\"_blank\" rel=\"noreferrer noopener\">DESCARGAR<\/a><\/li>\n\n\n\n<li>Anexos normalizados para la presentaci\u00f3n de solicitudes y la justificaci\u00f3n de las subvenciones &#8211;<a href=\"https:\/\/www.mijas.es\/wp-content\/uploads\/2026\/01\/Anexos.zip\" target=\"_blank\" rel=\"noreferrer noopener\">DESCARGAR<\/a><\/li>\n<\/ul>\n","protected":false},"excerpt":{"rendered":"<p>El Ayuntamiento de Mijas, a trav\u00e9s del \u00c1rea de Participaci\u00f3n Ciudadana, refuerza su compromiso con el fomento del asociacionismo y la participaci\u00f3n activa de la ciudadan\u00eda en la vida p\u00fablica municipal, impulsando iniciativas que contribuyan al inter\u00e9s general y complementen la actividad municipal. Con este fin, el Ayuntamiento establece mecanismos de apoyo econ\u00f3mico a las [&hellip;]<\/p>\n","protected":false},"author":4,"featured_media":13811,"parent":13805,"menu_order":0,"comment_status":"closed","ping_status":"closed","template":"page-departamental.php","meta":[],"_links":{"self":[{"href":"https:\/\/www.mijas.es\/portal\/wp-json\/wp\/v2\/pages\/13826"}],"collection":[{"href":"https:\/\/www.mijas.es\/portal\/wp-json\/wp\/v2\/pages"}],"about":[{"href":"https:\/\/www.mijas.es\/portal\/wp-json\/wp\/v2\/types\/page"}],"author":[{"embeddable":true,"href":"https:\/\/www.mijas.es\/portal\/wp-json\/wp\/v2\/users\/4"}],"replies":[{"embeddable":true,"href":"https:\/\/www.mijas.es\/portal\/wp-json\/wp\/v2\/comments?post=13826"}],"version-history":[{"count":8,"href":"https:\/\/www.mijas.es\/portal\/wp-json\/wp\/v2\/pages\/13826\/revisions"}],"predecessor-version":[{"id":63295,"href":"https:\/\/www.mijas.es\/portal\/wp-json\/wp\/v2\/pages\/13826\/revisions\/63295"}],"up":[{"embeddable":true,"href":"https:\/\/www.mijas.es\/portal\/wp-json\/wp\/v2\/pages\/13805"}],"wp:featuredmedia":[{"embeddable":true,"href":"https:\/\/www.mijas.es\/portal\/wp-json\/wp\/v2\/media\/13811"}],"wp:attachment":[{"href":"https:\/\/www.mijas.es\/portal\/wp-json\/wp\/v2\/media?parent=13826"}],"curies":[{"name":"wp","href":"https:\/\/api.w.org\/{rel}","templated":true}]}}