{"id":13824,"date":"2019-03-27T11:08:46","date_gmt":"2019-03-27T11:08:46","guid":{"rendered":"http:\/\/192.168.0.42\/?page_id=13824"},"modified":"2022-03-09T15:38:41","modified_gmt":"2022-03-09T14:38:41","slug":"declaracion-de-utilidad-publica-municipal","status":"publish","type":"page","link":"https:\/\/www.mijas.es\/portal\/participacion-ciudadana\/declaracion-de-utilidad-publica-municipal\/","title":{"rendered":"Declaraci\u00f3n de Utilidad P\u00fablica Municipal"},"content":{"rendered":"\n<p>\n\tLas Asociaciones inscritas en el Registro Municipal de Asociaciones \npodr\u00e1n ser reconocidas de Utilidad P\u00fablica Municipal cuando su objeto \nsocial y las actividades que vengan realizando en el Municipio de Mijas \ntengan car\u00e1cter complementario con respecto a las competencias \nmunicipales.<\/p>\n\n\n\n<p>\n\t<strong>DOCUMENTACI\u00d3N A PRESENTAR <\/strong><\/p>\n\n\n\n<p>\n\t1. Presentaci\u00f3n de la solicitud y documentaci\u00f3n necesaria utilizando los modelos establecidos:<\/p>\n\n\n\n<p><a rel=\"noreferrer noopener\" href=\"https:\/\/www.mijas.es\/wp-content\/uploads\/2022\/03\/UPM-1%20Solicitud%20de%20Declaraci%C3%B3n%20de%20Utilidad%20P%C3%BAblica%20Municipal%20de%20Entidades.-.pdf\" target=\"_blank\">UPM-1 Solicitud de Declaraci\u00f3n de Utilidad P\u00fablica Municipal de Entidades.<\/a><\/p>\n\n\n\n<p><a rel=\"noreferrer noopener\" href=\"https:\/\/www.mijas.es\/wp-content\/uploads\/2022\/03\/UPM-2%20Certificado%20del%20n%C2%BA%20de%20socios%20totales%20y%20n%C2%BA%20de%20ellos%20al%20corriente%20en%20sus%20cuotas.-.pdf\" target=\"_blank\">UPM-2 Certificado del n\u00ba de socios totales y n\u00ba de ellos al corriente en sus cuotas.<\/a><\/p>\n\n\n\n<p><a href=\"https:\/\/www.mijas.es\/wp-content\/uploads\/2022\/03\/UPM-3%20Certificado%20del%20acuerdo%20de%20solicitud%20de%20Declaraci%C3%B3n%20de%20Utilidad%20P%C3%BAblica%20Municipal.-.pdf\" target=\"_blank\" rel=\"noreferrer noopener\">UPM-3 Certificado del acuerdo de solicitud de Declaraci\u00f3n de Utilidad P\u00fablica Municipal.<\/a><\/p>\n\n\n\n<p><a href=\"https:\/\/www.mijas.es\/wp-content\/uploads\/2022\/03\/UPM-4%20Certificado%20de%20no%20exclusividad%20de%20sus%20actividades%20s%C3%B3lo%20para%20sus%20socios%20o%20socias.-.pdf\" target=\"_blank\" rel=\"noreferrer noopener\">UPM-4 Certificado de no exclusividad de sus actividades s\u00f3lo para sus socios o socias.<\/a><\/p>\n\n\n\n<p><a href=\"https:\/\/www.mijas.es\/wp-content\/uploads\/2022\/03\/UPM-5%20Declaraci%C3%B3n%20responsable%20de%20desempe%C3%B1o%20gratuito%20de%20miembros%20de%20la%20Junta%20Directiva%20de%20la%20Entidad.-.pdf\" target=\"_blank\" rel=\"noreferrer noopener\">UPM-5 Declaraci\u00f3n responsable de desempe\u00f1o gratuito de miembros de la Junta Directiva de la Entidad.<\/a><\/p>\n\n\n\n<p><a href=\"https:\/\/www.mijas.es\/wp-content\/uploads\/2022\/03\/UPM-6%20Declaraci%C3%B3n%20expresa%20de%20autorizaci%C3%B3n%20para%20recabar%20informaci%C3%B3n%20de%20otras%20Administraciones.-.pdf\" target=\"_blank\" rel=\"noreferrer noopener\">UPM-6 Declaraci\u00f3n expresa de autorizaci\u00f3n para recabar informaci\u00f3n de otras Administraciones.<\/a><\/p>\n\n\n\n<p> Cualquier otra documentaci\u00f3n, memoria, informes, etc, que justifique la solicitud de declaraci\u00f3n de utilidad p\u00fablica municipal.<\/p>\n\n\n\n<p>Memoria de las actividades, convenios, conciertos o actividades similares de colaboraci\u00f3n con el Ayuntamiento realizadas por la asociaci\u00f3n durante los dos a\u00f1os inmediatamente anteriores a la solicitud, incluyendo n\u00famero de vecinos y vecinas a los que ha ido dirigida su actuaci\u00f3n.<\/p>\n\n\n\n<p>\n\tPresupuesto de ingresos y gastos del a\u00f1o en curso.<\/p>\n\n\n\n<p>\n\t<strong>PROCEDIMIENTO<\/strong><\/p>\n\n\n\n<p> 2. En caso de faltar documentaci\u00f3n se efectuar\u00e1 requerimiento a la  entidad para que en el plazo de 10 d\u00edas aporte lo requerido.<\/p>\n\n\n\n<p> 3. Instrucci\u00f3n del expediente, anexando cuantos informes fuesen necesarios y elaboraci\u00f3n de informe-propuesta, con propuesta al Ayuntamiento Pleno.<\/p>\n\n\n\n<p> 4. Resoluci\u00f3n definitiva por el Ayuntamiento Pleno y notificaci\u00f3n a la entidad interesada.<\/p>\n\n\n\n<p> 5. Inscripci\u00f3n de la declaraci\u00f3n de UPM de oficio en el Registro Municipal de Asociaciones y Entidades.<\/p>\n","protected":false},"excerpt":{"rendered":"<p>Las Asociaciones inscritas en el Registro Municipal de Asociaciones podr\u00e1n ser reconocidas de Utilidad P\u00fablica Municipal cuando su objeto social y las actividades que vengan realizando en el Municipio de Mijas tengan car\u00e1cter complementario con respecto a las competencias municipales. DOCUMENTACI\u00d3N A PRESENTAR 1. Presentaci\u00f3n de la solicitud y documentaci\u00f3n necesaria utilizando los modelos establecidos: [&hellip;]<\/p>\n","protected":false},"author":4,"featured_media":13811,"parent":13805,"menu_order":0,"comment_status":"closed","ping_status":"closed","template":"page-departamental.php","meta":[],"_links":{"self":[{"href":"https:\/\/www.mijas.es\/portal\/wp-json\/wp\/v2\/pages\/13824"}],"collection":[{"href":"https:\/\/www.mijas.es\/portal\/wp-json\/wp\/v2\/pages"}],"about":[{"href":"https:\/\/www.mijas.es\/portal\/wp-json\/wp\/v2\/types\/page"}],"author":[{"embeddable":true,"href":"https:\/\/www.mijas.es\/portal\/wp-json\/wp\/v2\/users\/4"}],"replies":[{"embeddable":true,"href":"https:\/\/www.mijas.es\/portal\/wp-json\/wp\/v2\/comments?post=13824"}],"version-history":[{"count":6,"href":"https:\/\/www.mijas.es\/portal\/wp-json\/wp\/v2\/pages\/13824\/revisions"}],"predecessor-version":[{"id":45402,"href":"https:\/\/www.mijas.es\/portal\/wp-json\/wp\/v2\/pages\/13824\/revisions\/45402"}],"up":[{"embeddable":true,"href":"https:\/\/www.mijas.es\/portal\/wp-json\/wp\/v2\/pages\/13805"}],"wp:featuredmedia":[{"embeddable":true,"href":"https:\/\/www.mijas.es\/portal\/wp-json\/wp\/v2\/media\/13811"}],"wp:attachment":[{"href":"https:\/\/www.mijas.es\/portal\/wp-json\/wp\/v2\/media?parent=13824"}],"curies":[{"name":"wp","href":"https:\/\/api.w.org\/{rel}","templated":true}]}}