{"id":13820,"date":"2019-03-27T11:06:07","date_gmt":"2019-03-27T11:06:07","guid":{"rendered":"http:\/\/192.168.0.42\/?page_id=13820"},"modified":"2019-03-27T11:07:57","modified_gmt":"2019-03-27T11:07:57","slug":"otros-registros","status":"publish","type":"page","link":"https:\/\/www.mijas.es\/portal\/participacion-ciudadana\/otros-registros\/","title":{"rendered":"Otros registros"},"content":{"rendered":"\n<p>\n\t<strong>Constituci\u00f3n y gesti\u00f3n de una asociaci\u00f3n<\/strong><\/p>\n\n\n\n<p><a href=\"http:\/\/www.juntadeandalucia.es\/temas\/participacion\/asociaciones\/asociaciones.html\">http:\/\/www.juntadeandalucia.es\/temas\/participacion\/asociaciones\/asociaciones.html<\/a><\/p>\n\n\n\n<p>\n\t<strong>Registro Nacional de Asociaciones<\/strong><\/p>\n\n\n\n<p>\n\t<a href=\"http:\/\/www.interior.gob.es\/web\/servicios-al-ciudadano\/asociaciones\" target=\"_blank\" rel=\"noreferrer noopener\">www.interior.gob.es\/web\/servicios-al-ciudadano\/asociaciones<\/a><\/p>\n\n\n\n<p>\n\t<strong>Registro de Asociaciones de Andaluc\u00eda<\/strong><\/p>\n\n\n\n<p>\n\t<a href=\"http:\/\/www.juntadeandalucia.es\" target=\"_blank\" rel=\"noreferrer noopener\">www.juntadeandalucia.es<\/a><\/p>\n","protected":false},"excerpt":{"rendered":"<p>Constituci\u00f3n y gesti\u00f3n de una asociaci\u00f3n http:\/\/www.juntadeandalucia.es\/temas\/participacion\/asociaciones\/asociaciones.html Registro Nacional de Asociaciones www.interior.gob.es\/web\/servicios-al-ciudadano\/asociaciones Registro de Asociaciones de Andaluc\u00eda www.juntadeandalucia.es<\/p>\n","protected":false},"author":4,"featured_media":13811,"parent":13805,"menu_order":0,"comment_status":"closed","ping_status":"closed","template":"page-departamental.php","meta":[],"_links":{"self":[{"href":"https:\/\/www.mijas.es\/portal\/wp-json\/wp\/v2\/pages\/13820"}],"collection":[{"href":"https:\/\/www.mijas.es\/portal\/wp-json\/wp\/v2\/pages"}],"about":[{"href":"https:\/\/www.mijas.es\/portal\/wp-json\/wp\/v2\/types\/page"}],"author":[{"embeddable":true,"href":"https:\/\/www.mijas.es\/portal\/wp-json\/wp\/v2\/users\/4"}],"replies":[{"embeddable":true,"href":"https:\/\/www.mijas.es\/portal\/wp-json\/wp\/v2\/comments?post=13820"}],"version-history":[{"count":3,"href":"https:\/\/www.mijas.es\/portal\/wp-json\/wp\/v2\/pages\/13820\/revisions"}],"predecessor-version":[{"id":13823,"href":"https:\/\/www.mijas.es\/portal\/wp-json\/wp\/v2\/pages\/13820\/revisions\/13823"}],"up":[{"embeddable":true,"href":"https:\/\/www.mijas.es\/portal\/wp-json\/wp\/v2\/pages\/13805"}],"wp:featuredmedia":[{"embeddable":true,"href":"https:\/\/www.mijas.es\/portal\/wp-json\/wp\/v2\/media\/13811"}],"wp:attachment":[{"href":"https:\/\/www.mijas.es\/portal\/wp-json\/wp\/v2\/media?parent=13820"}],"curies":[{"name":"wp","href":"https:\/\/api.w.org\/{rel}","templated":true}]}}