{"id":13818,"date":"2019-03-27T11:05:35","date_gmt":"2019-03-27T11:05:35","guid":{"rendered":"http:\/\/192.168.0.42\/?page_id=13818"},"modified":"2026-01-20T08:49:15","modified_gmt":"2026-01-20T07:49:15","slug":"registro-municipal-de-asociaciones-y-entidades-de-mijas","status":"publish","type":"page","link":"https:\/\/www.mijas.es\/portal\/participacion-ciudadana\/registro-municipal-de-asociaciones-y-entidades-de-mijas\/","title":{"rendered":"Registro Municipal de Asociaciones y Entidades de Mijas"},"content":{"rendered":"\n<p>\n\tEl Dpto. de Participaci\u00f3n Ciudadana tiene entre sus objetivos:<\/p>\n\n\n\n<ul>\n<li>\n\t\tFomentar el asociacionismo ofreciendo herramientas a las asociaciones que les permitan acceder a las nuevas tecnolog\u00edas.<\/li>\n\n\n\n<li>\n\t\tDar a conocer el tejido asociativo de Mijas, difundiendo los datos de \nlas asociaciones, as\u00ed como aquellos aspectos que&nbsp; \u00e9stas consideren de \ninter\u00e9s.<\/li>\n\n\n\n<li>\n\t\tActualizar el directorio de Asociaciones del municipio mediante una \nherramienta que se adapte a las caracter\u00edsticas y necesidades de la \npoblaci\u00f3n y a su vez que permita a las asociaciones conocerse entre s\u00ed y\n realizar proyectos y programas conjuntos.<\/li>\n\n\n\n<li>\n\t\tConocer el tejido asociativo real del municipio, actualizando los datos del mismo.<\/li>\n<\/ul>\n\n\n\n<p>\n\tEl Registro tiene car\u00e1cter p\u00fablico y puede ser consultado por cualquier\n persona interesada. Es un sistema din\u00e1mico, creado en 1995, que trata \nde conocer la realidad asociativa de nuestro municipio y analiza y \nestudia la evoluci\u00f3n del tejido asociativo para facilitar esa \ninformaci\u00f3n al Ayuntamiento y a las entidades y favorecer una eficaz \npol\u00edtica de fomento y mejora de la actividad asociativa.<\/p>\n\n\n\n<p>\n\tLa inscripci\u00f3n en este registro es requisito indispensable para el acceso a ciertas ventajas.<\/p>\n\n\n\n<p>\n\tLa inscripci\u00f3n en el Registro Municipal de Entidades Ciudadanas es \nr\u00e1pida a partir del momento en que se presente el modelo de solicitud \n&nbsp;junto a la documentaci\u00f3n requerida a trav\u00e9s de cualquier&nbsp;oficina de \nregistro del Ayuntamiento&nbsp;&nbsp;o lasede electr\u00f3nica,as\u00ed como en las dem\u00e1s \noficinas establecidas en la Ley de Procedimiento Administrativo Com\u00fan.<\/p>\n\n\n\n<p>\n\tLas asociaciones inscritas est\u00e1n obligadas a notificar al Registro toda\n modificaci\u00f3n de los datos dentro del mes siguiente al que se produzca. \nEl presupuesto y el programa anual de actividades se comunicar\u00e1n en el \nmes de enero de cada a\u00f1o.<\/p>\n\n\n\n<p>\n\tEl incumplimiento de estas obligaciones dar\u00e1 lugar a que el Ayuntamiento pueda dar de baja a la asociaci\u00f3n en el Registro.<\/p>\n\n\n\n<p>\n\t<strong>DOCUMENTACI\u00d3N A PRESENTAR&nbsp;<\/strong><\/p>\n\n\n\n<p>Relaci\u00f3n de documentaci\u00f3n requerida:<\/p>\n\n\n\n<p>Instancia solicitando la inscripci\u00f3n en el Registro Municipal de Asociaciones y Entidades de Mijas<\/p>\n\n\n\n<p>Acta Fundacional de la Asociaci\u00f3n visada por la Junta de Andaluc\u00eda<\/p>\n\n\n\n<p>Estatutos adaptados a la Ley org\u00e1nica 1\/2002 de 22 de Marzo reguladora del derecho de Asociaci\u00f3n visados por la Junta de Andaluc\u00eda<\/p>\n\n\n\n<p>Resoluci\u00f3n de la Junta de Andaluc\u00eda asign\u00e1ndole el n\u00famero de inscripci\u00f3n correspondiente.<\/p>\n\n\n\n<p> <a href=\"https:\/\/www.mijas.es\/wp-content\/uploads\/2023\/03\/Certificado%20del%20N%C2%BA.%20de%20socios.pdf\" target=\"_blank\" rel=\"noreferrer noopener\">Certificado del N\u00ba. de socios<\/a><\/p>\n\n\n\n<p>Presupuesto del a\u00f1o en curso firmado por el Presidente\/a<\/p>\n\n\n\n<p>Programa de actividades del a\u00f1o en curso firmado por el Presidente\/a<\/p>\n\n\n\n<p>Sede o domicilio de la Asociaci\u00f3n dentro del t\u00e9rmino municipal de Mijas<\/p>\n\n\n\n<p>Fotocopia del CIF<\/p>\n\n\n\n<p> <a href=\"https:\/\/www.mijas.es\/wp-content\/uploads\/2023\/03\/Relaci%C3%B3n%20de%20datos%20personales%20actualizada%20de%20los%20cargos%20directivos%20debiendo%20contener%20los%20siguientes%20datos.pdf\" target=\"_blank\" rel=\"noreferrer noopener\">Relaci\u00f3n de datos personales actualizada de los cargos directivos debiendo contener los siguientes datos:<\/a><\/p>\n\n\n\n<p>\n\tNombre y Apellidos<\/p>\n\n\n\n<p>\n\tD.N.I.<\/p>\n\n\n\n<p>\n\tDirecci\u00f3n<\/p>\n\n\n\n<p>\n\tTel\u00e9fono<\/p>\n\n\n\n<p>\n\tE-mail<\/p>\n\n\n\n<p> <a href=\"https:\/\/www.mijas.es\/wp-content\/uploads\/2023\/03\/Autorizaci%C3%B3n%20del%20Presidente-a%20al%20uso%20de%20datos.pdf\" target=\"_blank\" rel=\"noreferrer noopener\">Autorizaci\u00f3n del Presidente\/a al uso de datos<\/a><\/p>\n\n\n\n<p> <strong>Listado de asociaciones registradas (actualizado 05\/11\/2025)<\/strong>&#8211; <a href=\"https:\/\/www.mijas.es\/wp-content\/uploads\/2026\/01\/20260119_Otros_RMA%2019-01-2026.pdf\" data-type=\"URL\" data-id=\"https:\/\/www.mijas.es\/wp-content\/uploads\/2024\/10\/LISTADO-ASOCIACIONES-EN-EL-REGISTRO-DEL-AYTO-MIJAS-A-23-10-24.pdf\" target=\"_blank\" rel=\"noreferrer noopener\">Descargar<\/a> (PDF)<\/p>\n","protected":false},"excerpt":{"rendered":"<p>El Dpto. de Participaci\u00f3n Ciudadana tiene entre sus objetivos: El Registro tiene car\u00e1cter p\u00fablico y puede ser consultado por cualquier persona interesada. Es un sistema din\u00e1mico, creado en 1995, que trata de conocer la realidad asociativa de nuestro municipio y analiza y estudia la evoluci\u00f3n del tejido asociativo para facilitar esa informaci\u00f3n al Ayuntamiento y [&hellip;]<\/p>\n","protected":false},"author":4,"featured_media":13811,"parent":13805,"menu_order":0,"comment_status":"closed","ping_status":"closed","template":"page-departamental.php","meta":[],"_links":{"self":[{"href":"https:\/\/www.mijas.es\/portal\/wp-json\/wp\/v2\/pages\/13818"}],"collection":[{"href":"https:\/\/www.mijas.es\/portal\/wp-json\/wp\/v2\/pages"}],"about":[{"href":"https:\/\/www.mijas.es\/portal\/wp-json\/wp\/v2\/types\/page"}],"author":[{"embeddable":true,"href":"https:\/\/www.mijas.es\/portal\/wp-json\/wp\/v2\/users\/4"}],"replies":[{"embeddable":true,"href":"https:\/\/www.mijas.es\/portal\/wp-json\/wp\/v2\/comments?post=13818"}],"version-history":[{"count":28,"href":"https:\/\/www.mijas.es\/portal\/wp-json\/wp\/v2\/pages\/13818\/revisions"}],"predecessor-version":[{"id":63312,"href":"https:\/\/www.mijas.es\/portal\/wp-json\/wp\/v2\/pages\/13818\/revisions\/63312"}],"up":[{"embeddable":true,"href":"https:\/\/www.mijas.es\/portal\/wp-json\/wp\/v2\/pages\/13805"}],"wp:featuredmedia":[{"embeddable":true,"href":"https:\/\/www.mijas.es\/portal\/wp-json\/wp\/v2\/media\/13811"}],"wp:attachment":[{"href":"https:\/\/www.mijas.es\/portal\/wp-json\/wp\/v2\/media?parent=13818"}],"curies":[{"name":"wp","href":"https:\/\/api.w.org\/{rel}","templated":true}]}}