{"id":13816,"date":"2019-03-27T11:04:47","date_gmt":"2019-03-27T11:04:47","guid":{"rendered":"http:\/\/192.168.0.42\/?page_id=13816"},"modified":"2019-05-29T10:15:42","modified_gmt":"2019-05-29T10:15:42","slug":"participacion-estrategica-el-consejo-social-de-mijas","status":"publish","type":"page","link":"https:\/\/www.mijas.es\/portal\/participacion-ciudadana\/participacion-estrategica-el-consejo-social-de-mijas\/","title":{"rendered":"Participaci\u00f3n estrat\u00e9gica: El Consejo Social de Mijas"},"content":{"rendered":"\n<p>\n\tLa participaci\u00f3n estrat\u00e9gica es la que toma como referencia al conjunto de la ciudad, y cuenta con el&nbsp;<strong>Consejo Social de Mijas<\/strong>&nbsp;como \u00f3rgano superior de la participaci\u00f3n ciudadana en el municipio.<\/p>\n\n\n\n<p>\n\tEl Consejo Social de Mijas es un \u00f3rgano consultivo de participaci\u00f3n y \nasesoramiento en materia socioecon\u00f3mica de la Corporaci\u00f3n Local.<\/p>\n\n\n\n<p>\n\tEn nuestro municipio, el Consejo Social se constituye como un cauce muy\n importante para hacer llegar la voz de la ciudadan\u00eda a la&nbsp; pol\u00edtica \nmunicipal.<\/p>\n\n\n\n<p>\n\t<br>\n\tEl Ayuntamiento de Mijas ha aprobado el Reglamento Org\u00e1nico Regulador \ndel Consejo Social de la Ciudad de Mijas en sesi\u00f3n plenaria de fecha 30 \nde abril de 2018. El documento se encuentra pendiente de su publicaci\u00f3n \nen el BOP<\/p>\n\n\n\n<p>\n\tReglamento Org\u00e1nico Regulador del Consejo Social de la Ciudad de Mijas &#8211; <a href=\"https:\/\/www.mijas.es\/files\/adjuntos\/Asociaciones\/REGLAMENTO_ORGNICO_REGULADOR_DEL_CONSEJO_SOCIAL_DE_MIJAS.pdf\" target=\"_blank\" rel=\"noreferrer noopener\">Descargar<\/a> (PDF)<\/p>\n","protected":false},"excerpt":{"rendered":"<p>La participaci\u00f3n estrat\u00e9gica es la que toma como referencia al conjunto de la ciudad, y cuenta con el&nbsp;Consejo Social de Mijas&nbsp;como \u00f3rgano superior de la participaci\u00f3n ciudadana en el municipio. El Consejo Social de Mijas es un \u00f3rgano consultivo de participaci\u00f3n y asesoramiento en materia socioecon\u00f3mica de la Corporaci\u00f3n Local. En nuestro municipio, el Consejo [&hellip;]<\/p>\n","protected":false},"author":4,"featured_media":13811,"parent":13805,"menu_order":0,"comment_status":"closed","ping_status":"closed","template":"page-departamental.php","meta":[],"_links":{"self":[{"href":"https:\/\/www.mijas.es\/portal\/wp-json\/wp\/v2\/pages\/13816"}],"collection":[{"href":"https:\/\/www.mijas.es\/portal\/wp-json\/wp\/v2\/pages"}],"about":[{"href":"https:\/\/www.mijas.es\/portal\/wp-json\/wp\/v2\/types\/page"}],"author":[{"embeddable":true,"href":"https:\/\/www.mijas.es\/portal\/wp-json\/wp\/v2\/users\/4"}],"replies":[{"embeddable":true,"href":"https:\/\/www.mijas.es\/portal\/wp-json\/wp\/v2\/comments?post=13816"}],"version-history":[{"count":2,"href":"https:\/\/www.mijas.es\/portal\/wp-json\/wp\/v2\/pages\/13816\/revisions"}],"predecessor-version":[{"id":24174,"href":"https:\/\/www.mijas.es\/portal\/wp-json\/wp\/v2\/pages\/13816\/revisions\/24174"}],"up":[{"embeddable":true,"href":"https:\/\/www.mijas.es\/portal\/wp-json\/wp\/v2\/pages\/13805"}],"wp:featuredmedia":[{"embeddable":true,"href":"https:\/\/www.mijas.es\/portal\/wp-json\/wp\/v2\/media\/13811"}],"wp:attachment":[{"href":"https:\/\/www.mijas.es\/portal\/wp-json\/wp\/v2\/media?parent=13816"}],"curies":[{"name":"wp","href":"https:\/\/api.w.org\/{rel}","templated":true}]}}