{"id":13796,"date":"2019-03-27T09:01:27","date_gmt":"2019-03-27T09:01:27","guid":{"rendered":"http:\/\/192.168.0.42\/?page_id=13796"},"modified":"2023-02-06T17:12:45","modified_gmt":"2023-02-06T16:12:45","slug":"iv-certamen-literario-afam","status":"publish","type":"page","link":"https:\/\/www.mijas.es\/portal\/cultura\/iv-certamen-literario-afam\/","title":{"rendered":"Certamen Literario de la Asociaci\u00f3n de Familiares de Enfermos de Alzheimer de Mijas (AFAM)"},"content":{"rendered":"\n<hr class=\"wp-block-separator\"\/>\n\n\n\n<h3 class=\"wp-block-heading\">VIII Certamen Literario Asociaci\u00f3n de Familiares de Enfermos de Alzheimer de Mijas (AFAM)<\/h3>\n\n\n\n<p><a rel=\"noreferrer noopener\" href=\"https:\/\/www.mijas.es\/var\/www\/html\/wp-content\/uploads\/2022\/09\/Cartel%20Alzheimer.jpg\" target=\"_blank\">Cartel<\/a>   <\/p>\n\n\n\n<p><a rel=\"noreferrer noopener\" href=\"https:\/\/www.mijas.es\/wp-content\/uploads\/2022\/09\/D%C3%8DPTICO%20ALZHEIMER%202022-1.pdf\" target=\"_blank\">Diptico<\/a><\/p>\n\n\n\n<p>Con el fin de fomentar la creaci\u00f3n y difusi\u00f3n literaria,&nbsp; alentar la creatividad escrita de nuestra poblaci\u00f3n, el fomento de la lectura y la iniciativa en la b\u00fasqueda de crear nuevos espacios para la cultura en el \u00e1mbito de las letras, la Delegaci\u00f3n de Cultura del Excmo. Ayuntamiento de Mijas convoca el VIII Certamen Literario Asociaci\u00f3n de Familiares de Enfermos de Alzheimer de Mijas (AFAM).<\/p>\n\n\n\n<ol><li>Podr\u00e1n participar, sin l\u00edmite de edad, todas aquellas personas residentes en Espa\u00f1a.<\/li><li>Se proponen dos modalidades en cuanto a la forma: formato carta o relato corto.<\/li><li>Temas: Alzheimer<\/li><li>Los trabajos deber\u00e1n estar escritos en espa\u00f1ol.<\/li><li>Los trabajos deber\u00e1n tener una extensi\u00f3n m\u00e1xima de un folio (A4) por una sola cara. Se recomienda que se presenten en formato Word, con letra Arial n\u00famero 12, interlineado 1.5 y m\u00e1rgenes superior, inferior, derecho e izquierdo de 2.5 cm.<\/li><li>Como m\u00e1ximo se presentar\u00e1 una carta o relato por participante y se podr\u00e1n presentar de tres maneras:<ul><li>Por Correo Postal a: Casa Museo Mijas Pueblo, Plaza de la Libertad s\/n, 29650 Mijas (M\u00e1alga)<\/li><li>Entregados en alguna de las tres Bibliotecas Municipales de Mijas. Cada trabajo se presentar\u00e1 firmado con un pseud\u00f3nimo y un sobre cerrado en cuyo exterior se repetir\u00e1 el pseud\u00f3nimo y en el interior los datos personales del autor\/a (Nombre y apellidos, direcci\u00f3n, tel\u00e9fono). Importante que env\u00ede el trabajo participante y tres copias de \u00e9ste.<\/li><\/ul><ul><li>Por correo electr\u00f3nico a <a href=\"mailto:alzheimermijas@mijas.es\">alzheimermijas@mijas.es<\/a> En el email se adjuntar\u00e1 la carta o relato participante en formato PDF firmada por un pseud\u00f3nimo y en otro documento adjunto tambi\u00e9n en PDF los datos personales del autor\/a.\u00a0\u00a0\u00a0<\/li><\/ul><\/li><li>El plazo de admisi\u00f3n quedar\u00e1 cerrado el 21 de octubre de 2022.<\/li><li>Se establecen tres categor\u00edas:<ul><li>Categor\u00eda A: ni\u00f1os\/as hasta 12 a\u00f1os<\/li><li>Categor\u00eda B: j\u00f3venes hasta 18 a\u00f1os\u00a0<\/li><li>Categor\u00eda C: Adultos<\/li><\/ul><\/li><li>Premios:<ul><li>Categor\u00eda A: Tablet por gentileza del Centro Comercial Los Patios M\u00e1laga<\/li><li>Categor\u00eda B: Tablet por gentileza del Centro Comercial Los Patios M\u00e1laga<\/li><li>Categor\u00eda C: Tablet por gentileza del Centro Comercial Los Patios M\u00e1laga<\/li><li>Las obras ganadoras pasar\u00e1n a ser propiedad del Ayuntamiento de Mijas el cual se reserva los derechos sobre las mismas.<\/li><\/ul><\/li><li>El jurado estar\u00e1 formado por:<ul><li>Presidente: Concejala Delegada de Cultura o en quien se delegue<\/li><li>Vocales: personas designadas por la Concejal\u00eda de Cultura que tengan relaci\u00f3n con el mundo de las letras<\/li><li>Secretario: El Jefe del Dpto. de Cultura o persona adscrita a la dicho departamento.<\/li><\/ul><\/li><li>Los criterios de valoraci\u00f3n de los trabajos ser\u00e1n su originalidad, calidad literaria, est\u00e9tica en la composici\u00f3n y en la expresi\u00f3n, variedad l\u00e9xica y expresiva as\u00ed como su coherencia.<\/li><li>Todas las cuestiones e incidencias no previstas ser\u00e1n resueltas por el Jurado.<\/li><\/ol>\n\n\n\n<figure class=\"wp-block-image size-large\"><img decoding=\"async\" width=\"796\" height=\"1024\" src=\"https:\/\/www.mijas.es\/wp-content\/uploads\/2023\/02\/Acta-VIII-Alzheimer-2022-796x1024.jpg\" alt=\"\" class=\"wp-image-49272\" srcset=\"https:\/\/www.mijas.es\/wp-content\/uploads\/2023\/02\/Acta-VIII-Alzheimer-2022-796x1024.jpg 796w, https:\/\/www.mijas.es\/wp-content\/uploads\/2023\/02\/Acta-VIII-Alzheimer-2022-233x300.jpg 233w, https:\/\/www.mijas.es\/wp-content\/uploads\/2023\/02\/Acta-VIII-Alzheimer-2022-768x988.jpg 768w, https:\/\/www.mijas.es\/wp-content\/uploads\/2023\/02\/Acta-VIII-Alzheimer-2022-1194x1536.jpg 1194w, https:\/\/www.mijas.es\/wp-content\/uploads\/2023\/02\/Acta-VIII-Alzheimer-2022-1592x2048.jpg 1592w, https:\/\/www.mijas.es\/wp-content\/uploads\/2023\/02\/Acta-VIII-Alzheimer-2022-scaled.jpg 1989w\" sizes=\"(max-width: 796px) 100vw, 796px\" \/><\/figure>\n\n\n\n<ul><li>Categor\u00eda A. Mi Abuelo Manolito &#8211; <a href=\"https:\/\/www.mijas.es\/wp-content\/uploads\/2023\/02\/Categor%C3%ADa%20A%20hasta%2012%20a%C3%B1os.%20Mi%20abuelo%20Manolito.pdf\" target=\"_blank\" rel=\"noreferrer noopener\">Ver<\/a><\/li><li>Categor\u00eda B. En Medio de un Inmenso Mar del Olvido &#8211; <a href=\"https:\/\/www.mijas.es\/wp-content\/uploads\/2023\/02\/Categor%C3%ADa%20B%20hasta%2018%20a%C3%B1os.%20En%20medio%20de%20un%20inmenso%20mar%20del%20olvido.pdf\" target=\"_blank\" rel=\"noreferrer noopener\">Ver<\/a><\/li><li>Categor\u00eda C. La Memoria Est\u00e1 en los Besos &#8211; <a href=\"https:\/\/www.mijas.es\/wp-content\/uploads\/2023\/02\/Categor%C3%ADa%20Adultos.%20La%20memoria%20esta%20en%20los%20besos.pdf\" target=\"_blank\" rel=\"noreferrer noopener\">Ver<\/a><\/li><\/ul>\n\n\n\n<hr class=\"wp-block-separator\"\/>\n\n\n\n<h3 class=\"wp-block-heading\">VII Certamen Literario de la Asociaci\u00f3n de Familiares de Enfermos de Alzheimer de Mijas (AFAM)<\/h3>\n\n\n\n<p>Acta del Jurado&nbsp;<br><\/p>\n\n\n\n<p>Reunido en la Villa de Mijas a los dieciocho d\u00edas del mes de noviembre de dos mil veintiuno, el Jurado del VII Certamen Literario de la Asociaci\u00f3n de Familiares de Enfermos de Alzheimer de Mijas, compuesto por:<br><br>&nbsp;Presidente: Ver\u00f3nica Ensberg Frigerio, Concejala de Cultura<br><br>Jurado:<br>&#8211; Azahara Iglesias Garc\u00eda. Profesora de Escritura Creativa. Universidad Popular de Mijas.<br>&#8211; M\u00aa del Rosario Cabello Porras. Vicepresidenta de &nbsp;AFAM.<br>&#8211; Ana Mar\u00eda Mardones Ozalla. Presidenta de la Federaci\u00f3n de Asociaciones de Familiares de Alzheimer de M\u00e1laga.<br>&nbsp;<br>Secretarios:&nbsp;&nbsp;&nbsp; Francisco Guti\u00e9rrez Gonz\u00e1lez y \u00d3scar Camacho Palmero&nbsp;&nbsp;&nbsp;&nbsp;&nbsp;&nbsp;&nbsp;&nbsp;&nbsp;&nbsp;<br><br><strong>&nbsp;<\/strong><br><strong>Tras la lectura y valoraci\u00f3n de las 143 cartas recibidas de las diferentes categor\u00edas deciden otorgar los premios a las siguientes cartas, por su originalidad, estilo y contenido:<\/strong><br><br><strong><u>&nbsp;Categor\u00eda A (Hasta 12 a\u00f1os de edad)&#8230;&#8230;&#8230;&#8230;&#8230;&#8230;&#8230;..Total&#8230;.. 5 cartas<\/u><\/strong><br><br>&nbsp;1er Premio.&nbsp; Carta n\u00ba &nbsp;5 &nbsp;titulada \u201cLife\u201d de Susana Garc\u00eda \u00c1lvarez, procedente de Avil\u00e9s (Asturias). <a rel=\"noreferrer noopener\" href=\"https:\/\/www.mijas.es\/wp-content\/uploads\/2021\/11\/1er%20Premio%20Categor%C3%ADa%20Infantil.%20Life%20de%20Susana%20Garc%C3%ADa%20%C3%81lvarez.pdf\" target=\"_blank\">Ver<\/a><br><br>Menci\u00f3n de Honor Carta n\u00ba 4 titulada \u201cEl abuelo y el hombre\u201d de Jos\u00e9 Carlos Jaime Mota, procedente de Mijas.<br><br>&nbsp;<br><strong><u>Categor\u00eda B (De 13&nbsp; a 18 a\u00f1os)&#8230;&#8230;&#8230;&#8230;&#8230;&#8230;&#8230;&#8230;&#8230;..Total&#8230;.. 20 cartas<\/u><\/strong><br><br>&nbsp;<br>1er Premio.&nbsp; Carta n\u00ba &nbsp;15 &nbsp;titulada \u201cSin t\u00edtulo\u201d de Ana Soria Rodr\u00edguez, procedente de Zaragoza. <a href=\"https:\/\/www.mijas.es\/wp-content\/uploads\/2021\/11\/1er%20Premio%20Categor%C3%ADa%20Juvenil.%20Sin%20t%C3%ADtulo%20de%20Ana%20Soria%20Rodr%C3%ADguez.pdf\" target=\"_blank\" rel=\"noreferrer noopener\">Ver<\/a><br><br>Menci\u00f3n de Honor Carta n\u00ba 2 titulada \u201cMi abuelo tiene un nuevo amigo\u201d de Laia Farr\u00e1s Coll.<br>&nbsp;<br>Menci\u00f3n de Honor Carta n\u00ba &nbsp;7 &nbsp;titulada \u201cMe repiten sus nombres\u201d de Andrea Cuervo L\u00f3pez, procedente de Avil\u00e9s (Asturias).<br><br>&nbsp;<br><strong>Categor\u00eda C (Mayores de 18 a\u00f1os)&#8230;&#8230;&#8230;&#8230;&#8230;&#8230;&#8230;&#8230;Total&#8230;.. 118 cartas<\/strong><br>&nbsp;<br>1er Premio.&nbsp; Carta n\u00ba 92 &nbsp;titulada \u201cEn la marquesina\u201d de M\u00aa Concepci\u00f3n S\u00e1nchez S\u00e1nchez, procedente de Salamanca. <a rel=\"noreferrer noopener\" href=\"https:\/\/www.mijas.es\/wp-content\/uploads\/2021\/11\/1er%20Premio%20Categor%C3%ADa%20Adultos.%20En%20la%20marquesina%20de%20M%C2%AA%20Concepci%C3%B3n%20S%C3%A1nchez.pdf\" target=\"_blank\">Ver<\/a><br>&nbsp;<br>Menci\u00f3n de Honor Carta n\u00ba &nbsp;25 &nbsp;titulada \u201cLa estrella de la Infancia\u201d de Jos\u00e9 Agust\u00edn Blanco Redondo, procedente de Ciudad Real.<\/p>\n","protected":false},"excerpt":{"rendered":"<p>VIII Certamen Literario Asociaci\u00f3n de Familiares de Enfermos de Alzheimer de Mijas (AFAM) Cartel Diptico Con el fin de fomentar la creaci\u00f3n y difusi\u00f3n literaria,&nbsp; alentar la creatividad escrita de nuestra poblaci\u00f3n, el fomento de la lectura y la iniciativa en la b\u00fasqueda de crear nuevos espacios para la cultura en el \u00e1mbito de las [&hellip;]<\/p>\n","protected":false},"author":4,"featured_media":13353,"parent":13352,"menu_order":0,"comment_status":"closed","ping_status":"closed","template":"page-departamental.php","meta":[],"_links":{"self":[{"href":"https:\/\/www.mijas.es\/portal\/wp-json\/wp\/v2\/pages\/13796"}],"collection":[{"href":"https:\/\/www.mijas.es\/portal\/wp-json\/wp\/v2\/pages"}],"about":[{"href":"https:\/\/www.mijas.es\/portal\/wp-json\/wp\/v2\/types\/page"}],"author":[{"embeddable":true,"href":"https:\/\/www.mijas.es\/portal\/wp-json\/wp\/v2\/users\/4"}],"replies":[{"embeddable":true,"href":"https:\/\/www.mijas.es\/portal\/wp-json\/wp\/v2\/comments?post=13796"}],"version-history":[{"count":14,"href":"https:\/\/www.mijas.es\/portal\/wp-json\/wp\/v2\/pages\/13796\/revisions"}],"predecessor-version":[{"id":49273,"href":"https:\/\/www.mijas.es\/portal\/wp-json\/wp\/v2\/pages\/13796\/revisions\/49273"}],"up":[{"embeddable":true,"href":"https:\/\/www.mijas.es\/portal\/wp-json\/wp\/v2\/pages\/13352"}],"wp:featuredmedia":[{"embeddable":true,"href":"https:\/\/www.mijas.es\/portal\/wp-json\/wp\/v2\/media\/13353"}],"wp:attachment":[{"href":"https:\/\/www.mijas.es\/portal\/wp-json\/wp\/v2\/media?parent=13796"}],"curies":[{"name":"wp","href":"https:\/\/api.w.org\/{rel}","templated":true}]}}