{"id":13787,"date":"2019-03-27T08:50:58","date_gmt":"2019-03-27T08:50:58","guid":{"rendered":"http:\/\/192.168.0.42\/?page_id=13787"},"modified":"2019-03-27T08:50:58","modified_gmt":"2019-03-27T08:50:58","slug":"enlaces-de-interes","status":"publish","type":"page","link":"https:\/\/www.mijas.es\/portal\/cultura\/enlaces-de-interes\/","title":{"rendered":"Enlaces de inter\u00e9s"},"content":{"rendered":"\n<p><strong>ARCHIVOS<\/strong><br><a href=\"http:\/\/www.juntadeandalucia.es\/cultura\/archivos\/web_es\/ahpmalaga\" target=\"_blank\" rel=\"noreferrer noopener\">Archivo Hist\u00f3rico Provincial de M\u00e1laga<\/a><br><a href=\"http:\/\/www.marbella.es\/archivo\/\" target=\"_blank\" rel=\"noreferrer noopener\">Archivo Hist\u00f3rico de Marbella<\/a><br><a href=\"http:\/\/www.antequera.es\/antequera\/servicios\/seccion-archivo-historico\/index.html\" target=\"_blank\" rel=\"noreferrer noopener\">Archivo Hist\u00f3rico de Antequera<\/a><br><a href=\"http:\/\/www.mcu.es\/archivos\/CE\/ArchivosCentros.html\" target=\"_blank\" rel=\"noreferrer noopener\">Archivos Estatales (Simancas, Indias, etc.)<\/a><br><br><br><strong>BASES DE DATOS \/ DOCUMENTOS<\/strong><br><a href=\"http:\/\/pares.mcu.es\/\" target=\"_blank\" rel=\"noreferrer noopener\">Portal de Archivos Espa\u00f1oles (PARES)<br>\n\t<\/a><a href=\"http:\/\/www.mcu.es\/archivos\/lhe\/\" target=\"_blank\" rel=\"noreferrer noopener\">Legislaci\u00f3n Hist\u00f3rica de Espa\u00f1a<\/a><br><a href=\"http:\/\/pares.mcu.es\/GuerraIndependencia\/portal\/\" target=\"_blank\" rel=\"noreferrer noopener\">La Guerra de la Independencia (fondos del Archivo Hist\u00f3rico Nacional)<br>\n\t<\/a><a href=\"http:\/\/www.mcu.es\/archivos\/MC\/AGS\/FondosDocumentales\/ImagoHispaniae.html\" target=\"_blank\" rel=\"noreferrer noopener\">Imago Hispaniae (Mapas y planos del Archivo General de Simancas)<br>\n\t<\/a><a href=\"http:\/\/www.juntadeandalucia.es\/cultura\/iaph\/bancodigital\/busqueda.php\" target=\"_blank\" rel=\"noreferrer noopener\">Banco de im\u00e1genes del Patrimonio Cultural andaluz<\/a><br><a href=\"http:\/\/hispana.mcu.es\/es\/consulta\/busqueda.cmd\" target=\"_blank\" rel=\"noreferrer noopener\">HISPANA (acceso a documentos digitalizados)<br>\n\t<\/a><a href=\"http:\/\/www.bne.es\/es\/Catalogos\/BibliotecaDigitalHispanica\/Inicio\/\" target=\"_blank\" rel=\"noreferrer noopener\">Biblioteca Digital Hisp\u00e1nica (BDH)<\/a><br><a href=\"http:\/\/gallica.bnf.fr\/\" target=\"_blank\" rel=\"noreferrer noopener\">GALLICA &#8211; Biblioteca Nacional de Francia (en espa\u00f1ol)<\/a><br><a href=\"http:\/\/www.juntadeandalucia.es\/cultura\/archivos\/web_es\/contenido?id=7360f4cb-6cad-11df-ab8d-000ae4865a5f&amp;idContArch=c7b697cd-2023-11de-aa97-00e000a6f9bf\" target=\"_blank\" rel=\"noreferrer noopener\">Arch-e. Revista Andaluza de Archivos<\/a><br><br><br><strong>HEMEROTECAS DIGITALES<\/strong><br><a href=\"http:\/\/www.bne.es\/es\/Catalogos\/HemerotecaDigital\/index.html\" target=\"_blank\" rel=\"noreferrer noopener\">Biblioteca Nacional de Espa\u00f1a<\/a><br><a href=\"http:\/\/www.cervantesvirtual.com\/hemeroteca\/\" target=\"_blank\" rel=\"noreferrer noopener\">Biblioteca Virtual Miguel de Cervantes<\/a><br><a href=\"http:\/\/prensahistorica.mcu.es\/es\/estaticos\/contenido.cmd?pagina=estaticos\/presentacion\" target=\"_blank\" rel=\"noreferrer noopener\">Biblioteca Virtual de Prensa Hist\u00f3rica (Ministerio de Cultura)<br>\n\t<\/a><a href=\"http:\/\/www.bibliotecavirtualdeandalucia.es\/opencms\" target=\"_blank\" rel=\"noreferrer noopener\">Biblioteca Virtual de Andaluc\u00eda<\/a><br><a href=\"http:\/\/www.boe.es\/buscar\/gazeta.php\" target=\"_blank\" rel=\"noreferrer noopener\">Gazeta: colecci\u00f3n hist\u00f3rica del bolet\u00edn Oficial del Estado (1864-1967)<br>\n\t<\/a><a href=\"http:\/\/www.lavanguardia.es\/hemeroteca\" target=\"_blank\" rel=\"noreferrer noopener\">Diario \u201cLa Vanguardia\u201d<br>\n\t<\/a><a href=\"http:\/\/hemeroteca.abc.es\/\" target=\"_blank\" rel=\"noreferrer noopener\">Diario \u201cABC\u201d<\/a><br><br><br><strong>NORMATIVA<\/strong><br><a href=\"http:\/\/noticias.juridicas.com\/base_datos\/Admin\/l16-1985.html\" target=\"_blank\" rel=\"noreferrer noopener\">Ley del Patrimonio Hist\u00f3rico Espa\u00f1ol<\/a><br><a href=\"http:\/\/noticias.juridicas.com\/base_datos\/CCAA\/an-l14-2007.html\" target=\"_blank\" rel=\"noreferrer noopener\">Ley del Patrimonio Hist\u00f3rico de Andaluc\u00eda<\/a><br><a href=\"http:\/\/noticias.juridicas.com\/base_datos\/CCAA\/an-l7-2011.html\">Ley de Documentos, Archivos&nbsp;y Patrimonio Documental de Andaluc\u00eda<\/a><br><a href=\"http:\/\/www.juntadeandalucia.es\/boja\/2000\/43\/5\" target=\"_blank\" rel=\"noreferrer noopener\">Reglamento del Sistema Andaluz de Archivos<\/a><\/p>\n","protected":false},"excerpt":{"rendered":"<p>ARCHIVOSArchivo Hist\u00f3rico Provincial de M\u00e1lagaArchivo Hist\u00f3rico de MarbellaArchivo Hist\u00f3rico de AntequeraArchivos Estatales (Simancas, Indias, etc.) BASES DE DATOS \/ DOCUMENTOSPortal de Archivos Espa\u00f1oles (PARES) Legislaci\u00f3n Hist\u00f3rica de Espa\u00f1aLa Guerra de la Independencia (fondos del Archivo Hist\u00f3rico Nacional) Imago Hispaniae (Mapas y planos del Archivo General de Simancas) Banco de im\u00e1genes del Patrimonio Cultural andaluzHISPANA (acceso [&hellip;]<\/p>\n","protected":false},"author":4,"featured_media":13353,"parent":13352,"menu_order":0,"comment_status":"closed","ping_status":"closed","template":"page-departamental.php","meta":[],"_links":{"self":[{"href":"https:\/\/www.mijas.es\/portal\/wp-json\/wp\/v2\/pages\/13787"}],"collection":[{"href":"https:\/\/www.mijas.es\/portal\/wp-json\/wp\/v2\/pages"}],"about":[{"href":"https:\/\/www.mijas.es\/portal\/wp-json\/wp\/v2\/types\/page"}],"author":[{"embeddable":true,"href":"https:\/\/www.mijas.es\/portal\/wp-json\/wp\/v2\/users\/4"}],"replies":[{"embeddable":true,"href":"https:\/\/www.mijas.es\/portal\/wp-json\/wp\/v2\/comments?post=13787"}],"version-history":[{"count":1,"href":"https:\/\/www.mijas.es\/portal\/wp-json\/wp\/v2\/pages\/13787\/revisions"}],"predecessor-version":[{"id":13788,"href":"https:\/\/www.mijas.es\/portal\/wp-json\/wp\/v2\/pages\/13787\/revisions\/13788"}],"up":[{"embeddable":true,"href":"https:\/\/www.mijas.es\/portal\/wp-json\/wp\/v2\/pages\/13352"}],"wp:featuredmedia":[{"embeddable":true,"href":"https:\/\/www.mijas.es\/portal\/wp-json\/wp\/v2\/media\/13353"}],"wp:attachment":[{"href":"https:\/\/www.mijas.es\/portal\/wp-json\/wp\/v2\/media?parent=13787"}],"curies":[{"name":"wp","href":"https:\/\/api.w.org\/{rel}","templated":true}]}}