{"id":13785,"date":"2019-03-27T08:49:11","date_gmt":"2019-03-27T08:49:11","guid":{"rendered":"http:\/\/192.168.0.42\/?page_id=13785"},"modified":"2019-05-23T15:12:58","modified_gmt":"2019-05-23T15:12:58","slug":"publicaciones","status":"publish","type":"page","link":"https:\/\/www.mijas.es\/portal\/cultura\/publicaciones\/","title":{"rendered":"Publicaciones"},"content":{"rendered":"\n<p> Publicaciones editadas por el \u00c1rea de Cultura del Ayuntamiento de Mijas:<br><br><br><strong> TESORILLO MONETARIO DE \u00c9POCA BAJOIMPERIAL DEL CERRO DE LA CONDESA (MIJAS, M\u00c1LAGA). <\/strong>Carcedo Rozada, M., Garc\u00eda Carretero, J. R. y Mart\u00edn Ruiz, J. A. 2010<br><br><strong>III JORNADAS DE HISTORIA Y ETNOGRAF\u00cdA VILLA DE MIJAS: CELEBRADAS EL 7 Y 8 DE NOVIEMBRE DE 2007 EN MIJAS (M\u00c1LAGA). <\/strong>Guti\u00e9rrez Gonz\u00e1lez, Francisco (dir.) y Camacho Palmero, \u00d3scar (coord.). 2008<br><br><strong><a href=\"https:\/\/www.mijas.es\/files\/adjuntos\/cultura\/archivoHistorico\/a8._La_Morada_de_nuestra_Memoria.pdf\" target=\"_blank\" rel=\"noreferrer noopener\" aria-label=\" (abre en una nueva pesta\u00f1a)\">LA MORADA DE NUESTRA MEMORIA: EL ARCHIVO HIST\u00d3RICO MUNICIPAL DE MIJAS<\/a><\/strong><a href=\"https:\/\/www.mijas.es\/files\/adjuntos\/cultura\/archivoHistorico\/a8._La_Morada_de_nuestra_Memoria.pdf\" target=\"_blank\" rel=\"noreferrer noopener\" aria-label=\" (abre en una nueva pesta\u00f1a)\">.<\/a> de la Rubia de Gracia, Juan Jos\u00e9. 2009 (23,1 Mb)<br><br><strong>II JORNADAS DE HISTORIA Y ETNOGRAF\u00cdA VILLA DE MIJAS: CELEBRADAS EN MIJAS (M\u00c1LAGA), LOS D\u00cdAS 25 Y 26 DE NOVIEMBRE DE 2005.<\/strong> 2007<br><br><strong>EVOLUCI\u00d3N DEMOGR\u00c1FICA Y URBANA DE MIJAS, 1847-2003.<\/strong> Gonz\u00e1lez Mar\u00edn, Candelaria. 2007<br><br><strong>OCULTAMIENTO DE MONEDAS DEL S. III D.C. PROCEDENTES DEL CORTIJO DE ACEVEDO (MIJAS, M\u00c1LAGA).<\/strong> Carcedo Rozada, M., Garc\u00eda Carretero, J. R. y Mart\u00edn Ruiz, J. A. 2007<br><br><strong>I JORNADAS DE HISTORIA Y ETNOGRAF\u00cdA VILLA DE MIJAS: CELEBRADAS EN MIJAS, 25-26 DE NOVIEMBRE DEL 2003<\/strong>. 2005<br><br><strong>LA COFRAD\u00cdA DE LA VERA-CRUZ DE MIJAS: APUNTES PARA SU HISTORIA.<\/strong> Pastor Mar\u00edn, Francisco Manuel. 2005<br><br><strong>POBLAMIENTO Y TERRITORIO DE MIJAS EN LA EDAD MEDIA: APORTACIONES DE LA ARQUEOLOG\u00cdA<\/strong>. Gozalbes Cravioto, Carlos. 2005<br><br><strong>EL M\u00c1RMOL DE MIJAS: EXPLOTACI\u00d3N, COMERCIO Y USO EN \u00c9POCA ANTIGUA.<\/strong> Beltr\u00e1n Fortes, J. y Loza Azuaga, M. L. 2003<br><br><strong>LA INDUSTRIA PAPELERA DE MIJAS: UNA FR\u00c1GIL PROSPERIDAD EN EL SIGLO DE LA INDUSTRIALIZACI\u00d3N ESPA\u00d1OLA<\/strong>. Balmaceda Abrate, Jos\u00e9 Carlos. 2003<br><br><strong>HISTORIA, FAMILIAS Y MOLINOS DE LA VILLA DE MIJAS.<\/strong> Ortiz Lozano, Francisco. 2001<br><br><strong>FILOSOF\u00cdA Y CULTURA A FINALES DEL SIGLO XX: CONGRESO NACIONAL.<\/strong> 1990. AGOTADO \u00a0 <\/p>\n","protected":false},"excerpt":{"rendered":"<p>Publicaciones editadas por el \u00c1rea de Cultura del Ayuntamiento de Mijas: TESORILLO MONETARIO DE \u00c9POCA BAJOIMPERIAL DEL CERRO DE LA CONDESA (MIJAS, M\u00c1LAGA). Carcedo Rozada, M., Garc\u00eda Carretero, J. R. y Mart\u00edn Ruiz, J. A. 2010 III JORNADAS DE HISTORIA Y ETNOGRAF\u00cdA VILLA DE MIJAS: CELEBRADAS EL 7 Y 8 DE NOVIEMBRE DE 2007 EN [&hellip;]<\/p>\n","protected":false},"author":4,"featured_media":13353,"parent":13352,"menu_order":0,"comment_status":"closed","ping_status":"closed","template":"page-departamental.php","meta":[],"_links":{"self":[{"href":"https:\/\/www.mijas.es\/portal\/wp-json\/wp\/v2\/pages\/13785"}],"collection":[{"href":"https:\/\/www.mijas.es\/portal\/wp-json\/wp\/v2\/pages"}],"about":[{"href":"https:\/\/www.mijas.es\/portal\/wp-json\/wp\/v2\/types\/page"}],"author":[{"embeddable":true,"href":"https:\/\/www.mijas.es\/portal\/wp-json\/wp\/v2\/users\/4"}],"replies":[{"embeddable":true,"href":"https:\/\/www.mijas.es\/portal\/wp-json\/wp\/v2\/comments?post=13785"}],"version-history":[{"count":2,"href":"https:\/\/www.mijas.es\/portal\/wp-json\/wp\/v2\/pages\/13785\/revisions"}],"predecessor-version":[{"id":23802,"href":"https:\/\/www.mijas.es\/portal\/wp-json\/wp\/v2\/pages\/13785\/revisions\/23802"}],"up":[{"embeddable":true,"href":"https:\/\/www.mijas.es\/portal\/wp-json\/wp\/v2\/pages\/13352"}],"wp:featuredmedia":[{"embeddable":true,"href":"https:\/\/www.mijas.es\/portal\/wp-json\/wp\/v2\/media\/13353"}],"wp:attachment":[{"href":"https:\/\/www.mijas.es\/portal\/wp-json\/wp\/v2\/media?parent=13785"}],"curies":[{"name":"wp","href":"https:\/\/api.w.org\/{rel}","templated":true}]}}