{"id":13783,"date":"2019-03-27T08:47:07","date_gmt":"2019-03-27T08:47:07","guid":{"rendered":"http:\/\/192.168.0.42\/?page_id=13783"},"modified":"2019-03-27T08:47:07","modified_gmt":"2019-03-27T08:47:07","slug":"exposiciones-archivo-historico","status":"publish","type":"page","link":"https:\/\/www.mijas.es\/portal\/cultura\/exposiciones-archivo-historico\/","title":{"rendered":"Exposiciones Archivo Historico"},"content":{"rendered":"\n<p>\n\tLa realizaci\u00f3n peri\u00f3dica de exposiciones es uno de los ejes \nfundamentales de los planes de difusi\u00f3n del Archivo Municipal, mediante \nlas cuales se pretende dar a conocer a los ciudadanos, la gran variedad y\n riqueza de los documentos que forman nuestro patrimonio documental, en \nlos cuales se recoge y se conserva la memoria hist\u00f3rica de Mijas y de \nsus habitantes.<br>\n\t<br>\n\tDar a conocer el Archivo a trav\u00e9s de la lectura de paneles explicativos\n de los fondos, conocer sus tipolog\u00edas documentales, etc., ha sido el \nprimer reto que nos hemos marcado. De la primera exposici\u00f3n realizada, \n\u201cLa Morada de nuestra Memoria\u201d, se ha editado el cat\u00e1logo de la misma al\n cual se puede acceder en el apartado \u201cPublicaciones\u201d.<br>\n\t<br>\n\t<br>\n\t<em>EXPOSICIONES<\/em><\/p>\n\n\n\n<ul><li>\n\t\t<strong>EPIDEMIAS Y ENFERMEDADES:<\/strong><\/li><\/ul>\n\n\n\n<p>\n\t<strong>300 A\u00d1OS DE SALUD P\u00daBLICA EN MIJAS.<\/strong><\/p>\n\n\n\n<p>\n\tArchivo Hist\u00f3rico Municipal. Del 15 de marzo al 26 de abril de 2013.<\/p>\n\n\n\n<p>\n\tAvda de M\u00e9jico, 5-7.<\/p>\n\n\n\n<p>\n\t<strong>LA MORADA DE NUESTRA MEMORIA. EL ARCHIVO HIST\u00d3RICO MUNICIPAL DE MIJAS<\/strong><br>\n\tMijas, del 9 al 16 de noviembre de 2007<br>\n\tLa Cala de Mijas, del 9 al 26 de mayo de 2008<br>\n\t<br>\n\t<strong>LOS VIENTOS QUE CAMBIARON LA HISTORIA<\/strong><br>\n\tEn colaboraci\u00f3n con la Asociaci\u00f3n HESP\u00c9RIDES<br>\n\tMijas, del 9 de abril al 3 de mayo de 2010<\/p>\n","protected":false},"excerpt":{"rendered":"<p>La realizaci\u00f3n peri\u00f3dica de exposiciones es uno de los ejes fundamentales de los planes de difusi\u00f3n del Archivo Municipal, mediante las cuales se pretende dar a conocer a los ciudadanos, la gran variedad y riqueza de los documentos que forman nuestro patrimonio documental, en los cuales se recoge y se conserva la memoria hist\u00f3rica de [&hellip;]<\/p>\n","protected":false},"author":4,"featured_media":13353,"parent":13352,"menu_order":0,"comment_status":"closed","ping_status":"closed","template":"page-departamental.php","meta":[],"_links":{"self":[{"href":"https:\/\/www.mijas.es\/portal\/wp-json\/wp\/v2\/pages\/13783"}],"collection":[{"href":"https:\/\/www.mijas.es\/portal\/wp-json\/wp\/v2\/pages"}],"about":[{"href":"https:\/\/www.mijas.es\/portal\/wp-json\/wp\/v2\/types\/page"}],"author":[{"embeddable":true,"href":"https:\/\/www.mijas.es\/portal\/wp-json\/wp\/v2\/users\/4"}],"replies":[{"embeddable":true,"href":"https:\/\/www.mijas.es\/portal\/wp-json\/wp\/v2\/comments?post=13783"}],"version-history":[{"count":1,"href":"https:\/\/www.mijas.es\/portal\/wp-json\/wp\/v2\/pages\/13783\/revisions"}],"predecessor-version":[{"id":13784,"href":"https:\/\/www.mijas.es\/portal\/wp-json\/wp\/v2\/pages\/13783\/revisions\/13784"}],"up":[{"embeddable":true,"href":"https:\/\/www.mijas.es\/portal\/wp-json\/wp\/v2\/pages\/13352"}],"wp:featuredmedia":[{"embeddable":true,"href":"https:\/\/www.mijas.es\/portal\/wp-json\/wp\/v2\/media\/13353"}],"wp:attachment":[{"href":"https:\/\/www.mijas.es\/portal\/wp-json\/wp\/v2\/media?parent=13783"}],"curies":[{"name":"wp","href":"https:\/\/api.w.org\/{rel}","templated":true}]}}