{"id":13781,"date":"2019-03-27T08:45:43","date_gmt":"2019-03-27T08:45:43","guid":{"rendered":"http:\/\/192.168.0.42\/?page_id=13781"},"modified":"2025-06-09T07:44:13","modified_gmt":"2025-06-09T06:44:13","slug":"biblioteca-auxiliar","status":"publish","type":"page","link":"https:\/\/www.mijas.es\/portal\/cultura\/biblioteca-auxiliar\/","title":{"rendered":"Biblioteca Auxiliar"},"content":{"rendered":"\n<p>\n\tEl Archivo Municipal de Mijas cuenta con una Biblioteca auxiliar \nespecializada de apoyo al trabajo de los investigadores y al p\u00fablico en \ngeneral. Para utilizar la misma no es necesario ning\u00fan otro requisito \nm\u00e1s que los ya previstos en las condiciones de acceso al propio Archivo.\n La Biblioteca Auxiliar permite la consulta de todos sus fondos en la \nsala de lectura o en el patio interior, aunque no ofrece servicios de \npr\u00e9stamo salvo autorizaci\u00f3n expresa.<\/p>\n\n\n\n<p>\n\tLa Biblioteca auxiliar cuenta con m\u00e1s de 400 libros y revistas y est\u00e1 \nespecializada en temas de historia y geograf\u00eda de MIjas, M\u00e1laga y \nAndaluc\u00eda, contando tambi\u00e9n con publicaciones de car\u00e1cter general. \nTambi\u00e9n dispone de varios repertorios de legislaci\u00f3n hist\u00f3rica.<\/p>\n\n\n\n<p>\n\tLa Biblioteca auxiliar pertenece a la Red de Centros de Documentaci\u00f3n y\n Bibliotecas Especializadas de la Junta de Andaluc\u00eda (Red Idea) y se \npuede acceder a la consulta de sus fondos bibliogr\u00e1ficos a trav\u00e9s de \nInternet, en la siguiente direcci\u00f3n web: <a href=\"https:\/\/www.juntadeandalucia.es\/culturaydeporte\/idea\/opacidea\/abnetcl.cgi\/O11347\/ID5568719a?ACC=101\" target=\"_blank\" rel=\"noreferrer noopener\">pinchar aqu\u00ed<\/a>.<\/p>\n\n\n\n<figure class=\"wp-block-image is-resized\"><a href=\"https:\/\/www.juntadeandalucia.es\/cultura\/idea\/opacidea\/abnetcl.cgi?SUBC=01\/111601\" target=\"_blank\" rel=\"noreferrer noopener\"><img decoding=\"async\" src=\"https:\/\/www.mijas.es\/portal\/images\/imagenes_contenidos\/cultura\/a781_home_img.jpg\" alt=\"Biblioteca Auxiliar\" width=\"238\" height=\"175\"\/><\/a><\/figure>\n","protected":false},"excerpt":{"rendered":"<p>El Archivo Municipal de Mijas cuenta con una Biblioteca auxiliar especializada de apoyo al trabajo de los investigadores y al p\u00fablico en general. Para utilizar la misma no es necesario ning\u00fan otro requisito m\u00e1s que los ya previstos en las condiciones de acceso al propio Archivo. La Biblioteca Auxiliar permite la consulta de todos sus [&hellip;]<\/p>\n","protected":false},"author":4,"featured_media":13353,"parent":13352,"menu_order":0,"comment_status":"closed","ping_status":"closed","template":"page-departamental.php","meta":[],"_links":{"self":[{"href":"https:\/\/www.mijas.es\/portal\/wp-json\/wp\/v2\/pages\/13781"}],"collection":[{"href":"https:\/\/www.mijas.es\/portal\/wp-json\/wp\/v2\/pages"}],"about":[{"href":"https:\/\/www.mijas.es\/portal\/wp-json\/wp\/v2\/types\/page"}],"author":[{"embeddable":true,"href":"https:\/\/www.mijas.es\/portal\/wp-json\/wp\/v2\/users\/4"}],"replies":[{"embeddable":true,"href":"https:\/\/www.mijas.es\/portal\/wp-json\/wp\/v2\/comments?post=13781"}],"version-history":[{"count":2,"href":"https:\/\/www.mijas.es\/portal\/wp-json\/wp\/v2\/pages\/13781\/revisions"}],"predecessor-version":[{"id":61533,"href":"https:\/\/www.mijas.es\/portal\/wp-json\/wp\/v2\/pages\/13781\/revisions\/61533"}],"up":[{"embeddable":true,"href":"https:\/\/www.mijas.es\/portal\/wp-json\/wp\/v2\/pages\/13352"}],"wp:featuredmedia":[{"embeddable":true,"href":"https:\/\/www.mijas.es\/portal\/wp-json\/wp\/v2\/media\/13353"}],"wp:attachment":[{"href":"https:\/\/www.mijas.es\/portal\/wp-json\/wp\/v2\/media?parent=13781"}],"curies":[{"name":"wp","href":"https:\/\/api.w.org\/{rel}","templated":true}]}}