{"id":13772,"date":"2019-03-27T08:30:07","date_gmt":"2019-03-27T08:30:07","guid":{"rendered":"http:\/\/192.168.0.42\/?page_id=13772"},"modified":"2019-05-15T11:15:51","modified_gmt":"2019-05-15T11:15:51","slug":"archivo-historico","status":"publish","type":"page","link":"https:\/\/www.mijas.es\/portal\/cultura\/archivo-historico\/","title":{"rendered":"Archivo Hist\u00f3rico Mijas"},"content":{"rendered":"\n<figure class=\"wp-block-image\"><img decoding=\"async\" width=\"170\" height=\"85\" src=\"https:\/\/www.mijas.es\/wp-content\/uploads\/2019\/05\/a1424_logo5.jpg\" alt=\"\" class=\"wp-image-22200\"\/><\/figure>\n\n\n\n<p> La funci\u00f3n del Archivo Hist\u00f3rico Municipal, como servicio p\u00fablico, es  reunir, conservar, ordenar, describir y servir los documentos,  haci\u00e9ndolos \u00fatiles para su uso, tanto para la administraci\u00f3n como para  los ciudadanos en general y los investigadores en particular. Los  archivos constituyen la memoria de la sociedad. Son aut\u00e9nticos almacenes  de derechos y de informaci\u00f3n, tanto para la propia administraci\u00f3n que  los crea como para los ciudadanos, por ello esos documentos son \u00fanicos e  irrepetibles.<br> <br> En el Archivo Hist\u00f3rico Municipal de Mijas se conserva la documentaci\u00f3n  producida y recibida por el Ayuntamiento de Mijas en el ejercicio de  sus funciones a lo largo de casi 500 a\u00f1os de su historia, desde 1507,  fecha del documento conservado m\u00e1s antiguo.<br> <br> Asimismo, en el Archivo Hist\u00f3rico se custodian otros documentos de  titularidad privada, propiedad de vecinos que han decidido depositarlos  en nuestro Archivo con el objeto de que los mismos se conserven en  condiciones m\u00e1s apropiadas que un domicilio particular (control de  temperatura y humedad, control de insectos comedores de papel, sistemas  de seguridad, etc.) y para ponerlos a disposici\u00f3n de los investigadores  para su estudio.<\/p>\n\n\n\n<p>La funci\u00f3n del Archivo Hist\u00f3rico Municipal, como servicio p\u00fablico, es  reunir, conservar, ordenar, describir y servir los documentos,  haci\u00e9ndolos \u00fatiles para su uso, tanto para la administraci\u00f3n como para  los ciudadanos en general y los investigadores en particular. Los  archivos constituyen la memoria de la sociedad. Son aut\u00e9nticos almacenes  de derechos y de informaci\u00f3n, tanto para la propia administraci\u00f3n que  los crea como para los ciudadanos, por ello esos documentos son \u00fanicos e  irrepetibles.<br> <br> En el Archivo Hist\u00f3rico Municipal de Mijas se conserva la documentaci\u00f3n  producida y recibida por el Ayuntamiento de Mijas en el ejercicio de  sus funciones a lo largo de casi 500 a\u00f1os de su historia, desde 1507,  fecha del documento conservado m\u00e1s antiguo.<br> <br> Asimismo, en el Archivo Hist\u00f3rico se custodian otros documentos de  titularidad privada, propiedad de vecinos que han decidido depositarlos  en nuestro Archivo con el objeto de que los mismos se conserven en  condiciones m\u00e1s apropiadas que un domicilio particular (control de  temperatura y humedad, control de insectos comedores de papel, sistemas  de seguridad, etc.) y para ponerlos a disposici\u00f3n de los investigadores  para su estudio.<\/p>\n\n\n\n<p>\n\tTambi\u00e9n se recogen algunos tipos de documentos que, aunque no son \npropiamente documentaci\u00f3n archiv\u00edstica, son de gran importancia para la \nmemoria hist\u00f3rica del municipio, como antiguos programas de feria, \ncarteles de festejos taurinos, listas de precios de distintos productos,\n revistas editadas en Mijas, peri\u00f3dicos, etc.<\/p>\n\n\n\n<p>\n\tEn definitiva, una gran variedad y riqueza de documentos que forman \nnuestro patrimonio documental, en los cuales se guarda y se conserva la \nmemoria hist\u00f3rica de Mijas y de sus habitantes.<br>\n\t<br>\n\t<strong> Horario de apertura<\/strong>:<br>\n\tlunes a viernes de 9 a 14:00 h.<br>\n\t<br>\n\t<strong>Ubicaci\u00f3n:<br>\n\t<\/strong>Avenida de M\u00e9jico, 7<br>\n\tMijas<br>\n\t<br>\n\t<strong>Tel\u00e9fono y e-mail<\/strong>:<br>\n\t952485900 (Ext.&nbsp; 3501 \/ 3502).<br>\n\t<a href=\"mailto:archivo@mijas.es\">archivo@mijas.es<\/a><\/p>\n","protected":false},"excerpt":{"rendered":"<p>La funci\u00f3n del Archivo Hist\u00f3rico Municipal, como servicio p\u00fablico, es reunir, conservar, ordenar, describir y servir los documentos, haci\u00e9ndolos \u00fatiles para su uso, tanto para la administraci\u00f3n como para los ciudadanos en general y los investigadores en particular. Los archivos constituyen la memoria de la sociedad. Son aut\u00e9nticos almacenes de derechos y de informaci\u00f3n, tanto [&hellip;]<\/p>\n","protected":false},"author":4,"featured_media":13353,"parent":13352,"menu_order":0,"comment_status":"closed","ping_status":"closed","template":"page-departamental.php","meta":[],"_links":{"self":[{"href":"https:\/\/www.mijas.es\/portal\/wp-json\/wp\/v2\/pages\/13772"}],"collection":[{"href":"https:\/\/www.mijas.es\/portal\/wp-json\/wp\/v2\/pages"}],"about":[{"href":"https:\/\/www.mijas.es\/portal\/wp-json\/wp\/v2\/types\/page"}],"author":[{"embeddable":true,"href":"https:\/\/www.mijas.es\/portal\/wp-json\/wp\/v2\/users\/4"}],"replies":[{"embeddable":true,"href":"https:\/\/www.mijas.es\/portal\/wp-json\/wp\/v2\/comments?post=13772"}],"version-history":[{"count":4,"href":"https:\/\/www.mijas.es\/portal\/wp-json\/wp\/v2\/pages\/13772\/revisions"}],"predecessor-version":[{"id":22201,"href":"https:\/\/www.mijas.es\/portal\/wp-json\/wp\/v2\/pages\/13772\/revisions\/22201"}],"up":[{"embeddable":true,"href":"https:\/\/www.mijas.es\/portal\/wp-json\/wp\/v2\/pages\/13352"}],"wp:featuredmedia":[{"embeddable":true,"href":"https:\/\/www.mijas.es\/portal\/wp-json\/wp\/v2\/media\/13353"}],"wp:attachment":[{"href":"https:\/\/www.mijas.es\/portal\/wp-json\/wp\/v2\/media?parent=13772"}],"curies":[{"name":"wp","href":"https:\/\/api.w.org\/{rel}","templated":true}]}}