{"id":13763,"date":"2019-03-27T08:01:12","date_gmt":"2019-03-27T08:01:12","guid":{"rendered":"http:\/\/192.168.0.42\/?page_id=13763"},"modified":"2019-06-11T14:12:02","modified_gmt":"2019-06-11T14:12:02","slug":"salas-de-exposiciones","status":"publish","type":"page","link":"https:\/\/www.mijas.es\/portal\/cultura\/salas-de-exposiciones\/","title":{"rendered":"Salas de Exposiciones"},"content":{"rendered":"\n<p>\n\tDisponemos de tres Salas de Exposiciones en Mijas, en la <strong>Casa de la Cultura de Las Lagunas<\/strong>, en el propio <strong>Ayuntamiento<\/strong> y en el <strong>Museo Hist\u00f3rico Etnol\u00f3gico de Mijas<\/strong>.<\/p>\n\n\n\n<p>\n\tEn cada una de ellas hay un calendario estable de exposiciones a lo \nlargo de todo el a\u00f1o donde se exponen obras de pintura, escultura, \nfotograf\u00eda, cer\u00e1mica,&#8230;<\/p>\n\n\n\n<p>\n\t<strong>Sala de exposiciones del Museo Hist\u00f3rico Etnol\u00f3gico (Casa Museo).<\/strong><\/p>\n\n\n\n<div class=\"wp-block-image\"><figure class=\"alignright\"><img decoding=\"async\" src=\"https:\/\/www.mijas.es\/files\/imagen\/servicios\/exposiciones\/a2949_sala_expo_casa_museo.jpg\" alt=\"\"\/><\/figure><\/div>\n\n\n\n<p>\n\t<strong>Horario:<\/strong> De lunes a domingos.<\/p>\n\n\n\n<ul><li>\n\t\t<strong>Invierno:<\/strong> 10:00-14:00 y 16:00-19:00<\/li><li>\n\t\t<strong>Verano:<\/strong> 10:00-14:00 y 17:00-20:00&nbsp;<\/li><\/ul>\n\n\n\n<p>\n\t<strong>Direcci\u00f3n:<\/strong> Plaza de la Libertad s\/n. Mijas<br>\n\t<strong>Tel\u00e9fono:<\/strong> 952 59 03 80 (Delegaci\u00f3n de Cultura)<br>\n\t&nbsp;<\/p>\n\n\n\n<p>\n\t<strong>Sala de exposiciones Patio de las Fuentes (Casa Consistorial).<\/strong><\/p>\n\n\n\n<p>\n\t<strong>Horario:<\/strong> De lunes a viernes 9:00-15:00<br>\n\t<strong>Direcci\u00f3n:<\/strong> Ayuntamiento de Mijas. Plaza Virgen de la Pe\u00f1a s\/n. Mijas<br>\n\t<strong>Tel\u00e9fono:<\/strong> 952 59 03 80 (Delegaci\u00f3n de Cultura)<\/p>\n\n\n\n<div class=\"wp-block-image\"><figure class=\"alignright is-resized\"><img decoding=\"async\" src=\"https:\/\/www.mijas.es\/files\/imagen\/servicios\/exposiciones\/a3439_sala_expo_lagunas.jpg\" alt=\"\" width=\"277\" height=\"208\"\/><\/figure><\/div>\n\n\n\n<p>\n\t<strong>Sala de exposiciones de la Casa de la Cultura de Las Lagunas.<\/strong><\/p>\n\n\n\n<p> <strong>Horario:<\/strong> De lunes a viernes 9:00-13:00 y 17:00-20:00<br> <strong>Direcci\u00f3n:<\/strong> c\/ San Valent\u00edn s\/n. Las Lagunas (Mijas Costa)<br> <strong>Tel\u00e9fono:<\/strong> 952 59 03 80 (Delegaci\u00f3n de Cultura)<br><\/p>\n\n\n\n<br>\n<br>\n<br>\n<br>\n\n\n\n<p><\/p>\n\n\n\n<div class=\"wp-block-image\"><figure class=\"alignright is-resized\"><img decoding=\"async\" src=\"https:\/\/www.mijas.es\/files\/imagen\/servicios\/exposiciones\/a1022_sala_expo_centro_cultural.jpg\" alt=\"Sala exposiciones La Cala\" width=\"156\" height=\"207\"\/><\/figure><\/div>\n\n\n\n<p style=\"text-align:left\"><\/p>\n\n\n\n<p><strong>Sala de Exposiciones Centro Cultural de La Cala<\/strong><\/p>\n\n\n\n<p style=\"text-align:left\">\n\t<br>\n\t<strong>Horario<\/strong>: De lunes a viernes<br>\n\t&nbsp;&nbsp;&nbsp;&nbsp;&nbsp;&nbsp;&nbsp;&nbsp;&nbsp;&nbsp;&nbsp;&nbsp;&nbsp;&nbsp;&nbsp; 10:00 \u2013 14:00<br>\n\t&nbsp;&nbsp;&nbsp;&nbsp;&nbsp;&nbsp;&nbsp;&nbsp;&nbsp;&nbsp;&nbsp;&nbsp;&nbsp;&nbsp;&nbsp; 17:00 \u2013 20:00<br>\n\t<strong>Direcci\u00f3n<\/strong>: Boulevard de La Cala s\/n. La Cala (Mijas Costa)<br>\n\t<strong>Tel\u00e9fono<\/strong>: 952 58 77 50<\/p>\n\n\n\n<p style=\"text-align:left\"> Si quiere ver la colecci\u00f3n de Obras de Arte haga&nbsp;<a href=\"https:\/\/www.mijas.es\/files\/adjuntos\/cultura\/Colecci%C3%B3nObrasArte.pdf\">click aqu\u00ed<\/a><\/p>\n","protected":false},"excerpt":{"rendered":"<p>Disponemos de tres Salas de Exposiciones en Mijas, en la Casa de la Cultura de Las Lagunas, en el propio Ayuntamiento y en el Museo Hist\u00f3rico Etnol\u00f3gico de Mijas. En cada una de ellas hay un calendario estable de exposiciones a lo largo de todo el a\u00f1o donde se exponen obras de pintura, escultura, fotograf\u00eda, [&hellip;]<\/p>\n","protected":false},"author":4,"featured_media":13353,"parent":13352,"menu_order":0,"comment_status":"closed","ping_status":"closed","template":"page-departamental.php","meta":[],"_links":{"self":[{"href":"https:\/\/www.mijas.es\/portal\/wp-json\/wp\/v2\/pages\/13763"}],"collection":[{"href":"https:\/\/www.mijas.es\/portal\/wp-json\/wp\/v2\/pages"}],"about":[{"href":"https:\/\/www.mijas.es\/portal\/wp-json\/wp\/v2\/types\/page"}],"author":[{"embeddable":true,"href":"https:\/\/www.mijas.es\/portal\/wp-json\/wp\/v2\/users\/4"}],"replies":[{"embeddable":true,"href":"https:\/\/www.mijas.es\/portal\/wp-json\/wp\/v2\/comments?post=13763"}],"version-history":[{"count":11,"href":"https:\/\/www.mijas.es\/portal\/wp-json\/wp\/v2\/pages\/13763\/revisions"}],"predecessor-version":[{"id":24845,"href":"https:\/\/www.mijas.es\/portal\/wp-json\/wp\/v2\/pages\/13763\/revisions\/24845"}],"up":[{"embeddable":true,"href":"https:\/\/www.mijas.es\/portal\/wp-json\/wp\/v2\/pages\/13352"}],"wp:featuredmedia":[{"embeddable":true,"href":"https:\/\/www.mijas.es\/portal\/wp-json\/wp\/v2\/media\/13353"}],"wp:attachment":[{"href":"https:\/\/www.mijas.es\/portal\/wp-json\/wp\/v2\/media?parent=13763"}],"curies":[{"name":"wp","href":"https:\/\/api.w.org\/{rel}","templated":true}]}}