{"id":13755,"date":"2019-03-27T07:41:03","date_gmt":"2019-03-27T07:41:03","guid":{"rendered":"http:\/\/192.168.0.42\/?page_id=13755"},"modified":"2019-06-11T12:21:50","modified_gmt":"2019-06-11T12:21:50","slug":"edad-contemporanea","status":"publish","type":"page","link":"https:\/\/www.mijas.es\/portal\/cultura\/edad-contemporanea\/","title":{"rendered":"Edad Contempor\u00e1nea"},"content":{"rendered":"\n<div class=\"wp-block-image\"><figure class=\"alignleft\"><img decoding=\"async\" width=\"200\" height=\"155\" src=\"https:\/\/www.mijas.es\/wp-content\/uploads\/2019\/05\/ahistoria_15_a.jpg\" alt=\"\" class=\"wp-image-22242\"\/><\/figure><\/div>\n\n\n\n<p>\n\t\tYa en el siglo XIX, durante la Guerra de la Independencia, Mijas fue \nocupada por las tropas napole\u00f3nicas a mediados de 1810, en concreto por \nel 4\u00ba regimiento de Infanter\u00eda Polaco, estableci\u00e9ndose una guarnici\u00f3n \nque oscil\u00f3 entre 75 y 100 hombres, a las que habr\u00eda que a\u00f1adir otras que\n se asentaron en Calahonda y en la fortaleza de Fuengirola y desde ese \nmismo momento el territorio mije\u00f1o fue escenario de numerosos \nenfrentamientos entre las tropas espa\u00f1olas y las de ocupaci\u00f3n.<\/p>\n\n\n\n<p>\n\t\tEl m\u00e1s importante tuvo lugar en octubre de ese mismo a\u00f1o cuando un \nej\u00e9rcito de unos 2.000 hombres formado por tropas inglesas y espa\u00f1olas \nal mando del general brit\u00e1nico Blayney, desembarc\u00f3 en las playas de la \nCala de Mijas con la intenci\u00f3n de atacar el Castillo de Fuengirola y la \npropia Mijas y expulsar a las Tropas Imperiales de Napole\u00f3n hacia \nM\u00e1laga, pero esta acci\u00f3n, a pesar del apoyo de seis buques brit\u00e1nicos, \nacab\u00f3 con la derrota de las tropas angloespa\u00f1olas y la captura como \nprisionero del propio lord Blayney, que ser\u00eda trasladado a Mijas donde \npermaneci\u00f3 prisionero hasta su traslado a M\u00e1laga. Este acontecimiento \nfue de una gran importancia en el devenir de la Guerra de la \nIndependencia y constituye uno de los hechos de armas m\u00e1s significativos\n ocurridos en Andaluc\u00eda durante dicho conflicto.<\/p>\n\n\n\n<p>\n\t\tEn\n agosto de 1812 las tropas francesas abandonan definitivamente Mijas \nrepleg\u00e1ndose a M\u00e1laga, desde donde abandonar\u00edan la provincia hacia en \nNorte.<\/p>\n\n\n\n<p>\n\t\tEn 1841 tuvo lugar la segregaci\u00f3n de una parte del territorio del \nt\u00e9rmino municipal que Mijas hab\u00eda mantenido desde 1487, dando lugar a la\n creaci\u00f3n de Fuengirola como t\u00e9rmino municipal independiente.<\/p>\n\n\n\n<div class=\"wp-block-image\"><figure class=\"alignleft\"><img decoding=\"async\" width=\"200\" height=\"129\" src=\"https:\/\/www.mijas.es\/wp-content\/uploads\/2019\/05\/ahistoria_16_a.jpg\" alt=\"\" class=\"wp-image-22246\"\/><\/figure><\/div>\n\n\n\n<p>\n\t\tDurante\n el siglo XIX la actividad econ\u00f3mica del municipio se basaba en la \nagricultura, la ganader\u00eda y la industria del papel. Los molinos y \nbatanes proliferaron, principalmente en la zona oriental del municipio, \naprovechando la riqueza de los acu\u00edferos de este sector de la Sierra, \nque afloraban en la zona de Osunilla y sus alrededores y en la zona de \nEl Barrio de Santa Ana. Muchos de esos molinos, que contaban por \naquellas fechas con varios siglos de antig\u00fcedad (en los Repartimientos \nse mencionan dos molinos de aceite \u00abde los moros\u00bb y un molino de \u00abpan\u00bb \nconstruido por el primer alcaide de Mijas, Lope de Aponte), mantendr\u00e1n \nsu actividad hasta los a\u00f1os cincuenta del siglo XX.<\/p>\n\n\n\n<p>\n\t\tJunto a los batanes y molinos, una de las principales actividades fue \nel cultivo de la vid, que hab\u00eda ido sustituyendo a las higueras desde \nmediados del siglo XVIII, proliferando multitud de lagares y toldos de \npasas.<\/p>\n\n\n\n<div class=\"wp-block-image\"><figure class=\"alignleft\"><img decoding=\"async\" width=\"200\" height=\"150\" src=\"https:\/\/www.mijas.es\/wp-content\/uploads\/2019\/05\/ahistoria_20_a.jpg\" alt=\"\" class=\"wp-image-22247\"\/><\/figure><\/div>\n\n\n\n<p> La  importancia de este cultivo se manifiesta en que el 80 % de la tierra  cultivable de Mijas se dedicaba al mismo y estuvo acompa\u00f1ada de un  importante incremento poblacional debido a la inmigraci\u00f3n de poblaci\u00f3n  de otros puntos de la provincia de M\u00e1laga, especialmente de la zona  oriental, debido a la necesidad de mano de obra especializada para dicha  actividad agr\u00edcola. As\u00ed, de los 5.155 habitantes en 1867 se pas\u00f3 a los  6.625 veinte a\u00f1os despu\u00e9s (1887), solo unos 2.000 menos que los que  ten\u00eda en aquellos momentos Marbella.<\/p>\n\n\n\n<p style=\"text-align:center\"><strong>Evoluci\u00f3n de la poblaci\u00f3n de Mijas durante la segunda mitad del siglo XIX<\/strong><\/p>\n\n\n\n<table class=\"wp-block-table\"><tbody><tr><td>\n\t\t\t\t\t\t<strong>1857<\/strong>\n\t\t\t\t<\/td><td>\n\t\t\t\t\t\n\t\t\t\t\t\t<strong>1867<\/strong>\n\t\t\t\t<\/td><td>\n\t\t\t\t\t\n\t\t\t\t\t\t<strong>1877<\/strong>\n\t\t\t\t<\/td><td>\n\t\t\t\t\t\n\t\t\t\t\t\t<strong>1887<\/strong>\n\t\t\t\t<\/td><td>\n\t\t\t\t\t\n\t\t\t\t\t\t<strong>1897<\/strong>\n\t\t\t\t<\/td><\/tr><tr><td>\n\t\t\t\t\t\n\t\t\t\t\t\t5.073\n\t\t\t\t<\/td><td>\n\t\t\t\t\t\n\t\t\t\t\t\t5.155\n\t\t\t\t<\/td><td>\n\t\t\t\t\t\n\t\t\t\t\t\t5.589\n\t\t\t\t<\/td><td>\n\t\t\t\t\t\n\t\t\t\t\t\t6.625\n\t\t\t\t<\/td><td>\n\t\t\t\t\t\n\t\t\t\t\t\t5.631<\/td><\/tr><\/tbody><\/table>\n\n\n\n<div class=\"wp-block-image\"><figure class=\"alignleft\"><img decoding=\"async\" src=\"https:\/\/www.mijas.es\/files\/imagen\/servicios\/patrimonio\/ahistoria_18_a.jpg\" alt=\"Golf en Mijas\"\/><\/figure><\/div>\n\n\n\n<p> Esta actividad econ\u00f3mica se vio truncada por la crisis originada por  una plaga de filoxera que afect\u00f3 a la mayor parte de los vi\u00f1edos  malague\u00f1os a finales del siglo XIX, hasta acabar con todos los cultivos y  afectar fuertemente a la boyante econom\u00eda vitivin\u00edcola y pasera y  provocando una disminuci\u00f3n y estancamiento poblacional que no se  recuperar\u00eda hasta despu\u00e9s de la Guerra Civil.<\/p>\n<br>\n<br>\n\n\n\n<p><\/p>\n\n\n\n<div class=\"wp-block-image\"><figure class=\"alignleft\"><img decoding=\"async\" width=\"200\" height=\"150\" src=\"https:\/\/www.mijas.es\/wp-content\/uploads\/2019\/05\/ahistoria_19_a.jpg\" alt=\"\" class=\"wp-image-22249\"\/><\/figure><\/div>\n\n\n\n<p>\n\t\tHasta\n mediados del siglo XX la actividad econ\u00f3mica m\u00e1s floreciente gira en \ntorno a batanes y molinos, junto a la que se desarrolla una agricultura \ncasi aut\u00e1rquica basada en el autoconsumo de la poblaci\u00f3n agraria (cada \ncasa rural posee su era, horno, etc.). Merece destacarse en este espacio\n agrario, el importante desarrollo territorial que alcanza la \n\u00abarquitectura del agua\u00bb. Proliferan por doquier acequias, albercas, \netc.; as\u00ed, mencionaremos que en 1948 exist\u00edan en el municipio m\u00e1s de 200\n km de acequias, 236 albercas, 168 eras, 13 norias, 65 pozos, 17 molinos\n y 2 batanes censados, a los que habr\u00eda que a\u00f1adir varios que \ndesarrollaban de forma extra-oficial su actividad.<\/p>\n\n\n\n<p>\n\t\tA finales de los a\u00f1os cincuenta, Mijas experimenta un dr\u00e1stico cambio,\n m\u00e1s acentuado en entre 1960 y 1980, con el desarrollo de las \nactividades tur\u00edsticas en la Costa del Sol. Numerosos peque\u00f1os \npropietarios rurales comienzan a vender sus tierras para ir a trabajar \nen el pujante sector de la construcci\u00f3n, que levanta numerosas \nurbanizaciones que har\u00e1n de Mijas el principal destino del turismo \nresidencial de la Costa del Sol y de Espa\u00f1a.<\/p>\n\n\n\n<p>\n\t\tLa conjunci\u00f3n de elementos tanto hist\u00f3ricos como culturales y \nart\u00edsticos en cuanto a su estructura urbana, llevaron en 1969 a que la \nVilla de Mijas fuese declarada Conjunto Hist\u00f3rico Art\u00edstico mediante \nDecreto 1231\/69, de 6 de junio, publicado en el B.O.E. n\u00fam. 150 del 24 \nde junio de 1969, distinci\u00f3n que mantiene en la actualidad.<\/p>\n\n\n\n<p> La decantaci\u00f3n hacia las actividades tur\u00edsticas ocasion\u00f3 el abandono  definitivo de la actividad agraria y el inicio de un nuevo periodo  econ\u00f3mico, cuya principal actividad se centrar\u00e1 en el sector de los  servicios.&nbsp; Este cambio tambi\u00e9n afectar\u00e1 de forma radical a la  poblaci\u00f3n, que de algo m\u00e1s de 7.000 habitantes a inicios de los a\u00f1os  cincuenta, pasar\u00e1 a unas 15.000 a comienzos de los ochenta, 33.000 a  inicios de los noventa y a rondar los 42.000 a comienzos del siglo XXI,  para alcanzar en la actualidad m\u00e1s de 80.000, de los que m\u00e1s de 30.000  son extranjeros, siendo el tercer municipio en poblaci\u00f3n de la provincia  de M\u00e1laga tras la capital y Marbella.<\/p>\n\n\n\n<p style=\"text-align:center\"><strong>Evoluci\u00f3n de la poblaci\u00f3n de Mijas desde 1910 hasta 1960<\/strong><\/p>\n\n\n\n<table class=\"wp-block-table\"><tbody><tr><td>\n\t\t\t\t\t<strong>1910<\/strong>\n\t\t\t<\/td><td>\n\t\t\t\t\n\t\t\t\t\t<strong>1920<\/strong>\n\t\t\t<\/td><td>\n\t\t\t\t\n\t\t\t\t\t<strong>1930<\/strong>\n\t\t\t<\/td><td>\n\t\t\t\t\n\t\t\t\t\t<strong>1940<\/strong>\n\t\t\t<\/td><td>\n\t\t\t\t\n\t\t\t\t\t<strong>1950<\/strong>\n\t\t\t<\/td><td>\n\t\t\t\t\n\t\t\t\t\t<strong>1960<\/strong>\n\t\t\t<\/td><\/tr><tr><td>\n\t\t\t\t\n\t\t\t\t\t6.507\n\t\t\t<\/td><td>\n\t\t\t\t\n\t\t\t\t\t6.117\n\t\t\t<\/td><td>\n\t\t\t\t\n\t\t\t\t\t6.530\n\t\t\t<\/td><td>\n\t\t\t\t\n\t\t\t\t\t6.748\n\t\t\t<\/td><td>\n\t\t\t\t\n\t\t\t\t\t7.129\n\t\t\t<\/td><td>\n\t\t\t\t\n\t\t\t\t\t7.483<\/td><\/tr><\/tbody><\/table>\n","protected":false},"excerpt":{"rendered":"<p>Ya en el siglo XIX, durante la Guerra de la Independencia, Mijas fue ocupada por las tropas napole\u00f3nicas a mediados de 1810, en concreto por el 4\u00ba regimiento de Infanter\u00eda Polaco, estableci\u00e9ndose una guarnici\u00f3n que oscil\u00f3 entre 75 y 100 hombres, a las que habr\u00eda que a\u00f1adir otras que se asentaron en Calahonda y en [&hellip;]<\/p>\n","protected":false},"author":4,"featured_media":13353,"parent":13352,"menu_order":0,"comment_status":"closed","ping_status":"closed","template":"page-departamental.php","meta":[],"_links":{"self":[{"href":"https:\/\/www.mijas.es\/portal\/wp-json\/wp\/v2\/pages\/13755"}],"collection":[{"href":"https:\/\/www.mijas.es\/portal\/wp-json\/wp\/v2\/pages"}],"about":[{"href":"https:\/\/www.mijas.es\/portal\/wp-json\/wp\/v2\/types\/page"}],"author":[{"embeddable":true,"href":"https:\/\/www.mijas.es\/portal\/wp-json\/wp\/v2\/users\/4"}],"replies":[{"embeddable":true,"href":"https:\/\/www.mijas.es\/portal\/wp-json\/wp\/v2\/comments?post=13755"}],"version-history":[{"count":11,"href":"https:\/\/www.mijas.es\/portal\/wp-json\/wp\/v2\/pages\/13755\/revisions"}],"predecessor-version":[{"id":24833,"href":"https:\/\/www.mijas.es\/portal\/wp-json\/wp\/v2\/pages\/13755\/revisions\/24833"}],"up":[{"embeddable":true,"href":"https:\/\/www.mijas.es\/portal\/wp-json\/wp\/v2\/pages\/13352"}],"wp:featuredmedia":[{"embeddable":true,"href":"https:\/\/www.mijas.es\/portal\/wp-json\/wp\/v2\/media\/13353"}],"wp:attachment":[{"href":"https:\/\/www.mijas.es\/portal\/wp-json\/wp\/v2\/media?parent=13755"}],"curies":[{"name":"wp","href":"https:\/\/api.w.org\/{rel}","templated":true}]}}