{"id":13749,"date":"2019-03-27T07:35:13","date_gmt":"2019-03-27T07:35:13","guid":{"rendered":"http:\/\/192.168.0.42\/?page_id=13749"},"modified":"2019-06-11T12:36:18","modified_gmt":"2019-06-11T12:36:18","slug":"edad-moderna","status":"publish","type":"page","link":"https:\/\/www.mijas.es\/portal\/cultura\/edad-moderna\/","title":{"rendered":"Edad Moderna"},"content":{"rendered":"\n<div class=\"wp-block-image\"><figure class=\"alignleft\"><img decoding=\"async\" width=\"146\" height=\"200\" src=\"https:\/\/www.mijas.es\/wp-content\/uploads\/2019\/05\/ahistoria_12_a.jpg\" alt=\"\" class=\"wp-image-22251\"\/><\/figure><\/div>\n\n\n\n<p>\n\t\tEn\n 1492 se llev\u00f3 a cabo el Repartimiento de las propiedades a los 50 \nnuevos colonos cristianos que se hab\u00edan asentado en Mijas tras la \nconquista, constat\u00e1ndose a\u00fan la presencia de varios vecinos \nhispano-musulmanes. Sin embargo, a los pocos a\u00f1os son muchos los que \nabandonaron las tierras concedidas debido a varios factores, como las \nincursiones de naves de piratas que atacaban las costas de M\u00e1laga desde \npuertos ubicados en el norte de \u00c1frica, etc., lo que provocar\u00eda que la \nzona costera quedara deshabitada y no se pudiese llevar a efecto la \nrepoblaci\u00f3n de la zona del castillo de Fuengirola, que pertenec\u00eda en \nestos momentos a Mijas, quedando conformado el territorio municipal que \nse mantuvo as\u00ed hasta el a\u00f1o 1841, cuando una franja costera se segreg\u00f3 \nformando el actual municipio de Fuengirola.<\/p>\n\n\n\n<div class=\"wp-block-image\"><figure class=\"alignright\"><img decoding=\"async\" src=\"https:\/\/www.mijas.es\/files\/imagen\/servicios\/patrimonio\/ahistoria_13_a.jpg\" alt=\"Plano de Torre Vig\u00eda\"\/><\/figure><\/div>\n\n\n\n<p>\n\t\tEn\n respuesta a esta inseguridad se levantaron torres vig\u00edas a lo largo de \nla costa para controlar y prevenir las incursiones de los piratas \nnorteafricanos. Desde el siglo XVI al XVIII se levantaron en Mijas las \ntorres de Calahonda, Nueva de la Cala del Moral, Torre-Bater\u00eda de la \nCala del Moral (actual sede del Centro de Interpretaci\u00f3n de las Torres \nVig\u00eda del Museo Hist\u00f3rico-Etnol\u00f3gico de Mijas) y Calaburra, todas ellas \ndeclaradas en la actualidad Bienes de Inter\u00e9s Cultural con la categor\u00eda \nde Monumento.<\/p>\n\n\n\n<p>\n\t\tIgualmente y con el fin de hacer atractiva la llegada de nuevos \ncolonos para repoblar el territorio, ante el temor de estos a las \nincursiones norteafricanas, los Reyes Cat\u00f3licos declararon exenta de \nalcabalas (impuestos) a la villa de Mijas, exenci\u00f3n que confirmaron en \n1501 y posteriormente su hija, la reina Juana, y tras ella todos los \nmonarcas de la Casa de Austria y por el primer rey Borb\u00f3n, Felipe V.<\/p>\n\n\n\n<div class=\"wp-block-image\"><figure class=\"alignleft\"><img decoding=\"async\" width=\"200\" height=\"151\" src=\"https:\/\/www.mijas.es\/wp-content\/uploads\/2019\/05\/ahistoria_14_sa.jpg\" alt=\"\" class=\"wp-image-22253\"\/><\/figure><\/div>\n\n\n\n<p>\n\t\tUno\n de los primeros edificios que se levantaron por los nuevos habitantes \nfue la Iglesia de la Inmaculada Concepci\u00f3n, terminada en 1631. Uno de \nlos rasgos caracter\u00edsticos de este edificio es su torre cuadrada de \norigen militar y que sirvi\u00f3 de refugio a los habitantes del pueblo en \nmomentos de peligro y que fue construida con anterioridad al templo y \nadosada a \u00e9ste para su uso como campanario.<\/p>\n\n\n\n<p> A partir de los 50 vecinos (unas 200-250 personas) de los  Repartimientos, la poblaci\u00f3n de Mijas tuvo un crecimiento desigual con  dos etapas diferenciadas: una hasta mediados del siglo XV, donde  pr\u00e1cticamente no existen cambios e incluso hay \u00e9pocas de disminuci\u00f3n de  la misma, y otra a partir de esa fecha en la que se inicia un  crecimiento paulatino. As\u00ed, en 1591 exist\u00edan unos 350 habitantes, en  1712 unos 1.800 y a mediados del siglo XVIII unos 3.600, que pasaron a  m\u00e1s de 4.200 treinta a\u00f1os m\u00e1s tarde.<\/p>\n\n\n\n<p style=\"text-align:center\"><strong>Evoluci\u00f3n de la poblaci\u00f3n en Mijas durante la Edad Moderna<\/strong><\/p>\n\n\n\n<table class=\"wp-block-table\"><tbody><tr><td>\n\t\t\t\t\t\t<strong>1492<\/strong>\n\t\t\t\t<\/td><td>\n\t\t\t\t\t\n\t\t\t\t\t\t<strong>1591<\/strong>\n\t\t\t\t<\/td><td>\n\t\t\t\t\t\n\t\t\t\t\t\t<strong>1646<\/strong>\n\t\t\t\t<\/td><td>\n\t\t\t\t\t\n\t\t\t\t\t\t<strong>1712<\/strong>\n\t\t\t\t<\/td><td>\n\t\t\t\t\t\n\t\t\t\t\t\t<strong>1755<\/strong>\n\t\t\t\t<\/td><td>\n\t\t\t\t\t\n\t\t\t\t\t\t<strong>1786<\/strong>\n\t\t\t\t<\/td><\/tr><tr><td>\n\t\t\t\t\t\n\t\t\t\t\t\t220\n\t\t\t\t<\/td><td>\n\t\t\t\t\t\n\t\t\t\t\t\t350\n\t\t\t\t<\/td><td>\n\t\t\t\t\t\n\t\t\t\t\t\t800\n\t\t\t\t<\/td><td>\n\t\t\t\t\t\n\t\t\t\t\t\t1.800\n\t\t\t\t<\/td><td>\n\t\t\t\t\t\n\t\t\t\t\t\t3.638\n\t\t\t\t<\/td><td>\n\t\t\t\t\t\n\t\t\t\t\t\t4.207<\/td><\/tr><\/tbody><\/table>\n\n\n\n<p>\n\t\tDurante los siglos XVII y XVIII una de las principales actividades \necon\u00f3micas de Mijas ser\u00e1 la explotaci\u00f3n de los m\u00e1rmoles y la falsa \u00e1gata\n de su sierra, los cuales ser\u00e1n utilizados para la construcci\u00f3n de \ndiversos monumentos en distintos lugares de Espa\u00f1a. As\u00ed, tenemos \nnoticias de la utilizaci\u00f3n de los mismos en la Catedral de M\u00e1laga, en el\n Palacio Arzobispal de Sevilla, en las gradas de la Capilla de San \nLeandro de la Catedral de Sevilla, en la Sacrist\u00eda de la Iglesia de San \nPedro de Granada o en el altar de la Capilla de Santa Tecla en Burgos. A\n lo anterior se une la agricultura que desde un monocultivo basado en la\n producci\u00f3n de higos, ira introduciendo el cultivo de la vid que \nsustituir\u00e1 como monocultivo al anterior a mediados del siguiente siglo.<\/p>\n\n\n\n<p>\n\t\tEstas actividades econ\u00f3micas y el incremento de poblaci\u00f3n se vieron \nreflejados en las cuentas municipales, cuyos ingresos pasaron de unos \n3.000 reales a mediados del siglo XVIII, a unos 70.000 a finales del \nmismo.<\/p>\n","protected":false},"excerpt":{"rendered":"<p>En 1492 se llev\u00f3 a cabo el Repartimiento de las propiedades a los 50 nuevos colonos cristianos que se hab\u00edan asentado en Mijas tras la conquista, constat\u00e1ndose a\u00fan la presencia de varios vecinos hispano-musulmanes. Sin embargo, a los pocos a\u00f1os son muchos los que abandonaron las tierras concedidas debido a varios factores, como las incursiones [&hellip;]<\/p>\n","protected":false},"author":4,"featured_media":13353,"parent":13352,"menu_order":0,"comment_status":"closed","ping_status":"closed","template":"page-departamental.php","meta":[],"_links":{"self":[{"href":"https:\/\/www.mijas.es\/portal\/wp-json\/wp\/v2\/pages\/13749"}],"collection":[{"href":"https:\/\/www.mijas.es\/portal\/wp-json\/wp\/v2\/pages"}],"about":[{"href":"https:\/\/www.mijas.es\/portal\/wp-json\/wp\/v2\/types\/page"}],"author":[{"embeddable":true,"href":"https:\/\/www.mijas.es\/portal\/wp-json\/wp\/v2\/users\/4"}],"replies":[{"embeddable":true,"href":"https:\/\/www.mijas.es\/portal\/wp-json\/wp\/v2\/comments?post=13749"}],"version-history":[{"count":9,"href":"https:\/\/www.mijas.es\/portal\/wp-json\/wp\/v2\/pages\/13749\/revisions"}],"predecessor-version":[{"id":24835,"href":"https:\/\/www.mijas.es\/portal\/wp-json\/wp\/v2\/pages\/13749\/revisions\/24835"}],"up":[{"embeddable":true,"href":"https:\/\/www.mijas.es\/portal\/wp-json\/wp\/v2\/pages\/13352"}],"wp:featuredmedia":[{"embeddable":true,"href":"https:\/\/www.mijas.es\/portal\/wp-json\/wp\/v2\/media\/13353"}],"wp:attachment":[{"href":"https:\/\/www.mijas.es\/portal\/wp-json\/wp\/v2\/media?parent=13749"}],"curies":[{"name":"wp","href":"https:\/\/api.w.org\/{rel}","templated":true}]}}