{"id":13743,"date":"2019-03-27T07:09:29","date_gmt":"2019-03-27T07:09:29","guid":{"rendered":"http:\/\/192.168.0.42\/?page_id=13743"},"modified":"2019-05-15T12:05:02","modified_gmt":"2019-05-15T12:05:02","slug":"la-huella-de-roma","status":"publish","type":"page","link":"https:\/\/www.mijas.es\/portal\/cultura\/la-huella-de-roma\/","title":{"rendered":"La huella de Roma"},"content":{"rendered":"\n<p>\n\t\tA partir del siglo II a.C. se produce la llegada de las influencias de\n la \u00abromanizaci\u00f3n\u00bb, proceso que culminar\u00e1 en los primeros siglos de \nnuestra era.&nbsp;<\/p>\n\n\n\n<div class=\"wp-block-image\"><figure class=\"alignleft\"><img decoding=\"async\" width=\"200\" height=\"98\" src=\"https:\/\/www.mijas.es\/wp-content\/uploads\/2019\/05\/ahistoria_3_a.jpg\" alt=\"\" class=\"wp-image-22265\"\/><\/figure><\/div>\n\n\n\n<p>\n\t\tEn relaci\u00f3n con las necesidades comerciales y militares romanas, se \nconstruir\u00e1n grandes v\u00edas de comunicaci\u00f3n que permitieran una r\u00e1pida y \nsegura v\u00eda de contacto entre las distintas y alejadas zonas del Imperio \nRomano. Una de estas v\u00edas, recogida en el Itinerario de Antonino \n(recopilaci\u00f3n de caminos del Imperio Romano que parece datar de finales \ndel siglo III d.C.), un\u00eda Malaca (M\u00e1laga) y Gades (C\u00e1diz), atravesando \nel actual t\u00e9rmino municipal de Mijas. Esta v\u00eda, no s\u00f3lo conectaba estas \ndos urbes romanas sino que tambi\u00e9n serv\u00eda de v\u00ednculo a otras poblaciones\n menores y articulaba el territorio por el que circulaba.En el caso \nconcreto de Mijas, los restos arqueol\u00f3gicos encontrados confirmaron la \nexistencia de la ciudad romana de Suel, posible sucesora de la ciudad \niberop\u00fanica que se form\u00f3 tras la llegada de los fenicios. A\u00fan no se han \nencontrado las grandes construcciones de esta ciudad como templos, foro,\n teatro, etc., que tuvieron que situarse, seg\u00fan algunos autores, entre \nla desembocadura del r\u00edo de Fuengirola y el Cortijo de la Alberquilla, \nen la margen derecha del r\u00edo, donde se encuentran los yacimientos de la \nFinca de Acebedo y la villa romana de El Chaparral.<\/p>\n\n\n\n<div class=\"wp-block-image\"><figure class=\"alignleft\"><img decoding=\"async\" width=\"143\" height=\"200\" src=\"https:\/\/www.mijas.es\/wp-content\/uploads\/2019\/05\/ahistoria_4_a.jpg\" alt=\"\" class=\"wp-image-22267\"\/><\/figure><\/div>\n\n\n\n<p>\n\t\tEn el caso concreto de Mijas, los restos arqueol\u00f3gicos encontrados \nconfirman la existencia de la ciudad romana de Suel, posible sucesora de\n la ciudad que se form\u00f3 tras la llegada de los fenicios. Sin embargo, \na\u00fan no se han encontrado las grandes construcciones de esta ciudad \n(templos, foro, teatro, etc.), que tuvieron que situarse, seg\u00fan algunos \nautores, entre la desembocadura del r\u00edo de Fuengirola y el Cortijo de la\n Alberquilla, en la margen derecha del r\u00edo, donde se encuentran los \nyacimientos arqueol\u00f3gicos de Cortijo de Acebedo y la villa romana de El \nChaparral. En este sentido, en la segunda mitad del siglo XVIII, el \nerudito mije\u00f1o Francisco de la Torre Arg\u00fcelles dec\u00eda: \u201cSuel, pueblo \ninmediato a nuestra Mijas y de quien puede decirse que en la actualidad \nes esta descendiente y oriunda y por tanto en quien recaen sus timbres y\n antig\u00fcedades\u201d .Otro autor romano, Rufo Festo Avieno en su obra Ora \nMar\u00edtima, bas\u00e1ndose en citas de autores m\u00e1s antiguos, quiz\u00e1s griegos de \nmediados del siglo VI a.C., hizo una descripci\u00f3n de las costas del sur \npeninsular y en ellas menciona el lugum (cabo o promontorio) Barbetium, \nque se ha venido identificando con la punta de Calaburras.<\/p>\n\n\n\n<div class=\"wp-block-image\"><figure class=\"alignleft\"><img decoding=\"async\" width=\"200\" height=\"92\" src=\"https:\/\/www.mijas.es\/wp-content\/uploads\/2019\/05\/ahistoria_5_a.jpg\" alt=\"\" class=\"wp-image-22269\"\/><\/figure><\/div>\n\n\n\n<p>\n\t\tA los lados de las v\u00edas romana surgieron villas rurales y comerciales,\n de las que quedan varios testimonios, por ejemplo el yacimiento romano \nde Haza del Algarrobo, el Diseminado Chaparral n\u00fam. 64 o la Villa de la \nButibamba, junto a la mencionada Villa de Finca Acebedo y a otros \nyacimientos localizados \u00faltimamente en la zona rural de Entrerr\u00edos. \nDurante esta \u00e9poca tuvo tambi\u00e9n gran importancia la explotaci\u00f3n de los \nm\u00e1rmoles de la Sierra de Mijas.<\/p>\n\n\n\n<div class=\"wp-block-image\"><figure class=\"alignright\"><img decoding=\"async\" width=\"200\" height=\"97\" src=\"https:\/\/www.mijas.es\/wp-content\/uploads\/2019\/05\/ahistoria_6_a.jpg\" alt=\"\" class=\"wp-image-22270\"\/><\/figure><\/div>\n\n\n\n<p>\n\t\tEl\n importante poblamiento romano en Mijas queda asimismo atestiguado por \nlos hallazgos de cer\u00e1mica romana (terra sigillata) y de monedas en \ndistintas zonas del municipio (Osunilla, La Cala, Mijas o El Olivar) \nencuadradas desde tiempos de Octavio Augusto (siglos I a.C. &#8211; I d.C.) \nhasta finales del siglo IV de nuestra era.<\/p>\n\n\n\n<p>\n\t\tEl mundo romano se desmembra a partir de las invasiones de los pueblos\n centroeuropeos, que acabar\u00edan con la administraci\u00f3n romana y causar\u00edan \nel declive del comercio y por ello de las villas relacionadas con \u00e9l, \nprovocando asimismo la probable decadencia de la estructura urbana de \nSuel, cuya poblaci\u00f3n quiz\u00e1s se abandonase debido a las condiciones poco \nseguras reinantes en las tierras llanas cercanas al mar, traslad\u00e1ndose \nhacia las cotas m\u00e1s altas y defendibles de la actual Mijas y Osunilla.<\/p>\n","protected":false},"excerpt":{"rendered":"<p>A partir del siglo II a.C. se produce la llegada de las influencias de la \u00abromanizaci\u00f3n\u00bb, proceso que culminar\u00e1 en los primeros siglos de nuestra era.&nbsp; En relaci\u00f3n con las necesidades comerciales y militares romanas, se construir\u00e1n grandes v\u00edas de comunicaci\u00f3n que permitieran una r\u00e1pida y segura v\u00eda de contacto entre las distintas y alejadas [&hellip;]<\/p>\n","protected":false},"author":4,"featured_media":13353,"parent":13352,"menu_order":0,"comment_status":"closed","ping_status":"closed","template":"page-departamental.php","meta":[],"_links":{"self":[{"href":"https:\/\/www.mijas.es\/portal\/wp-json\/wp\/v2\/pages\/13743"}],"collection":[{"href":"https:\/\/www.mijas.es\/portal\/wp-json\/wp\/v2\/pages"}],"about":[{"href":"https:\/\/www.mijas.es\/portal\/wp-json\/wp\/v2\/types\/page"}],"author":[{"embeddable":true,"href":"https:\/\/www.mijas.es\/portal\/wp-json\/wp\/v2\/users\/4"}],"replies":[{"embeddable":true,"href":"https:\/\/www.mijas.es\/portal\/wp-json\/wp\/v2\/comments?post=13743"}],"version-history":[{"count":4,"href":"https:\/\/www.mijas.es\/portal\/wp-json\/wp\/v2\/pages\/13743\/revisions"}],"predecessor-version":[{"id":22271,"href":"https:\/\/www.mijas.es\/portal\/wp-json\/wp\/v2\/pages\/13743\/revisions\/22271"}],"up":[{"embeddable":true,"href":"https:\/\/www.mijas.es\/portal\/wp-json\/wp\/v2\/pages\/13352"}],"wp:featuredmedia":[{"embeddable":true,"href":"https:\/\/www.mijas.es\/portal\/wp-json\/wp\/v2\/media\/13353"}],"wp:attachment":[{"href":"https:\/\/www.mijas.es\/portal\/wp-json\/wp\/v2\/media?parent=13743"}],"curies":[{"name":"wp","href":"https:\/\/api.w.org\/{rel}","templated":true}]}}