{"id":13741,"date":"2019-03-27T07:07:51","date_gmt":"2019-03-27T07:07:51","guid":{"rendered":"http:\/\/192.168.0.42\/?page_id=13741"},"modified":"2019-06-11T12:12:16","modified_gmt":"2019-06-11T12:12:16","slug":"prehistoria-y-protohistoria","status":"publish","type":"page","link":"https:\/\/www.mijas.es\/portal\/cultura\/prehistoria-y-protohistoria\/","title":{"rendered":"Prehistoria y Protohistoria"},"content":{"rendered":"\n<div class=\"wp-block-image\"><figure class=\"alignleft is-resized\"><img decoding=\"async\" src=\"https:\/\/www.mijas.es\/files\/imagen\/servicios\/patrimonio\/ahistoria_1_a.jpg\" alt=\"Restos prehist\u00f3ricos\" width=\"64\" height=\"197\"\/><\/figure><\/div>\n\n\n\n<p>\n\t\tLos indicios m\u00e1s antiguos conocidos de ocupaci\u00f3n humana del actual \nt\u00e9rmino municipal de Mijas se remontan al Paleol\u00edtico Superior, \nhabi\u00e9ndose documentado tambi\u00e9n vestigios correspondientes a la Edad del \nBronce.<\/p>\n\n\n\n<p>\n\t\tA partir del 900 a.C., la llegada de los fenicios a la costa de \nM\u00e1laga, impone un gran cambio a las comunidades locales. Los fenicios se\n asientan en las desembocaduras de&nbsp; los principales r\u00edos del sur&nbsp; \npeninsular, convirtiendo a \u00e9stos en v\u00edas de comunicaci\u00f3n hacia el \ninterior y generando un floreciente comercio de recursos minerales y \nagr\u00edcolas con las comunidades ind\u00edgenas.<\/p>\n\n\n\n<div class=\"wp-block-image\"><figure class=\"alignright is-resized\"><img decoding=\"async\" src=\"https:\/\/www.mijas.es\/files\/imagen\/servicios\/patrimonio\/ahistoria_2_a.jpg\" alt=\"Restos prehist\u00f3ricos\" width=\"42\" height=\"195\"\/><\/figure><\/div>\n\n\n\n<p>\n\t\t<br>\n\t\tEn estos momentos algunos poblados ind\u00edgenas adquieren gran \nprotagonismo y por otra parte se crean asentamientos en las cercan\u00edas de\n los enclaves fenicios, al objeto de controlar el acceso hacia el \ninterior. En el caso de Mijas, indicios de estos momentos los \nencontramos en la vega del r\u00edo Fuengirola en el asentamiento de Finca \nAcebedo (Edad del Hierro II) y a pocos kil\u00f3metros hacia el interior del \nArroyo de la Cala, en la Roza de Aguado, correspondiente a un poblado de\n la Edad del Hierro I, lo que hace pensar en un asentamiento fenicio en \nla desembocadura de dicho arroyo.<br><\/p>\n\n\n\n<p>\n\t\tLa evidencia m\u00e1s importante de esa \u00e9poca se encuentra en La Muralla de\n Mijas pueblo, donde se ha localizado recientemente evidencias de un \nsantuario fenicio-p\u00fanico, con la presencia de dos placas oculadas \nconocidas en la bibliograf\u00eda arqueol\u00f3gica como los \u201cojos de Astart\u00e9\u201d, \ndiversas terracotas, cer\u00e1micas de ese periodo y otros elementos.<\/p>\n","protected":false},"excerpt":{"rendered":"<p>Los indicios m\u00e1s antiguos conocidos de ocupaci\u00f3n humana del actual t\u00e9rmino municipal de Mijas se remontan al Paleol\u00edtico Superior, habi\u00e9ndose documentado tambi\u00e9n vestigios correspondientes a la Edad del Bronce. A partir del 900 a.C., la llegada de los fenicios a la costa de M\u00e1laga, impone un gran cambio a las comunidades locales. Los fenicios se [&hellip;]<\/p>\n","protected":false},"author":4,"featured_media":13353,"parent":13352,"menu_order":0,"comment_status":"closed","ping_status":"closed","template":"page-departamental.php","meta":[],"_links":{"self":[{"href":"https:\/\/www.mijas.es\/portal\/wp-json\/wp\/v2\/pages\/13741"}],"collection":[{"href":"https:\/\/www.mijas.es\/portal\/wp-json\/wp\/v2\/pages"}],"about":[{"href":"https:\/\/www.mijas.es\/portal\/wp-json\/wp\/v2\/types\/page"}],"author":[{"embeddable":true,"href":"https:\/\/www.mijas.es\/portal\/wp-json\/wp\/v2\/users\/4"}],"replies":[{"embeddable":true,"href":"https:\/\/www.mijas.es\/portal\/wp-json\/wp\/v2\/comments?post=13741"}],"version-history":[{"count":3,"href":"https:\/\/www.mijas.es\/portal\/wp-json\/wp\/v2\/pages\/13741\/revisions"}],"predecessor-version":[{"id":24826,"href":"https:\/\/www.mijas.es\/portal\/wp-json\/wp\/v2\/pages\/13741\/revisions\/24826"}],"up":[{"embeddable":true,"href":"https:\/\/www.mijas.es\/portal\/wp-json\/wp\/v2\/pages\/13352"}],"wp:featuredmedia":[{"embeddable":true,"href":"https:\/\/www.mijas.es\/portal\/wp-json\/wp\/v2\/media\/13353"}],"wp:attachment":[{"href":"https:\/\/www.mijas.es\/portal\/wp-json\/wp\/v2\/media?parent=13741"}],"curies":[{"name":"wp","href":"https:\/\/api.w.org\/{rel}","templated":true}]}}