{"id":13721,"date":"2019-03-26T13:40:56","date_gmt":"2019-03-26T13:40:56","guid":{"rendered":"http:\/\/192.168.0.42\/?page_id=13721"},"modified":"2019-03-26T13:40:56","modified_gmt":"2019-03-26T13:40:56","slug":"patrimonio-historico","status":"publish","type":"page","link":"https:\/\/www.mijas.es\/portal\/cultura\/patrimonio-historico\/","title":{"rendered":"Departamento de Patrimonio Hist\u00f3rico"},"content":{"rendered":"\n<p>Desde el Departamento de Patrimonio Hist\u00f3rico se est\u00e1 trabajando en la  actualizaci\u00f3n y puesta al d\u00eda de la informaci\u00f3n hist\u00f3rica sobre Mijas, a  trav\u00e9s de los nuevos datos que nos ofrecen las intervenciones  arqueol\u00f3gicas que se realizan en el t\u00e9rmino municipal, as\u00ed como en la  informaci\u00f3n que nos dan los documentos que sobre Mijas se localizan en  otros Archivos.<\/p>\n\n\n\n<p>Por todo ello este apartado sobre la Historia de Mijas se actualiza  peri\u00f3dicamente, con la intenci\u00f3n de ofrecer una informaci\u00f3n actualizada  del conocimiento que sobre el pasado de Mijas vamos adquiriendo.<\/p>\n","protected":false},"excerpt":{"rendered":"<p>Desde el Departamento de Patrimonio Hist\u00f3rico se est\u00e1 trabajando en la actualizaci\u00f3n y puesta al d\u00eda de la informaci\u00f3n hist\u00f3rica sobre Mijas, a trav\u00e9s de los nuevos datos que nos ofrecen las intervenciones arqueol\u00f3gicas que se realizan en el t\u00e9rmino municipal, as\u00ed como en la informaci\u00f3n que nos dan los documentos que sobre Mijas se [&hellip;]<\/p>\n","protected":false},"author":4,"featured_media":13353,"parent":13352,"menu_order":0,"comment_status":"closed","ping_status":"closed","template":"page-departamental.php","meta":[],"_links":{"self":[{"href":"https:\/\/www.mijas.es\/portal\/wp-json\/wp\/v2\/pages\/13721"}],"collection":[{"href":"https:\/\/www.mijas.es\/portal\/wp-json\/wp\/v2\/pages"}],"about":[{"href":"https:\/\/www.mijas.es\/portal\/wp-json\/wp\/v2\/types\/page"}],"author":[{"embeddable":true,"href":"https:\/\/www.mijas.es\/portal\/wp-json\/wp\/v2\/users\/4"}],"replies":[{"embeddable":true,"href":"https:\/\/www.mijas.es\/portal\/wp-json\/wp\/v2\/comments?post=13721"}],"version-history":[{"count":1,"href":"https:\/\/www.mijas.es\/portal\/wp-json\/wp\/v2\/pages\/13721\/revisions"}],"predecessor-version":[{"id":13722,"href":"https:\/\/www.mijas.es\/portal\/wp-json\/wp\/v2\/pages\/13721\/revisions\/13722"}],"up":[{"embeddable":true,"href":"https:\/\/www.mijas.es\/portal\/wp-json\/wp\/v2\/pages\/13352"}],"wp:featuredmedia":[{"embeddable":true,"href":"https:\/\/www.mijas.es\/portal\/wp-json\/wp\/v2\/media\/13353"}],"wp:attachment":[{"href":"https:\/\/www.mijas.es\/portal\/wp-json\/wp\/v2\/media?parent=13721"}],"curies":[{"name":"wp","href":"https:\/\/api.w.org\/{rel}","templated":true}]}}