{"id":13706,"date":"2019-03-26T13:22:21","date_gmt":"2019-03-26T13:22:21","guid":{"rendered":"http:\/\/192.168.0.42\/?page_id=13706"},"modified":"2019-05-15T11:23:46","modified_gmt":"2019-05-15T11:23:46","slug":"cal-de-oro-2004","status":"publish","type":"page","link":"https:\/\/www.mijas.es\/portal\/cultura\/cal-de-oro-2004\/","title":{"rendered":"CAL de ORO 2004"},"content":{"rendered":"\n<div class=\"wp-block-image\"><figure class=\"alignright\"><img decoding=\"async\" width=\"200\" height=\"151\" src=\"https:\/\/www.mijas.es\/wp-content\/uploads\/2019\/05\/aCAL_2004_1_a.jpg\" alt=\"\" class=\"wp-image-22211\"\/><\/figure><\/div>\n\n\n\n<p>\n\t\t<strong>CUARTO PREMIO DEL CENTRO ANDALUZ DE LAS LETRAS AL FOMENTO DE LA LECTURA<\/strong><\/p>\n\n\n\n<p><strong>CUARTO PREMIO DEL CENTRO ANDALUZ DE LAS LETRAS AL FOMENTO DE LA LECTURA<\/strong><\/p>\n\n\n\n<p>\n\t\tEl 22 de abril de 2004 se celebr\u00f3 el acto de entrega del IV Premio \nCentro Andaluz de las Letras al Fomento de la Lectura y las menciones de\n honor en el Archivo Hist\u00f3rico Provincial de M\u00e1laga. En el mismo, el \nDirector del Centro Andaluz de las Letras, don Pablo Garc\u00eda Baena, \nensalz\u00f3 el valor de la lectura para la formaci\u00f3n de personas libres en \nla sociedad del conocimiento y de la informaci\u00f3n en la que vivimos: <em>\u00ablos\n poderes p\u00fablicos no pueden olvidar que leer es uno de los m\u00e1s gratos y \nenriquecedores actos que el ser humano puede realizar y que una sociedad\n avanza en la medida en que la cultura est\u00e1 integrada en la vida de sus \nciudadanos\u00bb<\/em>.<\/p>\n\n\n\n<div class=\"wp-block-image\"><figure class=\"alignright\"><img decoding=\"async\" width=\"200\" height=\"150\" src=\"https:\/\/www.mijas.es\/wp-content\/uploads\/2019\/05\/aCAL_2004_2_a.jpg\" alt=\"\" class=\"wp-image-22214\"\/><\/figure><\/div>\n\n\n\n<p>\n\t\tSeguidamente, <strong>D. Alberto Bandr\u00e9s<\/strong>, Director General de Fomento y Promoci\u00f3n Cultural; <strong>D. Francisco Arg\u00fcelles<\/strong>, miembro de la Comisi\u00f3n Asesora del Centro Andaluz de las Letras, y <strong>D. Pablo Garc\u00eda Baena<\/strong>, procedieron a la entrega del premio y las menciones de honor.<\/p>\n\n\n\n<p>\n\t\tEl candidato premiado por decisi\u00f3n un\u00e1nime del jurado fue la <em><strong>Red de Bibliotecas P\u00fablicas Municipales de Mijas, dependientes del Ayuntamiento de Mijas (M\u00e1laga)<\/strong><\/em>,\n por su labor continuada desde su inauguraci\u00f3n en 1961 en el fomento de \nla lectura, en colaboraci\u00f3n con diferentes centros educativos, \nasociaciones y otros colectivos e instituciones locales, auton\u00f3micas y \nnacionales; por su adaptaci\u00f3n a la sociedad del conocimiento, mediante \nun esfuerzo en poner al alcance de sus usuarios las nuevas tecnolog\u00edas; y\n por su atenci\u00f3n a colectivos desfavorecidos o de caracter\u00edsticas \nespeciales como los prelectores, las mujeres o los extranjeros, sin \nolvidar a la poblaci\u00f3n en general, mediante una programaci\u00f3n de \nactividades variada y de calidad dirigida a los intereses e necesidades \nde los usuarios.<\/p>\n","protected":false},"excerpt":{"rendered":"<p>CUARTO PREMIO DEL CENTRO ANDALUZ DE LAS LETRAS AL FOMENTO DE LA LECTURA CUARTO PREMIO DEL CENTRO ANDALUZ DE LAS LETRAS AL FOMENTO DE LA LECTURA El 22 de abril de 2004 se celebr\u00f3 el acto de entrega del IV Premio Centro Andaluz de las Letras al Fomento de la Lectura y las menciones de [&hellip;]<\/p>\n","protected":false},"author":4,"featured_media":13353,"parent":13352,"menu_order":0,"comment_status":"closed","ping_status":"closed","template":"page-departamental.php","meta":[],"_links":{"self":[{"href":"https:\/\/www.mijas.es\/portal\/wp-json\/wp\/v2\/pages\/13706"}],"collection":[{"href":"https:\/\/www.mijas.es\/portal\/wp-json\/wp\/v2\/pages"}],"about":[{"href":"https:\/\/www.mijas.es\/portal\/wp-json\/wp\/v2\/types\/page"}],"author":[{"embeddable":true,"href":"https:\/\/www.mijas.es\/portal\/wp-json\/wp\/v2\/users\/4"}],"replies":[{"embeddable":true,"href":"https:\/\/www.mijas.es\/portal\/wp-json\/wp\/v2\/comments?post=13706"}],"version-history":[{"count":3,"href":"https:\/\/www.mijas.es\/portal\/wp-json\/wp\/v2\/pages\/13706\/revisions"}],"predecessor-version":[{"id":22216,"href":"https:\/\/www.mijas.es\/portal\/wp-json\/wp\/v2\/pages\/13706\/revisions\/22216"}],"up":[{"embeddable":true,"href":"https:\/\/www.mijas.es\/portal\/wp-json\/wp\/v2\/pages\/13352"}],"wp:featuredmedia":[{"embeddable":true,"href":"https:\/\/www.mijas.es\/portal\/wp-json\/wp\/v2\/media\/13353"}],"wp:attachment":[{"href":"https:\/\/www.mijas.es\/portal\/wp-json\/wp\/v2\/media?parent=13706"}],"curies":[{"name":"wp","href":"https:\/\/api.w.org\/{rel}","templated":true}]}}