{"id":13704,"date":"2019-03-26T13:20:53","date_gmt":"2019-03-26T13:20:53","guid":{"rendered":"http:\/\/192.168.0.42\/?page_id=13704"},"modified":"2024-04-14T15:02:50","modified_gmt":"2024-04-14T14:02:50","slug":"servicios","status":"publish","type":"page","link":"https:\/\/www.mijas.es\/portal\/cultura\/servicios\/","title":{"rendered":"Servicios"},"content":{"rendered":"<div class=\"wp-block-image\">\n<figure class=\"alignright\"><img decoding=\"async\" src=\"https:\/\/www.mijas.es\/files\/imagen\/cultura\/servicios\/a4_5_4_a.jpg\" alt=\"Bibliotecas Municipales\"\/><\/figure><\/div>\n\n\n<p>Las Bibliotecas P\u00fablicas Municipales de Mijas, ofertan actualmente los siguientes servicios:<\/p>\n\n\n\n<p><strong><em>Informaci\u00f3n Local<\/em><br><\/strong>Puedes disponer de informaci\u00f3n relacionada con otras delegaciones de \u00edndole municipal.<\/p>\n\n\n\n<p><strong><em>Sala de lectura, consulta y trabajos infantil, juvenil y adulto<\/em><br><\/strong>Nuestras Bibliotecas cuentan con 326 puestos de lectura y 54.666 vol\u00famenes colocados en estanter\u00edas abiertas de libre acceso.<strong><br><br><em>Secci\u00f3n de referencia<\/em><br><\/strong>Formada por obras de consulta en general, de libre acceso y excluidas del pr\u00e9stamo.<\/p>\n\n\n\n<p><strong><em>Secci\u00f3n Fondo Local<\/em><br><\/strong>Esta colecci\u00f3n est\u00e1 formada por obras de autores y autoras locales adem\u00e1s de libros cuya tem\u00e1tica est\u00e1 relacionada con Mijas.<\/p>\n\n\n\n<p><strong><em>Fondo Andaluz<\/em><\/strong><br>Esta colecci\u00f3n est\u00e1 formada por fondos bibliogr\u00e1ficos relacionados con nuestra comunidad aut\u00f3noma.<\/p>\n\n\n\n<p><strong><em>Publicaciones peri\u00f3dicas<\/em><\/strong><br>Prensa semanal local.<\/p>\n\n\n\n<p><strong><em>Servicio de pr\u00e9stamo<\/em><\/strong><br>Se prestan como m\u00e1ximo 4 libros y 2\u00a0 DVD. Los libros por un plazo de 15 d\u00edas, renovables por otros 15 y los DVD por un plazo de una semana y no renovables.<\/p>\n\n\n\n<p><strong><em>Secci\u00f3n de libros infantiles y juveniles en ingl\u00e9s<\/em><\/strong><br>Libros infantiles de distintas edades.<\/p>\n\n\n\n<p><strong><em>Renovaci\u00f3n de pr\u00e9stamo por tel\u00e9fono<\/em><\/strong><br>Para facilitar al usuario la renovaci\u00f3n del pr\u00e9stamo, este se puede actualizar por tel\u00e9fono, sin que tenga que trasladarse a la Biblioteca.<br><br><em><strong>Cat\u00e1logo de libros on line<\/strong><\/em><br>A trav\u00e9s de la p\u00e1gina web de la Consejer\u00eda de Cultura de la Junta de Andaluc\u00eda y del propio Ayuntamiento de Mijas.<\/p>\n\n\n\n<p><strong><em>Actividades de animaci\u00f3n y extensi\u00f3n cultural<\/em><\/strong><br>Adem\u00e1s las Bibliotecas tambi\u00e9n ofrecen actividades complementarias, dirigidas a todos los p\u00fablicos en general; Temas Locales, Talleres, Animaci\u00f3n a la Lectura, Exposiciones de Libros, Coloquios, Exposiciones, Conferencias, Cuentacuentos \u2026<\/p>\n\n\n\n<p><strong><em>Ordenadores con acceso a Internet<\/em><\/strong><br>Toda aquella persona que posea el carn\u00e9 de lector de la Biblioteca podr\u00e1 tener acceso a los puestos de Internet teniendo en cuenta las normas de este servicio. <em>\u00c1rea Wifi <\/em>Acceso a internet a trav\u00e9s de la red de wifi de cada biblioteca. <em>Secci\u00f3n Infantil y Juvenil<\/em>Libros que por su tem\u00e1tica y contenido se seleccionan para ni\u00f1os y j\u00f3venes.<br><br><em><strong>Secci\u00f3n de libros de letra XL<\/strong><\/em><br>Libros que por sus caracter\u00edsticas van dirigidos a unas determinadas muestras de la poblaci\u00f3n.<br><\/p>\n\n\n\n<p><em><strong>Servicio de pr\u00e9stamo interbibliotecario<\/strong><\/em><br>Aquellas obras que sean de inter\u00e9s para los lectores y no se encuentran en los fondos de la biblioteca, ser\u00e1n solicitadas en pr\u00e9stamo a otras bibliotecas andaluza . Las obras se pueden solicitar por un per\u00edodo de un mes y para su consulta en sala. <em>Este servicio solo ser\u00e1 posible para aquellas bibliotecas andaluzas que est\u00e9n a m\u00e1s de 40 km. de nuestro municipio<\/em>. <em>Pr\u00e9stamo colectivo<\/em>\u00a0Las instituciones, entidades y asociaciones pueden, previa expedici\u00f3n del carn\u00e9 de usuario, ser beneficiarias de pr\u00e9stamos colectivos para atender a las necesidades de lectura o informaci\u00f3n de su personal o usuarios.<br><br><em><strong>Visitas colectivas y formaci\u00f3n de usuarios<\/strong><\/em><br>Las visitas colectivas se realizan peri\u00f3dicamente con grupos tanto escolares como de otros colectivos, previa cita. Las Bibliotecas imparten peri\u00f3dicamente, en sus instalaciones, cursos de formaci\u00f3n que tienen dos grandes objetivos: por un lado mejorar el conocimiento de los distintos servicios y, por otro, profundizar en el aprendizaje y uso de las diferentes herramientas con el fin de que el usuario rentabilice al m\u00e1ximo los recursos a su disposici\u00f3n. <em>Libro viajero <\/em>Las bibliotecas mije\u00f1as tienen habilitado este servicio que consiste en que los usuarios cojan un libro, lo lean y lo dejen en el mismo lugar habilitado para ello o en\u00a0 otra biblioteca del municipio. Son libros que provienen de donaciones.<br><br><em><strong>Servicios de difusi\u00f3n<\/strong><\/em><br>Se realiza principalmente por dos v\u00edas: folletos informativos y gu\u00edas.<\/p>\n\n\n\n<p><br> <\/p>\n","protected":false},"excerpt":{"rendered":"<p>Las Bibliotecas P\u00fablicas Municipales de Mijas, ofertan actualmente los siguientes servicios: Informaci\u00f3n LocalPuedes disponer de informaci\u00f3n relacionada con otras delegaciones de \u00edndole municipal. Sala de lectura, consulta y trabajos infantil, juvenil y adultoNuestras Bibliotecas cuentan con 326 puestos de lectura y 54.666 vol\u00famenes colocados en estanter\u00edas abiertas de libre acceso. Secci\u00f3n de referenciaFormada por obras [&hellip;]<\/p>\n","protected":false},"author":4,"featured_media":13353,"parent":13352,"menu_order":0,"comment_status":"closed","ping_status":"closed","template":"page-departamental.php","meta":[],"_links":{"self":[{"href":"https:\/\/www.mijas.es\/portal\/wp-json\/wp\/v2\/pages\/13704"}],"collection":[{"href":"https:\/\/www.mijas.es\/portal\/wp-json\/wp\/v2\/pages"}],"about":[{"href":"https:\/\/www.mijas.es\/portal\/wp-json\/wp\/v2\/types\/page"}],"author":[{"embeddable":true,"href":"https:\/\/www.mijas.es\/portal\/wp-json\/wp\/v2\/users\/4"}],"replies":[{"embeddable":true,"href":"https:\/\/www.mijas.es\/portal\/wp-json\/wp\/v2\/comments?post=13704"}],"version-history":[{"count":9,"href":"https:\/\/www.mijas.es\/portal\/wp-json\/wp\/v2\/pages\/13704\/revisions"}],"predecessor-version":[{"id":55740,"href":"https:\/\/www.mijas.es\/portal\/wp-json\/wp\/v2\/pages\/13704\/revisions\/55740"}],"up":[{"embeddable":true,"href":"https:\/\/www.mijas.es\/portal\/wp-json\/wp\/v2\/pages\/13352"}],"wp:featuredmedia":[{"embeddable":true,"href":"https:\/\/www.mijas.es\/portal\/wp-json\/wp\/v2\/media\/13353"}],"wp:attachment":[{"href":"https:\/\/www.mijas.es\/portal\/wp-json\/wp\/v2\/media?parent=13704"}],"curies":[{"name":"wp","href":"https:\/\/api.w.org\/{rel}","templated":true}]}}