{"id":13700,"date":"2019-03-26T13:14:41","date_gmt":"2019-03-26T13:14:41","guid":{"rendered":"http:\/\/192.168.0.42\/?page_id=13700"},"modified":"2019-06-11T15:29:39","modified_gmt":"2019-06-11T15:29:39","slug":"premios-y-galardones","status":"publish","type":"page","link":"https:\/\/www.mijas.es\/portal\/cultura\/premios-y-galardones\/","title":{"rendered":"Premios y Galardones"},"content":{"rendered":"\n<p> <strong>Premios a la labor en el \u00e1mbito del Fomento de la Lectura<\/strong><\/p>\n\n\n\n<div class=\"wp-block-image\"><figure class=\"alignright\"><img decoding=\"async\" src=\"https:\/\/www.mijas.es\/files\/imagen\/servicios\/museo\/premios\/amijas_servicios_73_a.jpg\" alt=\"\"\/><\/figure><\/div>\n\n\n\n<p> Proyecto Infantil a\u00f1o 1998. FEMP y Ministerio de Cultura.<\/p>\n\n\n\n<p> Proyecto Infantil a\u00f1o 1999. FEMP y Ministerio de Cultura.<\/p>\n\n\n\n<p> Proyecto Infantil a\u00f1o 2000. FEMP y Ministerio de Cultura.<\/p>\n\n\n\n<p> Proyecto Juvenil a\u00f1o 2000. FEMP y Ministerio de Cultura.<\/p>\n\n\n\n<p> Proyecto Infantil a\u00f1o 2001. FEMP y Ministerio de Cultura.<\/p>\n\n\n\n<p> Proyecto Juvenil a\u00f1o 2001. FEMP y Ministerio de Cultura.<\/p>\n\n\n\n<p> En el a\u00f1o 2001 el Ministerio de Cultura, Educaci\u00f3n y Deportes elige los proyectos de dinamizaci\u00f3n lectora, entre los <strong>cinco mejores a nivel nacional<\/strong>.<\/p>\n\n\n\n<p> La Consejer\u00eda de Cultura de la Junta de Andaluc\u00eda concede a las Bibliotecas mije\u00f1as el <strong>CAL de Plata<\/strong> al Fomento de la Lectura en el a\u00f1o 2001.<\/p>\n\n\n\n<p> Proyecto Infantil a\u00f1o 2002. FEMP y Ministerio de Cultura.<\/p>\n\n\n\n<p> Proyecto Juvenil a\u00f1o 2002. FEMP y Ministerio de Cultura.<\/p>\n\n\n\n<p> La Consejer\u00eda de Cultura de la Junta de Andaluc\u00eda concede a las Bibliotecas mije\u00f1as el <strong>CAL de Plata<\/strong> al Fomento de la Lectura en el a\u00f1o 2003<\/p>\n\n\n\n<p> La Consejer\u00eda de Cultura de la Junta de Andaluc\u00eda concede a las Bibliotecas mije\u00f1as el <strong>CAL de ORO<\/strong> al Fomento de la Lectura en el a\u00f1o 2004.<\/p>\n\n\n\n<p> La Consejer\u00eda de Cultura de la Junta de Andaluc\u00eda premia los programas de fomento de la lectura: <\/p>\n\n\n\n<p> A\u00f1o 2001 Programa para prelectores<\/p>\n\n\n\n<p> A\u00f1o 2002 \u00abMijas, un oc\u00e9ano de libros\u00bb<\/p>\n\n\n\n<p> A\u00f1o 2003 \u00abBiblioteca Solidaria\u00bb<\/p>\n\n\n\n<p> A\u00f1o 2004 \u201c El libro, compa\u00f1ero de viaje \u201c<\/p>\n\n\n\n<p> A\u00f1o 2005 \u201c 2005 razones para vivir el Quijote en Mijas \u201c<\/p>\n\n\n\n<p> A\u00f1o 2006 \u201cVive la literatura con Juan Ram\u00f3n Jim\u00e9nez y Francisco Ayala \u201c<\/p>\n\n\n\n<p> A\u00f1o 2007 \u201c Libros y lecturas con G\u00f3ngora y la Generaci\u00f3n del 27 en Mijas \u201c<\/p>\n\n\n\n<p> A\u00f1o 2009 \u201c Mijas multicultural lee a Antonio Machado y Jos\u00e9 Antonio Mu\u00f1oz Rojas <\/p>\n\n\n\n<div class=\"wp-block-image\"><figure class=\"aligncenter\"><img decoding=\"async\" src=\"https:\/\/www.mijas.es\/files\/imagen\/cultura\/servicios\/a4_5_5_1_a.jpg\" alt=\"Entrega de Premios a las Bibliotecas Municipales\"\/><\/figure><\/div>\n\n\n\n<div class=\"wp-block-image\"><figure class=\"aligncenter\"><img decoding=\"async\" src=\"https:\/\/www.mijas.es\/files\/imagen\/cultura\/servicios\/abiblio_8_a.jpg\" alt=\"CAL de Plata 2003\"\/><\/figure><\/div>\n\n\n\n<div class=\"wp-block-image\"><figure class=\"aligncenter\"><img decoding=\"async\" src=\"https:\/\/www.mijas.es\/files\/imagen\/cultura\/servicios\/a4_5_5_2_a.jpg\" alt=\"Entrega de Premios a las Bibliotecas Municipales\"\/><\/figure><\/div>\n\n\n\n<p>\n\tCUARTO PREMIO DEL CENTRO ANDALUZ DE LAS LETRAS AL FOMENTO DE LA LECTURA<br>\n\t&nbsp;<\/p>\n\n\n\n<p>\n\tEl 22 de abril de 2004 se celebr\u00f3 el acto de entrega del IV Premio \nCentro Andaluz de las Letras al Fomento de la Lectura y las menciones de\n honor en el Archivo Hist\u00f3rico Provincial de M\u00e1laga. En el mismo, el \nDirector del Centro Andaluz de las Letras, don Pablo Garc\u00eda Baena, \nensalz\u00f3 el valor de la lectura para la formaci\u00f3n de personas libres en \nla sociedad del conocimiento y de la informaci\u00f3n en la que vivimos: \u00ablos\n poderes p\u00fablicos no pueden olvidar que leer es uno de los m\u00e1s gratos y \nenriquecedores actos que el ser humano puede realizar y que una sociedad\n avanza en la medida en que la cultura est\u00e1 integrada en la vida de sus \nciudadanos\u00bb.<\/p>\n\n\n\n<p>\n\t<br>\n\tSeguidamente, D. Alberto Bandr\u00e9s, Director General de Fomento y \nPromoci\u00f3n Cultural; D. Francisco Arg\u00fcelles, miembro de la Comisi\u00f3n \nAsesora del Centro Andaluz de las Letras, y D. Pablo Garc\u00eda Baena, \nprocedieron a la entrega del premio y las menciones de honor.<\/p>\n\n\n\n<p>\n\tEl candidato premiado por decisi\u00f3n un\u00e1nime del jurado fue la Red de \nBibliotecas P\u00fablicas Municipales de Mijas, dependientes del Ayuntamiento\n de Mijas (M\u00e1laga), por su labor continuada desde su inauguraci\u00f3n en \n1961 en el fomento de la lectura, en colaboraci\u00f3n con diferentes centros\n educativos, asociaciones y otros colectivos e instituciones locales, \nauton\u00f3micas y nacionales; por su adaptaci\u00f3n a la sociedad del \nconocimiento, mediante un esfuerzo en poner al alcance de sus usuarios \nlas nuevas tecnolog\u00edas; y por su atenci\u00f3n a colectivos desfavorecidos o \nde caracter\u00edsticas especiales como los prelectores, las mujeres o los \nextranjeros, sin olvidar a la poblaci\u00f3n en general, mediante una \nprogramaci\u00f3n de actividades variada y de calidad dirigida a los \nintereses y necesidades de los usuarios.<\/p>\n","protected":false},"excerpt":{"rendered":"<p>Premios a la labor en el \u00e1mbito del Fomento de la Lectura Proyecto Infantil a\u00f1o 1998. FEMP y Ministerio de Cultura. Proyecto Infantil a\u00f1o 1999. FEMP y Ministerio de Cultura. Proyecto Infantil a\u00f1o 2000. FEMP y Ministerio de Cultura. Proyecto Juvenil a\u00f1o 2000. FEMP y Ministerio de Cultura. Proyecto Infantil a\u00f1o 2001. FEMP y Ministerio [&hellip;]<\/p>\n","protected":false},"author":4,"featured_media":13353,"parent":13352,"menu_order":0,"comment_status":"closed","ping_status":"closed","template":"page-departamental.php","meta":[],"_links":{"self":[{"href":"https:\/\/www.mijas.es\/portal\/wp-json\/wp\/v2\/pages\/13700"}],"collection":[{"href":"https:\/\/www.mijas.es\/portal\/wp-json\/wp\/v2\/pages"}],"about":[{"href":"https:\/\/www.mijas.es\/portal\/wp-json\/wp\/v2\/types\/page"}],"author":[{"embeddable":true,"href":"https:\/\/www.mijas.es\/portal\/wp-json\/wp\/v2\/users\/4"}],"replies":[{"embeddable":true,"href":"https:\/\/www.mijas.es\/portal\/wp-json\/wp\/v2\/comments?post=13700"}],"version-history":[{"count":4,"href":"https:\/\/www.mijas.es\/portal\/wp-json\/wp\/v2\/pages\/13700\/revisions"}],"predecessor-version":[{"id":24858,"href":"https:\/\/www.mijas.es\/portal\/wp-json\/wp\/v2\/pages\/13700\/revisions\/24858"}],"up":[{"embeddable":true,"href":"https:\/\/www.mijas.es\/portal\/wp-json\/wp\/v2\/pages\/13352"}],"wp:featuredmedia":[{"embeddable":true,"href":"https:\/\/www.mijas.es\/portal\/wp-json\/wp\/v2\/media\/13353"}],"wp:attachment":[{"href":"https:\/\/www.mijas.es\/portal\/wp-json\/wp\/v2\/media?parent=13700"}],"curies":[{"name":"wp","href":"https:\/\/api.w.org\/{rel}","templated":true}]}}