{"id":13698,"date":"2019-03-26T13:12:27","date_gmt":"2019-03-26T13:12:27","guid":{"rendered":"http:\/\/192.168.0.42\/?page_id=13698"},"modified":"2024-04-15T10:47:53","modified_gmt":"2024-04-15T09:47:53","slug":"agenda","status":"publish","type":"page","link":"https:\/\/www.mijas.es\/portal\/cultura\/agenda\/","title":{"rendered":"Efem\u00e9rides"},"content":{"rendered":"\n<ul>\n<li> <strong>D\u00eda del libro infantil y juvenil (2 de abril)<\/strong><\/li>\n<\/ul>\n\n\n\n<p>\n\tIBBY (Organizaci\u00f3n Internacional para el Libro Juvenil, por las siglas \ninglesas de International Board on Books for Young People) es un \ncolectivo internacional de asociaciones y personas interesadas en \nfomentar la lectura entre los ni\u00f1os y j\u00f3venes. Se fund\u00f3 en Zurich en \n1953 y hoy tiene su sede en Basilea.<br>\n\tEn la actualidad cuenta con m\u00e1s de sesenta secciones nacionales, aunque\n de muy diversa entidad. Desde 1967, el 2 de abril, coincidiendo con la \nfecha del nacimiento del escritor dan\u00e9s Hans Christian Andersen, el IBBY\n promueve la celebraci\u00f3n del D\u00eda Internacional del libro infantil con el\n fin de promocionar los buenos libros infantiles y juveniles y la \nlectura entre los m\u00e1s j\u00f3venes.<br>\n\t<br>\n\tCada a\u00f1o una Secci\u00f3n Nacional tiene la oportunidad de ser la \npatrocinadora internacional del D\u00eda Infantil y Juvenil selecciona un \nescritor\/a representativo y a un reconocido ilustrador\/a de su pa\u00eds para\n que elaboren el mensaje dirigido a todos los ni\u00f1os del mundo y el \ncartel que se distribuye por todo el mundo, y se promueva la celebraci\u00f3n\n en las bibliotecas, centros escolares, librer\u00edas, etc<\/p>\n\n\n\n<ul>\n<li> <strong>El D\u00eda Internacional del Libro (23 de abril)<\/strong><\/li>\n<\/ul>\n\n\n\n<p><br> Es una conmemoraci\u00f3n a los libros y sus autores y autoras, promulgado por la UNESCO que se celebra cada 23 de abril.<\/p>\n\n\n\n<p>\n\t<br>\n\tEl 23 de abril de 1616, aunque seg\u00fan distintos calendarios, fallecieron\n tres grandes escritores de la literatura universal: Miguel de Cervantes\n (calendario gregoriano), William Shakespeare (calendario juliano) y \nGarcilaso de la Vega. Se eligi\u00f3 este d\u00eda para conmemorar a los libros, \nfomentar la cultura y la protecci\u00f3n de la propiedad intelectual por \nmedio del derecho de autor. La propuesta fue presentada por la Uni\u00f3n \nInternacional de Editores a la UNESCO. En Par\u00eds, en 1995 la Conferencia \ngeneral de UNESCO aprob\u00f3 el 23 de abril como el \u201cD\u00eda Internacional del \nLibro y del Derecho de Autor\u201d.&nbsp;<\/p>\n\n\n\n<p>\n\tEl \u00e9xito de esta iniciativa depende fundamentalmente del apoyo que \nreciba de los medios interesados (autores, editores, libreros, \neducadores y bibliotecarios, entidades p\u00fablicas y privadas, \norganizaciones no gubernamentales y medios de comunicaci\u00f3n), movilizados\n en cada pa\u00eds por conducto de las Comisiones Nacionales para la UNESCO, \nlas asociaciones, los centros y clubes UNESCO, las redes de escuelas y \nbibliotecas asociadas y cuantos se sientan motivados para participar en \nesta fiesta mundial.<\/p>\n\n\n\n<p>\n\tEn Espa\u00f1a se toma en cuenta esta fecha para la entrega anual de los \nPremios Cervantes, el mayor galard\u00f3n realizado a los autores y autoras \nhispanos.<\/p>\n\n\n\n<p>\n\tResoluci\u00f3n de la Conferencia General de la UNESCO<\/p>\n\n\n\n<p>\n\t\u00abConsiderando que el libro ha sido hist\u00f3ricamente el elemento m\u00e1s \npoderoso de difusi\u00f3n del conocimiento y el medio m\u00e1s eficaz para su \nconservaci\u00f3n.<\/p>\n\n\n\n<p>\n\tConsiderando, por consiguiente, que toda iniciativa que promueva su \ndivulgaci\u00f3n redundar\u00e1 oportunamente no s\u00f3lo en el enriquecimiento \ncultural de cuantos tengan acceso a \u00e9l, sino en el m\u00e1ximo desarrollo de \nlas sensibilidades colectivas respecto de los acerbos culturales \nmundiales y la inspiraci\u00f3n de comportamientos de entendimiento, \ntolerancia y di\u00e1logo.<\/p>\n\n\n\n<p>\n\tConsiderando que una de las maneras m\u00e1s eficaces para la promoci\u00f3n y \ndifusi\u00f3n del libro \u2013 como lo demuestra la experiencia de varios pa\u00edses \nmiembros de la UNESCO \u2013 es el establecimiento de un \u201cd\u00eda del libro\u201d, con\n la correspondiente organizaci\u00f3n de ferias y exposiciones.<\/p>\n\n\n\n<p>\n\tObservando que no se ha adoptado una medida similar a nivel mundial,<br>\n\tSuscribe la idea y proclama \u201c D\u00eda Mundial del Libro y del Derecho de \nAutor\u201d el 23 de abril de cada a\u00f1o, fecha en que coincidieron, en 1616, \nlos deseos de Miguel de Cervantes, William Shakespeare y el inca \nGarcilaso de la Vega\u00bb.&nbsp;<\/p>\n\n\n\n<ul>\n<li> <strong>D\u00eda de la Biblioteca (24 de octubre)<\/strong><\/li>\n<\/ul>\n\n\n\n<p> El Ministerio de Cultura, a trav\u00e9s de la Direcci\u00f3n General del Libro,  Archivos y Bibliotecas, patrocina la celebraci\u00f3n de D\u00eda de la  Biblioteca.<br> El d\u00eda 24 de octubre se viene celebrando el d\u00eda de la Biblioteca,  iniciativa que surge de la Asociaci\u00f3n Espa\u00f1ola de Amigos del Libro  Infantil y Juvenil desde el a\u00f1o 1997.<br> Con la celebraci\u00f3n de este d\u00eda se pretende difundir la existencia de un  servicio p\u00fablico de proximidad al ciudadano que contribuye de manera  eficaz a facilitar el acceso al conocimiento a todos los ciudadanos.<br> <br> <strong>OBJETIVOS<\/strong><br> <br> 1. Dar a conocer a la poblaci\u00f3n la existencia de las distintas  bibliotecas p\u00fablicas, escolares y hospitalarias, e informar sobre los  recursos existentes y sus diferentes posibilidades de uso.<\/p>\n\n\n\n<p>\n\t2. Conseguir que los medios de comunicaci\u00f3n divulguen la funci\u00f3n que \nrealizan las bibliotecas, sus actividades y su colaboraci\u00f3n con otros \nsectores tanto p\u00fablicos como privados.<\/p>\n\n\n\n<p>\n\t3. Rendir un homenaje a todos las bibliotecarias y bibliotecarios del \npa\u00eds, en reconocimiento de su esfuerzo, dedicaci\u00f3n y motivaci\u00f3n a la \nlectura.<\/p>\n\n\n\n<p>\n\t4. Fomentar actividades de creatividad, informaci\u00f3n, conocimiento y promoci\u00f3n de la lectura.<\/p>\n\n\n\n<p>\n\t5. Impulsar proyectos en las bibliotecas para que estas sean centros de\n aprendizaje permanente, con la ayuda de lo existente y las nuevas \ntecnolog\u00edas.<\/p>\n\n\n\n<p>\n\t6. Orientar y apoyar especialmente a los servicios bibliotecarios que \ntrabajan con ni\u00f1os y ni\u00f1as&nbsp;divulgando la variedad y calidad de los \nlibros que ayudan a tomar decisiones personales a la hora de leer.<\/p>\n\n\n\n<p>\n\t7. Asesorar a padres y madres y a mediadores\/as en la dif\u00edcil tarea de seleccionar libros infantiles y juveniles de calidad.<\/p>\n\n\n\n<p>\n\t8. Ofrecer, de igual forma, la ilustraci\u00f3n de los libros que aporta un \naprendizaje de lectura de imagen, diferente del de la narrativa y que, a\n veces, es tan interesante o m\u00e1s que el propio texto narrativo.<\/p>\n\n\n\n<p>\n\t9. Estimular desde las instituciones bibliotecarias la narraci\u00f3n oral, \ncomo punto de partida para una posterior lectura personal.<\/p>\n\n\n\n<p>\n\t10. Contribuir a la renovaci\u00f3n de fondos bibliogr\u00e1ficos de literatura \ninfantil y juvenil de algunas instituciones, mediante la donaci\u00f3n de \nfondos existentes en la Asociaci\u00f3n aportados por distintas editoriales.<\/p>\n\n\n\n<ul>\n<li> <strong>D\u00eda de la Lectura en Andaluc\u00eda (16 de diciembre)<\/strong><\/li>\n<\/ul>\n\n\n\n<p>\n\tEn 1927, los d\u00edas 16 y 17 de diciembre, Federico Garc\u00eda Lorca, Rafael \nAlberti, Jos\u00e9 Bergam\u00edn, Juan Chabas, Gerardo Diego,&nbsp; D\u00e1maso Alonso y \nJorge Guill\u00e9n, fueron invitados por el Ateneo de Sevilla para clausurar \nel homenaje al poeta cordob\u00e9s Luis de G\u00f3ngora que se hab\u00eda ido \ncelebrando a lo largo de todo ese a\u00f1o. Este encuentro en Sevilla, al que\n se une Luis Cernuda, se convierte en el acto p\u00fablico m\u00e1s importante que\n aglutina al grupo de poetas, que posteriormente ser\u00eda conocido como \nGeneraci\u00f3n del 27, cuya trascendencia da lugar a lo que hoy conocemos \ncomo Edad de Plata de la Literatura Espa\u00f1ola.<\/p>\n\n\n\n<p>\n\tEn este grupo po\u00e9tico, buena parte de cuyos miembros eran andaluces, \nconfluyen tradici\u00f3n y vanguardia, y como nexo entre ellos, la figura de \nun andaluz universal: Luis de G\u00f3ngora, que da nombre al Premio de las \nLetras Andaluzas a la mejor trayectoria literaria. Adem\u00e1s, el 16 de \ndiciembre es el d\u00eda en que naci\u00f3 uno de sus m\u00e1s destacados miembros: \nRafael Alberti.<br>\n\tA propuesta del Pacto Andaluz por el Libro, la Consejer\u00eda de Cultura de\n la Junta de Andaluc\u00eda establece mediante Acuerdo del Consejo de \nGobierno del d\u00eda 24 de Mayo de 2005, declarar el 16 de Diciembre, D\u00eda de\n la Lectura en el \u00e1mbito de la Comunidad Aut\u00f3noma de Andaluc\u00eda, en \nconmemoraci\u00f3n del Nacimiento del poeta andaluz Rafael Alberti, uno de \nlos m\u00e1s destacados componentes de la Generaci\u00f3n del 27.<br>\n\t<br>\n\tPara la amplia difusi\u00f3n de este evento, la Consejer\u00eda de Cultura en el \nmarco del Pacto Andaluz por el Libro, en cooperaci\u00f3n con la Federaci\u00f3n \nAndaluza de Municipios y Provincias, promueve la participaci\u00f3n de las \ninstituciones p\u00fablicas y privadas, Corporaciones Locales, centros de \nense\u00f1anza y ciudadan\u00eda en general, para esta celebraci\u00f3n festiva de la \nlectura en todos los municipios andaluces mediante la difusi\u00f3n p\u00fablica \nde cuantas actividades culturales vinculadas al libro deseen realizar.<\/p>\n\n\n\n<p>\n\tCon este prop\u00f3sito y en colaboraci\u00f3n con otras instituciones firmantes \ndel Pacto, se invita a las corporaciones locales, centros de ense\u00f1anza, \nbibliotecas, y a la ciudadan\u00eda en general, a celebrar este d\u00eda con la \nlectura p\u00fablica del manifiesto que anualmente se publica en elogio y \ndefensa de la lectura.<\/p>\n","protected":false},"excerpt":{"rendered":"<p>IBBY (Organizaci\u00f3n Internacional para el Libro Juvenil, por las siglas inglesas de International Board on Books for Young People) es un colectivo internacional de asociaciones y personas interesadas en fomentar la lectura entre los ni\u00f1os y j\u00f3venes. Se fund\u00f3 en Zurich en 1953 y hoy tiene su sede en Basilea. En la actualidad cuenta con [&hellip;]<\/p>\n","protected":false},"author":4,"featured_media":13353,"parent":13352,"menu_order":0,"comment_status":"closed","ping_status":"closed","template":"page-departamental.php","meta":[],"_links":{"self":[{"href":"https:\/\/www.mijas.es\/portal\/wp-json\/wp\/v2\/pages\/13698"}],"collection":[{"href":"https:\/\/www.mijas.es\/portal\/wp-json\/wp\/v2\/pages"}],"about":[{"href":"https:\/\/www.mijas.es\/portal\/wp-json\/wp\/v2\/types\/page"}],"author":[{"embeddable":true,"href":"https:\/\/www.mijas.es\/portal\/wp-json\/wp\/v2\/users\/4"}],"replies":[{"embeddable":true,"href":"https:\/\/www.mijas.es\/portal\/wp-json\/wp\/v2\/comments?post=13698"}],"version-history":[{"count":3,"href":"https:\/\/www.mijas.es\/portal\/wp-json\/wp\/v2\/pages\/13698\/revisions"}],"predecessor-version":[{"id":55763,"href":"https:\/\/www.mijas.es\/portal\/wp-json\/wp\/v2\/pages\/13698\/revisions\/55763"}],"up":[{"embeddable":true,"href":"https:\/\/www.mijas.es\/portal\/wp-json\/wp\/v2\/pages\/13352"}],"wp:featuredmedia":[{"embeddable":true,"href":"https:\/\/www.mijas.es\/portal\/wp-json\/wp\/v2\/media\/13353"}],"wp:attachment":[{"href":"https:\/\/www.mijas.es\/portal\/wp-json\/wp\/v2\/media?parent=13698"}],"curies":[{"name":"wp","href":"https:\/\/api.w.org\/{rel}","templated":true}]}}