{"id":13696,"date":"2019-03-26T13:11:17","date_gmt":"2019-03-26T13:11:17","guid":{"rendered":"http:\/\/192.168.0.42\/?page_id=13696"},"modified":"2024-09-04T07:34:08","modified_gmt":"2024-09-04T06:34:08","slug":"normas","status":"publish","type":"page","link":"https:\/\/www.mijas.es\/portal\/cultura\/normas\/","title":{"rendered":"Normas"},"content":{"rendered":"\n<h2 class=\"wp-block-heading\"><strong>4.1 Normas generales de las bibliotecas<\/strong><\/h2>\n\n\n\n<p>El acceso a las instalaciones y el uso de los materiales que integran la colecci\u00f3n de la biblioteca es libre y gratuito para todos los ciudadanos sin excepci\u00f3n.<\/p>\n\n\n\n<ul>\n<li>Los menores de 7 a\u00f1os deber\u00e1n estar siempre acompa\u00f1ados por un adulto. Los adultos que los acompa\u00f1en son responsables de sus actos y deber\u00e1n evitar que hagan mal uso de la biblioteca no produciendo desorden de los libros de las distintas secciones.<\/li>\n\n\n\n<li>No se podr\u00e1n ocupar o reservar m\u00e1s de un puesto en las distintas salas.<\/li>\n\n\n\n<li>Los lectores podr\u00e1n retirar libremente de las estanter\u00edas los libros que necesiten, pero en ning\u00fan caso deben volver a colocarlos en las estanter\u00edas finalizada la consulta, sino que los entregar\u00e1n al personal de la sala o dejar\u00e1n sobre una de las mesas, para evitar errores en la colocaci\u00f3n de los libros.<\/li>\n\n\n\n<li>No se admitir\u00e1 en el interior de las salas el consumo de alimentos o bebidas (excepto agua).<\/li>\n\n\n\n<li>No se admite la entrada de animales, salvo perros lazarillo.<\/li>\n\n\n\n<li>Los usuarios podr\u00e1n proponer la adquisici\u00f3n de los libros u otros materiales que consideren necesarios en la biblioteca (desideratas).<\/li>\n\n\n\n<li>Por respeto hacia los dem\u00e1s, hay que cuidar la higiene personal.<\/li>\n\n\n\n<li>Los usuarios deber\u00e1n subsanar los desperfectos ocasionados en las instalaciones, la p\u00e9rdida o deterioro de los libros, audiovisuales o cualquier material en pr\u00e9stamo deber\u00e1 ser repuesto por el usuario.<\/li>\n\n\n\n<li>La biblioteca no se responsabiliza de las desapariciones o p\u00e9rdidas de objetos personales de los usuarios.<\/li>\n\n\n\n<li>No se podr\u00e1 realizar fotograf\u00edas ni grabaciones a los usuarios con objeto de preservar su intimidad. Silenciar el m\u00f3vil y no hacer uso en las distintas salas.<\/li>\n\n\n\n<li>Se ruega estar en silencio y no causar molestias a los dem\u00e1s, haciendo buen uso de los equipamientos y respetando las indicaciones de los bibliotecarios.<\/li>\n\n\n\n<li>El personal de la Biblioteca est\u00e1 facultado para pedir identificaci\u00f3n a aquellas personas que, con su comportamiento o actitud, incumplan las normas generales de la biblioteca o las espec\u00edficas de cada servicio. Estas personas podr\u00e1n ser desalojadas de la biblioteca, siendo la sanci\u00f3n correspondiente temporal o indefinida dependiendo de la gravedad de los hechos.<\/li>\n<\/ul>\n\n\n\n<h2 class=\"wp-block-heading\"><strong>4.2 Servicio de pr\u00e9stamo<\/strong><\/h2>\n\n\n\n<p>El pr\u00e9stamo de documentos es libre y gratuito. Para acceder al servicio de pr\u00e9stamos ser\u00e1 necesario estar en posesi\u00f3n de la <strong>Tarjeta de Usuario de la Red de Bibliotecas P\u00fablicas de Andaluc\u00eda<\/strong>.<\/p>\n\n\n\n<p>El hecho de solicitar la tarjeta de usuario supone la aceptaci\u00f3n de las normas contenidas en el presente Reglamento de pr\u00e9stamo de documentos.<\/p>\n\n\n\n<p><strong>&nbsp;&nbsp;&nbsp;&nbsp;&nbsp;&nbsp;&nbsp;&nbsp;&nbsp;&nbsp;&nbsp;&nbsp;&nbsp;&nbsp;&nbsp; .<u>Cu\u00e1ntos documentos puedo llevar<\/u><\/strong><\/p>\n\n\n\n<p>Los usuarios podr\u00e1n retirar en pr\u00e9stamo hasta un m\u00e1ximo de 4 librios y 2 audiovisuales a la vez de una misma sucursal y hasta 8 libros en toda la Red de Bibliotecas P\u00fablicas de Andaluc\u00eda.<\/p>\n\n\n\n<p><strong>&nbsp;&nbsp;&nbsp;&nbsp;&nbsp;&nbsp;&nbsp;&nbsp;&nbsp;&nbsp;&nbsp;&nbsp;&nbsp;&nbsp;&nbsp; .<u>Per\u00edodo de pr\u00e9stamo de documentos<\/u><\/strong><\/p>\n\n\n\n<p>\u2022 Libros: Se podr\u00e1n disfrutar durante 15 d\u00edas naturales. Se podr\u00e1n prorrogar por otros 15 d\u00edas naturales si el ejemplar no est\u00e1 reservado.<\/p>\n\n\n\n<p>\u2022 Documentos audiovisuales: Se podr\u00e1n disfrutar los audiovisuales durante 7 d\u00edas naturales. No podr\u00e1n renovarse.<\/p>\n\n\n\n<p><strong>&nbsp;&nbsp;&nbsp;&nbsp;&nbsp;&nbsp;&nbsp;&nbsp;&nbsp;&nbsp;&nbsp;&nbsp;&nbsp;&nbsp;&nbsp; .<\/strong><strong><u>Reserva de documentos<\/u><\/strong><\/p>\n\n\n\n<p>Los usuarios podr\u00e1n reservar un m\u00e1ximo de dos libros, que no podr\u00e1n ser prestados a otro usuario mientras est\u00e9 vigente la reserva.<\/p>\n\n\n\n<p>Solo se pueden hacer Reservas de ejemplares que est\u00e1n en pr\u00e9stamo por otros usuarios de la Red.<\/p>\n\n\n\n<p>Cuando el documento reservado est\u00e9 disponible, la Biblioteca lo notificar\u00e1 al usuario mediante llamada telef\u00f3nica.<br>Los documentos permanecer\u00e1n en reserva durante un per\u00edodo de tres d\u00edas desde la notificaci\u00f3n, pasado el cual, se pondr\u00e1n a disposici\u00f3n general.<\/p>\n\n\n\n<p><em><strong>\u00bfC\u00f3mo puedo hacer la reserva de documentos?<\/strong><\/em><\/p>\n\n\n\n<p>1. Entrar en la web del cat\u00e1logo de la RBPA: http\/\/www.juntadeandalucia.es\/cultura\/rbpa<\/p>\n\n\n\n<p>2. Acceso identificativo<\/p>\n\n\n\n<p>Usuario: correo electr\u00f3nico<\/p>\n\n\n\n<p>Contrase\u00f1a: fecha de nacimiento (ddmmaa)<\/p>\n\n\n\n<p>3. Hacer B\u00fasqueda Bibliogr\u00e1fica<\/p>\n\n\n\n<p>Introduce el t\u00e9rmino de b\u00fasqueda o tema que quieras buscar, a continuaci\u00f3n elije la biblioteca d\u00f3nde quieres realizar la b\u00fasqueda, luego pulsar <strong>Buscar<\/strong> y, a continuaci\u00f3n, aparecer\u00e1 un listado de los libros que contienen el t\u00e9rmino de b\u00fasqueda.<\/p>\n\n\n\n<p>4. Hacer la Reserva dentro del Listado de libros aparecidos en la b\u00fasqueda. Despu\u00e9s pulsa en el <strong>Ejemplar<\/strong> y a continuaci\u00f3n haz click en <strong>Reservar<\/strong>.<\/p>\n\n\n\n<p>5. Comprueba si has realizado la Reserva pulsando en <strong>Mi Biblioteca<\/strong>.<\/p>\n\n\n\n<p>Nota: Debajo de los Pr\u00e9stamos aparecer\u00e1 la Reserva realizada y el n\u00famero de orden.<\/p>\n\n\n\n<ul>\n<li><strong><u>Devoluci\u00f3n de documentos<\/u><\/strong><\/li>\n<\/ul>\n\n\n\n<p>Los documentos deber\u00e1n ser devueltos antes de la fecha que se indicar\u00e1 a los usuarios en el momento del pr\u00e9stamo.<\/p>\n\n\n\n<p>La devoluci\u00f3n de los documentos podr\u00e1 ser realizada por cualquier persona sin que sea necesaria la presentaci\u00f3n de la tarjeta de usuario.<\/p>\n\n\n\n<p>El retraso en la devoluci\u00f3n de los documentos ser\u00e1 sancionado con la suspensi\u00f3n del derecho de pr\u00e9stamo por un per\u00edodo de tiempo igual a un d\u00eda por cada documento y d\u00eda de retraso.<\/p>\n\n\n\n<ul>\n<li><strong><u>P\u00e9rdida o deterioro de los documentos en pr\u00e9stamo<\/u><\/strong><\/li>\n<\/ul>\n\n\n\n<p>Los usuarios ser\u00e1n responsables de la p\u00e9rdida o el deterioro de los documentos que hayan retirado en pr\u00e9stamo, debiendo reponer los documentos perdidos o deteriorados o de similares caracter\u00edsticas. En el caso de los menores de edad, ser\u00e1n responsables subsidiarios los padres o tutores en su caso.<\/p>\n\n\n\n<ul>\n<li><strong><u>C\u00f3mo renovar documentos<\/u><\/strong><\/li>\n<\/ul>\n\n\n\n<p>Siempre que no haya finalizado el plazo de pr\u00e9stamo concedido y el documento no est\u00e9 solicitado por otro lector, puede solicitarse la renovaci\u00f3n aportando el n\u00famero de lector:<\/p>\n\n\n\n<p>La renovaci\u00f3n de dichos documentos podr\u00e1 realizarse personalmente en la biblioteca o por tel\u00e9fono.<\/p>\n\n\n\n<p><strong><em>\u00bfC\u00f3mo puedo renovar los pr\u00e9stamos?<\/em><\/strong><\/p>\n\n\n\n<p>1. Entrar en la web del cat\u00e1logo de la RBPA: <a href=\"http:\/\/www.juntadeandalucia.es\/cultura\/rbpa\"><strong>http:\/\/www.juntadeandalucia.es\/cultura\/rbpa<\/strong><\/a><\/p>\n\n\n\n<p>2. Acceso Identificativo, pulsar en el bot\u00f3n <strong>Conectar<\/strong> (esquina superior derecha de la pantalla de inicio de la web del cat\u00e1logo).<\/p>\n\n\n\n<p>3. Pulsa en <strong>Mi Biblioteca<\/strong> (esquina superior derecha).<\/p>\n\n\n\n<p>En la nueva ventana aparece: datos personales del lector, cambio de contrase\u00f1a, estado de sus pr\u00e9stamos, reservas, etc.<\/p>\n\n\n\n<p>Ir al apartado de los <strong>Pr\u00e9stamos<\/strong> y visualiza lo que tiene en pr\u00e9stamo de la biblioteca o bibliotecas de la Red.<\/p>\n\n\n\n<p>4. Para Renovar los pr\u00e9stamos selecciona los libros que se quiere renovar y pulsar el bot\u00f3n <strong>Renovar<\/strong>. Despu\u00e9s se genera autom\u00e1ticamente una nueva fecha de devoluci\u00f3n.<\/p>\n\n\n\n<p>5. Cerrar sesi\u00f3n (esquina superior derecha).<\/p>\n\n\n\n<h2 class=\"wp-block-heading\"><strong>4.3.- Servicio de pr\u00e9stamo interbibliotecario<\/strong><\/h2>\n\n\n\n<p>Aquellas obras que sean de inter\u00e9s para los lectores y no se encuentran en los fondos de la biblioteca, ser\u00e1n solicitadas en pr\u00e9stamo a otras bibliotecas andaluzas. Las obras se pueden solicitar por un per\u00edodo de un mes y para su consulta en sala. <em>Este servicio solo ser\u00e1 posible para aquellas bibliotecas andaluzas que est\u00e9n a m\u00e1s de 40 km. de nuestro municipio.<\/em><\/p>\n\n\n\n<h2 class=\"wp-block-heading\"><strong>4.4.- Donaciones<\/strong><\/h2>\n\n\n\n<p>La pol\u00edtica de adquisici\u00f3n de fondos de las Bibliotecas P\u00fablicas Municipales de Mijas permite la aceptaci\u00f3n de donaciones, tanto de procedencia institucional, como privada.<\/p>\n\n\n\n<p>Todas aquellas personas o entidades que deseen hacer una donaci\u00f3n deben tener en cuenta que, para que sea aceptada, su donaci\u00f3n debe ajustarse a las necesidades de la Biblioteca y que, en caso contrario, el material donado ser\u00e1 destinado a otros fines.<\/p>\n\n\n\n<p>Seg\u00fan este criterio, la Biblioteca no incorporar\u00e1 a su colecci\u00f3n aquellas donaciones que posean alguna de las siguientes caracter\u00edsticas:<\/p>\n\n\n\n<ul>\n<li>Fondos repetidos.<\/li>\n\n\n\n<li>Fondos muy deteriorados.<\/li>\n\n\n\n<li>Fondos desfasados o carentes de inter\u00e9s.<\/li>\n\n\n\n<li>Fondos muy especializados.<\/li>\n<\/ul>\n\n\n\n<p>Cuando esto ocurra, el material donado, en funci\u00f3n de sus caracter\u00edsticas, se destinar\u00e1 a:<\/p>\n\n\n\n<ul>\n<li>Donaci\u00f3n a otras bibliotecas, instituciones educativas, culturales o sociales.<\/li>\n\n\n\n<li>Puesta a disposici\u00f3n de los usuarios.<\/li>\n\n\n\n<li>Reciclaje de papel.<\/li>\n<\/ul>\n\n\n\n<p>No se admitir\u00e1n en ning\u00fan caso las donaciones de cintas de v\u00eddeo, libros de texto, enciclopedias de m\u00e1s de 10 a\u00f1os de antig\u00fcedad o libros viejos, deteriorados o poco atractivos, a excepci\u00f3n de los libros antiguos.<\/p>\n\n\n\n<p>En cualquier caso, queremos dar las gracias de antemano a todas aquellas personas e instituciones que ceden sus libros a la Biblioteca para el disfrute de todos.<\/p>\n\n\n\n<h2 class=\"wp-block-heading\"><strong>4.5.- Internet en las Bibliotecas. Normas<\/strong><\/h2>\n\n\n\n<p>Las bibliotecas ponen a disposici\u00f3n de los usuarios un servicio gratuito de conexi\u00f3n a internet, de acuerdo a las siguientes normas:<\/p>\n\n\n\n<ul>\n<li>Es una herramienta de consulta para el estudio o temas de inter\u00e9s.<\/li>\n\n\n\n<li>En cada ordenador podr\u00e1n trabajar como m\u00e1ximo dos personas a la vez.<\/li>\n\n\n\n<li>Los turnos ser\u00e1n de media hora, periodo renovable siempre que no haya otros usuarios en espera y se solicite al personal de la sala.<\/li>\n\n\n\n<li>Se debe respetar en todo momento las indicaciones del personal, en especial, cuando haya que abandonar el uso de los ordenadores para permitir el acceso a otros usuarios.<\/li>\n\n\n\n<li>Es necesario tener conocimientos para poder navegar.<\/li>\n\n\n\n<li>No se permite su uso para fines tales como:\n<ul>\n<li>Acceso a p\u00e1ginas de contenido violento, pornogr\u00e1fico, racistas, etc.<\/li>\n\n\n\n<li>Uso e instalaci\u00f3n de programas y aplicaciones en los equipos.<\/li>\n\n\n\n<li>Cambio de iconos, pantallas, etc.<\/li>\n\n\n\n<li>Grabaci\u00f3n de archivos en el disco duro.<\/li>\n<\/ul>\n<\/li>\n<\/ul>\n\n\n\n<p><strong><em>LA<\/em> <\/strong><span><em style=\"font-weight: bold;\">BIBLIOTECA NO SE HACE RESPONSABLE DE LA UTILIZACI\u00d3N INAPROPIADA DE<br>ESTE SERVICIO POR PARTE DE LOS USURIOS.<\/em><\/span><\/p>\n\n\n\n<p class=\"has-text-align-center\"><strong><em>ES IMPRESCINDIBLE:<\/em><\/strong><\/p>\n\n\n\n<ul>\n<li>Si eres mayor de 18 a\u00f1os necesitar\u00e1s:\n<ul>\n<li>Ser socio\/a y disponer del carnet de la biblioteca o de cualquiera de las bibliotecas<br>p\u00fablicas de Andaluc\u00eda.<\/li>\n<\/ul>\n<\/li>\n\n\n\n<li>Si tienes entre 11 y 17 a\u00f1os necesitar\u00e1s:\n<ul>\n<li>Ser socio\/a y disponer del carnet de la biblioteca o de cualquiera de las bibliotecas<br>p\u00fablicas de Andaluc\u00eda.<\/li>\n\n\n\n<li>Una autorizaci\u00f3n que deber\u00e1 rellenar y firmar tu padre, madre, tutor o tutora en la<br>biblioteca.<\/li>\n<\/ul>\n<\/li>\n\n\n\n<li>Si eres menor de 10 a\u00f1os necesitar\u00e1s:\n<ul>\n<li>Ser socio\/a y disponer del carnet de la biblioteca o de cualquiera de las bibliotecas p\u00fablicas<br>de Andaluc\u00eda.<\/li>\n\n\n\n<li>Una autorizaci\u00f3n que deber\u00e1 rellenar y firmar tu padre, madre, tutor o tutora en la<br>biblioteca.<\/li>\n\n\n\n<li>Estar acompa\u00f1ado de una persona adulta.<\/li>\n<\/ul>\n<\/li>\n\n\n\n<li>Anotarse en el cuadrante.<\/li>\n\n\n\n<li>Dejar el CARNET DE BIBLIOTECA a la persona responsable de la sala.<\/li>\n<\/ul>\n\n\n\n<p><strong><em>Cuando termine de utilizar el ordenador, NO se olvide de CERRAR SESI\u00d3N para mantener su cuenta protegida y reducir las posibilidades de robo de informaci\u00f3n personal.<\/em><\/strong><\/p>\n","protected":false},"excerpt":{"rendered":"<p>4.1 Normas generales de las bibliotecas El acceso a las instalaciones y el uso de los materiales que integran la colecci\u00f3n de la biblioteca es libre y gratuito para todos los ciudadanos sin excepci\u00f3n. 4.2 Servicio de pr\u00e9stamo El pr\u00e9stamo de documentos es libre y gratuito. Para acceder al servicio de pr\u00e9stamos ser\u00e1 necesario estar [&hellip;]<\/p>\n","protected":false},"author":4,"featured_media":13353,"parent":13352,"menu_order":0,"comment_status":"closed","ping_status":"closed","template":"page-departamental.php","meta":[],"_links":{"self":[{"href":"https:\/\/www.mijas.es\/portal\/wp-json\/wp\/v2\/pages\/13696"}],"collection":[{"href":"https:\/\/www.mijas.es\/portal\/wp-json\/wp\/v2\/pages"}],"about":[{"href":"https:\/\/www.mijas.es\/portal\/wp-json\/wp\/v2\/types\/page"}],"author":[{"embeddable":true,"href":"https:\/\/www.mijas.es\/portal\/wp-json\/wp\/v2\/users\/4"}],"replies":[{"embeddable":true,"href":"https:\/\/www.mijas.es\/portal\/wp-json\/wp\/v2\/comments?post=13696"}],"version-history":[{"count":15,"href":"https:\/\/www.mijas.es\/portal\/wp-json\/wp\/v2\/pages\/13696\/revisions"}],"predecessor-version":[{"id":58390,"href":"https:\/\/www.mijas.es\/portal\/wp-json\/wp\/v2\/pages\/13696\/revisions\/58390"}],"up":[{"embeddable":true,"href":"https:\/\/www.mijas.es\/portal\/wp-json\/wp\/v2\/pages\/13352"}],"wp:featuredmedia":[{"embeddable":true,"href":"https:\/\/www.mijas.es\/portal\/wp-json\/wp\/v2\/media\/13353"}],"wp:attachment":[{"href":"https:\/\/www.mijas.es\/portal\/wp-json\/wp\/v2\/media?parent=13696"}],"curies":[{"name":"wp","href":"https:\/\/api.w.org\/{rel}","templated":true}]}}