{"id":13691,"date":"2019-03-26T11:42:16","date_gmt":"2019-03-26T11:42:16","guid":{"rendered":"http:\/\/192.168.0.42\/?page_id=13691"},"modified":"2024-09-11T13:17:11","modified_gmt":"2024-09-11T12:17:11","slug":"horarios-bibliotecas","status":"publish","type":"page","link":"https:\/\/www.mijas.es\/portal\/cultura\/horarios-bibliotecas\/","title":{"rendered":"Horarios &#8211; Bibliotecas"},"content":{"rendered":"\n<p> <em><strong>Informamos  de que habr\u00e1 un horario especial para estudiantes en determinados  per\u00edodos del a\u00f1o, que se comunicar\u00e1 a trav\u00e9s de los medios de  comunicaci\u00f3n.<\/strong><\/em><\/p>\n\n\n\n<p><strong><em>Estos horarios podr\u00edan sufrir modificaciones en festivos o per\u00edodos vacacionales como Semana Blanca, Semana Santa, Navidad o verano<\/em><\/strong><\/p>\n\n\n\n<hr class=\"wp-block-separator has-css-opacity\"\/>\n\n\n\n<figure class=\"wp-block-image size-large is-resized\"><img decoding=\"async\" src=\"https:\/\/www.mijas.es\/wp-content\/uploads\/2024\/09\/HORARIO-BIBLIOTECAS-WEB-1024x724.png\" alt=\"\" class=\"wp-image-58494\" width=\"811\" height=\"572\" srcset=\"https:\/\/www.mijas.es\/wp-content\/uploads\/2024\/09\/HORARIO-BIBLIOTECAS-WEB-1024x724.png 1024w, https:\/\/www.mijas.es\/wp-content\/uploads\/2024\/09\/HORARIO-BIBLIOTECAS-WEB-300x212.png 300w, https:\/\/www.mijas.es\/wp-content\/uploads\/2024\/09\/HORARIO-BIBLIOTECAS-WEB-768x543.png 768w, https:\/\/www.mijas.es\/wp-content\/uploads\/2024\/09\/HORARIO-BIBLIOTECAS-WEB-1536x1086.png 1536w, https:\/\/www.mijas.es\/wp-content\/uploads\/2024\/09\/HORARIO-BIBLIOTECAS-WEB.png 1754w\" sizes=\"(max-width: 811px) 100vw, 811px\" \/><\/figure>\n","protected":false},"excerpt":{"rendered":"<p>Informamos de que habr\u00e1 un horario especial para estudiantes en determinados per\u00edodos del a\u00f1o, que se comunicar\u00e1 a trav\u00e9s de los medios de comunicaci\u00f3n. Estos horarios podr\u00edan sufrir modificaciones en festivos o per\u00edodos vacacionales como Semana Blanca, Semana Santa, Navidad o verano<\/p>\n","protected":false},"author":4,"featured_media":13353,"parent":13352,"menu_order":0,"comment_status":"closed","ping_status":"closed","template":"page-departamental.php","meta":[],"_links":{"self":[{"href":"https:\/\/www.mijas.es\/portal\/wp-json\/wp\/v2\/pages\/13691"}],"collection":[{"href":"https:\/\/www.mijas.es\/portal\/wp-json\/wp\/v2\/pages"}],"about":[{"href":"https:\/\/www.mijas.es\/portal\/wp-json\/wp\/v2\/types\/page"}],"author":[{"embeddable":true,"href":"https:\/\/www.mijas.es\/portal\/wp-json\/wp\/v2\/users\/4"}],"replies":[{"embeddable":true,"href":"https:\/\/www.mijas.es\/portal\/wp-json\/wp\/v2\/comments?post=13691"}],"version-history":[{"count":41,"href":"https:\/\/www.mijas.es\/portal\/wp-json\/wp\/v2\/pages\/13691\/revisions"}],"predecessor-version":[{"id":58496,"href":"https:\/\/www.mijas.es\/portal\/wp-json\/wp\/v2\/pages\/13691\/revisions\/58496"}],"up":[{"embeddable":true,"href":"https:\/\/www.mijas.es\/portal\/wp-json\/wp\/v2\/pages\/13352"}],"wp:featuredmedia":[{"embeddable":true,"href":"https:\/\/www.mijas.es\/portal\/wp-json\/wp\/v2\/media\/13353"}],"wp:attachment":[{"href":"https:\/\/www.mijas.es\/portal\/wp-json\/wp\/v2\/media?parent=13691"}],"curies":[{"name":"wp","href":"https:\/\/api.w.org\/{rel}","templated":true}]}}