{"id":13685,"date":"2019-03-26T11:32:21","date_gmt":"2019-03-26T11:32:21","guid":{"rendered":"http:\/\/192.168.0.42\/?page_id=13685"},"modified":"2024-04-08T12:35:53","modified_gmt":"2024-04-08T11:35:53","slug":"biblioteca-publica-municipal-teatro-las-lagunas","status":"publish","type":"page","link":"https:\/\/www.mijas.es\/portal\/cultura\/biblioteca-publica-municipal-teatro-las-lagunas\/","title":{"rendered":"Biblioteca P\u00fablica Municipal Teatro Manuel Espa\u00f1a"},"content":{"rendered":"\n<p>\n\tEst\u00e1 ubicada al norte del casco urbano de Las Lagunas en el Camino del \nAlbero, 16, en el mismo edificio del Teatro y junto a la Ciudad \nDeportiva de Las Lagunas. Tiene una superficie de 253 m2, \ndistribuy\u00e9ndose el espacio bibliotecario en cuatro salas bien \ndiferenciadas: infantil y adultos, sala de estudio, dep\u00f3sito y sala de \natenci\u00f3n al usuario.<\/p>\n\n\n\n<p> <strong>Cuenta con <strong>12.103 vol\u00famenes a 30 de junio de 2023<\/strong> <\/strong>y 38 puestos de lectura sala infantil-adultos, 36 <strong>puestos sala de estudio, 6 puestos internet<\/strong> fijos. Se inaugur\u00f3 oficialmente el 18 de enero de 2012.<\/p>\n\n\n\n<p> <strong>Servicios espec\u00edficos de la biblioteca:<\/strong><\/p>\n\n\n\n<ul>\n<li>Servicio de conexi\u00f3n a internet. <\/li>\n\n\n\n<li>Servicio gratuito de conexi\u00f3n interna de zona wifi.<\/li>\n\n\n\n<li> Secci\u00f3n de libros de letra XL.<\/li>\n\n\n\n<li> Secci\u00f3n de libros para adultos en ingl\u00e9s.<\/li>\n\n\n\n<li> Secci\u00f3n de audiovisuales.<\/li>\n\n\n\n<li> Secci\u00f3n de Autoayuda.<\/li>\n\n\n\n<li> Sala de estudio.<\/li>\n\n\n\n<li>Ebiblio Andaluc\u00eda.<\/li>\n<\/ul>\n\n\n\n<p><strong>Donde estamos:<\/strong><\/p>\n\n\n\n<ul>\n<li> <strong>Direcci\u00f3n:<\/strong>&nbsp;Camino del Albero 16, Las Lagunas, Mijas-Costa (junto a la Ciudad Deportiva de Las Lagunas).<\/li>\n\n\n\n<li> <strong>Tel\u00e9fono:&nbsp;<\/strong>951 31 19 02<\/li>\n\n\n\n<li> <strong>Correo electr\u00f3nico:\u00a0<\/strong><a href=\"mailto:biblioteca.laslagunas@mijas.es\">biblioteca.laslagunas@mijas.es<\/a>\u00a0\/\u00a0<a href=\"mailto:biblioteca.teatro@mijas.es\">biblioteca.teatro@mijas.es<\/a><\/li>\n\n\n\n<li><strong><a rel=\"noreferrer noopener\" href=\"https:\/\/www.juntadeandalucia.es\/cultura\/rbpa\/abnetcl.cgi?.&amp;SUBC=MA\/MA17\/7032\" data-type=\"URL\" data-id=\"https:\/\/www.juntadeandalucia.es\/cultura\/rbpa\/abnetcl.cgi?.&amp;SUBC=MA\/MA17\/7032\" target=\"_blank\">Cat\u00e1logo de la Biblioteca P\u00fablica Municipal de Teatro Manuel Espa\u00f1a<\/a><\/strong> <\/li>\n<\/ul>\n","protected":false},"excerpt":{"rendered":"<p>Est\u00e1 ubicada al norte del casco urbano de Las Lagunas en el Camino del Albero, 16, en el mismo edificio del Teatro y junto a la Ciudad Deportiva de Las Lagunas. Tiene una superficie de 253 m2, distribuy\u00e9ndose el espacio bibliotecario en cuatro salas bien diferenciadas: infantil y adultos, sala de estudio, dep\u00f3sito y sala [&hellip;]<\/p>\n","protected":false},"author":4,"featured_media":13353,"parent":13352,"menu_order":0,"comment_status":"closed","ping_status":"closed","template":"page-departamental.php","meta":[],"_links":{"self":[{"href":"https:\/\/www.mijas.es\/portal\/wp-json\/wp\/v2\/pages\/13685"}],"collection":[{"href":"https:\/\/www.mijas.es\/portal\/wp-json\/wp\/v2\/pages"}],"about":[{"href":"https:\/\/www.mijas.es\/portal\/wp-json\/wp\/v2\/types\/page"}],"author":[{"embeddable":true,"href":"https:\/\/www.mijas.es\/portal\/wp-json\/wp\/v2\/users\/4"}],"replies":[{"embeddable":true,"href":"https:\/\/www.mijas.es\/portal\/wp-json\/wp\/v2\/comments?post=13685"}],"version-history":[{"count":22,"href":"https:\/\/www.mijas.es\/portal\/wp-json\/wp\/v2\/pages\/13685\/revisions"}],"predecessor-version":[{"id":55619,"href":"https:\/\/www.mijas.es\/portal\/wp-json\/wp\/v2\/pages\/13685\/revisions\/55619"}],"up":[{"embeddable":true,"href":"https:\/\/www.mijas.es\/portal\/wp-json\/wp\/v2\/pages\/13352"}],"wp:featuredmedia":[{"embeddable":true,"href":"https:\/\/www.mijas.es\/portal\/wp-json\/wp\/v2\/media\/13353"}],"wp:attachment":[{"href":"https:\/\/www.mijas.es\/portal\/wp-json\/wp\/v2\/media?parent=13685"}],"curies":[{"name":"wp","href":"https:\/\/api.w.org\/{rel}","templated":true}]}}