{"id":13682,"date":"2019-03-26T11:30:37","date_gmt":"2019-03-26T11:30:37","guid":{"rendered":"http:\/\/192.168.0.42\/?page_id=13682"},"modified":"2024-09-03T12:48:39","modified_gmt":"2024-09-03T11:48:39","slug":"biblioteca-publica-municipal-de-la-cala-de-mijas","status":"publish","type":"page","link":"https:\/\/www.mijas.es\/portal\/cultura\/biblioteca-publica-municipal-de-la-cala-de-mijas\/","title":{"rendered":"Biblioteca P\u00fablica Municipal de La Cala de Mijas"},"content":{"rendered":"<div class=\"wp-block-image\">\n<figure class=\"alignright\"><img decoding=\"async\" width=\"220\" height=\"147\" src=\"https:\/\/www.mijas.es\/wp-content\/uploads\/2019\/05\/a4_5_3_a.jpg\" alt=\"\" class=\"wp-image-22204\"\/><\/figure><\/div>\n\n\n<p> Est\u00e1 situada a 8 Km. de Las Lagunas, en el coraz\u00f3n de la costa. Est\u00e1  ubicada en el Centro Cultural y Deportivo de La Cala, en el paseo  central. Tiene una superficie de 300 m2 en total, contando con 100  puestos de lectura y <strong>16.143 vol\u00famenes a 30 de junio de 2023<\/strong>. <strong>42 <\/strong>puestos de lectura sala juvenil-adultos,<strong> 20 <\/strong>puestos de lectura sala infantil<strong>, 18 puestos sala de estudio, 8 puestos internet<\/strong> fijos.<\/p>\n\n\n\n<p> Cuenta con cinco salas bien diferenciadas: infantil, juvenil &#8211; adultos, sala de estudio, dep\u00f3sito y atenci\u00f3n al usuario.<\/p>\n\n\n\n<p>\n\tSe inaugur\u00f3 oficialmente en 1988 y fue trasladada en 2005 al Centro Cultural y Deportivo.<\/p>\n\n\n\n<p> <strong>Servicios espec\u00edficos de la biblioteca:<\/strong><\/p>\n\n\n\n<ul>\n<li> Secci\u00f3n Intercultural idiomas (Ingl\u00e9s, franc\u00e9s y alem\u00e1n).<\/li>\n\n\n\n<li> Secci\u00f3n de audiovisuales.<\/li>\n\n\n\n<li> Secci\u00f3n de novela rom\u00e1ntica.<\/li>\n\n\n\n<li> Secci\u00f3n de novela hist\u00f3rica.<\/li>\n\n\n\n<li> Secci\u00f3n de libros letra XL.<\/li>\n\n\n\n<li> Secci\u00f3n infantil de idiomas (ingl\u00e9s, franc\u00e9s y alem\u00e1n).<\/li>\n\n\n\n<li>Secci\u00f3n \u00abEspacio Violeta\u00bb<\/li>\n\n\n\n<li> Secci\u00f3n de libros que componen la gu\u00eda de lectura: \u201cLeo, luego existo: libros que hacen lectores\u00bb.<\/li>\n\n\n\n<li> Secci\u00f3n de autoayuda.<\/li>\n\n\n\n<li>Servicio de conexi\u00f3n a internet<\/li>\n\n\n\n<li> Conexi\u00f3n a internet \u00e1rea wifi.<\/li>\n\n\n\n<li>Sala de estudio.<\/li>\n\n\n\n<li>Ebiblio Andaluc\u00eda.<\/li>\n<\/ul>\n\n\n\n<p><strong>Donde Estamos:<\/strong><\/p>\n\n\n\n<ul>\n<li> <strong>Direcci\u00f3n:<\/strong>&nbsp;Centro Cultural y Deportivo de la Cala de Mijas.<\/li>\n\n\n\n<li> <strong>Tel\u00e9fono:\u00a0<\/strong>951 06 39 00<\/li>\n\n\n\n<li> <strong>Correo electr\u00f3nico:<\/strong>&nbsp;<a rel=\"noreferrer noopener\" href=\"mailto:biblioteca.lacala@mijas.es\" target=\"_blank\">biblioteca.lacala@mijas.es<\/a><\/li>\n\n\n\n<li> <strong><a rel=\"noreferrer noopener\" href=\"https:\/\/www.juntadeandalucia.es\/cultura\/rbpa\/abnetcl.cgi?.&amp;SUBC=MA\/MA17\/739\" data-type=\"URL\" data-id=\"https:\/\/www.juntadeandalucia.es\/cultura\/rbpa\/abnetcl.cgi?.&amp;SUBC=MA\/MA17\/739\" target=\"_blank\">Cat\u00e1logo de la Biblioteca P\u00fablica Municipal de La Cala<\/a><\/strong> <\/li>\n<\/ul>\n","protected":false},"excerpt":{"rendered":"<p>Est\u00e1 situada a 8 Km. de Las Lagunas, en el coraz\u00f3n de la costa. Est\u00e1 ubicada en el Centro Cultural y Deportivo de La Cala, en el paseo central. Tiene una superficie de 300 m2 en total, contando con 100 puestos de lectura y 16.143 vol\u00famenes a 30 de junio de 2023. 42 puestos de [&hellip;]<\/p>\n","protected":false},"author":4,"featured_media":13353,"parent":13352,"menu_order":0,"comment_status":"closed","ping_status":"closed","template":"page-departamental.php","meta":[],"_links":{"self":[{"href":"https:\/\/www.mijas.es\/portal\/wp-json\/wp\/v2\/pages\/13682"}],"collection":[{"href":"https:\/\/www.mijas.es\/portal\/wp-json\/wp\/v2\/pages"}],"about":[{"href":"https:\/\/www.mijas.es\/portal\/wp-json\/wp\/v2\/types\/page"}],"author":[{"embeddable":true,"href":"https:\/\/www.mijas.es\/portal\/wp-json\/wp\/v2\/users\/4"}],"replies":[{"embeddable":true,"href":"https:\/\/www.mijas.es\/portal\/wp-json\/wp\/v2\/comments?post=13682"}],"version-history":[{"count":23,"href":"https:\/\/www.mijas.es\/portal\/wp-json\/wp\/v2\/pages\/13682\/revisions"}],"predecessor-version":[{"id":58385,"href":"https:\/\/www.mijas.es\/portal\/wp-json\/wp\/v2\/pages\/13682\/revisions\/58385"}],"up":[{"embeddable":true,"href":"https:\/\/www.mijas.es\/portal\/wp-json\/wp\/v2\/pages\/13352"}],"wp:featuredmedia":[{"embeddable":true,"href":"https:\/\/www.mijas.es\/portal\/wp-json\/wp\/v2\/media\/13353"}],"wp:attachment":[{"href":"https:\/\/www.mijas.es\/portal\/wp-json\/wp\/v2\/media?parent=13682"}],"curies":[{"name":"wp","href":"https:\/\/api.w.org\/{rel}","templated":true}]}}